{"id":1002,"date":"2025-03-15T21:08:07","date_gmt":"2025-03-15T21:08:07","guid":{"rendered":"https:\/\/keysdock.com\/?post_type=product&#038;p=1002"},"modified":"2025-10-19T07:36:37","modified_gmt":"2025-10-19T07:36:37","slug":"windows-server-2022-datacenter-product-key-lizenz","status":"publish","type":"product","link":"https:\/\/keysdock.tajnaveza.net\/de\/produkt\/windows-server-2022-datacenter-product-key-lizenz\/","title":{"rendered":"Windows Server 2022 Datacenter Product Key Lizenz"},"content":{"rendered":"<p><strong>Kaufen Sie Windows Server 2022 Datacenter Product Key \u2013 echte Lizenz mit lebenslanger Aktivierung.<\/strong><\/p>\n<h3><strong>Beschreibung<\/strong><\/h3>\n<p>Windows Server 2022 Datacenter ist ein <strong>Hochleistung, hohe Sicherheit und Skalierbarkeit<\/strong> Server-Betriebssystem, das f\u00fcr Unternehmen, Rechenzentren und Betriebe entwickelt wurde, die <strong>fortschrittliche Virtualisierung, hybride Cloud-Integration und verbesserte Sicherheit<\/strong>. Gebaut f\u00fcr <strong>Arbeitslasten mit hohem Bedarf<\/strong>bietet diese Ausgabe <strong>unbegrenzte Virtualisierungsrechte<\/strong>, <strong>hyperkonvergente Infrastruktur (HCI)<\/strong> Unterst\u00fctzung, und <strong>Cloud-f\u00e4hige Funktionen<\/strong> um einen reibungslosen Betrieb in modernen IT-Umgebungen zu gew\u00e4hrleisten.<\/p>\n<h3><strong>Wesentliche Merkmale<\/strong><\/h3>\n<p>\u2705 <strong>Unbegrenzte Virtualisierung<\/strong> - F\u00fchren Sie eine <strong>unbegrenzte Anzahl von virtuellen Maschinen<\/strong> mit Hyper-V.<br \/>\n\u2705 <strong>Azure-Hybrid-Integration<\/strong> - Nahtlose Verbindung von Servern vor Ort mit <strong>Microsoft Azure<\/strong>.<br \/>\n\u2705 <strong>Erweiterte Sicherheit mit Secured-Core Server<\/strong> - Enth\u00e4lt <strong>Windows Defender ATP<\/strong>, <strong>Sicherheitsstiefel<\/strong>und <strong>Firmware-Schutz<\/strong>.<br \/>\n\u2705 <strong>Hotpatching<\/strong> - Sicherheitsupdates anwenden <strong>ohne Neustart<\/strong>Verringerung der Ausfallzeiten.<br \/>\n\u2705 <strong>Speicher-Migrationsdienst<\/strong> - <strong>Leichte Migration<\/strong> Dateiserver von <strong>\u00e4ltere Versionen<\/strong> auf Windows Server 2022.<br \/>\n\u2705 <strong>Software-definierte Netzwerke (SDN)<\/strong> - Fortgeschrittene <strong>Netzwerksicherheit, Leistung und Automatisierung<\/strong>.<br \/>\n\u2705 <strong>Hyper-V und abgeschirmte virtuelle Maschinen<\/strong> - Besch\u00fctzen <strong>VM-Arbeitslasten<\/strong> gegen unbefugten Zugriff und Manipulationen.<br \/>\n\u2705 <strong>Windows-Verwaltungszentrum<\/strong> - Eine zentralisierte, browserbasierte Schnittstelle f\u00fcr <strong>Serververwaltung<\/strong>.<br \/>\n\u2705 <strong>Hohe Verf\u00fcgbarkeit und Disaster Recovery<\/strong> - Eingebaut <strong>Failover-Clustering und Replikation<\/strong> f\u00fcr einen ununterbrochenen Betrieb.<br \/>\n\u2705 <strong>Verbesserte Containerisierung<\/strong> - Unterst\u00fctzt <strong>Windows-Beh\u00e4lter und Kubernetes<\/strong> f\u00fcr Cloud-native Anwendungen.<br \/>\n\u2705 <strong>Verbesserte Dateispeicherung und Deduplizierung<\/strong> - Effiziente Speicherverwaltung mit <strong>ReFS und Storage Spaces Direct (S2D)<\/strong>.<\/p>\n<h3><strong>Minimale Systemanforderungen<\/strong><\/h3>\n<ul>\n<li><strong>Prozessor<\/strong>: 1,4 GHz 64-Bit-Prozessor mit <strong>x64-Architektur<\/strong><\/li>\n<li><strong>RAM<\/strong>2 GB (Desktop-Erfahrung) \/ 512 MB (Server-Kern)<\/li>\n<li><strong>Lagerung<\/strong>: Mindestens 36 GB freier Speicherplatz<\/li>\n<li><strong>Grafiken<\/strong>: DirectX 9 kompatibel mit <strong>WDDM 1.0-Treiber<\/strong><\/li>\n<li><strong>Anzeige<\/strong>: Aufl\u00f6sung 1024\u00d7768 oder h\u00f6her<\/li>\n<li><strong>Netzwerk<\/strong>: Gigabit-Ethernet-Adapter<\/li>\n<li><strong>Firmware<\/strong>: UEFI 2.3.1c mit Secure Boot F\u00e4higkeit (empfohlen)<\/li>\n<li><strong>Internetverbindung<\/strong>: Erforderlich f\u00fcr Updates und Aktivierung<\/li>\n<\/ul>\n<h3><strong>Warum sollten Sie sich f\u00fcr Windows Server 2022 Datacenter entscheiden?<\/strong><\/h3>\n<p>\ud83d\udd39 <strong>Das Beste f\u00fcr Unternehmen und Rechenzentren<\/strong> - Konzipiert f\u00fcr <strong>leistungsstarke Arbeitslasten<\/strong> und <strong>virtualisierungsintensive Umgebungen<\/strong>.<br \/>\n\ud83d\udd39 <strong>Unbegrenzte Virtualisierungsrechte<\/strong> - Die <strong>Datacenter-Ausgabe<\/strong> erm\u00f6glicht <strong>unbegrenzt<\/strong> VMs, was es f\u00fcr umfangreiche Operationen kosteneffektiv macht.<br \/>\n\ud83d\udd39 <strong>Sicherheit auf der n\u00e4chsten Ebene<\/strong> - <strong>Secured-Core<\/strong> Schutz, <strong>Windows-Verteidiger<\/strong>und <strong>Erweiterter Schutz vor Bedrohungen (ATP)<\/strong>.<br \/>\n\ud83d\udd39 <strong>Hybride Cloud-F\u00e4higkeit<\/strong> - <strong>Azure-Integration<\/strong> f\u00fcr Cloud-Skalierbarkeit und hybride Infrastrukturen.<br \/>\n\ud83d\udd39 <strong>Hohe Verf\u00fcgbarkeit und Gesch\u00e4ftskontinuit\u00e4t<\/strong> - <strong>Failover-Clustering, Replikation und SDN<\/strong> gew\u00e4hrleisten minimale Ausfallzeiten.<\/p>\n<p>Upgrade auf <strong>Windows Server 2022 Datacenter<\/strong> heute und erleben <strong>un\u00fcbertroffene Sicherheit, Leistung und Skalierbarkeit<\/strong> f\u00fcr moderne IT-Workloads! \ud83c\udfe2\ud83d\udd12\u26a1<\/p>","protected":false},"excerpt":{"rendered":"<p>Windows Server 2022 Datacenter \u2013 The Ultimate Enterprise-Grade Server Solution Description Windows Server 2022 Datacenter is a high-performance, highly secure, and scalable server operating system designed for enterprises, data centers, and businesses requiring advanced virtualization, hybrid cloud integration, and enhanced security. Built for high-demand workloads, this edition provides unlimited virtualization rights, hyper-converged infrastructure (HCI) support, [&hellip;]<\/p>","protected":false},"featured_media":1028,"comment_status":"open","ping_status":"closed","template":"","meta":{"_gspb_post_css":""},"product_brand":[],"product_cat":[81],"product_tag":[82],"class_list":{"0":"post-1002","1":"product","2":"type-product","3":"status-publish","4":"has-post-thumbnail","6":"product_cat-server","7":"product_tag-server","9":"first","10":"instock","11":"shipping-taxable","12":"product-type-external"},"_links":{"self":[{"href":"https:\/\/keysdock.tajnaveza.net\/de\/wp-json\/wp\/v2\/product\/1002","targetHints":{"allow":["GET"]}}],"collection":[{"href":"https:\/\/keysdock.tajnaveza.net\/de\/wp-json\/wp\/v2\/product"}],"about":[{"href":"https:\/\/keysdock.tajnaveza.net\/de\/wp-json\/wp\/v2\/types\/product"}],"replies":[{"embeddable":true,"href":"https:\/\/keysdock.tajnaveza.net\/de\/wp-json\/wp\/v2\/comments?post=1002"}],"wp:featuredmedia":[{"embeddable":true,"href":"https:\/\/keysdock.tajnaveza.net\/de\/wp-json\/wp\/v2\/media\/1028"}],"wp:attachment":[{"href":"https:\/\/keysdock.tajnaveza.net\/de\/wp-json\/wp\/v2\/media?parent=1002"}],"wp:term":[{"taxonomy":"product_brand","embeddable":true,"href":"https:\/\/keysdock.tajnaveza.net\/de\/wp-json\/wp\/v2\/product_brand?post=1002"},{"taxonomy":"product_cat","embeddable":true,"href":"https:\/\/keysdock.tajnaveza.net\/de\/wp-json\/wp\/v2\/product_cat?post=1002"},{"taxonomy":"product_tag","embeddable":true,"href":"https:\/\/keysdock.tajnaveza.net\/de\/wp-json\/wp\/v2\/product_tag?post=1002"}],"curies":[{"name":"wp","href":"https:\/\/api.w.org\/{rel}","templated":true}]}}