{"id":1053,"date":"2025-03-16T08:36:10","date_gmt":"2025-03-16T08:36:10","guid":{"rendered":"https:\/\/keysdock.com\/?post_type=product&#038;p=1053"},"modified":"2025-10-19T07:36:55","modified_gmt":"2025-10-19T07:36:55","slug":"windows-11-pro-product-key-lizenz","status":"publish","type":"product","link":"https:\/\/keysdock.tajnaveza.net\/de\/produkt\/windows-11-pro-product-key-lizenz\/","title":{"rendered":"Windows 11 Pro Product Key Lizenz"},"content":{"rendered":"<p><strong>Kaufen Sie Windows 11 Pro Product Key (Retail &amp; OEM) \u2013 echte Lizenz mit lebenslanger Aktivierung.<\/strong><\/p>\n<h3><strong>Beschreibung<\/strong><\/h3>\n<p>Windows 11 Professional ist ein <strong>funktionsreich, sicher und leistungsstark<\/strong> Betriebssystem, das f\u00fcr Profis, Unternehmen und Power-User entwickelt wurde. Mit <strong>verbesserte Sicherheit, Virtualisierungsunterst\u00fctzung, Remote-Desktop-Zugriff und erweiterte Verwaltungstools<\/strong>Windows 11 Pro ist das ideale Betriebssystem f\u00fcr alle, die mehr als nur eine Standard-Computererfahrung ben\u00f6tigen. Ganz gleich, ob Sie ein Unternehmen leiten, per Fernzugriff arbeiten oder mit sensiblen Daten umgehen, Windows 11 Pro bietet <strong>Effizienz, Flexibilit\u00e4t und Sicherheit auf Unternehmensniveau<\/strong>.<\/p>\n<h3><strong>Wesentliche Merkmale<\/strong><\/h3>\n<p>\u2705 <strong>Modernes und intuitives UI<\/strong> - Neu gestaltetes Startmen\u00fc, zentrierte Taskleiste und flie\u00dfende \u00dcberg\u00e4nge f\u00fcr ein schlankes Erlebnis.<br \/>\n\u2705 <strong>Snap-Layouts und virtuelle Desktops<\/strong> - Organisieren Sie mehrere Aufgaben und steigern Sie die Produktivit\u00e4t mit einem fortschrittlichen Multitasking-System.<br \/>\n\u2705 <strong>BitLocker-Verschl\u00fcsselung<\/strong> - Sch\u00fctzt Ihre Dateien und Laufwerke mit Sicherheit auf Unternehmensniveau.<br \/>\n\u2705 <strong>Fernzugriff auf den Desktop<\/strong> - Arbeiten Sie von \u00fcberall aus, indem Sie aus der Ferne sicher auf Ihren PC zugreifen.<br \/>\n\u2705 <strong>Windows Sandbox und Hyper-V<\/strong> - F\u00fchren Sie nicht vertrauensw\u00fcrdige Anwendungen oder virtuelle Maschinen in einer isolierten Umgebung aus.<br \/>\n\u2705 <strong>Gruppenrichtlinien und Unternehmensverwaltung<\/strong> - Verwalten Sie Systemeinstellungen, Benutzer und Sicherheitsrichtlinien f\u00fcr mehrere Ger\u00e4te.<br \/>\n\u2705 <strong>Erh\u00f6hte Sicherheit mit TPM 2.0 und Secure Boot<\/strong> - Sch\u00fctzt vor Malware, unberechtigtem Zugriff und Cyber-Bedrohungen.<br \/>\n\u2705 <strong>Microsoft Defender f\u00fcr Endpunkte<\/strong> - Fortschrittlicher Echtzeitschutz vor Ransomware und Cyberangriffen.<br \/>\n\u2705 <strong>Nahtlose Microsoft 365-Integration<\/strong> - Optimiert f\u00fcr den professionellen Einsatz mit Office, OneDrive und Teams.<br \/>\n\u2705 <strong>Unterst\u00fctzung f\u00fcr Cloud &amp; Hybrid Work<\/strong> - Funktioniert m\u00fchelos mit <strong>Azure Active Directory<\/strong> und <strong>Windows-Autopilot<\/strong> f\u00fcr einen einfachen Einsatz.<br \/>\n\u2705 <strong>DirectStorage und AutoHDR f\u00fcr Spiele<\/strong> - Schnellere Ladezeiten und verbesserte Grafik f\u00fcr Gesch\u00e4ftsanwender, die auch spielen.<\/p>\n<h3><strong>Minimale Systemanforderungen<\/strong><\/h3>\n<ul>\n<li><strong>Prozessor<\/strong>: 1 GHz oder schneller mit 2+ Kernen auf einem kompatiblen 64-Bit-Prozessor oder System on a Chip (SoC)<\/li>\n<li><strong>RAM<\/strong>: Mindestens 4 GB<\/li>\n<li><strong>Lagerung<\/strong>Mindestens 64 GB freier Speicherplatz<\/li>\n<li><strong>Grafiken<\/strong>: DirectX 12 kompatibel mit WDDM 2.0 Treiber<\/li>\n<li><strong>Anzeige<\/strong>720p Aufl\u00f6sung, 9\u2033 oder gr\u00f6\u00dferer Bildschirm<\/li>\n<li><strong>TPM<\/strong>: Trusted Platform Module (TPM) Version 2.0 erforderlich<\/li>\n<li><strong>Sicherer Start und UEFI-Firmware<\/strong>: Erforderlich f\u00fcr erh\u00f6hte Sicherheit<\/li>\n<li><strong>Internetverbindung<\/strong>: Erforderlich f\u00fcr Aktivierung, Updates und Einrichtung des Microsoft-Kontos<\/li>\n<\/ul>\n<h3><strong>Warum sollten Sie sich f\u00fcr Windows 11 Professional entscheiden?<\/strong><\/h3>\n<p>\ud83d\udd39 <strong>Perfekt f\u00fcr Unternehmen und Power-User<\/strong> - Erweiterte Sicherheits- und Verwaltungsfunktionen f\u00fcr den professionellen Einsatz.<br \/>\n\ud83d\udd39 <strong>Sicherheit auf Unternehmensniveau<\/strong> - Sch\u00fctzt sensible Daten mit <strong>BitLocker, Secure Boot und Windows Defender<\/strong>.<br \/>\n\ud83d\udd39 <strong>Fernarbeit &amp; Virtualisierung<\/strong> - <strong>Remotedesktop, Windows Sandbox und Hyper-V<\/strong> flexible Arbeitsumgebungen unterst\u00fctzen.<br \/>\n\ud83d\udd39 <strong>Optimiert f\u00fcr Effizienz<\/strong> - Nahtlos <strong>Microsoft 365, OneDrive und Teams<\/strong> Integration f\u00fcr mehr Produktivit\u00e4t.<br \/>\n\ud83d\udd39 <strong>Zukunftssicher und sicher<\/strong> - Entwickelt f\u00fcr moderne Gesch\u00e4ftsanforderungen mit <strong>Cloud- und Hybridarbeit<\/strong> F\u00e4higkeiten.<\/p>\n<p>Upgrade auf <strong>Windows 11 Professional<\/strong> heute und erleben <strong>Leistung, Sicherheit und Flexibilit\u00e4t auf h\u00f6chstem Niveau<\/strong> f\u00fcr den gesch\u00e4ftlichen und beruflichen Gebrauch! \ud83d\udcbc\ud83d\ude80\ud83d\udd12<\/p>","protected":false},"excerpt":{"rendered":"<p>Windows 11 Professional \u2013 Power, Security, and Productivity for Business Users Description Windows 11 Professional is a feature-rich, secure, and high-performance operating system designed for professionals, businesses, and power users. With enhanced security, virtualization support, remote desktop access, and advanced management tools, Windows 11 Pro is the ideal OS for those who need more than [&hellip;]<\/p>","protected":false},"featured_media":1076,"comment_status":"open","ping_status":"closed","template":"","meta":{"_gspb_post_css":""},"product_brand":[],"product_cat":[56],"product_tag":[60],"class_list":{"0":"post-1053","1":"product","2":"type-product","3":"status-publish","4":"has-post-thumbnail","6":"product_cat-operating-system","7":"product_tag-windows-11","9":"first","10":"instock","11":"shipping-taxable","12":"product-type-external"},"_links":{"self":[{"href":"https:\/\/keysdock.tajnaveza.net\/de\/wp-json\/wp\/v2\/product\/1053","targetHints":{"allow":["GET"]}}],"collection":[{"href":"https:\/\/keysdock.tajnaveza.net\/de\/wp-json\/wp\/v2\/product"}],"about":[{"href":"https:\/\/keysdock.tajnaveza.net\/de\/wp-json\/wp\/v2\/types\/product"}],"replies":[{"embeddable":true,"href":"https:\/\/keysdock.tajnaveza.net\/de\/wp-json\/wp\/v2\/comments?post=1053"}],"wp:featuredmedia":[{"embeddable":true,"href":"https:\/\/keysdock.tajnaveza.net\/de\/wp-json\/wp\/v2\/media\/1076"}],"wp:attachment":[{"href":"https:\/\/keysdock.tajnaveza.net\/de\/wp-json\/wp\/v2\/media?parent=1053"}],"wp:term":[{"taxonomy":"product_brand","embeddable":true,"href":"https:\/\/keysdock.tajnaveza.net\/de\/wp-json\/wp\/v2\/product_brand?post=1053"},{"taxonomy":"product_cat","embeddable":true,"href":"https:\/\/keysdock.tajnaveza.net\/de\/wp-json\/wp\/v2\/product_cat?post=1053"},{"taxonomy":"product_tag","embeddable":true,"href":"https:\/\/keysdock.tajnaveza.net\/de\/wp-json\/wp\/v2\/product_tag?post=1053"}],"curies":[{"name":"wp","href":"https:\/\/api.w.org\/{rel}","templated":true}]}}