{"id":1116,"date":"2025-03-16T10:34:08","date_gmt":"2025-03-16T10:34:08","guid":{"rendered":"https:\/\/keysdock.com\/?post_type=product&#038;p=1116"},"modified":"2025-10-19T07:44:02","modified_gmt":"2025-10-19T07:44:02","slug":"office-2021-professional-plus-product-key-lizenz","status":"publish","type":"product","link":"https:\/\/keysdock.tajnaveza.net\/de\/produkt\/office-2021-professional-plus-product-key-lizenz\/","title":{"rendered":"Office 2021 Professional Plus Product Key Lizenz"},"content":{"rendered":"<p><strong>Microsoft Office 2021 Professional Plus - Die ultimative Produktivit\u00e4tssuite f\u00fcr Unternehmen und Freiberufler<\/strong><\/p>\n<h3><strong>Beschreibung<\/strong><\/h3>\n<p class=\"translation-block\">Microsoft Office 2021 Professional Plus ist eine <strong>leistungsstarke und funktionsreiche Produktivit\u00e4tssuite<\/strong> f\u00fcr <strong>Unternehmen, Betriebe und Fachleute<\/strong>, die <strong>fortschrittliche Tools f\u00fcr die Dokumentenerstellung, Datenanalyse, Zusammenarbeit und Kommunikation<\/strong> ben\u00f6tigen. Da <strong>kein Abonnement erforderlich ist<\/strong>, bietet dieser <strong>einmalige Kauf<\/strong> langfristige Zuverl\u00e4ssigkeit und Sicherheit f\u00fcr Benutzer, die ein stabiles Offline-Erlebnis bevorzugen, und bietet gleichzeitig Cloud-Konnektivit\u00e4t f\u00fcr moderne Arbeitsabl\u00e4ufe.<\/p>\n<p class=\"translation-block\">Die neueste Version bietet eine verbesserte <strong>Leistung, neue Tools f\u00fcr die Zusammenarbeit und KI-gesteuerte Funktionen<\/strong> zur Steigerung der Produktivit\u00e4t und Optimierung von Arbeitsabl\u00e4ufen.<\/p>\n<h3><strong>Enthaltene Anwendungen<\/strong><\/h3>\n<ul>\n<li class=\"translation-block\"><strong>Word 2021<\/strong> - Verbesserte Textverarbeitung mit <strong>Echtzeit-Zusammenarbeit und KI-gest\u00fctzter Bearbeitung<\/strong>.<\/li>\n<li class=\"translation-block\"><strong>Excel 2021<\/strong> - Verbesserte Tabellenkalkulationen mit <strong>XLOOKUP, dynamischen Arrays und verbesserten Power Query &amp; PivotTables<\/strong>.<\/li>\n<li class=\"translation-block\"><strong>PowerPoint 2021<\/strong> - Erstellen Sie beeindruckende Pr\u00e4sentationen mit <strong>Morph-\u00dcberg\u00e4ngen, verbesserten Animationen und Co-Authoring<\/strong>.<\/li>\n<li class=\"translation-block\"><strong>Outlook 2021<\/strong> - Intelligentere E-Mail- und Kalenderverwaltung mit <strong>besserer Suche, konzentriertem Posteingang und @Merkungen<\/strong>.<\/li>\n<li class=\"translation-block\"><strong>Access 2021<\/strong> - Ein leistungsf\u00e4higes Datenbankmanagement-Tool zum <strong>Speichern, Analysieren und Berichten von Daten<\/strong>.<\/li>\n<li class=\"translation-block\"><strong>Verlag 2021<\/strong> - Gestaltung professioneller <strong>Marketingmaterialien, Brosch\u00fcren und Publikationen<\/strong>.<\/li>\n<li class=\"translation-block\"><strong>OneNote 2021<\/strong> - Ein digitales Notizbuch mit <strong>Cloud-Synchronisierung f\u00fcr Organisation und Notizen<\/strong>.<\/li>\n<li class=\"translation-block\"><b>Teams - <\/b>ein Arbeitsbereich<b> f\u00fcr Echtzeit-Zusammenarbeit <\/b>und -Kommunikation, Meetings, Datei- und App-Sharing.<\/li>\n<\/ul>\n<h3><strong>Wesentliche Merkmale<\/strong><\/h3>\n<p class=\"translation-block\"><strong>\u2705 Einmaliger Kauf, kein Abonnement<\/strong> - <strong>Sie besitzen Office 2021 dauerhaft<\/strong> und ohne wiederkehrende Kosten.<br>\u2705 <strong>Co-Authoring in Echtzeit<\/strong> - Arbeiten Sie <strong>mit Kollegen gleichzeitig<\/strong> an Dokumenten mit Live-Collaboration.<br>\u2705 <strong>Verbesserte Leistung und Geschwindigkeit<\/strong> - Schnellere Startzeiten der App und verbesserte Stabilit\u00e4t.<br>\u2705 <strong>Cloud- und lokale Speicheroptionen<\/strong> - Dokumente <strong>lokal oder \u00fcber OneDrive, SharePoint und Teams<\/strong> speichern.<br>\u2705 <strong>Erweiterte Excel-Tools<\/strong> - <strong>Neue Funktionen (XLOOKUP, LET und Dynamic Arrays) und bessere PivotTables<\/strong>.<br>\u2705 <strong>Modernisierte Benutzeroberfl\u00e4che<\/strong> - Ein sauberer, aufgefrischter Look mit <strong>verbesserter Navigation und Zug\u00e4nglichkeit<\/strong>.<br>\u2705 <strong>Intelligenteres E-Mail- und Kalendermanagement<\/strong> - <strong>Bessere E-Mail-Filterung, Terminplanungsassistent und Outlook-\u00dcbersetzungswerkzeug<\/strong>.<br>\u2705 <strong>PowerPoint-Upgrades<\/strong> - <strong>Ink Replay, verbesserte Folienaufzeichnung und 4K-Videoexport<\/strong>.<br>\u2705 <strong>Verbesserte Sicherheit &amp; Compliance<\/strong> - <strong>Data Loss Prevention (DLP), Multi-Faktor-Authentifizierung und erweiterte Verschl\u00fcsselung<\/strong>.<br>\u2705 <strong>Bessere Unterst\u00fctzung des dunklen Modus<\/strong> - Reduzieren Sie die Belastung der Augen mit dem <strong>verbesserten dunklen Modus in allen Office-Anwendungen<\/strong>.<\/p>\n<h3><strong>Minimale Systemanforderungen<\/strong><\/h3>\n<ul>\n<li class=\"translation-block\"><strong>Prozessor<\/strong>: 1,6 GHz oder schneller, Dual-Core-Prozessor<\/li>\n<li class=\"translation-block\"><strong>RAM<\/strong>: 4 GB (64-Bit) \/ 2 GB (32-Bit)<\/li>\n<li class=\"translation-block\"><strong>Speicherplatz<\/strong>: 4 GB verf\u00fcgbarer Speicherplatz<\/li>\n<li class=\"translation-block\"><strong>Bildschirm<\/strong>: 1280\u00d7768 Aufl\u00f6sung oder h\u00f6her<\/li>\n<li class=\"translation-block\"><strong>Betriebssysteme<\/strong>: Windows 10, Windows 11, Windows Server 2019\/2022<\/li>\n<li class=\"translation-block\"><strong>Grafik<\/strong>: DirectX 9 oder h\u00f6her mit WDDM 2.0+ Treiber<\/li>\n<li class=\"translation-block\"><strong>Internetverbindung<\/strong>: Erforderlich f\u00fcr Aktivierung, Updates und Cloud-Dienste<\/li>\n<\/ul>\n<h3><strong>Warum sollten Sie sich f\u00fcr Microsoft Office 2021 Professional Plus entscheiden?<\/strong><\/h3>\n<p class=\"translation-block\">\ud83d\udd39 <strong>Perfekt f\u00fcr Unternehmen &amp; Betriebe<\/strong> - Eine komplette Suite f\u00fcr <strong>Dokumentenerstellung, Datenmanagement und Kommunikation<\/strong>.<br>\ud83d\udd39 <strong>Keine wiederkehrenden Geb\u00fchren<\/strong> - <strong>Einmaliger Kauf f\u00fcr lebenslange Nutzung<\/strong> ohne Abonnements.<br><strong>\ud83d\udd39 Nahtlose Zusammenarbeit &amp; Cloud-Zugang<\/strong> - Effizientes Arbeiten mit <strong>OneDrive-, SharePoint- und Teams-Integration<\/strong>.<br>\ud83d\udd39 <strong>Erweiterte Excel- und PowerPoint-Funktionen<\/strong> - Steigern Sie die Produktivit\u00e4t mit <strong>neuen Funktionen und verbesserten visuellen Tools<\/strong>.<br>\ud83d\udd39 <strong>Sicher und zuverl\u00e4ssig<\/strong> - <strong>Sicherheits- und Compliance-Tools auf Unternehmensniveau<\/strong> zum Schutz sensibler Gesch\u00e4ftsdaten.<\/p>\n<p class=\"translation-block\">F\u00fchren Sie noch heute ein Upgrade auf <strong>Microsoft Office 2021 Professional Plus<\/strong> durch und genie\u00dfen Sie <strong>eine schnelle, sichere und leistungsstarke Produktivit\u00e4tserfahrung<\/strong> f\u00fcr moderne Gesch\u00e4ftsanforderungen! \ud83d\ude80\ud83d\udcbb\ud83d\udcca<\/p>","protected":false},"excerpt":{"rendered":"<p>Microsoft Office 2021 Professional Plus \u2013 The Ultimate Productivity Suite for Businesses &amp; Professionals Description Microsoft Office 2021 Professional Plus is a powerful and feature-rich productivity suite designed for businesses, enterprises, and professionals who need advanced document creation, data analysis, collaboration, and communication tools. With no subscription required, this one-time purchase provides long-term reliability and [&hellip;]<\/p>","protected":false},"featured_media":1081,"comment_status":"open","ping_status":"closed","template":"","meta":{"_gspb_post_css":""},"product_brand":[],"product_cat":[62],"product_tag":[63],"class_list":{"0":"post-1116","1":"product","2":"type-product","3":"status-publish","4":"has-post-thumbnail","6":"product_cat-office","7":"product_tag-office-pc","9":"first","10":"instock","11":"shipping-taxable","12":"product-type-external"},"_links":{"self":[{"href":"https:\/\/keysdock.tajnaveza.net\/de\/wp-json\/wp\/v2\/product\/1116","targetHints":{"allow":["GET"]}}],"collection":[{"href":"https:\/\/keysdock.tajnaveza.net\/de\/wp-json\/wp\/v2\/product"}],"about":[{"href":"https:\/\/keysdock.tajnaveza.net\/de\/wp-json\/wp\/v2\/types\/product"}],"replies":[{"embeddable":true,"href":"https:\/\/keysdock.tajnaveza.net\/de\/wp-json\/wp\/v2\/comments?post=1116"}],"wp:featuredmedia":[{"embeddable":true,"href":"https:\/\/keysdock.tajnaveza.net\/de\/wp-json\/wp\/v2\/media\/1081"}],"wp:attachment":[{"href":"https:\/\/keysdock.tajnaveza.net\/de\/wp-json\/wp\/v2\/media?parent=1116"}],"wp:term":[{"taxonomy":"product_brand","embeddable":true,"href":"https:\/\/keysdock.tajnaveza.net\/de\/wp-json\/wp\/v2\/product_brand?post=1116"},{"taxonomy":"product_cat","embeddable":true,"href":"https:\/\/keysdock.tajnaveza.net\/de\/wp-json\/wp\/v2\/product_cat?post=1116"},{"taxonomy":"product_tag","embeddable":true,"href":"https:\/\/keysdock.tajnaveza.net\/de\/wp-json\/wp\/v2\/product_tag?post=1116"}],"curies":[{"name":"wp","href":"https:\/\/api.w.org\/{rel}","templated":true}]}}