{"id":939,"date":"2025-03-15T21:07:21","date_gmt":"2025-03-15T21:07:21","guid":{"rendered":"https:\/\/keysdock.com\/?post_type=product&#038;p=939"},"modified":"2025-10-19T07:31:16","modified_gmt":"2025-10-19T07:31:16","slug":"windows-11-enterprise-product-key-lizenz","status":"publish","type":"product","link":"https:\/\/keysdock.tajnaveza.net\/de\/produkt\/windows-11-enterprise-product-key-lizenz\/","title":{"rendered":"Windows 11 Enterprise Product Key Lizenz"},"content":{"rendered":"<p><strong>Kaufen Sie Windows 11 Enterprise Product Key (Retail &amp; OEM) \u2013 echte Lizenz mit lebenslanger Aktivierung.<\/strong><\/p>\n<h3><strong>Beschreibung<\/strong><\/h3>\n<p>Windows 11 Enterprise ist ein <strong>leistungsstark, sicher und skalierbar<\/strong> Betriebssystem f\u00fcr Unternehmen, Konzerne und IT-Profis, die eine <strong>erweiterte Sicherheit, Fernverwaltung und Leistung auf Unternehmensebene<\/strong>. Mit Funktionen, die auf die Bereitstellung in gro\u00dfem Ma\u00dfstab zugeschnitten sind, bietet Windows 11 Enterprise <strong>zuverl\u00e4ssige Sicherheit, optimierte Verwaltung und flexible Cloud-Integration<\/strong> damit Ihr Unternehmen produktiv bleibt und vor modernen Cyber-Bedrohungen gesch\u00fctzt ist.<\/p>\n<h3><strong>Wesentliche Merkmale<\/strong><\/h3>\n<p>\u2705 <strong>Sicherheit und Konformit\u00e4t auf Unternehmensniveau<\/strong> - Enth\u00e4lt <strong>Windows Defender Erweiterter Bedrohungsschutz (ATP)<\/strong>, <strong>BitLocker-Verschl\u00fcsselung<\/strong>und <strong>Zero Trust Sicherheitsrahmen<\/strong>.<br \/>\n\u2705 <strong>Windows Autopilot und Cloud-Bereitstellung<\/strong> - Automatisieren Sie die Einrichtung und Bereitstellung von Ger\u00e4ten mit <strong>Cloud-basiertes IT-Management<\/strong>.<br \/>\n\u2705 <strong>Kanal f\u00fcr langfristige Instandhaltung (LTSC)<\/strong> - Verringern Sie die Unterbrechungen bei der Aktualisierung und erhalten Sie gleichzeitig Sicherheit und Stabilit\u00e4t.<br \/>\n\u2705 <strong>Microsoft Defender f\u00fcr Endpunkte<\/strong> - Sicherheit auf Unternehmensebene gegen <strong>Ransomware, Malware und Cyber-Bedrohungen<\/strong>.<br \/>\n\u2705 <strong>Azure Active Directory und Gruppenrichtlinien<\/strong> - <strong>Nahtlose Identit\u00e4ts- und Zugangsverwaltung<\/strong> f\u00fcr IT-Administratoren.<br \/>\n\u2705 <strong>Windows Virtual Desktop &amp; Fernarbeit<\/strong> - Verwalten Sie Arbeitsstationen aus der Ferne mit <strong>integrierte Remotedesktopdienste (RDS)<\/strong>.<br \/>\n\u2705 <strong>Windows Sandbox und Hyper-V<\/strong> - Ausf\u00fchren von Anwendungen und virtuellen Maschinen in einem <strong>isoliert, sicher<\/strong> Umwelt.<br \/>\n\u2705 <strong>DirectAccess und Always-On VPN<\/strong> - <strong>Sichere Fernverbindungen<\/strong> f\u00fcr Arbeitnehmer, die au\u00dferhalb des B\u00fcros arbeiten.<br \/>\n\u2705 <strong>Unternehmensmodus f\u00fcr Legacy-Anwendungen<\/strong> - Gew\u00e4hrleistet <strong>Kompatibilit\u00e4t mit \u00e4lteren Gesch\u00e4ftsanwendungen<\/strong>.<br \/>\n\u2705 <strong>Erweiterte Ger\u00e4te- und Anwendungskontrolle<\/strong> - Durchsetzung von Sicherheitsrichtlinien und <strong>Zugang zum Ger\u00e4t kontrollieren<\/strong> in der gesamten Organisation.<br \/>\n\u2705 <strong>Windows Update f\u00fcr Unternehmen<\/strong> - <strong>Kontrolle von Updates und Bereitstellungsrichtlinien<\/strong> um Ausfallzeiten zu vermeiden.<\/p>\n<h3><strong>Minimale Systemanforderungen<\/strong><\/h3>\n<ul>\n<li><strong>Prozessor<\/strong>: 1 GHz oder schneller mit 2+ Kernen auf einem kompatiblen 64-Bit-Prozessor oder System on a Chip (SoC)<\/li>\n<li><strong>RAM<\/strong>: 4 GB (mindestens)<\/li>\n<li><strong>Lagerung<\/strong>: 64 GB (mindestens freier Speicherplatz)<\/li>\n<li><strong>Grafiken<\/strong>: DirectX 12 kompatibel mit WDDM 2.0 Treiber<\/li>\n<li><strong>Anzeige<\/strong>720p Aufl\u00f6sung, 9\u2033 oder gr\u00f6\u00dferer Bildschirm<\/li>\n<li><strong>TPM<\/strong>: Trusted Platform Module (TPM) Version 2.0 erforderlich<\/li>\n<li><strong>Sicherer Start und UEFI-Firmware<\/strong>: Erforderlich f\u00fcr erweiterte Sicherheit<\/li>\n<li><strong>Internetverbindung<\/strong>: Erforderlich f\u00fcr Aktivierung, Updates und Microsoft Cloud-Dienste<\/li>\n<\/ul>\n<h3><strong>Warum sollten Sie sich f\u00fcr Windows 11 Enterprise entscheiden?<\/strong><\/h3>\n<p>\ud83d\udd39 <strong>Entwickelt f\u00fcr gro\u00dfe Unternehmen und IT-Experten<\/strong> - Unternehmensebene <strong>Sicherheit, Verwaltung und Skalierbarkeit<\/strong>.<br \/>\n\ud83d\udd39 <strong>Erstklassige Sicherheit<\/strong> - Sch\u00fctzt sensible Gesch\u00e4ftsdaten mit <strong>BitLocker, Secure Boot und erweiterter Bedrohungsschutz<\/strong>.<br \/>\n\ud83d\udd39 <strong>Optimierung von Cloud- und Hybridarbeit<\/strong> - Vollst\u00e4ndige Integration mit <strong>Microsoft 365, Azure und cloudbasierte IT-Verwaltung<\/strong>.<br \/>\n\ud83d\udd39 <strong>Flexibler &amp; skalierbarer Einsatz<\/strong> - Einfacher Einsatz und <strong>mehrere Ger\u00e4te verwalten<\/strong> mit <strong>Autopilot und Gruppenrichtlinie<\/strong>.<br \/>\n\ud83d\udd39 <strong>Gebaut f\u00fcr die Zukunft<\/strong> - <strong>Sicherheit, Konformit\u00e4t und Remote-Arbeitsfunktionen auf Unternehmensniveau<\/strong>.<\/p>\n<p>Upgrade auf <strong>Windows 11 Enterprise<\/strong> f\u00fcr die meisten <strong>sicher, effizient und skalierbar<\/strong> Erfahrung mit Gesch\u00e4ftscomputern! \ud83c\udfe2\ud83d\udd12\ud83d\ude80<\/p>","protected":false},"excerpt":{"rendered":"<p>Windows 11 Enterprise \u2013 The Ultimate Business-Grade Operating System Description Windows 11 Enterprise is a powerful, secure, and scalable operating system designed for businesses, corporations, and IT professionals who require advanced security, remote management, and enterprise-level performance. With features tailored for large-scale deployment, Windows 11 Enterprise provides robust security, streamlined management, and flexible cloud integration [&hellip;]<\/p>","protected":false},"featured_media":958,"comment_status":"open","ping_status":"closed","template":"","meta":{"_gspb_post_css":""},"product_brand":[],"product_cat":[56],"product_tag":[60],"class_list":{"0":"post-939","1":"product","2":"type-product","3":"status-publish","4":"has-post-thumbnail","6":"product_cat-operating-system","7":"product_tag-windows-11","9":"first","10":"instock","11":"shipping-taxable","12":"product-type-external"},"_links":{"self":[{"href":"https:\/\/keysdock.tajnaveza.net\/de\/wp-json\/wp\/v2\/product\/939","targetHints":{"allow":["GET"]}}],"collection":[{"href":"https:\/\/keysdock.tajnaveza.net\/de\/wp-json\/wp\/v2\/product"}],"about":[{"href":"https:\/\/keysdock.tajnaveza.net\/de\/wp-json\/wp\/v2\/types\/product"}],"replies":[{"embeddable":true,"href":"https:\/\/keysdock.tajnaveza.net\/de\/wp-json\/wp\/v2\/comments?post=939"}],"wp:featuredmedia":[{"embeddable":true,"href":"https:\/\/keysdock.tajnaveza.net\/de\/wp-json\/wp\/v2\/media\/958"}],"wp:attachment":[{"href":"https:\/\/keysdock.tajnaveza.net\/de\/wp-json\/wp\/v2\/media?parent=939"}],"wp:term":[{"taxonomy":"product_brand","embeddable":true,"href":"https:\/\/keysdock.tajnaveza.net\/de\/wp-json\/wp\/v2\/product_brand?post=939"},{"taxonomy":"product_cat","embeddable":true,"href":"https:\/\/keysdock.tajnaveza.net\/de\/wp-json\/wp\/v2\/product_cat?post=939"},{"taxonomy":"product_tag","embeddable":true,"href":"https:\/\/keysdock.tajnaveza.net\/de\/wp-json\/wp\/v2\/product_tag?post=939"}],"curies":[{"name":"wp","href":"https:\/\/api.w.org\/{rel}","templated":true}]}}