{"id":940,"date":"2025-03-15T21:07:21","date_gmt":"2025-03-15T21:07:21","guid":{"rendered":"https:\/\/keysdock.com\/?post_type=product&#038;p=940"},"modified":"2025-10-19T07:31:07","modified_gmt":"2025-10-19T07:31:07","slug":"office-2024-professional-plus-product-key-lizenz","status":"publish","type":"product","link":"https:\/\/keysdock.tajnaveza.net\/de\/produkt\/office-2024-professional-plus-product-key-lizenz\/","title":{"rendered":"Office 2024 Professional Plus LTSC Product Key Lizenz"},"content":{"rendered":"<p><strong>Kaufen Sie Office 2024 Professional Plus LTSC Product Key \u2013 echte Lizenz mit lebenslanger Aktivierung.<\/strong><\/p>\n<h3><strong>Beschreibung<\/strong><\/h3>\n<p>Microsoft Office LTSC (Long-Term Servicing Channel) Professional Plus 2024 ist ein <strong>robuste Produktivit\u00e4tssuite<\/strong> zugeschnitten auf <strong>Unternehmen und Organisationen<\/strong> die erfordern <strong>Stabilit\u00e4t, Sicherheit und langfristige Unterst\u00fctzung<\/strong> ohne h\u00e4ufige Funktionsaktualisierungen. Diese Ausgabe enth\u00e4lt <strong>klassische Versionen<\/strong> der wichtigsten Office-Anwendungen, die f\u00fcr die effiziente Erstellung von Dokumenten, Datenanalysen, Pr\u00e4sentationen und Kommunikation erforderlich sind.<\/p>\n<h3><strong>Enthaltene Anwendungen<\/strong><\/h3>\n<ul>\n<li><strong>Wort 2024<\/strong> - Erweiterte Textverarbeitung mit verbesserten Funktionen f\u00fcr die Zusammenarbeit.<\/li>\n<li><strong>Excel 2024<\/strong> - Leistungsstarke Werkzeuge zur Verwaltung von Tabellenkalkulationen und zur Datenanalyse.<\/li>\n<li><strong>PowerPoint 2024<\/strong> - Dynamische Pr\u00e4sentationserstellung mit neuen Gestaltungsm\u00f6glichkeiten.<\/li>\n<li><strong>Ausblick 2024<\/strong> - Verbesserte E-Mail- und Kalenderverwaltung.<\/li>\n<li><strong>Zugang 2024<\/strong> - Datenbankverwaltungssystem f\u00fcr Datenverfolgung und Berichterstattung.<\/li>\n<li><strong>OneNote 2024<\/strong> - Eine App f\u00fcr digitale Notizen, mit der Sie alle Ihre Notizen an einem Ort aufbewahren k\u00f6nnen<\/li>\n<\/ul>\n<h3><strong>Wesentliche Merkmale<\/strong><\/h3>\n<p>\u2705 <strong>Langfristige Unterst\u00fctzung<\/strong> - Bietet f\u00fcnf Jahre lang Mainstream-Support und gew\u00e4hrleistet Stabilit\u00e4t und Sicherheit ohne h\u00e4ufige \u00c4nderungen.<br \/>\n\u2705 <strong>Verbesserte Zug\u00e4nglichkeit<\/strong> - Verbesserte Werkzeuge, um Dokumente f\u00fcr alle Benutzer zug\u00e4nglicher zu machen.<br \/>\n\u2705 <strong>Modernisierte Benutzeroberfl\u00e4che<\/strong> - Ein aufgefrischtes Design, das sich an den Erwartungen der Nutzer von heute orientiert.<br \/>\n\u2705 <strong>Unterst\u00fctzung f\u00fcr OpenDocument Format (ODF) 1.4<\/strong> - Gew\u00e4hrleistet die Kompatibilit\u00e4t mit einer breiteren Palette von Dokumentenformaten.<br \/>\n\u2705 <strong>Fortgeschrittene Datenanalyse in Excel<\/strong> - Neue Funktionen und dynamische Arrays f\u00fcr eine leistungsf\u00e4higere Datenmanipulation.<br \/>\n\u2705 <strong>Verbesserte Zusammenarbeit<\/strong> - Integriert in Microsoft Teams f\u00fcr nahtlose Kommunikation und Teamarbeit.<br \/>\n\u2705 <strong>Erweiterungen der Sicherheit<\/strong> - Erweiterte Sicherheitsfunktionen zum Schutz vor modernen Bedrohungen.<\/p>\n<h3><strong>Minimale Systemanforderungen<\/strong><\/h3>\n<ul>\n<li><strong>Prozessor<\/strong>: 1,1 GHz oder schneller, Dual-Core-Prozessor.<\/li>\n<li><strong>RAM<\/strong>: 4 GB.<\/li>\n<li><strong>Lagerung<\/strong>: 4 GB verf\u00fcgbarer Festplattenplatz.<\/li>\n<li><strong>Anzeige<\/strong>: 1280 x 768 Bildschirmaufl\u00f6sung.<\/li>\n<li><strong>Grafiken<\/strong>: Direct3D 9.1 oder h\u00f6here Grafikkarte mit WDDM 1.3 oder h\u00f6herem Treiber.<\/li>\n<li><strong>Betriebssystem<\/strong>: Windows 11, Windows 10, Windows 10 LTSC 2021, Windows 10 LTSC 2019, Windows Server 2022.<\/li>\n<li><strong>Browser<\/strong>: Aktuelle Version von Microsoft Edge, Chrome oder Firefox.<\/li>\n<li><strong>.NET-Rahmenwerk<\/strong>: F\u00fcr einige Funktionen muss m\u00f6glicherweise .NET 3.5 oder 4.6 und h\u00f6her installiert werden.<\/li>\n<\/ul>\n<h3><strong>Warum Office LTSC Professional Plus 2024 w\u00e4hlen?<\/strong><\/h3>\n<p>\ud83d\udd39 <strong>Stabilit\u00e4t und Verl\u00e4sslichkeit<\/strong> - Entwickelt f\u00fcr Unternehmen, die Wert auf eine stabile Umgebung ohne h\u00e4ufige Funktions\u00e4nderungen legen.<br \/>\n\ud83d\udd39 <strong>Umfassendes Toolset<\/strong> - Enth\u00e4lt alle wichtigen Office-Anwendungen f\u00fcr die unterschiedlichsten Gesch\u00e4ftsanforderungen.<br \/>\n\ud83d\udd39 <strong>Erh\u00f6hte Sicherheit<\/strong> - Mit fortschrittlichen Sicherheitsma\u00dfnahmen zum Schutz vertraulicher Informationen.<br \/>\n\ud83d\udd39 <strong>Nahtlose Integration<\/strong> - Funktioniert reibungslos mit der vorhandenen IT-Infrastruktur und den Microsoft-Diensten.<br \/>\n\ud83d\udd39 <strong>Kosteng\u00fcnstig<\/strong> - Einmalige Anschaffung mit langfristigem Support reduziert den Bedarf an h\u00e4ufigen Upgrades.<\/p>\n<p>Upgrade auf <strong>Microsoft Office LTSC Professional Plus 2024<\/strong> heute, um Ihre Organisation mit einem <strong>stabile, sichere und effiziente Produktivit\u00e4tssuite<\/strong> die den Anforderungen moderner Gesch\u00e4ftsumgebungen gerecht wird.<\/p>","protected":false},"excerpt":{"rendered":"<p>Microsoft Office LTSC Professional Plus 2024 \u2013 Comprehensive Productivity Suite for Enterprises Description Microsoft Office LTSC (Long-Term Servicing Channel) Professional Plus 2024 is a robust productivity suite tailored for businesses and organizations that require stability, security, and long-term support without frequent feature updates. This edition includes classic versions of essential Office applications, providing tools necessary [&hellip;]<\/p>","protected":false},"featured_media":1078,"comment_status":"open","ping_status":"closed","template":"","meta":{"_gspb_post_css":""},"product_brand":[],"product_cat":[62],"product_tag":[63],"class_list":{"0":"post-940","1":"product","2":"type-product","3":"status-publish","4":"has-post-thumbnail","6":"product_cat-office","7":"product_tag-office-pc","9":"first","10":"instock","11":"shipping-taxable","12":"product-type-external"},"_links":{"self":[{"href":"https:\/\/keysdock.tajnaveza.net\/de\/wp-json\/wp\/v2\/product\/940","targetHints":{"allow":["GET"]}}],"collection":[{"href":"https:\/\/keysdock.tajnaveza.net\/de\/wp-json\/wp\/v2\/product"}],"about":[{"href":"https:\/\/keysdock.tajnaveza.net\/de\/wp-json\/wp\/v2\/types\/product"}],"replies":[{"embeddable":true,"href":"https:\/\/keysdock.tajnaveza.net\/de\/wp-json\/wp\/v2\/comments?post=940"}],"wp:featuredmedia":[{"embeddable":true,"href":"https:\/\/keysdock.tajnaveza.net\/de\/wp-json\/wp\/v2\/media\/1078"}],"wp:attachment":[{"href":"https:\/\/keysdock.tajnaveza.net\/de\/wp-json\/wp\/v2\/media?parent=940"}],"wp:term":[{"taxonomy":"product_brand","embeddable":true,"href":"https:\/\/keysdock.tajnaveza.net\/de\/wp-json\/wp\/v2\/product_brand?post=940"},{"taxonomy":"product_cat","embeddable":true,"href":"https:\/\/keysdock.tajnaveza.net\/de\/wp-json\/wp\/v2\/product_cat?post=940"},{"taxonomy":"product_tag","embeddable":true,"href":"https:\/\/keysdock.tajnaveza.net\/de\/wp-json\/wp\/v2\/product_tag?post=940"}],"curies":[{"name":"wp","href":"https:\/\/api.w.org\/{rel}","templated":true}]}}