{"id":941,"date":"2025-03-15T21:07:21","date_gmt":"2025-03-15T21:07:21","guid":{"rendered":"https:\/\/keysdock.com\/?post_type=product&#038;p=941"},"modified":"2025-10-19T07:30:36","modified_gmt":"2025-10-19T07:30:36","slug":"office-2016-professional-plus-product-key-lizenz","status":"publish","type":"product","link":"https:\/\/keysdock.tajnaveza.net\/de\/produkt\/office-2016-professional-plus-product-key-lizenz\/","title":{"rendered":"Office 2016 Professional Plus Product Key Lizenz"},"content":{"rendered":"<p><strong>Microsoft Office 2016 Professional Plus - Leistungsstarke Produktivit\u00e4tssuite f\u00fcr Unternehmen und Freiberufler<\/strong><\/p>\n<h3><strong>Beschreibung<\/strong><\/h3>\n<p>Microsoft Office 2016 Professional Plus ist ein <strong>umfassende und effiziente Produktivit\u00e4tssuite<\/strong> konzipiert f\u00fcr <strong>Unternehmen, Fachleute und Power-User<\/strong> die brauchen <strong>robuste Werkzeuge f\u00fcr Dokumentenerstellung, Datenverwaltung und Kommunikation<\/strong>. Mit <strong>erweiterte Funktionen f\u00fcr die Zusammenarbeit, Cloud-Integration und verbesserte Sicherheit<\/strong>Office 2016 Professional Plus hilft, Arbeitsabl\u00e4ufe zu optimieren und die Effizienz in Teams und Unternehmen zu steigern.<\/p>\n<h3><strong>Enthaltene Anwendungen<\/strong><\/h3>\n<ul>\n<li><strong>Word 2016<\/strong> - Erweiterte Textverarbeitung mit neuen Tools f\u00fcr die Zusammenarbeit.<\/li>\n<li><strong>Excel 2016<\/strong> - Verbesserte Tabellenkalkulationsfunktionen mit <strong>Power Query, Power Pivot und neue Diagrammtypen<\/strong>.<\/li>\n<li><strong>PowerPoint 2016<\/strong> - Professionelle Pr\u00e4sentationserstellung mit <strong>Morph-\u00dcbergang und Designer-Funktion<\/strong>.<\/li>\n<li><strong>Ausblick 2016<\/strong> - Verbesserte E-Mail- und Kalenderverwaltung mit <strong>konzentrierter Posteingang und schnellere Suche<\/strong>.<\/li>\n<li><strong>Zugang 2016<\/strong> - Datenbankmanagement zur Verfolgung, Analyse und Berichterstattung von Daten.<\/li>\n<li><strong>Herausgeber 2016<\/strong> - Gestaltung professioneller Marketingmaterialien und Ver\u00f6ffentlichungen.<\/li>\n<li><strong>OneNote 2016<\/strong> - Digitale Notizerfassung mit <strong>Cloud-Synchronisierung \u00fcber mehrere Ger\u00e4te<\/strong>.<\/li>\n<li><strong>Skype f\u00fcr Unternehmen<\/strong> - Integrierte Kommunikation f\u00fcr Videoanrufe, Messaging und Online-Meetings.<\/li>\n<\/ul>\n<h3><strong>Wesentliche Merkmale<\/strong><\/h3>\n<p>\u2705 <strong>Verbesserte Zusammenarbeit<\/strong> - <strong>Co-Authoring in Echtzeit<\/strong> in Word, PowerPoint und OneNote.<br \/>\n\u2705 <strong>Cloud-Integration<\/strong> - Nahtlose Konnektivit\u00e4t mit <strong>OneDrive, SharePoint und Microsoft 365-Dienste<\/strong>.<br \/>\n\u2705 <strong>Verbesserte Datenanalyse in Excel<\/strong> - Neue Funktionen, Diagramme und Werkzeuge zur Datenvisualisierung.<br \/>\n\u2705 <strong>Bessere E-Mail-Verwaltung in Outlook<\/strong> - <strong>Fokussierter Posteingang, intelligentere Anh\u00e4nge und verbesserte Filterung<\/strong>.<br \/>\n\u2705 <strong>Smart Lookup<\/strong> - Integriert <strong>Bing-gest\u00fctztes Recherche-Tool<\/strong> zum schnellen Auffinden von Informationen.<br \/>\n\u2705 <strong>Tell Me Feature<\/strong> - A <strong>eingebauter Hilfe-Assistent<\/strong> um Merkmale schneller zu finden.<br \/>\n\u2705 <strong>Verbesserte Sicherheit und Compliance<\/strong> - <strong>Schutz vor Datenverlust (DLP)<\/strong> und <strong>Multi-Faktor-Authentifizierung<\/strong> f\u00fcr mehr Sicherheit.<br \/>\n\u2705 <strong>Anpassbare Multifunktionsleiste &amp; Schnittstelle<\/strong> - Einfache Personalisierung von Symbolleisten und Befehlen f\u00fcr einen effizienteren Arbeitsablauf.<br \/>\n\u2705 <strong>Einmaliger Kauf<\/strong> - Es ist kein Abonnement erforderlich, was es zu einem <strong>kosteng\u00fcnstige L\u00f6sung<\/strong> f\u00fcr Unternehmen.<\/p>\n<h3><strong>Minimale Systemanforderungen<\/strong><\/h3>\n<ul>\n<li><strong>Prozessor<\/strong>: 1 GHz oder schneller, x86- oder x64-Bit-Prozessor mit SSE2-Befehlssatz<\/li>\n<li><strong>RAM<\/strong>2 GB (32-Bit) \/ 4 GB (64-Bit)<\/li>\n<li><strong>Lagerung<\/strong>: 3 GB verf\u00fcgbarer Festplattenplatz<\/li>\n<li><strong>Anzeige<\/strong>: 1280\u00d7800 Aufl\u00f6sung oder h\u00f6her<\/li>\n<li><strong>Betriebssystem<\/strong>: Windows 7, Windows 8, Windows 8.1, Windows 10, Windows Server 2008 R2, Windows Server 2012<\/li>\n<li><strong>Grafiken<\/strong>: DirectX 10 kompatibler Grafikprozessor empfohlen<\/li>\n<li><strong>Internetverbindung<\/strong>: Erforderlich f\u00fcr Aktivierung, Updates und Online-Dienste<\/li>\n<\/ul>\n<h3><strong>Warum Microsoft Office 2016 Professional Plus w\u00e4hlen?<\/strong><\/h3>\n<p>\ud83d\udd39 <strong>Perfekt f\u00fcr Unternehmen und Freiberufler<\/strong> - Funktionsreiche Werkzeuge f\u00fcr die Erstellung von Dokumenten, die Datenverwaltung und die Kommunikation.<br \/>\n\ud83d\udd39 <strong>Stabil &amp; Zuverl\u00e4ssig<\/strong> - Bew\u00e4hrte Leistung mit langfristigem Support und Sicherheitsupdates.<br \/>\n\ud83d\udd39 <strong>Nahtlose Cloud &amp; Zusammenarbeit<\/strong> - Verbinden mit <strong>OneDrive, SharePoint und Skype f\u00fcr Unternehmen<\/strong>.<br \/>\n\ud83d\udd39 <strong>Erweiterte Daten- und E-Mail-Verwaltung<\/strong> - <strong>Power Query und Power Pivot von Excel und die intelligentere Filterung von Outlook<\/strong>.<br \/>\n\ud83d\udd39 <strong>Einmaliger Kauf<\/strong> - Keine wiederkehrenden Geb\u00fchren, langfristiger Nutzen f\u00fcr Unternehmen.<\/p>\n<p>Upgrade auf <strong>Microsoft Office 2016 Professional Plus<\/strong> heute und <strong>Steigern Sie Ihre Produktivit\u00e4t mit erweiterten Funktionen f\u00fcr Dokumentenmanagement, Zusammenarbeit und Sicherheit<\/strong>! \ud83d\ude80\ud83d\udcca\ud83d\udce7<\/p>","protected":false},"excerpt":{"rendered":"<p>Microsoft Office 2016 Professional Plus \u2013 Powerful Productivity Suite for Businesses &amp; Professionals Description Microsoft Office 2016 Professional Plus is a comprehensive and efficient productivity suite designed for businesses, professionals, and power users who need robust document creation, data management, and communication tools. With enhanced collaboration features, cloud integration, and improved security, Office 2016 Professional [&hellip;]<\/p>","protected":false},"featured_media":1079,"comment_status":"open","ping_status":"closed","template":"","meta":{"_gspb_post_css":""},"product_brand":[],"product_cat":[62],"product_tag":[63],"class_list":{"0":"post-941","1":"product","2":"type-product","3":"status-publish","4":"has-post-thumbnail","6":"product_cat-office","7":"product_tag-office-pc","9":"first","10":"instock","11":"shipping-taxable","12":"product-type-external"},"_links":{"self":[{"href":"https:\/\/keysdock.tajnaveza.net\/de\/wp-json\/wp\/v2\/product\/941","targetHints":{"allow":["GET"]}}],"collection":[{"href":"https:\/\/keysdock.tajnaveza.net\/de\/wp-json\/wp\/v2\/product"}],"about":[{"href":"https:\/\/keysdock.tajnaveza.net\/de\/wp-json\/wp\/v2\/types\/product"}],"replies":[{"embeddable":true,"href":"https:\/\/keysdock.tajnaveza.net\/de\/wp-json\/wp\/v2\/comments?post=941"}],"wp:featuredmedia":[{"embeddable":true,"href":"https:\/\/keysdock.tajnaveza.net\/de\/wp-json\/wp\/v2\/media\/1079"}],"wp:attachment":[{"href":"https:\/\/keysdock.tajnaveza.net\/de\/wp-json\/wp\/v2\/media?parent=941"}],"wp:term":[{"taxonomy":"product_brand","embeddable":true,"href":"https:\/\/keysdock.tajnaveza.net\/de\/wp-json\/wp\/v2\/product_brand?post=941"},{"taxonomy":"product_cat","embeddable":true,"href":"https:\/\/keysdock.tajnaveza.net\/de\/wp-json\/wp\/v2\/product_cat?post=941"},{"taxonomy":"product_tag","embeddable":true,"href":"https:\/\/keysdock.tajnaveza.net\/de\/wp-json\/wp\/v2\/product_tag?post=941"}],"curies":[{"name":"wp","href":"https:\/\/api.w.org\/{rel}","templated":true}]}}