{"id":944,"date":"2025-03-15T21:07:21","date_gmt":"2025-03-15T21:07:21","guid":{"rendered":"https:\/\/keysdock.com\/?post_type=product&#038;p=944"},"modified":"2025-10-19T07:30:19","modified_gmt":"2025-10-19T07:30:19","slug":"office-2016-home-business-mac-product-key-lizenz","status":"publish","type":"product","link":"https:\/\/keysdock.tajnaveza.net\/de\/produkt\/office-2016-home-business-mac-product-key-lizenz\/","title":{"rendered":"Office 2016 Home &amp; Business MAC Produktschl\u00fcssel Lebenszeitlizenz"},"content":{"rendered":"<div class=\"woocommerce-tabs wc-tabs-wrapper\">\n<div id=\"tab-description\" class=\"woocommerce-Tabs-panel woocommerce-Tabs-panel--description panel entry-content wc-tab\" role=\"tabpanel\" aria-labelledby=\"tab-title-description\">\n<div class=\"vc_row wpb_row vc_row-fluid\">\n<div class=\"wpb_column vc_column_container vc_col-sm-12\">\n<div class=\"vc_column-inner\">\n<div class=\"wpb_wrapper\">\n<div class=\"wpb_text_column wpb_content_element\">\n<div class=\"wpb_wrapper\"><\/div>\n<\/div>\n<\/div>\n<\/div>\n<\/div>\n<\/div>\n<\/div>\n<\/div>\n<div id=\"judgeme_product_reviews\" class=\"jdgm-widget jdgm-review-widget jdgm--done-setup-widget\" data-product-title=\"Microsoft Office 2016 Home &amp; Business for MAC Bind\" data-id=\"2274\" data-widget-name=\"review_widget\" data-impressions-tracked=\"true\" data-views-tracked=\"true\">\n<div class=\"jdgm-rev-widg\" data-updated-at=\"2025-02-10T10:37:55Z\" data-average-rating=\"4.78\" data-number-of-reviews=\"36\" data-number-of-questions=\"0\">\n<div class=\"jdgm-rev-widg__header\">\n<p><strong>Microsoft Office 2016 Home &amp; Business f\u00fcr Mac - Unverzichtbare Produktivit\u00e4tssuite f\u00fcr Gesch\u00e4ftsleute<\/strong><\/p>\n<h3><strong>Beschreibung<\/strong><\/h3>\n<p>Microsoft Office 2016 Home &amp; Business f\u00fcr Mac ist ein <strong>leistungsstarke und vielseitige Produktivit\u00e4tssuite<\/strong> konzipiert f\u00fcr <strong>Fachleute, kleine Unternehmen und Privatanwender<\/strong> die wichtige Office-Anwendungen f\u00fcr die Erstellung von Dokumenten, die Kommunikation und die Datenverwaltung ben\u00f6tigen. Optimiert f\u00fcr <strong>macOS<\/strong>bietet diese Ausgabe eine vertraute und dennoch moderne Schnittstelle, <strong>nahtlose Integration in das Apple-\u00d6kosystem<\/strong>und verbessert <strong>Cloud-Konnektivit\u00e4t<\/strong> f\u00fcr einen produktiveren Arbeitsablauf.<\/p>\n<h3><strong>Enthaltene Anwendungen<\/strong><\/h3>\n<ul>\n<li><strong>Word 2016 f\u00fcr Mac<\/strong> - Erweiterte Textverarbeitung mit professionellen Formatierungs- und Bearbeitungswerkzeugen.<\/li>\n<li><strong>Excel 2016 f\u00fcr Mac<\/strong> - Leistungsstarkes Tabellenkalkulationsmanagement mit neuen Diagrammtypen und Formeln.<\/li>\n<li><strong>PowerPoint 2016 f\u00fcr Mac<\/strong> - Erstellen Sie beeindruckende Pr\u00e4sentationen mit Folien\u00fcberg\u00e4ngen und Designwerkzeugen.<\/li>\n<li><strong>Outlook 2016 f\u00fcr Mac<\/strong> - Effiziente Verwaltung von E-Mails, Kalendern und Kontakten.<\/li>\n<li><strong>OneNote 2016 f\u00fcr Mac<\/strong> - Digitale Notizen und Organisation mit ger\u00e4te\u00fcbergreifender Cloud-Synchronisierung.<\/li>\n<\/ul>\n<h3><strong>Wesentliche Merkmale<\/strong><\/h3>\n<p>\u2705 <strong>Optimiert f\u00fcr macOS<\/strong> - Native Unterst\u00fctzung f\u00fcr <strong>Mac Retina Display<\/strong>, Vollbildansicht und Multi-Touch-Gesten.<br \/>\n\u2705 <strong>Nahtlose Cloud-Integration<\/strong> - Dokumente speichern und jederzeit abrufen mit <strong>OneDrive und SharePoint<\/strong> Unterst\u00fctzung.<br \/>\n\u2705 <strong>Verbesserte Zusammenarbeit<\/strong> - Co-Authoring in Echtzeit in <strong>Word, Excel und PowerPoint<\/strong> f\u00fcr die Produktivit\u00e4t des Teams.<br \/>\n\u2705 <strong>Verbesserte Outlook-Funktionen<\/strong> - <strong>Bessere E-Mail-Verwaltung, Zeitplanung und gezielter Posteingang<\/strong>.<br \/>\n\u2705 <strong>Datenanalyse in Excel<\/strong> - Neu <strong>PivotTable Slicers, Diagramme und Formelwerkzeuge<\/strong> f\u00fcr bessere Einblicke.<br \/>\n\u2705 <strong>Smart Lookup &amp; Recherche-Tool<\/strong> - Schnelles Auffinden relevanter Informationen direkt aus Dokumenten.<br \/>\n\u2705 <strong>Neue Ribbon-Schnittstelle<\/strong> - Ein optimiertes Layout der Symbolleiste f\u00fcr bessere Navigation und Effizienz.<br \/>\n\u2705 <strong>AutoSave &amp; Versionsgeschichte<\/strong> - Automatisches Speichern und Wiederherstellen fr\u00fcherer Versionen von Dateien.<br \/>\n\u2705 <strong>Einmaliger Kauf<\/strong> - Eine unbefristete Lizenz mit <strong>keine Abonnementgeb\u00fchren<\/strong>.<\/p>\n<h3><strong>Minimale Systemanforderungen<\/strong><\/h3>\n<ul>\n<li><strong>Prozessor<\/strong>: Intel-basierter Mac-Prozessor<\/li>\n<li><strong>RAM<\/strong>: 4 GB oder mehr<\/li>\n<li><strong>Lagerung<\/strong>6 GB verf\u00fcgbarer Festplattenspeicher<\/li>\n<li><strong>Anzeige<\/strong>: 1280\u00d7800 Aufl\u00f6sung oder h\u00f6her<\/li>\n<li><strong>Betriebssystem<\/strong>macOS 10.10 (Yosemite) oder h\u00f6her<\/li>\n<li><strong>Internetverbindung<\/strong>: Erforderlich f\u00fcr Aktivierung, Updates und Cloud-Funktionen<\/li>\n<\/ul>\n<h3><strong>Warum Microsoft Office 2016 Home &amp; Business f\u00fcr Mac w\u00e4hlen?<\/strong><\/h3>\n<p>\ud83d\udd39 <strong>Ideal f\u00fcr Privatpersonen und kleine Unternehmen<\/strong> - Eine professionelle Suite f\u00fcr <strong>Erstellung von Dokumenten, Datenverwaltung und Kommunikation<\/strong>.<br \/>\n\ud83d\udd39 <strong>Nahtlose Mac-Integration<\/strong> - Entwickelt f\u00fcr die Arbeit <strong>nahtlos in das Apple-\u00d6kosystem integriert<\/strong> und macOS-Funktionen.<br \/>\n\ud83d\udd39 <strong>Verbesserte Zusammenarbeit und Cloud-Zugang<\/strong> - Ger\u00e4te\u00fcbergreifendes Arbeiten mit <strong>Unterst\u00fctzung von OneDrive und SharePoint<\/strong>.<br \/>\n\ud83d\udd39 <strong>Einmaliger Kauf, kein Abonnement<\/strong> - Eigenes Office 2016 f\u00fcr Mac <strong>f\u00fcr immer ohne wiederkehrende Kosten<\/strong>.<br \/>\n\ud83d\udd39 <strong>Zuverl\u00e4ssig und sicher<\/strong> - Sch\u00fctzen Sie Ihre Dateien und Mitteilungen mit <strong>regelm\u00e4\u00dfige Sicherheitsupdates<\/strong>.<\/p>\n<p>Upgrade auf <strong>Microsoft Office 2016 Home &amp; Business f\u00fcr Mac<\/strong> heute und <strong>steigern Sie Ihre Produktivit\u00e4t mit einer funktionsreichen, sicheren und f\u00fcr macOS optimierten Office-Suite<\/strong>! \ud83d\ude80\ud83d\udcbb\ud83d\udcca<\/p>\n<\/div>\n<\/div>\n<\/div>","protected":false},"excerpt":{"rendered":"<p>Microsoft Office 2016 Home &amp; Business for Mac \u2013 Essential Productivity Suite for Professionals Description Microsoft Office 2016 Home &amp; Business for Mac is a powerful and versatile productivity suite designed for professionals, small businesses, and home users who need essential Office applications for document creation, communication, and data management. Optimized for macOS, this edition [&hellip;]<\/p>","protected":false},"featured_media":962,"comment_status":"open","ping_status":"closed","template":"","meta":{"_gspb_post_css":""},"product_brand":[],"product_cat":[62],"product_tag":[64],"class_list":{"0":"post-944","1":"product","2":"type-product","3":"status-publish","4":"has-post-thumbnail","6":"product_cat-office","7":"product_tag-office-mac","9":"first","10":"instock","11":"shipping-taxable","12":"product-type-external"},"_links":{"self":[{"href":"https:\/\/keysdock.tajnaveza.net\/de\/wp-json\/wp\/v2\/product\/944","targetHints":{"allow":["GET"]}}],"collection":[{"href":"https:\/\/keysdock.tajnaveza.net\/de\/wp-json\/wp\/v2\/product"}],"about":[{"href":"https:\/\/keysdock.tajnaveza.net\/de\/wp-json\/wp\/v2\/types\/product"}],"replies":[{"embeddable":true,"href":"https:\/\/keysdock.tajnaveza.net\/de\/wp-json\/wp\/v2\/comments?post=944"}],"wp:featuredmedia":[{"embeddable":true,"href":"https:\/\/keysdock.tajnaveza.net\/de\/wp-json\/wp\/v2\/media\/962"}],"wp:attachment":[{"href":"https:\/\/keysdock.tajnaveza.net\/de\/wp-json\/wp\/v2\/media?parent=944"}],"wp:term":[{"taxonomy":"product_brand","embeddable":true,"href":"https:\/\/keysdock.tajnaveza.net\/de\/wp-json\/wp\/v2\/product_brand?post=944"},{"taxonomy":"product_cat","embeddable":true,"href":"https:\/\/keysdock.tajnaveza.net\/de\/wp-json\/wp\/v2\/product_cat?post=944"},{"taxonomy":"product_tag","embeddable":true,"href":"https:\/\/keysdock.tajnaveza.net\/de\/wp-json\/wp\/v2\/product_tag?post=944"}],"curies":[{"name":"wp","href":"https:\/\/api.w.org\/{rel}","templated":true}]}}