{"id":946,"date":"2025-03-15T21:07:21","date_gmt":"2025-03-15T21:07:21","guid":{"rendered":"https:\/\/keysdock.com\/?post_type=product&#038;p=946"},"modified":"2025-10-19T07:29:58","modified_gmt":"2025-10-19T07:29:58","slug":"office-2021-home-business-mac-product-key-lizenz","status":"publish","type":"product","link":"https:\/\/keysdock.tajnaveza.net\/de\/produkt\/office-2021-home-business-mac-product-key-lizenz\/","title":{"rendered":"Office 2021 Home &amp; Business MAC Produktschl\u00fcssel Lebenszeitlizenz"},"content":{"rendered":"<p><strong>Microsoft Office 2021 Home &amp; Business f\u00fcr Mac - Die ultimative Produktivit\u00e4tssuite f\u00fcr Profis und kleine Unternehmen<\/strong><\/p>\n<h3><strong>Beschreibung<\/strong><\/h3>\n<p>Microsoft Office 2021 Home &amp; Business f\u00fcr Mac ist ein <strong>funktionsreiche und optimierte Produktivit\u00e4tssuite<\/strong> konzipiert f\u00fcr <strong>Fachleute, kleine Unternehmen und Privatanwender<\/strong> die zuverl\u00e4ssige Werkzeuge ben\u00f6tigen f\u00fcr <strong>Erstellung von Dokumenten, Datenverwaltung, Kommunikation und Pr\u00e4sentationen<\/strong>. Gebaut f\u00fcr <strong>macOS<\/strong>bietet diese Ausgabe eine <strong>\u00fcberarbeitete Benutzeroberfl\u00e4che, verbesserte Leistung und bessere Funktionen f\u00fcr die Zusammenarbeit<\/strong>um einen reibungslosen und effizienten Arbeitsablauf zu gew\u00e4hrleisten.<\/p>\n<p>Mit <strong>ein einmaliges Kaufmodell<\/strong>Office 2021 Home &amp; Business f\u00fcr Mac bietet alle wichtigen Office-Anwendungen, ohne dass ein Abonnement erforderlich ist, und ist damit eine kosteng\u00fcnstige und langfristige L\u00f6sung.<\/p>\n<h3><strong>Enthaltene Anwendungen<\/strong><\/h3>\n<ul>\n<li><strong>Word 2021 f\u00fcr Mac<\/strong> - Professionelle Textverarbeitung mit verbesserten Formatierungs- und Zusammenarbeitswerkzeugen.<\/li>\n<li><strong>Excel 2021 f\u00fcr Mac<\/strong> - Erweiterte Tabellenkalkulationen mit <strong>neue Funktionen wie XLOOKUP, LET und dynamische Arrays<\/strong>.<\/li>\n<li><strong>PowerPoint 2021 f\u00fcr Mac<\/strong> - Erstellen Sie beeindruckende Pr\u00e4sentationen mit <strong>verbesserte \u00dcberg\u00e4nge, 4K-Videoexport und eine neu gestaltete Benutzeroberfl\u00e4che<\/strong>.<\/li>\n<li><strong>Outlook 2021 f\u00fcr Mac<\/strong> - Verbessertes E-Mail-Management mit <strong>ein konzentrierter Posteingang, eine schnellere Suche und @Merkungen<\/strong>.<\/li>\n<li><strong>OneNote f\u00fcr Mac<\/strong> - Ein digitales Notizbuch zur Organisation von Notizen, Aufgaben und Ideen.<\/li>\n<\/ul>\n<h3><strong>Wesentliche Merkmale<\/strong><\/h3>\n<p>\u2705 <strong>Optimiert f\u00fcr macOS<\/strong> - <strong>Native Unterst\u00fctzung f\u00fcr Apple Silicon (M1 &amp; M2 Chips)<\/strong> und <strong>macOS Monterey und h\u00f6her<\/strong>.<br \/>\n\u2705 <strong>Nahtlose Cloud-Integration<\/strong> - Dokumente speichern und \u00fcberall abrufen mit <strong>OneDrive und SharePoint<\/strong>.<br \/>\n\u2705 <strong>Zusammenarbeit in Echtzeit<\/strong> - Gemeinsame Arbeit an Dokumenten mit <strong>Co-Authoring und Auto-Save-Funktionen<\/strong>.<br \/>\n\u2705 <strong>Leistungs- und Geschwindigkeitsverbesserungen<\/strong> - Schneller <strong>k\u00fcrzere Startzeiten, bessere Reaktionszeiten und reibungslosere \u00dcberg\u00e4nge auf der Benutzeroberfl\u00e4che<\/strong>.<br \/>\n\u2705 <strong>Neue Excel-Funktionen<\/strong> - <strong>XLOOKUP, dynamische Arrays, LET-Funktion und neue Datentypen<\/strong> zur besseren Analyse.<br \/>\n\u2705 <strong>PowerPoint-Verbesserungen<\/strong> - <strong>Morph-\u00dcberg\u00e4nge, bessere Dia-Aufnahmen und verbesserte Medienhandhabung<\/strong>.<br \/>\n\u2705 <strong>Outlook-Verbesserungen<\/strong> - <strong>Neues \u00dcbersetzer-Tool, Kalender-Updates und verbesserte Suche f\u00fcr schnelleres E-Mail-Management<\/strong>.<br \/>\n\u2705 <strong>AutoSave &amp; Versionsgeschichte<\/strong> - Automatisches Speichern von \u00c4nderungen und Wiederherstellen fr\u00fcherer Versionen von Dateien.<br \/>\n\u2705 <strong>Einmaliger Kauf, kein Abonnement<\/strong> - Genie\u00dfen <strong>st\u00e4ndiger Zugang<\/strong> ohne monatliche oder j\u00e4hrliche Geb\u00fchren.<\/p>\n<h3><strong>Minimale Systemanforderungen<\/strong><\/h3>\n<ul>\n<li><strong>Prozessor<\/strong>: Intel-basierter Mac oder Apple Silicon (M1\/M2)<\/li>\n<li><strong>RAM<\/strong>: Mindestens 4 GB<\/li>\n<li><strong>Lagerung<\/strong>: 10 GB verf\u00fcgbarer Festplattenspeicher<\/li>\n<li><strong>Anzeige<\/strong>: 1280\u00d7800 Aufl\u00f6sung oder h\u00f6her<\/li>\n<li><strong>Betriebssystem<\/strong>macOS Monterey (12.0) oder h\u00f6her<\/li>\n<li class=\"translation-block\"><strong>Internetverbindung<\/strong>: Erforderlich f\u00fcr Aktivierung, Updates und Cloud-Dienste<\/li>\n<\/ul>\n<h3><strong>Warum sollten Sie sich f\u00fcr Microsoft Office 2021 Home &amp; Business f\u00fcr Mac entscheiden?<\/strong><\/h3>\n<p>\ud83d\udd39 <strong>Perfekt f\u00fcr private und gesch\u00e4ftliche Nutzer<\/strong> - Holen Sie sich eine komplette Produktivit\u00e4tssuite f\u00fcr <strong>Dokumente, Tabellenkalkulationen, E-Mails und Pr\u00e4sentationen<\/strong>.<br \/>\n\ud83d\udd39 <strong>Optimiert f\u00fcr macOS &amp; Apple Silicon<\/strong> - L\u00e4ufe <strong>reibungslos auf MacBook, iMac, Mac Mini und Mac Studio<\/strong>.<br \/>\n\ud83d\udd39 <strong>Nahtlose Zusammenarbeit<\/strong> - Effizientes Arbeiten mit <strong>OneDrive, SharePoint und Tools zur gemeinsamen Erstellung von Dokumenten<\/strong>.<br \/>\n\ud83d\udd39 <strong>Leistungsstarke Produktivit\u00e4tsfunktionen<\/strong> - <strong>Verbesserte Excel-Funktionen, PowerPoint-Animationen und intelligenteres E-Mail-Management<\/strong>.<br \/>\n\ud83d\udd39 <strong>Kein Abonnement erforderlich<\/strong> - <strong>Einmaliger Kauf<\/strong>Dadurch wird ein langfristiger Wert ohne laufende Kosten gew\u00e4hrleistet.<\/p>\n<p>Upgrade auf <strong>Microsoft Office 2021 Home &amp; Business f\u00fcr Mac<\/strong> heute und <strong>Steigern Sie Ihre Produktivit\u00e4t mit der neuesten und leistungsst\u00e4rksten Office-Suite f\u00fcr macOS<\/strong>! \ud83d\ude80\ud83d\udcbb\ud83d\udcca<\/p>","protected":false},"excerpt":{"rendered":"<p>Microsoft Office 2021 Home &amp; Business for Mac \u2013 The Ultimate Productivity Suite for Professionals &amp; Small Businesses Description Microsoft Office 2021 Home &amp; Business for Mac is a feature-rich and optimized productivity suite designed for professionals, small businesses, and home users who need reliable tools for document creation, data management, communication, and presentations. Built [&hellip;]<\/p>","protected":false},"featured_media":984,"comment_status":"open","ping_status":"closed","template":"","meta":{"_gspb_post_css":""},"product_brand":[],"product_cat":[62],"product_tag":[64],"class_list":{"0":"post-946","1":"product","2":"type-product","3":"status-publish","4":"has-post-thumbnail","6":"product_cat-office","7":"product_tag-office-mac","9":"first","10":"instock","11":"shipping-taxable","12":"product-type-external"},"_links":{"self":[{"href":"https:\/\/keysdock.tajnaveza.net\/de\/wp-json\/wp\/v2\/product\/946","targetHints":{"allow":["GET"]}}],"collection":[{"href":"https:\/\/keysdock.tajnaveza.net\/de\/wp-json\/wp\/v2\/product"}],"about":[{"href":"https:\/\/keysdock.tajnaveza.net\/de\/wp-json\/wp\/v2\/types\/product"}],"replies":[{"embeddable":true,"href":"https:\/\/keysdock.tajnaveza.net\/de\/wp-json\/wp\/v2\/comments?post=946"}],"wp:featuredmedia":[{"embeddable":true,"href":"https:\/\/keysdock.tajnaveza.net\/de\/wp-json\/wp\/v2\/media\/984"}],"wp:attachment":[{"href":"https:\/\/keysdock.tajnaveza.net\/de\/wp-json\/wp\/v2\/media?parent=946"}],"wp:term":[{"taxonomy":"product_brand","embeddable":true,"href":"https:\/\/keysdock.tajnaveza.net\/de\/wp-json\/wp\/v2\/product_brand?post=946"},{"taxonomy":"product_cat","embeddable":true,"href":"https:\/\/keysdock.tajnaveza.net\/de\/wp-json\/wp\/v2\/product_cat?post=946"},{"taxonomy":"product_tag","embeddable":true,"href":"https:\/\/keysdock.tajnaveza.net\/de\/wp-json\/wp\/v2\/product_tag?post=946"}],"curies":[{"name":"wp","href":"https:\/\/api.w.org\/{rel}","templated":true}]}}