{"id":964,"date":"2025-03-15T21:07:43","date_gmt":"2025-03-15T21:07:43","guid":{"rendered":"https:\/\/keysdock.com\/?post_type=product&#038;p=964"},"modified":"2025-10-19T07:33:43","modified_gmt":"2025-10-19T07:33:43","slug":"visio-2021-professional-product-key-lizenz","status":"publish","type":"product","link":"https:\/\/keysdock.tajnaveza.net\/de\/produkt\/visio-2021-professional-product-key-lizenz\/","title":{"rendered":"Visio 2021 Professional Product Key Lizenz"},"content":{"rendered":"<p><strong>Microsoft Visio 2021 Professional - Das ultimative Werkzeug f\u00fcr Diagrammerstellung und Visualisierung<\/strong><\/p>\n<h3><strong>Beschreibung<\/strong><\/h3>\n<p>Microsoft Visio 2021 Professional ist ein <strong>leistungsstarke Diagramm- und Visualisierungssoftware<\/strong> konzipiert f\u00fcr <strong>Unternehmen, IT-Fachleute, Ingenieure und Teams<\/strong> die etwas schaffen m\u00fcssen <strong>detaillierte Flussdiagramme, Organigramme, Netzwerkdiagramme, Grundrisse, technische Entw\u00fcrfe und Modellierung von Gesch\u00e4ftsprozessen<\/strong>.<\/p>\n<p>Mit <strong>verbesserte Tools f\u00fcr die Zusammenarbeit, eine modernisierte Oberfl\u00e4che und eine nahtlose Integration mit Microsoft 365 und Cloud-Diensten<\/strong>Visio 2021 Professional hilft Anwendern <strong>komplexe Informationen effektiv gestalten, visualisieren und kommunizieren<\/strong>.<\/p>\n<h3><strong>Wesentliche Merkmale<\/strong><\/h3>\n<p>\u2705 <strong>Erweiterte Diagrammerstellung und Diagramme<\/strong> - Gestaltung <strong>Flussdiagramme, Mind Maps, Organigramme und technische Diagramme<\/strong> mit Leichtigkeit.<br \/>\n\u2705 <strong>Verbesserte UI &amp; Vorlagen<\/strong> - Eine \u00fcberarbeitete Schnittstelle und <strong>vorgefertigte Vorlagen<\/strong> f\u00fcr eine schnellere Diagrammerstellung.<br \/>\n\u2705 <strong>Datengesteuerte Diagramme<\/strong> - <strong>Verkn\u00fcpfung von Echtzeitdaten aus Excel, SQL und SharePoint<\/strong> um dynamisches Bildmaterial zu erstellen.<br \/>\n\u2705 <strong>Zusammenarbeit &amp; Co-Autorenschaft<\/strong> - <strong>Mehrere Benutzer k\u00f6nnen Diagramme in Echtzeit bearbeiten<\/strong>die Verbesserung der Teamarbeit.<br \/>\n\u2705 <strong>Branchenspezifische Tools<\/strong> - Enth\u00e4lt <strong>Vorlagen f\u00fcr IT-Netzwerke, Gesch\u00e4ftsprozesse, Technik und Softwaredesign<\/strong>.<br \/>\n\u2705 <strong>AutoConnect und SmartShapes<\/strong> - Automatisch <strong>Objekte verbinden und Layouts anpassen<\/strong> um professionelle Designs schneller zu erstellen.<br \/>\n\u2705 <strong>Cloud-Integration und Microsoft 365-Kompatibilit\u00e4t<\/strong> - Arbeitet nahtlos mit <strong>OneDrive, SharePoint und Teams<\/strong>.<br \/>\n\u2705 <strong>UML &amp; Wireframing-Unterst\u00fctzung<\/strong> - Gestaltung <strong>Softwarearchitektur, Wireframes f\u00fcr Anwendungen und Datenbankmodellierung<\/strong> mit eingebauten UML-Werkzeugen.<br \/>\n\u2705 <strong>Verbesserte Sicherheit und Compliance<\/strong> - <strong>Sicherheit auf Unternehmensniveau<\/strong> um sensible Projektdaten zu sch\u00fctzen.<br \/>\n\u2705 <strong>Unterst\u00fctzt Visio Online Viewing<\/strong> - Teilen und <strong>Zusammenarbeit an Diagrammen \u00fcber einen Webbrowser<\/strong>.<\/p>\n<h3><strong>Verf\u00fcgbare Editionen<\/strong><\/h3>\n<p>\ud83d\udd39 <strong>Visio Standard 2021<\/strong> - Am besten f\u00fcr <strong>einzelne Nutzer, die grundlegende Diagrammwerkzeuge ben\u00f6tigen<\/strong>.<br \/>\n\ud83d\udd39 <strong>Visio Professional 2021<\/strong> - Enth\u00e4lt <strong>erweiterte Vorlagen, Echtzeit-Zusammenarbeit, Cloud-Integration und verbesserte Datenvisualisierung<\/strong>ideal f\u00fcr Unternehmen und IT-Fachleute.<\/p>\n<h3><strong>Minimale Systemanforderungen<\/strong><\/h3>\n<ul>\n<li class=\"translation-block\"><strong>Prozessor<\/strong>: 1,6 GHz oder schneller, Dual-Core-Prozessor<\/li>\n<li class=\"translation-block\"><strong>RAM<\/strong>: 4 GB (64-Bit) \/ 2 GB (32-Bit)<\/li>\n<li class=\"translation-block\"><strong>Speicherplatz<\/strong>: 4 GB verf\u00fcgbarer Speicherplatz<\/li>\n<li class=\"translation-block\"><strong>Bildschirm<\/strong>: 1280\u00d7768 Aufl\u00f6sung oder h\u00f6her<\/li>\n<li><strong>Betriebssystem<\/strong>: Windows 10, Windows 11<\/li>\n<li class=\"translation-block\"><strong>Grafik<\/strong>: DirectX 9 oder h\u00f6her mit WDDM 2.0+ Treiber<\/li>\n<li><strong>Internetverbindung<\/strong>: Erforderlich f\u00fcr Aktivierung, Updates und Cloud-Zusammenarbeit<\/li>\n<\/ul>\n<h3><strong>Warum sollten Sie sich f\u00fcr Microsoft Visio 2021 Professional entscheiden?<\/strong><\/h3>\n<p>\ud83d\udd39 <strong>Erweiterte Diagrammerstellung f\u00fcr Business &amp; IT<\/strong> - Perfekt f\u00fcr <strong>Erstellung detaillierter, professioneller Diagramme<\/strong>.<br \/>\n\ud83d\udd39 <strong>Echtzeit-Zusammenarbeit und Cloud-Integration<\/strong> - <strong>Diagramme bearbeiten und sofort mit anderen Teams teilen<\/strong>.<br \/>\n\ud83d\udd39 <strong>Datengesteuerte Diagramme<\/strong> - Link <strong>Echtzeit-Datenquellen f\u00fcr eine genaue Visualisierung<\/strong>.<br \/>\n\ud83d\udd39 <strong>Microsoft 365 &amp; Cloud-Kompatibilit\u00e4t<\/strong> - Arbeitet nahtlos mit <strong>Excel, Teams, SharePoint und OneDrive<\/strong>.<br \/>\n\ud83d\udd39 <strong>Einmaliger Kauf, kein Abonnement erforderlich<\/strong> - <strong>Lebenslanger Zugang<\/strong> ohne wiederkehrende Geb\u00fchren.<\/p>\n<p>Upgrade auf <strong>Microsoft Visio 2021 Professional<\/strong> heute und <strong>komplexe Daten in leicht verst\u00e4ndliche visuelle Diagramme umwandeln<\/strong>! \ud83d\ude80\ud83d\udcca\ud83d\udccc<\/p>","protected":false},"excerpt":{"rendered":"<p>Microsoft Visio 2021 Professional \u2013 The Ultimate Diagramming &amp; Visualization Tool Description Microsoft Visio 2021 Professional is a powerful diagramming and visualization software designed for businesses, IT professionals, engineers, and teams who need to create detailed flowcharts, organizational charts, network diagrams, floor plans, engineering designs, and business process modeling. With enhanced collaboration tools, a modernized [&hellip;]<\/p>","protected":false},"featured_media":991,"comment_status":"open","ping_status":"closed","template":"","meta":{"_gspb_post_css":""},"product_brand":[],"product_cat":[65],"product_tag":[66],"class_list":{"0":"post-964","1":"product","2":"type-product","3":"status-publish","4":"has-post-thumbnail","6":"product_cat-misc","7":"product_tag-visio","9":"first","10":"instock","11":"shipping-taxable","12":"product-type-external"},"_links":{"self":[{"href":"https:\/\/keysdock.tajnaveza.net\/de\/wp-json\/wp\/v2\/product\/964","targetHints":{"allow":["GET"]}}],"collection":[{"href":"https:\/\/keysdock.tajnaveza.net\/de\/wp-json\/wp\/v2\/product"}],"about":[{"href":"https:\/\/keysdock.tajnaveza.net\/de\/wp-json\/wp\/v2\/types\/product"}],"replies":[{"embeddable":true,"href":"https:\/\/keysdock.tajnaveza.net\/de\/wp-json\/wp\/v2\/comments?post=964"}],"wp:featuredmedia":[{"embeddable":true,"href":"https:\/\/keysdock.tajnaveza.net\/de\/wp-json\/wp\/v2\/media\/991"}],"wp:attachment":[{"href":"https:\/\/keysdock.tajnaveza.net\/de\/wp-json\/wp\/v2\/media?parent=964"}],"wp:term":[{"taxonomy":"product_brand","embeddable":true,"href":"https:\/\/keysdock.tajnaveza.net\/de\/wp-json\/wp\/v2\/product_brand?post=964"},{"taxonomy":"product_cat","embeddable":true,"href":"https:\/\/keysdock.tajnaveza.net\/de\/wp-json\/wp\/v2\/product_cat?post=964"},{"taxonomy":"product_tag","embeddable":true,"href":"https:\/\/keysdock.tajnaveza.net\/de\/wp-json\/wp\/v2\/product_tag?post=964"}],"curies":[{"name":"wp","href":"https:\/\/api.w.org\/{rel}","templated":true}]}}