{"id":965,"date":"2025-03-15T21:07:43","date_gmt":"2025-03-15T21:07:43","guid":{"rendered":"https:\/\/keysdock.com\/?post_type=product&#038;p=965"},"modified":"2025-10-19T07:33:34","modified_gmt":"2025-10-19T07:33:34","slug":"project-2019-professional-product-key-lizenz","status":"publish","type":"product","link":"https:\/\/keysdock.tajnaveza.net\/de\/produkt\/project-2019-professional-product-key-lizenz\/","title":{"rendered":"Project 2019 Professional Product Key Lizenz"},"content":{"rendered":"<p><strong>Microsoft Project 2019 Professional - Fortschrittliches Projektmanagement f\u00fcr Unternehmen und Teams<\/strong><\/p>\n<h3><strong>Beschreibung<\/strong><\/h3>\n<p>Microsoft Project 2019 Professional ist ein <strong>leistungsstarke Projektmanagement-L\u00f6sung<\/strong> konzipiert f\u00fcr <strong>Unternehmen, Projektleiter und Teams<\/strong> die effizient arbeiten m\u00fcssen <strong>Projekte planen, verfolgen und verwalten<\/strong> in allen Gr\u00f6\u00dfen. Mit <strong>verbesserte Tools f\u00fcr Planung, Zusammenarbeit und Berichterstattung<\/strong>gew\u00e4hrleistet sie <strong>bessere Ressourcenzuweisung, h\u00f6here Produktivit\u00e4t und nahtlose Teamarbeit<\/strong>.<\/p>\n<p>Diese Ausgabe bietet <strong>Cloud-Integration, Co-Authoring in Echtzeit und erweiterte Analysen<\/strong>und ist damit ideal f\u00fcr Unternehmen, die <strong>Pr\u00e4zision und Effizienz bei der Projektdurchf\u00fchrung<\/strong>.<\/p>\n<h3><strong>Wesentliche Merkmale<\/strong><\/h3>\n<p>\u2705 <strong>Intelligente Zeitplanung und Aufgabenautomatisierung<\/strong> - Automatisiert <strong>Abh\u00e4ngigkeiten von Aufgaben, Starttermine und Projektabl\u00e4ufe<\/strong>.<br \/>\n\u2705 <strong>Erweiterte Gantt-Diagramme und Zeitleistenansichten<\/strong> - Visualisieren <strong>Projektfortschritt, Meilensteine und Aufgabenabfolgen<\/strong>.<br \/>\n\u2705 <strong>Ressourcen- und Budgetmanagement<\/strong> - Strecke <strong>Arbeitszeiten, Finanzen und Ressourcenzuweisungen<\/strong> effektiv.<br \/>\n\u2705 <strong>Zusammenarbeit und Cloud-Integration<\/strong> - Arbeitet mit <strong>Microsoft Teams, SharePoint und OneDrive<\/strong> f\u00fcr eine bessere Projektkoordination.<br \/>\n\u2705 <strong>Vorgefertigte Projektvorlagen<\/strong> - Schnell starten mit <strong>Industriestandard-Vorlagen<\/strong> f\u00fcr verschiedene Projekttypen.<br \/>\n\u2705 <strong>Anpassbare Berichte und Dashboards<\/strong> - Erzeugen <strong>Einblicke in Echtzeit, Kostenverfolgung und Leistungs\u00fcbersichten<\/strong>.<br \/>\n\u2705 <strong>Mehrere Projektansichten<\/strong> - Verwendung <strong>Grid-, Board-, Timeline- und Kanban-Ansicht<\/strong> f\u00fcr eine bessere Organisation.<br \/>\n\u2705 <strong>AI-gesteuerte Aufgabenpriorisierung<\/strong> - <strong>Konzentration auf kritische Aufgaben<\/strong> mit automatischer Planungshilfe.<br \/>\n\u2705 <strong>Co-Authoring und Echtzeit-Aktualisierungen<\/strong> - Mehrere Benutzer k\u00f6nnen <strong>Projekte gleichzeitig bearbeiten<\/strong> mit Cloud-Synchronisation.<br \/>\n\u2705 <strong>Sicherheit auf Unternehmensniveau<\/strong> - Sch\u00fctzt <strong>sensible Projektdaten mit erweiterten Sicherheitsfunktionen<\/strong>.<\/p>\n<h3><strong>Was ist der Unterschied zwischen Project 2019 Standard und Professional?<\/strong><\/h3>\n<p>\ud83d\udd39 <strong>Projekt Standard 2019<\/strong> - Am besten f\u00fcr <strong>Einzelanwender, die kleine bis mittelgro\u00dfe Projekte verwalten<\/strong>.<br \/>\n\ud83d\udd39 <strong>Projektprofi 2019<\/strong> - Enth\u00e4lt <strong>Tools f\u00fcr die Zusammenarbeit, Cloud-Integration, erweiterte Ressourcenverwaltung<\/strong>, ideal f\u00fcr Teams und Unternehmen.<\/p>\n<h3><strong>Minimale Systemanforderungen<\/strong><\/h3>\n<ul>\n<li class=\"translation-block\"><strong>Prozessor<\/strong>: 1,6 GHz oder schneller, Dual-Core-Prozessor<\/li>\n<li class=\"translation-block\"><strong>RAM<\/strong>: 4 GB (64-Bit) \/ 2 GB (32-Bit)<\/li>\n<li class=\"translation-block\"><strong>Speicherplatz<\/strong>: 4 GB verf\u00fcgbarer Speicherplatz<\/li>\n<li class=\"translation-block\"><strong>Bildschirm<\/strong>: 1280\u00d7768 Aufl\u00f6sung oder h\u00f6her<\/li>\n<li><strong>Betriebssystem<\/strong>: Windows 10, Windows 11, Windows Server 2019<\/li>\n<li class=\"translation-block\"><strong>Grafik<\/strong>: DirectX 9 oder h\u00f6her mit WDDM 2.0+ Treiber<\/li>\n<li><strong>Internetverbindung<\/strong>: Erforderlich f\u00fcr Aktivierung, Updates und Cloud-basierte Zusammenarbeit<\/li>\n<\/ul>\n<h3><strong>Warum Microsoft Project 2019 Professional w\u00e4hlen?<\/strong><\/h3>\n<p>\ud83d\udd39 <strong>Am besten f\u00fcr Unternehmen und Betriebe geeignet<\/strong> - Unterst\u00fctzt <strong>komplexe Projekte, Koordinierung mehrerer Teams und Aktualisierungen in Echtzeit<\/strong>.<br \/>\n\ud83d\udd39 <strong>Rationalisiertes Aufgabenmanagement<\/strong> - Leicht <strong>Aufgaben zuweisen, verfolgen und anpassen<\/strong> mit Automatisierung.<br \/>\n\ud83d\udd39 <strong>Leistungsstarke visuelle und analytische Berichte<\/strong> - Erstellen <strong>interaktive Diagramme, Kostenaufschl\u00fcsselungen und Projektzusammenfassungen<\/strong>.<br \/>\n\ud83d\udd39 <strong>Zusammenarbeit in Echtzeit<\/strong> - Verbinden mit <strong>Teams, SharePoint und Microsoft 365 f\u00fcr nahtlose Teamarbeit<\/strong>.<br \/>\n\ud83d\udd39 <strong>Einmaliger Kauf, kein Abonnement<\/strong> - <strong>Lebenslanger Zugang<\/strong> mit einer einmaligen Zahlung.<\/p>\n<p>Upgrade auf <strong>Microsoft Project 2019 Professional<\/strong> heute und <strong>Ihre Projektplanung, -verfolgung und -ausf\u00fchrung mit erstklassigen Tools zu verbessern<\/strong>! \ud83d\ude80\ud83d\udcca\ud83d\udcc5<\/p>","protected":false},"excerpt":{"rendered":"<p>Microsoft Project 2019 Professional \u2013 Advanced Project Management for Businesses &amp; Teams Description Microsoft Project 2019 Professional is a powerful project management solution designed for businesses, project managers, and teams who need to efficiently plan, track, and manage projects of all sizes. With enhanced scheduling, collaboration, and reporting tools, it ensures better resource allocation, improved [&hellip;]<\/p>","protected":false},"featured_media":992,"comment_status":"open","ping_status":"closed","template":"","meta":{"_gspb_post_css":""},"product_brand":[],"product_cat":[65],"product_tag":[69],"class_list":{"0":"post-965","1":"product","2":"type-product","3":"status-publish","4":"has-post-thumbnail","6":"product_cat-misc","7":"product_tag-project","9":"first","10":"instock","11":"shipping-taxable","12":"product-type-external"},"_links":{"self":[{"href":"https:\/\/keysdock.tajnaveza.net\/de\/wp-json\/wp\/v2\/product\/965","targetHints":{"allow":["GET"]}}],"collection":[{"href":"https:\/\/keysdock.tajnaveza.net\/de\/wp-json\/wp\/v2\/product"}],"about":[{"href":"https:\/\/keysdock.tajnaveza.net\/de\/wp-json\/wp\/v2\/types\/product"}],"replies":[{"embeddable":true,"href":"https:\/\/keysdock.tajnaveza.net\/de\/wp-json\/wp\/v2\/comments?post=965"}],"wp:featuredmedia":[{"embeddable":true,"href":"https:\/\/keysdock.tajnaveza.net\/de\/wp-json\/wp\/v2\/media\/992"}],"wp:attachment":[{"href":"https:\/\/keysdock.tajnaveza.net\/de\/wp-json\/wp\/v2\/media?parent=965"}],"wp:term":[{"taxonomy":"product_brand","embeddable":true,"href":"https:\/\/keysdock.tajnaveza.net\/de\/wp-json\/wp\/v2\/product_brand?post=965"},{"taxonomy":"product_cat","embeddable":true,"href":"https:\/\/keysdock.tajnaveza.net\/de\/wp-json\/wp\/v2\/product_cat?post=965"},{"taxonomy":"product_tag","embeddable":true,"href":"https:\/\/keysdock.tajnaveza.net\/de\/wp-json\/wp\/v2\/product_tag?post=965"}],"curies":[{"name":"wp","href":"https:\/\/api.w.org\/{rel}","templated":true}]}}