{"id":968,"date":"2025-03-15T21:07:43","date_gmt":"2025-03-15T21:07:43","guid":{"rendered":"https:\/\/keysdock.com\/?post_type=product&#038;p=968"},"modified":"2025-10-19T07:32:36","modified_gmt":"2025-10-19T07:32:36","slug":"visual-studio-professional-2022-product-key-lizenz","status":"publish","type":"product","link":"https:\/\/keysdock.tajnaveza.net\/de\/produkt\/visual-studio-professional-2022-product-key-lizenz\/","title":{"rendered":"Visual Studio Professional 2022 Product Key Lizenz"},"content":{"rendered":"<p><strong>Kaufen Sie Visual Studio Professional 2022 Product Key \u2013 echte Lizenz mit lebenslanger Aktivierung.<\/strong><\/p>\n<h3><strong>Beschreibung<\/strong><\/h3>\n<p>Visual Studio Professional 2022 ist ein <strong>leistungsstarke, skalierbare und KI-unterst\u00fctzte integrierte Entwicklungsumgebung (IDE)<\/strong> konzipiert f\u00fcr <strong>professionelle Entwickler, Teams und Unternehmen<\/strong>. Mit <strong>verbessertes Debugging, Echtzeit-Zusammenarbeit, Cloud-Integration und KI-gest\u00fctztes IntelliCode<\/strong>bietet es eine optimierte Entwicklungserfahrung f\u00fcr <strong>Erstellung moderner Anwendungen f\u00fcr Web, Desktop, Mobile und Cloud<\/strong>.<\/p>\n<p>Diese Version ist <strong>64-Bit<\/strong>und ist damit die effizienteste und <strong>Hochleistungsf\u00e4hig<\/strong> Visual Studio, das in der Lage ist, mit <strong>gr\u00f6\u00dfere Projekte und komplexe L\u00f6sungen<\/strong> ohne Verlangsamung.<\/p>\n<h3><strong>Wesentliche Merkmale<\/strong><\/h3>\n<p>\u2705 <strong>64-Bit-Architektur<\/strong> - Griffe <strong>gr\u00f6\u00dfere Projekte mit verbesserter Leistung und Stabilit\u00e4t<\/strong>.<br \/>\n\u2705 <strong>AI-gesteuertes IntelliCode<\/strong> - Hilft bei <strong>Code-Vorschl\u00e4ge, Refactoring und Fehlervermeidung<\/strong>.<br \/>\n\u2705 <strong>Erweiterte Fehlersuche und Diagnose<\/strong> - Enth\u00e4lt <strong>Live-Debugging, IntelliTrace und Zeitreise-Debugging<\/strong>.<br \/>\n\u2705 <strong>Nahtlose Integration von Git und GitHub<\/strong> - Eingebaut <strong>Versionskontrolle<\/strong> und <strong>Tools f\u00fcr die Teamzusammenarbeit<\/strong>.<br \/>\n\u2705 <strong>Plattform\u00fcbergreifende Entwicklung<\/strong> - Unterst\u00fctzt <strong>Windows, macOS, Android, iOS, Linux und Web<\/strong> Anwendungen.<br \/>\n\u2705 <strong>Cloud-Entwicklung mit Azure<\/strong> - Erstellen, Bereitstellen und Skalieren von Anwendungen mit <strong>Microsoft Azure-Integration<\/strong>.<br \/>\n\u2705 <strong>Live-Share-Zusammenarbeit<\/strong> - Paarweises Programmieren und \u00dcberpr\u00fcfen des Codes in <strong>Echtzeit mit Teammitgliedern<\/strong>.<br \/>\n\u2705 <strong>Leistungsstarke Pr\u00fcfwerkzeuge<\/strong> - Enth\u00e4lt <strong>Unit-Tests, Lasttests und UI-Test-Frameworks<\/strong>.<br \/>\n\u2705 <strong>Blazor &amp; .NET 6+ Unterst\u00fctzung<\/strong> - Modern <strong>Web- und Cloud-Entwicklung<\/strong> mit <strong>ASP.NET Core, C# und Razor<\/strong>.<br \/>\n\u2705 <strong>Umfassende Datenbankunterst\u00fctzung<\/strong> - Verbinden mit <strong>SQL Server, MySQL, PostgreSQL<\/strong>und mehr.<br \/>\n\u2705 <strong>Umfangreicher Marktplatz &amp; Erweiterungen<\/strong> - Anpassen der IDE mit <strong>Tausende von Plugins und Tools<\/strong>.<\/p>\n<h3><strong>Minimale Systemanforderungen<\/strong><\/h3>\n<ul>\n<li><strong>Prozessor<\/strong>: 1,8 GHz oder schneller, 64-bit empfohlen<\/li>\n<li><strong>RAM<\/strong>: Mindestens 4 GB (16 GB empfohlen)<\/li>\n<li><strong>Lagerung<\/strong>: 20 GB freier Speicherplatz mindestens<\/li>\n<li><strong>Grafiken<\/strong>: DirectX 9 kompatibel mit WDDM 1.0 Treiber<\/li>\n<li><strong>Anzeige<\/strong>: Aufl\u00f6sung 1366\u00d7768 oder h\u00f6her<\/li>\n<li><strong>Betriebssystem<\/strong>: Windows 10 (ab Version 1909) \/ Windows 11 \/ Windows Server 2016, 2019, 2022<\/li>\n<li><strong>Internetverbindung<\/strong>: Erforderlich f\u00fcr Aktivierung, Updates und Online-Dienste<\/li>\n<\/ul>\n<h3><strong>Warum Visual Studio Professional 2022 w\u00e4hlen?<\/strong><\/h3>\n<p>\ud83d\udd39 <strong>Optimiert f\u00fcr gro\u00dfe Projekte<\/strong> - 64-Bit-Architektur gew\u00e4hrleistet <strong>bessere Leistung und Skalierbarkeit<\/strong>.<br \/>\n\ud83d\udd39 <strong>KI-gest\u00fctzte Produktivit\u00e4t<\/strong> - <strong>IntelliCode<\/strong> beschleunigt die Entwicklung mit <strong>intelligente Code-Vorschl\u00e4ge<\/strong>.<br \/>\n\ud83d\udd39 <strong>Verbessertes Debugging und Testen<\/strong> - <strong>Leistungsstarkes Debugging, Live-Diagnose und Unit-Tests<\/strong> f\u00fcr hochwertige Software.<br \/>\n\ud83d\udd39 <strong>Nahtlose Cloud-Integration<\/strong> - <strong>Erstellen von Cloud-nativen Anwendungen<\/strong> mit <strong>Unterst\u00fctzung von Azure, Docker und Kubernetes<\/strong>.<br \/>\n\ud83d\udd39 <strong>Das Beste f\u00fcr Teams und Unternehmen<\/strong> - <strong>Live Share, GitHub und DevOps<\/strong> Tools verbessern die Zusammenarbeit und die Effizienz.<br \/>\n\ud83d\udd39 <strong>Unterst\u00fctzt die neuesten Technologien<\/strong> - <strong>.NET 6+, C#, Python, JavaScript, TypeScript und mehr<\/strong>.<\/p>\n<p>Upgrade auf <strong>Visual Studio Professional 2022<\/strong> heute und erleben <strong>schnellere, intelligentere und effizientere Entwicklung<\/strong>! \ud83d\ude80\ud83d\udcbb\u26a1<\/p>","protected":false},"excerpt":{"rendered":"<p>Visual Studio Professional 2022 \u2013 The Ultimate IDE for Professional Developers Description Visual Studio Professional 2022 is a powerful, scalable, and AI-assisted integrated development environment (IDE) designed for professional developers, teams, and enterprises. With enhanced debugging, real-time collaboration, cloud integration, and AI-powered IntelliCode, it provides a streamlined development experience for building modern applications for web, [&hellip;]<\/p>","protected":false},"featured_media":1004,"comment_status":"open","ping_status":"closed","template":"","meta":{"_gspb_post_css":""},"product_brand":[],"product_cat":[65],"product_tag":[70],"class_list":{"0":"post-968","1":"product","2":"type-product","3":"status-publish","4":"has-post-thumbnail","6":"product_cat-misc","7":"product_tag-visual-studio","9":"first","10":"instock","11":"shipping-taxable","12":"product-type-external"},"_links":{"self":[{"href":"https:\/\/keysdock.tajnaveza.net\/de\/wp-json\/wp\/v2\/product\/968","targetHints":{"allow":["GET"]}}],"collection":[{"href":"https:\/\/keysdock.tajnaveza.net\/de\/wp-json\/wp\/v2\/product"}],"about":[{"href":"https:\/\/keysdock.tajnaveza.net\/de\/wp-json\/wp\/v2\/types\/product"}],"replies":[{"embeddable":true,"href":"https:\/\/keysdock.tajnaveza.net\/de\/wp-json\/wp\/v2\/comments?post=968"}],"wp:featuredmedia":[{"embeddable":true,"href":"https:\/\/keysdock.tajnaveza.net\/de\/wp-json\/wp\/v2\/media\/1004"}],"wp:attachment":[{"href":"https:\/\/keysdock.tajnaveza.net\/de\/wp-json\/wp\/v2\/media?parent=968"}],"wp:term":[{"taxonomy":"product_brand","embeddable":true,"href":"https:\/\/keysdock.tajnaveza.net\/de\/wp-json\/wp\/v2\/product_brand?post=968"},{"taxonomy":"product_cat","embeddable":true,"href":"https:\/\/keysdock.tajnaveza.net\/de\/wp-json\/wp\/v2\/product_cat?post=968"},{"taxonomy":"product_tag","embeddable":true,"href":"https:\/\/keysdock.tajnaveza.net\/de\/wp-json\/wp\/v2\/product_tag?post=968"}],"curies":[{"name":"wp","href":"https:\/\/api.w.org\/{rel}","templated":true}]}}