{"id":971,"date":"2025-03-15T21:07:43","date_gmt":"2025-03-15T21:07:43","guid":{"rendered":"https:\/\/keysdock.com\/?post_type=product&#038;p=971"},"modified":"2025-10-19T07:32:26","modified_gmt":"2025-10-19T07:32:26","slug":"outlook-2019-product-key-lizenz","status":"publish","type":"product","link":"https:\/\/keysdock.tajnaveza.net\/de\/produkt\/outlook-2019-product-key-lizenz\/","title":{"rendered":"Outlook 2019 Product Key Lizenz"},"content":{"rendered":"<p><strong>Microsoft Outlook 2019 - Die ultimative E-Mail- und Produktivit\u00e4tsl\u00f6sung<\/strong><\/p>\n<h3><strong>Beschreibung<\/strong><\/h3>\n<p>Microsoft Outlook 2019 ist ein <strong>leistungsstarke E-Mail- und Kalenderanwendung<\/strong> konzipiert f\u00fcr <strong>Fachleute, Unternehmen und Privatpersonen<\/strong> die brauchen <strong>nahtlose Kommunikation, Terminplanung und Aufgabenverwaltung<\/strong>. Mit einer benutzerfreundlichen Schnittstelle, <strong>erweiterte Sicherheitsfunktionen und verbesserte Leistung<\/strong>Outlook 2019 ist die perfekte L\u00f6sung f\u00fcr die Verwaltung von <strong>E-Mails, Termine, Kontakte und Aufgaben effizient bearbeiten<\/strong>.<\/p>\n<p>Egal, ob Sie in einem B\u00fcro oder an einem anderen Ort arbeiten, Outlook 2019 gew\u00e4hrleistet <strong>reibungslose Zusammenarbeit und Organisation<\/strong>So bleiben Sie verbunden und produktiv.<\/p>\n<h3><strong>Wesentliche Merkmale<\/strong><\/h3>\n<p>\u2705 <strong>Rationalisiertes E-Mail-Management<\/strong> - Organisieren Sie Ihren Posteingang mit <strong>Fokussierter Posteingang, Kategorien und Filter<\/strong>.<br \/>\n\u2705 <strong>Verbesserter Kalender und Terminplanung<\/strong> - Planen Sie auf einfache Weise Besprechungen, setzen Sie Erinnerungen und synchronisieren Sie Kalender.<br \/>\n\u2705 <strong>Erweiterte Sicherheit und Datenschutz<\/strong> - Eingebauter Schutz gegen <strong>Phishing, Malware und Spam<\/strong>.<br \/>\n\u2705 <strong>Unterst\u00fctzung des Offline-Modus<\/strong> - Zugriff auf E-Mails, Kalender und Aufgaben <strong>ohne Internetverbindung<\/strong>.<br \/>\n\u2705 <strong>Integrierte Kontakte &amp; People Hub<\/strong> - Verwalten Sie Kontakte effizient mit <strong>einheitliche Adressb\u00fccher<\/strong>.<br \/>\n\u2705 <strong>Verbesserte Suchfunktionalit\u00e4t<\/strong> - Schnelles Auffinden von E-Mails, Anh\u00e4ngen und Kalendereintr\u00e4gen.<br \/>\n\u2705 <strong>Integration von Aufgaben und Notizen<\/strong> - Produktiv bleiben mit <strong>Aufgabenlisten, Haftnotizen und Erinnerungshilfen<\/strong>.<br \/>\n\u2705 <strong>Nahtlose Unterst\u00fctzung f\u00fcr Microsoft 365 und Exchange<\/strong> - Arbeitet mit <strong>Microsoft Exchange, OneDrive und SharePoint<\/strong>.<br \/>\n\u2705 <strong>Unterst\u00fctzung mehrerer E-Mail-Konten<\/strong> - Einfaches Management <strong>Gmail-, Yahoo-, Outlook.com- und IMAP\/POP-Konten<\/strong>.<br \/>\n\u2705 <strong>Auto-Reply &amp; Regelautomatisierung<\/strong> - Einrichten <strong>Abwesenheitsantworten, Filter und Automatisierungsregeln<\/strong>.<br \/>\n\u2705 <strong>Aktualisierte Benutzeroberfl\u00e4che<\/strong> - A <strong>moderne, \u00fcbersichtliche Benutzeroberfl\u00e4che<\/strong> f\u00fcr bessere Lesbarkeit und Effizienz.<\/p>\n<h3><strong>Minimale Systemanforderungen<\/strong><\/h3>\n<ul>\n<li><strong>Prozessor<\/strong>: 1,6 GHz oder schneller, 2-Kern-Prozessor<\/li>\n<li class=\"translation-block\"><strong>RAM<\/strong>: 4 GB (64-Bit) \/ 2 GB (32-Bit)<\/li>\n<li class=\"translation-block\"><strong>Speicherplatz<\/strong>: 4 GB verf\u00fcgbarer Speicherplatz<\/li>\n<li class=\"translation-block\"><strong>Bildschirm<\/strong>: 1280\u00d7768 Aufl\u00f6sung oder h\u00f6her<\/li>\n<li><strong>Betriebssystem<\/strong>: Windows 10 \/ Windows 11 \/ Windows Server 2019<\/li>\n<li class=\"translation-block\"><strong>Grafik<\/strong>: DirectX 9 oder h\u00f6her mit WDDM 2.0+ Treiber<\/li>\n<li><strong>Internetverbindung<\/strong>: Erforderlich f\u00fcr Aktivierung, Updates und Cloud-Integration<\/li>\n<\/ul>\n<h3><strong>Warum Microsoft Outlook 2019 w\u00e4hlen?<\/strong><\/h3>\n<p>\ud83d\udd39 <strong>Professionelles E-Mail-Management<\/strong> - <strong>Organisiert bleiben<\/strong> mit intelligenter Posteingangssortierung, Filtern und E-Mail-Verfolgung.<br \/>\n\ud83d\udd39 <strong>Nahtlose Kalenderintegration<\/strong> - Zeitplan <strong>Besprechungen, Erinnerungen und Veranstaltungen<\/strong> mit Leichtigkeit.<br \/>\n\ud83d\udd39 <strong>Erh\u00f6hte Sicherheit<\/strong> - Eingebaut <strong>Anti-Phishing, Schutz vor Malware und Spam-Filterung<\/strong>.<br \/>\n\ud83d\udd39 <strong>Perfekt f\u00fcr den gesch\u00e4ftlichen und privaten Gebrauch<\/strong> - Unterst\u00fctzt <strong>mehrere E-Mail-Konten und Microsoft 365-Dienste<\/strong>.<br \/>\n\ud83d\udd39 <strong>Offline-Zugang &amp; Produktivit\u00e4ts-Tools<\/strong> - \u00dcberall und jederzeit arbeiten, mit <strong>Offline-Modus, Aufgaben und Notizen<\/strong>.<\/p>\n<p>Upgrade auf <strong>Microsoft Outlook 2019<\/strong> heute und erleben <strong>bessere E-Mail-Kommunikation, Terminplanung und Produktivit\u00e4t<\/strong>! \ud83d\udce7\ud83d\udcc5\ud83d\ude80<\/p>","protected":false},"excerpt":{"rendered":"<p>Microsoft Outlook 2019 \u2013 The Ultimate Email &amp; Productivity Solution Description Microsoft Outlook 2019 is a powerful email and calendar application designed for professionals, businesses, and individuals who need seamless communication, scheduling, and task management. With a user-friendly interface, enhanced security features, and improved performance, Outlook 2019 is the perfect solution for managing emails, appointments, [&hellip;]<\/p>","protected":false},"featured_media":1007,"comment_status":"open","ping_status":"closed","template":"","meta":{"_gspb_post_css":""},"product_brand":[],"product_cat":[62],"product_tag":[74],"class_list":{"0":"post-971","1":"product","2":"type-product","3":"status-publish","4":"has-post-thumbnail","6":"product_cat-office","7":"product_tag-outlook","9":"first","10":"instock","11":"shipping-taxable","12":"product-type-external"},"_links":{"self":[{"href":"https:\/\/keysdock.tajnaveza.net\/de\/wp-json\/wp\/v2\/product\/971","targetHints":{"allow":["GET"]}}],"collection":[{"href":"https:\/\/keysdock.tajnaveza.net\/de\/wp-json\/wp\/v2\/product"}],"about":[{"href":"https:\/\/keysdock.tajnaveza.net\/de\/wp-json\/wp\/v2\/types\/product"}],"replies":[{"embeddable":true,"href":"https:\/\/keysdock.tajnaveza.net\/de\/wp-json\/wp\/v2\/comments?post=971"}],"wp:featuredmedia":[{"embeddable":true,"href":"https:\/\/keysdock.tajnaveza.net\/de\/wp-json\/wp\/v2\/media\/1007"}],"wp:attachment":[{"href":"https:\/\/keysdock.tajnaveza.net\/de\/wp-json\/wp\/v2\/media?parent=971"}],"wp:term":[{"taxonomy":"product_brand","embeddable":true,"href":"https:\/\/keysdock.tajnaveza.net\/de\/wp-json\/wp\/v2\/product_brand?post=971"},{"taxonomy":"product_cat","embeddable":true,"href":"https:\/\/keysdock.tajnaveza.net\/de\/wp-json\/wp\/v2\/product_cat?post=971"},{"taxonomy":"product_tag","embeddable":true,"href":"https:\/\/keysdock.tajnaveza.net\/de\/wp-json\/wp\/v2\/product_tag?post=971"}],"curies":[{"name":"wp","href":"https:\/\/api.w.org\/{rel}","templated":true}]}}