{"id":972,"date":"2025-03-15T21:07:43","date_gmt":"2025-03-15T21:07:43","guid":{"rendered":"https:\/\/keysdock.com\/?post_type=product&#038;p=972"},"modified":"2025-10-19T07:32:18","modified_gmt":"2025-10-19T07:32:18","slug":"outlook-2021-product-key-lizenz","status":"publish","type":"product","link":"https:\/\/keysdock.tajnaveza.net\/de\/produkt\/outlook-2021-product-key-lizenz\/","title":{"rendered":"Outlook 2021 Product Key Lizenz"},"content":{"rendered":"<p><strong>Microsoft Outlook 2021 - Die ultimative E-Mail- und Kalenderverwaltungsl\u00f6sung<\/strong><\/p>\n<h3><strong>Beschreibung<\/strong><\/h3>\n<p>Microsoft Outlook 2021 ist ein <strong>leistungsstarke und effiziente E-Mail-, Kalender- und Aufgabenverwaltung<\/strong> Anwendung entwickelt f\u00fcr <strong>Fachleute, Unternehmen und private Nutzer<\/strong>. Mit <strong>verbesserte Sicherheit, intelligentere E-Mail-Organisation und nahtlose Integration mit Microsoft 365 und Cloud-Diensten<\/strong>Outlook 2021 bietet eine intuitivere und produktivere Erfahrung. Ob Sie mehrere E-Mail-Konten verwalten, Besprechungen planen oder mit Teams zusammenarbeiten, Outlook 2021 sorgt daf\u00fcr, dass Sie organisiert und verbunden bleiben.<\/p>\n<h3><strong>Wesentliche Merkmale<\/strong><\/h3>\n<p>\u2705 <strong>Rationalisiertes E-Mail-Management<\/strong> - <strong>Fokussierter Posteingang, intelligente Filter und verbesserte Suche<\/strong> f\u00fcr eine einfache E-Mail-Organisation.<br \/>\n\u2705 <strong>Modernisierter Kalender und Terminplanung<\/strong> - <strong>Erinnerungen einstellen, Meetings buchen und mehrere Kalender nahtlos synchronisieren<\/strong>.<br \/>\n\u2705 <strong>Erweiterte Sicherheit und Anti-Phishing-Schutz<\/strong> - <strong>Eingebaute Sicherheitsfunktionen<\/strong> Schutz vor Spam, Phishing und Malware.<br \/>\n\u2705 <strong>Offline-Zugriff und Synchronisierung<\/strong> - Selbst E-Mails lesen, verfassen und verwalten <strong>ohne Internetverbindung<\/strong>.<br \/>\n\u2705 <strong>Nahtlose Integration mit Microsoft 365<\/strong> - Funktioniert reibungslos mit <strong>Exchange, OneDrive, SharePoint und Teams<\/strong>.<br \/>\n\u2705 <strong>Unterst\u00fctzung mehrerer E-Mail-Konten<\/strong> - Verwalten <strong>Gmail, Yahoo, Outlook.com, IMAP\/POP-Konten<\/strong> an einem Ort.<br \/>\n\u2705 <strong>Verbesserte Suchfunktionalit\u00e4t<\/strong> - <strong>Schnellere, intelligentere Suche<\/strong> Verwendung von Microsoft AI f\u00fcr die Suche nach E-Mails, Anh\u00e4ngen und Ereignissen.<br \/>\n\u2705 <strong>Integration von Aufgaben und To-Do-Listen<\/strong> - Behalten Sie den \u00dcberblick \u00fcber <strong>wichtige Aufgaben, Haftnotizen und Erinnerungen<\/strong>.<br \/>\n\u2705 <strong>Auto-Repeply &amp; E-Mail-Regeln<\/strong> - <strong>Abwesenheitsnachrichten, Automatisierungsregeln und E-Mail-Vorlagen einrichten<\/strong>.<br \/>\n\u2705 <strong>Aktualisierte Benutzeroberfl\u00e4che<\/strong> - A <strong>modernes, aufger\u00e4umtes Design mit anpassbaren Farbbandoptionen<\/strong> f\u00fcr eine verbesserte Benutzererfahrung.<br \/>\n\u2705 <strong>\u00dcbersetzer &amp; Diktatfunktionen<\/strong> - Leicht <strong>E-Mails in Echtzeit \u00fcbersetzen<\/strong> und verwenden <strong>Spracheingabe<\/strong> f\u00fcr Effizienz.<br \/>\n\u2705 <strong>Leistungs- und Stabilit\u00e4tsverbesserungen<\/strong> - Schneller <strong>Startzeit, bessere Reaktionsf\u00e4higkeit und weniger Abst\u00fcrze<\/strong>.<\/p>\n<h3><strong>Minimale Systemanforderungen<\/strong><\/h3>\n<ul>\n<li><strong>Prozessor<\/strong>: 1,6 GHz oder schneller, 2-Kern-Prozessor<\/li>\n<li class=\"translation-block\"><strong>RAM<\/strong>: 4 GB (64-Bit) \/ 2 GB (32-Bit)<\/li>\n<li class=\"translation-block\"><strong>Speicherplatz<\/strong>: 4 GB verf\u00fcgbarer Speicherplatz<\/li>\n<li class=\"translation-block\"><strong>Bildschirm<\/strong>: 1280\u00d7768 Aufl\u00f6sung oder h\u00f6her<\/li>\n<li><strong>Betriebssystem<\/strong>: Windows 10 \/ Windows 11<\/li>\n<li class=\"translation-block\"><strong>Grafik<\/strong>: DirectX 9 oder h\u00f6her mit WDDM 2.0+ Treiber<\/li>\n<li><strong>Internetverbindung<\/strong>: Erforderlich f\u00fcr Aktivierung, Updates und Microsoft 365-Dienste<\/li>\n<\/ul>\n<h3><strong>Warum Microsoft Outlook 2021 w\u00e4hlen?<\/strong><\/h3>\n<p>\ud83d\udd39 <strong>Optimal f\u00fcr private und gesch\u00e4ftliche Nutzung<\/strong> - Effiziente Verwaltung von E-Mails, Kalendern und Aufgaben in einer App.<br \/>\n\ud83d\udd39 <strong>Nahtlose Cloud-Integration<\/strong> - Synchronisieren Sie E-Mails und Dateien ger\u00e4te\u00fcbergreifend mit <strong>OneDrive und Microsoft 365<\/strong>.<br \/>\n\ud83d\udd39 <strong>Intelligentes und sicheres E-Mail-Management<\/strong> - <strong>Anti-Phishing, Malware-Schutz und erweiterte Filterung<\/strong> f\u00fcr einen sichereren Posteingang.<br \/>\n\ud83d\udd39 <strong>Schnellere Leistung und AI-gest\u00fctzte Funktionen<\/strong> - Verbessert <strong>Such-, Diktier- und \u00dcbersetzungstools<\/strong> die Produktivit\u00e4t zu steigern.<br \/>\n\ud83d\udd39 <strong>Offline-Modus und Unterst\u00fctzung mehrerer Konten<\/strong> - <strong>\u00dcberall produktiv bleiben<\/strong>auch ohne Internetverbindung.<\/p>\n<p>Upgrade auf <strong>Microsoft Outlook 2021<\/strong> heute und genie\u00dfen Sie ein <strong>schneller, intelligenter und sicherer<\/strong> E-Mail- und Terminplanungserfahrung! \ud83d\udce7\ud83d\udcc5\ud83d\ude80<\/p>","protected":false},"excerpt":{"rendered":"<p>Microsoft Outlook 2021 \u2013 The Ultimate Email &amp; Calendar Management Solution Description Microsoft Outlook 2021 is a powerful and efficient email, calendar, and task management application designed for professionals, businesses, and personal users. With enhanced security, smarter email organization, and seamless integration with Microsoft 365 and cloud services, Outlook 2021 offers a more intuitive and [&hellip;]<\/p>","protected":false},"featured_media":1008,"comment_status":"open","ping_status":"closed","template":"","meta":{"_gspb_post_css":""},"product_brand":[],"product_cat":[62],"product_tag":[74],"class_list":{"0":"post-972","1":"product","2":"type-product","3":"status-publish","4":"has-post-thumbnail","6":"product_cat-office","7":"product_tag-outlook","9":"first","10":"instock","11":"shipping-taxable","12":"product-type-external"},"_links":{"self":[{"href":"https:\/\/keysdock.tajnaveza.net\/de\/wp-json\/wp\/v2\/product\/972","targetHints":{"allow":["GET"]}}],"collection":[{"href":"https:\/\/keysdock.tajnaveza.net\/de\/wp-json\/wp\/v2\/product"}],"about":[{"href":"https:\/\/keysdock.tajnaveza.net\/de\/wp-json\/wp\/v2\/types\/product"}],"replies":[{"embeddable":true,"href":"https:\/\/keysdock.tajnaveza.net\/de\/wp-json\/wp\/v2\/comments?post=972"}],"wp:featuredmedia":[{"embeddable":true,"href":"https:\/\/keysdock.tajnaveza.net\/de\/wp-json\/wp\/v2\/media\/1008"}],"wp:attachment":[{"href":"https:\/\/keysdock.tajnaveza.net\/de\/wp-json\/wp\/v2\/media?parent=972"}],"wp:term":[{"taxonomy":"product_brand","embeddable":true,"href":"https:\/\/keysdock.tajnaveza.net\/de\/wp-json\/wp\/v2\/product_brand?post=972"},{"taxonomy":"product_cat","embeddable":true,"href":"https:\/\/keysdock.tajnaveza.net\/de\/wp-json\/wp\/v2\/product_cat?post=972"},{"taxonomy":"product_tag","embeddable":true,"href":"https:\/\/keysdock.tajnaveza.net\/de\/wp-json\/wp\/v2\/product_tag?post=972"}],"curies":[{"name":"wp","href":"https:\/\/api.w.org\/{rel}","templated":true}]}}