{"id":974,"date":"2025-03-15T21:07:43","date_gmt":"2025-03-15T21:07:43","guid":{"rendered":"https:\/\/keysdock.com\/?post_type=product&#038;p=974"},"modified":"2025-10-19T07:31:55","modified_gmt":"2025-10-19T07:31:55","slug":"access-2021-product-key-lizenz","status":"publish","type":"product","link":"https:\/\/keysdock.tajnaveza.net\/de\/produkt\/access-2021-product-key-lizenz\/","title":{"rendered":"Access 2021 Product Key Lizenz"},"content":{"rendered":"<p><strong>Kaufen Sie Access 2021 Product Key \u2013 echte Lizenz mit lebenslanger Aktivierung.<\/strong><\/p>\n<h3><strong>Beschreibung<\/strong><\/h3>\n<p>Microsoft Access 2021 ist ein <strong>leistungsstarkes und benutzerfreundliches Datenbankmanagementsystem (DBMS)<\/strong> konzipiert f\u00fcr <strong>Unternehmen, Fachleute und Entwickler<\/strong> die brauchen <strong>effiziente Datenspeicherung, -organisation und -analyse<\/strong>. Mit <strong>verbesserte Leistung, erh\u00f6hte Sicherheit und nahtlose Integration mit Microsoft 365<\/strong>Access 2021 vereinfacht den Prozess der <strong>Erstellen, Verwalten und Automatisieren von Datenbanken<\/strong> f\u00fcr gesch\u00e4ftliche, finanzielle oder betriebliche Zwecke.<\/p>\n<p>Ganz gleich, ob Sie den Bestand verfolgen, Kundendaten verwalten oder Berichte erstellen m\u00f6chten, <strong>Microsoft Access 2021<\/strong> bietet <strong>fortgeschrittene Tools f\u00fcr relationale Datenbanken, Abfragen und Automatisierung<\/strong>und ist damit die perfekte L\u00f6sung f\u00fcr datengesteuerte Arbeitsabl\u00e4ufe.<\/p>\n<h3><strong>Wesentliche Merkmale<\/strong><\/h3>\n<p>\u2705 <strong>Einfach zu verwendende Datenbankvorlagen<\/strong> - Schnell starten mit <strong>vorgefertigte Vorlagen<\/strong> f\u00fcr verschiedene Branchen und Anwendungsf\u00e4lle.<br \/>\n\u2705 <strong>Erweiterte Abfrage- und Berichtstools<\/strong> - Benutzen Sie <strong>SQL, Makros und Visual Basic f\u00fcr Anwendungen (VBA)<\/strong> f\u00fcr komplexe Datenoperationen.<br \/>\n\u2705 <strong>Verbesserte Leistung und Stabilit\u00e4t<\/strong> - <strong>Schnellere Verarbeitungsgeschwindigkeiten, optimierte Abfragen und geringere Verz\u00f6gerungen<\/strong>.<br \/>\n\u2705 <strong>Verbesserte Sicherheit und Datenverschl\u00fcsselung<\/strong> - Sch\u00fctzen Sie Datenbanken mit <strong>Passwortschutz, Verschl\u00fcsselung und Mehrbenutzerberechtigungen<\/strong>.<br \/>\n\u2705 <strong>Nahtlose Integration von Microsoft 365 und der Cloud<\/strong> - Daten synchronisieren mit <strong>Excel, SharePoint, SQL Server und OneDrive<\/strong>.<br \/>\n\u2705 <strong>Modernisierte Diagramme und Datenvisualisierung<\/strong> - Erstellen <strong>interaktive Berichte, Dashboards und Echtzeit-Analysen<\/strong>.<br \/>\n\u2705 <strong>Erweiterte Datenkonnektivit\u00e4t<\/strong> - Import\/Export von Daten aus <strong>Excel, XML, ODBC, SQL und Webdienste<\/strong>.<br \/>\n\u2705 <strong>Zusammenarbeit mit mehreren Nutzern<\/strong> - <strong>Datenbanken gemeinsam nutzen und gleichzeitig bearbeiten<\/strong> \u00fcber Teams und Abteilungen hinweg.<br \/>\n\u2705 <strong>VBA &amp; Makro-Automatisierung<\/strong> - <strong>Automatisieren Sie sich wiederholende Aufgaben<\/strong>, die Effizienz zu verbessern und Arbeitsabl\u00e4ufe zu optimieren.<br \/>\n\u2705 <strong>Aktualisierte Benutzeroberfl\u00e4che<\/strong> - Ein \u00fcberarbeitetes Design f\u00fcr bessere <strong>Navigation und Zug\u00e4nglichkeit<\/strong>.<\/p>\n<h3><strong>Minimale Systemanforderungen<\/strong><\/h3>\n<ul>\n<li class=\"translation-block\"><strong>Prozessor<\/strong>: 1,6 GHz oder schneller, Dual-Core-Prozessor<\/li>\n<li class=\"translation-block\"><strong>RAM<\/strong>: 4 GB (64-Bit) \/ 2 GB (32-Bit)<\/li>\n<li class=\"translation-block\"><strong>Speicherplatz<\/strong>: 4 GB verf\u00fcgbarer Speicherplatz<\/li>\n<li class=\"translation-block\"><strong>Bildschirm<\/strong>: 1280\u00d7768 Aufl\u00f6sung oder h\u00f6her<\/li>\n<li><strong>Betriebssystem<\/strong>: Windows 10 \/ Windows 11<\/li>\n<li class=\"translation-block\"><strong>Grafik<\/strong>: DirectX 9 oder h\u00f6her mit WDDM 2.0+ Treiber<\/li>\n<li><strong>Internetverbindung<\/strong>: Erforderlich f\u00fcr Aktivierung, Updates und Microsoft 365-Dienste<\/li>\n<\/ul>\n<h3><strong>Warum sollten Sie sich f\u00fcr Microsoft Access 2021 entscheiden?<\/strong><\/h3>\n<p>\ud83d\udd39 <strong>Entwickelt f\u00fcr Unternehmen und Freiberufler<\/strong> - Einfaches Management <strong>Kundendaten, Inventar, Finanzen und betriebliche Aufzeichnungen<\/strong>.<br \/>\n\ud83d\udd39 <strong>Robustes &amp; skalierbares Datenmanagement<\/strong> - <strong>Unterst\u00fctzt gro\u00dfe Datens\u00e4tze<\/strong>, relationale Datenbanken und Mehrbenutzerumgebungen.<br \/>\n\ud83d\udd39 <strong>Bereit f\u00fcr die Cloud und Microsoft 365<\/strong> - Nahtlos integrierbar mit <strong>Excel, Power BI, SQL Server und SharePoint<\/strong>.<br \/>\n\ud83d\udd39 <strong>Erweiterte Berichterstattung und Automatisierung<\/strong> - Erstellen <strong>individuelle Berichte, Automatisierung von Arbeitsabl\u00e4ufen und Steigerung der Produktivit\u00e4t<\/strong>.<br \/>\n\ud83d\udd39 <strong>\u00c4u\u00dferst sicher und verl\u00e4sslich<\/strong> - <strong>Schutz sensibler Daten<\/strong> mit eingebautem <strong>Verschl\u00fcsselung und Sicherheitsmerkmale<\/strong>.<\/p>\n<p>Upgrade auf <strong>Microsoft Access 2021<\/strong> heute und <strong>\u00dcbernehmen Sie die Kontrolle \u00fcber Ihre Daten mit fortschrittlichen Verwaltungs-, Automatisierungs- und Analysetools<\/strong>! \ud83d\udcca\ud83d\udcbe\ud83d\ude80<\/p>","protected":false},"excerpt":{"rendered":"<p>Microsoft Access 2021 \u2013 The Ultimate Database Management Solution Description Microsoft Access 2021 is a powerful and user-friendly database management system (DBMS) designed for businesses, professionals, and developers who need efficient data storage, organization, and analysis. With improved performance, enhanced security, and seamless integration with Microsoft 365, Access 2021 simplifies the process of creating, managing, [&hellip;]<\/p>","protected":false},"featured_media":1010,"comment_status":"open","ping_status":"closed","template":"","meta":{"_gspb_post_css":""},"product_brand":[],"product_cat":[62],"product_tag":[75],"class_list":{"0":"post-974","1":"product","2":"type-product","3":"status-publish","4":"has-post-thumbnail","6":"product_cat-office","7":"product_tag-access","9":"first","10":"instock","11":"shipping-taxable","12":"product-type-external"},"_links":{"self":[{"href":"https:\/\/keysdock.tajnaveza.net\/de\/wp-json\/wp\/v2\/product\/974","targetHints":{"allow":["GET"]}}],"collection":[{"href":"https:\/\/keysdock.tajnaveza.net\/de\/wp-json\/wp\/v2\/product"}],"about":[{"href":"https:\/\/keysdock.tajnaveza.net\/de\/wp-json\/wp\/v2\/types\/product"}],"replies":[{"embeddable":true,"href":"https:\/\/keysdock.tajnaveza.net\/de\/wp-json\/wp\/v2\/comments?post=974"}],"wp:featuredmedia":[{"embeddable":true,"href":"https:\/\/keysdock.tajnaveza.net\/de\/wp-json\/wp\/v2\/media\/1010"}],"wp:attachment":[{"href":"https:\/\/keysdock.tajnaveza.net\/de\/wp-json\/wp\/v2\/media?parent=974"}],"wp:term":[{"taxonomy":"product_brand","embeddable":true,"href":"https:\/\/keysdock.tajnaveza.net\/de\/wp-json\/wp\/v2\/product_brand?post=974"},{"taxonomy":"product_cat","embeddable":true,"href":"https:\/\/keysdock.tajnaveza.net\/de\/wp-json\/wp\/v2\/product_cat?post=974"},{"taxonomy":"product_tag","embeddable":true,"href":"https:\/\/keysdock.tajnaveza.net\/de\/wp-json\/wp\/v2\/product_tag?post=974"}],"curies":[{"name":"wp","href":"https:\/\/api.w.org\/{rel}","templated":true}]}}