{"id":975,"date":"2025-03-15T21:07:43","date_gmt":"2025-03-15T21:07:43","guid":{"rendered":"https:\/\/keysdock.com\/?post_type=product&#038;p=975"},"modified":"2026-02-07T05:56:36","modified_gmt":"2026-02-07T05:56:36","slug":"kaspersky-premium-2025-1-geraet-1-jahr-licenz","status":"publish","type":"product","link":"https:\/\/keysdock.tajnaveza.net\/de\/produkt\/kaspersky-premium-2025-1-geraet-1-jahr-licenz\/","title":{"rendered":"Kaspersky Premium 2025 |1 ger\u00e4t - 1 jahr| Licenz Key"},"content":{"rendered":"<p><strong>Kaspersky Premium Antivirus - Ultimativer Schutz f\u00fcr Sicherheit und Privatsph\u00e4re<\/strong><\/p>\n<h3><strong>Beschreibung<\/strong><\/h3>\n<p>Kaspersky Premium Antivirus ist ein <strong>fortschrittliche All-in-One-Sicherheitsl\u00f6sung<\/strong> konzipiert f\u00fcr <strong>umfassender Schutz, Datenschutz und Leistungsoptimierung<\/strong>. Es bietet <strong>Echtzeit-Virenschutz, Schutz vor Ransomware, Schutz vor Identit\u00e4tsdiebstahl und Datenschutz-Tools<\/strong>und gew\u00e4hrleistet eine <strong>sicher und reibungslos<\/strong> digitale Erfahrung \u00fcber <strong>Windows-, macOS-, Android- und iOS-Ger\u00e4te<\/strong>.<\/p>\n<p>Mit <strong>KI-gest\u00fctzte Bedrohungserkennung, verschl\u00fcsseltes Surfen und ein integriertes VPN<\/strong>Kaspersky Premium Antivirus ist ideal f\u00fcr <strong>Heimanwender, Fachleute und Familien<\/strong> die ben\u00f6tigen <strong>maximale Sicherheit, Datenschutz und Optimierung der Ger\u00e4teleistung<\/strong>.<\/p>\n<h3><strong>Wesentliche Merkmale<\/strong><\/h3>\n<p>\u2705 <strong>Schutz vor Bedrohungen in Echtzeit<\/strong> - Entdeckt und beseitigt <strong>Viren, Malware, Spyware, Ransomware und fortgeschrittene Cyber-Bedrohungen<\/strong>.<br \/>\n\u2705 <strong>Mehrschichtige Ransomware-Abwehr<\/strong> - Sch\u00fctzt <strong>sensible Daten vor Verschl\u00fcsselung<\/strong> und verhindert Ransomware-Angriffe.<br \/>\n\u2705 <strong>KI-gest\u00fctzter Web-Schutz und Anti-Phishing<\/strong> - Bl\u00f6cke <strong>betr\u00fcgerische Websites, Online-Betrug und b\u00f6sartige Downloads<\/strong>.<br \/>\n\u2705 <strong>Sichere Firewall und Netzwerkschutz<\/strong> - Monitore <strong>eingehender und ausgehender Verkehr<\/strong> um unbefugten Zugriff zu verhindern.<br \/>\n\u2705 <strong>Unbegrenztes VPN (sicheres Surfen)<\/strong> - Verschl\u00fcsselt <strong>Internetverkehr<\/strong> zum anonymen und privaten Surfen.<br \/>\n\u2705 <strong>Identit\u00e4tsschutz &amp; Passwort-Manager<\/strong> - <strong>Sichere Speicherung von Passw\u00f6rtern<\/strong> und sch\u00fctzt pers\u00f6nliche Daten vor Diebstahl.<br \/>\n\u2705 <strong>Schutz von Webcam und Mikrofon<\/strong> - Verhindert <strong>Spyware, die heimlich auf Ihre Kamera und Ihr Mikrofon zugreift<\/strong>.<br \/>\n\u2705 <strong>\u00dcberwachung des Dark Web<\/strong> - Scans <strong>das Dark Web nach gestohlenen pers\u00f6nlichen Daten durchforstet und Sie \u00fcber Verst\u00f6\u00dfe benachrichtigt<\/strong>.<br \/>\n\u2705 <strong>Kindersicherung &amp; Safe Kids Modus<\/strong> - Monitore <strong>Bildschirmzeit, blockiert sch\u00e4dliche Inhalte und verfolgt den Standort des Ger\u00e4ts<\/strong>.<br \/>\n\u2705 <strong>Intelligente Reinigung und Leistungsoptimierung<\/strong> - <strong>Steigert die Systemleistung<\/strong> indem Sie Junk-Dateien und ungenutzte Anwendungen entfernen.<br \/>\n\u2705 <strong>Schutz f\u00fcr USB und externe Laufwerke<\/strong> - Scans <strong>Wechselspeicherger\u00e4te<\/strong> um Malware-Infektionen zu verhindern.<br \/>\n\u2705 <strong>Automatische Software-Aktualisierungen<\/strong> - Gew\u00e4hrleistet <strong>installierte Anwendungen bleiben sicher und auf dem neuesten Stand<\/strong>.<\/p>\n<h3><strong>Minimale Systemanforderungen<\/strong><\/h3>\n<h4><strong>Windows<\/strong><\/h4>\n<ul>\n<li><strong>Prozessor<\/strong>: 1 GHz oder schneller<\/li>\n<li><strong>RAM<\/strong>2 GB Minimum<\/li>\n<li><strong>Lagerung<\/strong>2 GB verf\u00fcgbarer Festplattenspeicher<\/li>\n<li><strong>Betriebssystem<\/strong>: Windows 11, Windows 10, Windows 8.1, Windows 8, Windows 7 (SP1)<\/li>\n<li><strong>Internetverbindung<\/strong>: Erforderlich f\u00fcr Aktivierung, Updates und Cloud-basierte Sicherheit<\/li>\n<\/ul>\n<h4><strong>macOS<\/strong><\/h4>\n<ul>\n<li><strong>Prozessor<\/strong>: Intel-basierter Mac oder Apple Silicon (M1\/M2)<\/li>\n<li><strong>RAM<\/strong>2 GB Minimum<\/li>\n<li><strong>Lagerung<\/strong>: 1,5 GB verf\u00fcgbarer Festplattenplatz<\/li>\n<li><strong>Betriebssystem<\/strong>macOS 10.12 (Sierra) oder h\u00f6her<\/li>\n<\/ul>\n<h4><strong>Android &amp; iOS<\/strong><\/h4>\n<ul>\n<li><strong>Betriebssystem<\/strong>: Android 6.0 oder h\u00f6her \/ iOS 12.0 oder h\u00f6her<\/li>\n<li><strong>Merkmale verf\u00fcgbar<\/strong>: Antivirus, Anti-Diebstahl, VPN und Schutz der Privatsph\u00e4re<\/li>\n<\/ul>\n<h3><strong>Warum Kaspersky Premium Antivirus w\u00e4hlen?<\/strong><\/h3>\n<p>\ud83d\udd39 <strong>Vollst\u00e4ndige Sicherheit f\u00fcr alle Ger\u00e4te<\/strong> - Abdeckungen <strong>Windows, Mac, Android und iOS<\/strong>.<br \/>\n\ud83d\udd39 <strong>KI-gest\u00fctzter Schutz vor Malware und Ransomware<\/strong> - Ermittelt <strong>Cyber-Bedrohungen sofort<\/strong> mit fortschrittlicher KI-Sicherheit.<br \/>\n\ud83d\udd39 <strong>Verbesserter Datenschutz und Identit\u00e4tsschutz<\/strong> - <strong>VPN, Dark Web \u00dcberwachung und Passwort Manager<\/strong> Pers\u00f6nliche Daten sicher aufbewahren.<br \/>\n\ud83d\udd39 <strong>Intelligente Leistungsoptimierung<\/strong> - Verst\u00e4rkungen <strong>Geschwindigkeit und Effizienz<\/strong> w\u00e4hrend Sie Ihre Ger\u00e4te sichern.<br \/>\n\ud83d\udd39 <strong>Sichere Kinder und elterliche Kontrolle<\/strong> - Gew\u00e4hrleistet <strong>Sicherheit der Familie durch Bildschirm\u00fcberwachung und Online-Filterung<\/strong>.<\/p>\n<p>Upgrade auf <strong>Kaspersky Premium Antivirus<\/strong> heute f\u00fcr <strong>das h\u00f6chste Niveau an Sicherheit, Datenschutz und Leistungsoptimierung<\/strong>! \ud83d\ude80\ud83d\udee1\ufe0f\ud83d\udd12<\/p>","protected":false},"excerpt":{"rendered":"<p>Kaspersky Premium Antivirus \u2013 Ultimate Security &amp; Privacy Protection Description Kaspersky Premium Antivirus is an advanced, all-in-one security solution designed for comprehensive protection, privacy, and performance optimization. It offers real-time antivirus protection, anti-ransomware defense, identity theft prevention, and privacy tools, ensuring a secure and smooth digital experience across Windows, macOS, Android, and iOS devices. With [&hellip;]<\/p>","protected":false},"featured_media":1011,"comment_status":"open","ping_status":"closed","template":"","meta":{"_gspb_post_css":""},"product_brand":[],"product_cat":[76],"product_tag":[77],"class_list":{"0":"post-975","1":"product","2":"type-product","3":"status-publish","4":"has-post-thumbnail","6":"product_cat-antivirus","7":"product_tag-kaspersky","9":"first","10":"instock","11":"shipping-taxable","12":"product-type-external"},"_links":{"self":[{"href":"https:\/\/keysdock.tajnaveza.net\/de\/wp-json\/wp\/v2\/product\/975","targetHints":{"allow":["GET"]}}],"collection":[{"href":"https:\/\/keysdock.tajnaveza.net\/de\/wp-json\/wp\/v2\/product"}],"about":[{"href":"https:\/\/keysdock.tajnaveza.net\/de\/wp-json\/wp\/v2\/types\/product"}],"replies":[{"embeddable":true,"href":"https:\/\/keysdock.tajnaveza.net\/de\/wp-json\/wp\/v2\/comments?post=975"}],"wp:featuredmedia":[{"embeddable":true,"href":"https:\/\/keysdock.tajnaveza.net\/de\/wp-json\/wp\/v2\/media\/1011"}],"wp:attachment":[{"href":"https:\/\/keysdock.tajnaveza.net\/de\/wp-json\/wp\/v2\/media?parent=975"}],"wp:term":[{"taxonomy":"product_brand","embeddable":true,"href":"https:\/\/keysdock.tajnaveza.net\/de\/wp-json\/wp\/v2\/product_brand?post=975"},{"taxonomy":"product_cat","embeddable":true,"href":"https:\/\/keysdock.tajnaveza.net\/de\/wp-json\/wp\/v2\/product_cat?post=975"},{"taxonomy":"product_tag","embeddable":true,"href":"https:\/\/keysdock.tajnaveza.net\/de\/wp-json\/wp\/v2\/product_tag?post=975"}],"curies":[{"name":"wp","href":"https:\/\/api.w.org\/{rel}","templated":true}]}}