{"id":976,"date":"2025-03-15T21:07:43","date_gmt":"2025-03-15T21:07:43","guid":{"rendered":"https:\/\/keysdock.com\/?post_type=product&#038;p=976"},"modified":"2025-10-19T07:31:38","modified_gmt":"2025-10-19T07:31:38","slug":"kaspersky-plus-2025-1-geraet-1-jahr-licenz","status":"publish","type":"product","link":"https:\/\/keysdock.tajnaveza.net\/de\/produkt\/kaspersky-plus-2025-1-geraet-1-jahr-licenz\/","title":{"rendered":"Kaspersky plus 2025 |1 ger\u00e4t - 1 jahr| Licenz Key"},"content":{"rendered":"<p><strong>Kaspersky Plus Antivirus - Erweiterte Sicherheit, Datenschutz und Leistung<\/strong><\/p>\n<h3><strong>Beschreibung<\/strong><\/h3>\n<p>Kaspersky Plus Antivirus ist ein <strong>funktionsreiche Sicherheitssuite<\/strong> konzipiert f\u00fcr die Bereitstellung <strong>Verbesserter Schutz, Datenschutz und Systemoptimierung<\/strong> f\u00fcr <strong>Windows-, macOS-, Android- und iOS-Ger\u00e4te<\/strong>. Es bietet <strong>Echtzeit-Virenschutz, fortschrittliche Anti-Phishing-Tools, ein integriertes VPN und leistungssteigernde Funktionen<\/strong>und gew\u00e4hrleistet eine <strong>sicheres, privates und reibungsloses digitales Erlebnis<\/strong>.<\/p>\n<p>Mit <strong>KI-gesteuerte Malware-Erkennung, sicheres Surfen und Identit\u00e4tsschutz<\/strong>Kaspersky Plus ist perfekt f\u00fcr <strong>Nutzer, die ein H\u00f6chstma\u00df an Cybersicherheit ben\u00f6tigen, ohne ihre Ger\u00e4te zu verlangsamen<\/strong>.<\/p>\n<h3><strong>Wesentliche Merkmale<\/strong><\/h3>\n<p>\u2705 <strong>Schutz vor Bedrohungen in Echtzeit<\/strong> - <strong>Blockiert Viren, Malware, Spyware und Ransomware<\/strong> bevor sie Ihr Ger\u00e4t besch\u00e4digen k\u00f6nnen.<br \/>\n\u2705 <strong>Mehrschichtiger Ransomware-Schutz<\/strong> - Verhindert <strong>Dateiverschl\u00fcsselungsangriffe und Schutz von wichtigen Daten<\/strong>.<br \/>\n\u2705 <strong>KI-gest\u00fctzter Web-Schutz und Anti-Phishing<\/strong> - Erkennt und blockiert <strong>betr\u00fcgerische Websites, Phishing-E-Mails und gef\u00e4lschte Bank-Websites<\/strong>.<br \/>\n\u2705 <strong>Unbegrenztes VPN (sicheres Surfen)<\/strong> - Verschl\u00fcsselt <strong>Internetverkehr<\/strong> f\u00fcr anonyme und <strong>Sicheres Surfen im \u00f6ffentlichen Wi-Fi<\/strong>.<br \/>\n\u2705 <strong>Firewall und Netzwerk\u00fcberwachung<\/strong> - Verhindert <strong>unbefugter Zugriff<\/strong> und <strong>H\u00e4lt Hacker fern<\/strong> Ihres Systems.<br \/>\n\u2705 <strong>Schutz von Webcam und Mikrofon<\/strong> - Haltestellen <strong>Spyware, die heimlich auf Ihre Webcam und Ihr Mikrofon zugreift<\/strong>.<br \/>\n\u2705 <strong>Intelligente Leistungsoptimierung<\/strong> - Reinigt <strong>Junk-Dateien, beschleunigt die Startzeit und verbessert die Ger\u00e4teleistung<\/strong>.<br \/>\n\u2705 <strong>\u00dcberwachung des Dark Web<\/strong> - Scans <strong>das Dark Web f\u00fcr gestohlene pers\u00f6nliche Daten<\/strong> und warnt Sie vor Sicherheitsverst\u00f6\u00dfen.<br \/>\n\u2705 <strong>Sicheres Online-Banking &amp; Einkaufen<\/strong> - <strong>Verschl\u00fcsselt finanzielle Transaktionen<\/strong> und verhindert Betrug.<br \/>\n\u2705 <strong>Passwort-Manager<\/strong> - Sicherlich <strong>speichert, f\u00fcllt automatisch aus und erzeugt sichere Passw\u00f6rter<\/strong>.<br \/>\n\u2705 <strong>Kindersicherung &amp; Safe Kids Modus<\/strong> - Filtern <strong>sch\u00e4dliche Inhalte und Begrenzung der Bildschirmzeit f\u00fcr Kinder<\/strong>.<br \/>\n\u2705 <strong>Schutz von USB-Ger\u00e4ten<\/strong> - Scans <strong>externe Speicherger\u00e4te<\/strong> f\u00fcr Malware und Sicherheitsrisiken.<\/p>\n<h3><strong>Minimale Systemanforderungen<\/strong><\/h3>\n<h4><strong>Windows<\/strong><\/h4>\n<ul>\n<li><strong>Prozessor<\/strong>: 1 GHz oder schneller<\/li>\n<li><strong>RAM<\/strong>2 GB Minimum<\/li>\n<li><strong>Lagerung<\/strong>2 GB verf\u00fcgbarer Festplattenspeicher<\/li>\n<li><strong>Betriebssystem<\/strong>: Windows 11, Windows 10, Windows 8.1, Windows 8, Windows 7 (SP1)<\/li>\n<li><strong>Internetverbindung<\/strong>: Erforderlich f\u00fcr Aktivierung, Updates und Cloud-basierte Sicherheit<\/li>\n<\/ul>\n<h4><strong>macOS<\/strong><\/h4>\n<ul>\n<li><strong>Prozessor<\/strong>: Intel-basierter Mac oder Apple Silicon (M1\/M2)<\/li>\n<li><strong>RAM<\/strong>2 GB Minimum<\/li>\n<li><strong>Lagerung<\/strong>: 1,5 GB verf\u00fcgbarer Festplattenplatz<\/li>\n<li><strong>Betriebssystem<\/strong>macOS 10.12 (Sierra) oder h\u00f6her<\/li>\n<\/ul>\n<h4><strong>Android &amp; iOS<\/strong><\/h4>\n<ul>\n<li><strong>Betriebssystem<\/strong>: Android 6.0 oder h\u00f6her \/ iOS 12.0 oder h\u00f6her<\/li>\n<li><strong>Merkmale verf\u00fcgbar<\/strong>: Antivirus, Anti-Diebstahl, VPN und Schutz der Privatsph\u00e4re<\/li>\n<\/ul>\n<h3><strong>Warum Kaspersky Plus Antivirus w\u00e4hlen?<\/strong><\/h3>\n<p>\ud83d\udd39 <strong>All-in-One Security &amp; Performance Suite<\/strong> - <strong>Kombiniert Antivirus-, VPN- und Optimierungs-Tools<\/strong> in einem Paket.<br \/>\n\ud83d\udd39 <strong>Leistungsstarker KI-gest\u00fctzter Schutz<\/strong> - Detektiert und neutralisiert <strong>Cyber-Bedrohungen in Echtzeit<\/strong>.<br \/>\n\ud83d\udd39 <strong>Datenschutz und Identit\u00e4tsschutz<\/strong> - H\u00e4lt <strong>Pers\u00f6nliche Daten sicher<\/strong> mit <strong>VPN, Anti-Tracking und Passwortverwaltung<\/strong>.<br \/>\n\ud83d\udd39 <strong>Steigert die Leistung von PC und Handy<\/strong> - <strong>Reinigt das System von Unordnung<\/strong> und verbessert <strong>Geschwindigkeit und Effizienz<\/strong>.<br \/>\n\ud83d\udd39 <strong>Sicheres Surfen und sichere Transaktionen<\/strong> - <strong>Sch\u00fctzt Ihre Finanzdaten und verhindert Phishing-Angriffe<\/strong>.<\/p>\n<p>Upgrade auf <strong>Kaspersky Plus Antivirus<\/strong> heute f\u00fcr <strong>Sicherheit, Datenschutz und Systemoptimierung der n\u00e4chsten Stufe<\/strong>! \ud83d\ude80\ud83d\udee1\ufe0f\ud83d\udd12<\/p>","protected":false},"excerpt":{"rendered":"<p>Kaspersky Plus Antivirus \u2013 Advanced Security, Privacy &amp; Performance Description Kaspersky Plus Antivirus is a feature-rich security suite designed to provide enhanced protection, privacy, and system optimization for Windows, macOS, Android, and iOS devices. It offers real-time antivirus protection, advanced anti-phishing tools, a built-in VPN, and performance-boosting features, ensuring a safe, private, and smooth digital [&hellip;]<\/p>","protected":false},"featured_media":1012,"comment_status":"open","ping_status":"closed","template":"","meta":{"_gspb_post_css":""},"product_brand":[],"product_cat":[76],"product_tag":[77],"class_list":{"0":"post-976","1":"product","2":"type-product","3":"status-publish","4":"has-post-thumbnail","6":"product_cat-antivirus","7":"product_tag-kaspersky","9":"first","10":"instock","11":"shipping-taxable","12":"product-type-external"},"_links":{"self":[{"href":"https:\/\/keysdock.tajnaveza.net\/de\/wp-json\/wp\/v2\/product\/976","targetHints":{"allow":["GET"]}}],"collection":[{"href":"https:\/\/keysdock.tajnaveza.net\/de\/wp-json\/wp\/v2\/product"}],"about":[{"href":"https:\/\/keysdock.tajnaveza.net\/de\/wp-json\/wp\/v2\/types\/product"}],"replies":[{"embeddable":true,"href":"https:\/\/keysdock.tajnaveza.net\/de\/wp-json\/wp\/v2\/comments?post=976"}],"wp:featuredmedia":[{"embeddable":true,"href":"https:\/\/keysdock.tajnaveza.net\/de\/wp-json\/wp\/v2\/media\/1012"}],"wp:attachment":[{"href":"https:\/\/keysdock.tajnaveza.net\/de\/wp-json\/wp\/v2\/media?parent=976"}],"wp:term":[{"taxonomy":"product_brand","embeddable":true,"href":"https:\/\/keysdock.tajnaveza.net\/de\/wp-json\/wp\/v2\/product_brand?post=976"},{"taxonomy":"product_cat","embeddable":true,"href":"https:\/\/keysdock.tajnaveza.net\/de\/wp-json\/wp\/v2\/product_cat?post=976"},{"taxonomy":"product_tag","embeddable":true,"href":"https:\/\/keysdock.tajnaveza.net\/de\/wp-json\/wp\/v2\/product_tag?post=976"}],"curies":[{"name":"wp","href":"https:\/\/api.w.org\/{rel}","templated":true}]}}