{"id":977,"date":"2025-03-15T21:07:44","date_gmt":"2025-03-15T21:07:44","guid":{"rendered":"https:\/\/keysdock.com\/?post_type=product&#038;p=977"},"modified":"2025-10-19T07:35:10","modified_gmt":"2025-10-19T07:35:10","slug":"kaspersky-plus-2025-1-geraet-1-jahr-licenz-2","status":"publish","type":"product","link":"https:\/\/keysdock.tajnaveza.net\/de\/produkt\/kaspersky-plus-2025-1-geraet-1-jahr-licenz-2\/","title":{"rendered":"Kaspersky Standard 2025 |1 ger\u00e4t - 1 jahr| Licenz Key"},"content":{"rendered":"<p><strong>Kaufen Sie Kaspersky plus 2025 Lizenzschl\u00fcssel f\u00fcr 1 Ger\u00e4t (1 Jahr) zum besten Preis. plus-Antivirus.<\/strong><\/p>\n<h3><strong>Beschreibung<\/strong><\/h3>\n<p>Kaspersky Standard Antivirus ist ein <strong>leichte und dennoch leistungsstarke Sicherheitsl\u00f6sung<\/strong> konzipiert f\u00fcr die Bereitstellung <strong>wichtiger Schutz<\/strong> gegen <strong>Viren, Malware, Ransomware, Phishing-Angriffe und Online-Bedrohungen<\/strong>. Mit <strong>Echtzeit-Bedrohungserkennung, erweiterte Web-Sicherheit und Tools zur Leistungsoptimierung<\/strong>stellt sie sicher, dass Ihr <strong>Windows- und macOS-Ger\u00e4te bleiben sicher und schnell<\/strong> ohne sie zu verlangsamen.<\/p>\n<p>Kaspersky Standard Antivirus bietet <strong>KI-gest\u00fctzte Sicherheit<\/strong>, <strong>Netzwerkschutz<\/strong>und <strong>Tools zur Verbesserung der Privatsph\u00e4re<\/strong>und ist damit die ideale Wahl f\u00fcr <strong>Heimanwender, Profis und Gamer<\/strong> die eine <strong>effiziente, unkomplizierte Sicherheitsl\u00f6sung<\/strong>.<\/p>\n<h3><strong>Wesentliche Merkmale<\/strong><\/h3>\n<p>\u2705 <strong>Antivirus-Schutz in Echtzeit<\/strong> - Entdeckt und beseitigt <strong>Viren, Malware, Trojaner, Ransomware und Rootkits<\/strong>.<br \/>\n\u2705 <strong>Erweiterte Ransomware-Abwehr<\/strong> - Verhindert <strong>unautorisierte Dateiverschl\u00fcsselung und Ransomware-Angriffe<\/strong>.<br \/>\n\u2705 <strong>Web-Schutz &amp; Anti-Phishing<\/strong> - Bl\u00f6cke <strong>Gef\u00e4lschte Websites, b\u00f6sartige Downloads und Phishing-Versuche<\/strong>.<br \/>\n\u2705 <strong>Netzwerksicherheit &amp; Firewall<\/strong> - Monitore <strong>eingehender und ausgehender Verkehr<\/strong> um Cyber-Bedrohungen zu verhindern.<br \/>\n\u2705 <strong>Optimierte Leistung<\/strong> - L\u00e4ufe <strong>leise im Hintergrund<\/strong>und gew\u00e4hrleistet <strong>minimale Auswirkungen auf die Systemgeschwindigkeit<\/strong>.<br \/>\n\u2705 <strong>Spiel- und Streaming-Modus<\/strong> - Verhindert Unterbrechungen <strong>beim Spielen oder Ansehen von Videos<\/strong>.<br \/>\n\u2705 <strong>Intelligentes Scannen &amp; Auto-Updates<\/strong> - <strong>Automatische Aktualisierungen der Virendatenbank und geplante \u00dcberpr\u00fcfungen<\/strong> Ihr Ger\u00e4t zu sch\u00fctzen.<br \/>\n\u2705 <strong>Sicheres Surfen im Internet<\/strong> - Bl\u00f6cke <strong>b\u00f6sartige Links, Tracker und Adware<\/strong> f\u00fcr ein sichereres Surferlebnis.<br \/>\n\u2705 <strong>Schutz von USB-Ger\u00e4ten<\/strong> - Scans <strong>externe Laufwerke und USBs<\/strong> um Malware-Infektionen zu verhindern.<\/p>\n<h3><strong>Minimale Systemanforderungen<\/strong><\/h3>\n<h4><strong>Windows<\/strong><\/h4>\n<ul>\n<li><strong>Prozessor<\/strong>: 1 GHz oder schneller<\/li>\n<li><strong>RAM<\/strong>2 GB Minimum<\/li>\n<li><strong>Lagerung<\/strong>: 1,5 GB verf\u00fcgbarer Festplattenplatz<\/li>\n<li><strong>Betriebssystem<\/strong>: Windows 11, Windows 10, Windows 8.1, Windows 8, Windows 7 (SP1)<\/li>\n<li><strong>Internetverbindung<\/strong>: Erforderlich f\u00fcr Aktivierung, Updates und Cloud-basierte Sicherheit<\/li>\n<\/ul>\n<h4><strong>macOS<\/strong><\/h4>\n<ul>\n<li><strong>Prozessor<\/strong>: Intel-basierter Mac oder Apple Silicon (M1\/M2)<\/li>\n<li><strong>RAM<\/strong>2 GB Minimum<\/li>\n<li><strong>Lagerung<\/strong>: 1,5 GB verf\u00fcgbarer Festplattenplatz<\/li>\n<li><strong>Betriebssystem<\/strong>macOS 10.12 (Sierra) oder h\u00f6her<\/li>\n<\/ul>\n<h3><strong>Warum Kaspersky Standard Antivirus w\u00e4hlen?<\/strong><\/h3>\n<p>\ud83d\udd39 <strong>Leichte und schnelle Sicherheit<\/strong> - <strong>L\u00e4uft effizient<\/strong> ohne Ihren PC oder Mac zu verlangsamen.<br \/>\n\ud83d\udd39 <strong>Erweiterter Schutz vor Malware und Ransomware<\/strong> - <strong>Blockiert Viren, Spyware und Ransomware-Bedrohungen<\/strong> in Echtzeit.<br \/>\n\ud83d\udd39 <strong>Sicheres Surfen &amp; Phishing-Schutz<\/strong> - Sch\u00fctzt vor <strong>b\u00f6sartige Links und Online-Betrug<\/strong>.<br \/>\n\ud83d\udd39 <strong>Automatische Updates und intelligentes Scannen<\/strong> - <strong>H\u00e4lt die Sicherheit auf dem neuesten Stand<\/strong> mit Echtzeit-Updates.<br \/>\n\ud83d\udd39 <strong>Perfekt f\u00fcr den privaten und professionellen Einsatz<\/strong> - Ideal f\u00fcr <strong>allt\u00e4gliches Surfen, Spielen und Arbeitsaufgaben<\/strong>.<\/p>\n<p>Upgrade auf <strong>Kaspersky Standard Antivirus<\/strong> heute f\u00fcr <strong>schneller, zuverl\u00e4ssiger und leistungsstarker Schutz<\/strong>! \ud83d\ude80\ud83d\udee1\ufe0f\ud83d\udd12<\/p>","protected":false},"excerpt":{"rendered":"<p>Kaspersky Standard Antivirus \u2013 Essential Protection for Your Digital Life Description Kaspersky Standard Antivirus is a lightweight yet powerful security solution designed to provide essential protection against viruses, malware, ransomware, phishing attacks, and online threats. With real-time threat detection, advanced web security, and performance optimization tools, it ensures your Windows and macOS devices remain secure [&hellip;]<\/p>","protected":false},"featured_media":1013,"comment_status":"open","ping_status":"closed","template":"","meta":{"_gspb_post_css":""},"product_brand":[],"product_cat":[76],"product_tag":[77],"class_list":{"0":"post-977","1":"product","2":"type-product","3":"status-publish","4":"has-post-thumbnail","6":"product_cat-antivirus","7":"product_tag-kaspersky","9":"first","10":"instock","11":"shipping-taxable","12":"product-type-external"},"_links":{"self":[{"href":"https:\/\/keysdock.tajnaveza.net\/de\/wp-json\/wp\/v2\/product\/977","targetHints":{"allow":["GET"]}}],"collection":[{"href":"https:\/\/keysdock.tajnaveza.net\/de\/wp-json\/wp\/v2\/product"}],"about":[{"href":"https:\/\/keysdock.tajnaveza.net\/de\/wp-json\/wp\/v2\/types\/product"}],"replies":[{"embeddable":true,"href":"https:\/\/keysdock.tajnaveza.net\/de\/wp-json\/wp\/v2\/comments?post=977"}],"wp:featuredmedia":[{"embeddable":true,"href":"https:\/\/keysdock.tajnaveza.net\/de\/wp-json\/wp\/v2\/media\/1013"}],"wp:attachment":[{"href":"https:\/\/keysdock.tajnaveza.net\/de\/wp-json\/wp\/v2\/media?parent=977"}],"wp:term":[{"taxonomy":"product_brand","embeddable":true,"href":"https:\/\/keysdock.tajnaveza.net\/de\/wp-json\/wp\/v2\/product_brand?post=977"},{"taxonomy":"product_cat","embeddable":true,"href":"https:\/\/keysdock.tajnaveza.net\/de\/wp-json\/wp\/v2\/product_cat?post=977"},{"taxonomy":"product_tag","embeddable":true,"href":"https:\/\/keysdock.tajnaveza.net\/de\/wp-json\/wp\/v2\/product_tag?post=977"}],"curies":[{"name":"wp","href":"https:\/\/api.w.org\/{rel}","templated":true}]}}