{"id":978,"date":"2025-03-15T21:07:44","date_gmt":"2025-03-15T21:07:44","guid":{"rendered":"https:\/\/keysdock.com\/?post_type=product&#038;p=978"},"modified":"2025-10-31T17:20:45","modified_gmt":"2025-10-31T17:20:45","slug":"kaspersky-total-security-antivirus-product-key-activation-1year-1pc","status":"publish","type":"product","link":"https:\/\/keysdock.tajnaveza.net\/de\/produkt\/kaspersky-total-security-antivirus-product-key-activation-1year-1pc\/","title":{"rendered":"Kaspersky Total Security 2025 |1 ger\u00e4t - 1 jahr| Licenz Key"},"content":{"rendered":"<p><strong>Kaufen Sie Kaspersky Total Security 2025 Lizenzschl\u00fcssel f\u00fcr 1 Ger\u00e4t (1 Jahr) zum besten Preis. Rundumschutz.<\/strong><\/p>\n<h3><strong>Beschreibung<\/strong><\/h3>\n<p>Kaspersky Total Security ist ein <strong>All-in-One-Suite f\u00fcr Cybersicherheit<\/strong> konzipiert f\u00fcr die Bereitstellung <strong>Maximaler Schutz, Privatsph\u00e4re und Leistungsoptimierung<\/strong> f\u00fcr <strong>Windows-, macOS-, Android- und iOS-Ger\u00e4te<\/strong>. Es bietet <strong>Echtzeit-Virenschutz, Ransomware-Schutz, sicheres VPN, Passwortverwaltung, Kindersicherung und \u00dcberwachung des Dark Web<\/strong>und gew\u00e4hrleistet <strong>ein sicheres und reibungsloses digitales Erlebnis<\/strong> f\u00fcr Einzelpersonen und Familien.<\/p>\n<p>Mit <strong>mehrschichtige Sicherheit, KI-gest\u00fctzte Bedrohungserkennung und Tools zur Verbesserung der Privatsph\u00e4re<\/strong>Kaspersky Total Security ist ideal f\u00fcr <strong>Benutzer, die einen erstklassigen Schutz vor Cyber-Bedrohungen ben\u00f6tigen, ohne die Systemleistung zu beeintr\u00e4chtigen<\/strong>.<\/p>\n<h3><strong>Wesentliche Merkmale<\/strong><\/h3>\n<p>\u2705 <strong>Echtzeit-Antivirus- und Malware-Schutz<\/strong> - Bl\u00f6cke <strong>Viren, Malware, Spyware, Ransomware und Zero-Day-Angriffe<\/strong>.<br \/>\n\u2705 <strong>Erweiterter Ransomware-Schutz<\/strong> - Verhindert <strong>Dateiverschl\u00fcsselungsangriffe und Schutz sensibler Daten<\/strong>.<br \/>\n\u2705 <strong>KI-gest\u00fctzter Web-Schutz und Anti-Phishing<\/strong> - Erkennt und blockiert <strong>gef\u00e4lschte Websites, Phishing-E-Mails und betr\u00fcgerische Bank-Websites<\/strong>.<br \/>\n\u2705 <strong>Sicheres VPN (Unbegrenzte Daten)<\/strong> - Verschl\u00fcsselt <strong>Internetverkehr<\/strong> f\u00fcr private und <strong>sicheres Surfen im \u00f6ffentlichen Wi-Fi<\/strong>.<br \/>\n\u2705 <strong>Firewall und Netzwerk\u00fcberwachung<\/strong> - Bl\u00f6cke <strong>Einbr\u00fcche, Hacking-Versuche und unbefugter Zugriff<\/strong>.<br \/>\n\u2705 <strong>Schutz von Webcam und Mikrofon<\/strong> - Verhindert <strong>Spyware davon abzuhalten, Ihre Webcam und Ihr Mikrofon zu kapern<\/strong>.<br \/>\n\u2705 <strong>\u00dcberwachung des Dark Web<\/strong> - Scans <strong>das Dark Web f\u00fcr gestohlene pers\u00f6nliche Daten<\/strong> und benachrichtigt Sie bei Verst\u00f6\u00dfen.<br \/>\n\u2705 <strong>Sicheres Online-Banking &amp; Einkaufen<\/strong> - Verschl\u00fcsselt <strong>Finanztransaktionen<\/strong> und verhindert Betrug.<br \/>\n\u2705 <strong>Passwort-Manager<\/strong> - L\u00e4den <strong>sichere Passw\u00f6rter<\/strong> sicher und f\u00fcllt die Anmeldedaten automatisch aus.<br \/>\n\u2705 <strong>Kindersicherung &amp; Safe Kids Modus<\/strong> - Filtern <strong>sch\u00e4dliche Inhalte, verfolgt die Bildschirmzeit und ortet die Ger\u00e4te der Kinder<\/strong>.<br \/>\n\u2705 <strong>Intelligente Systembereinigung und -optimierung<\/strong> - Entfernt <strong>Junk-Dateien, beschleunigt die Startzeit und verbessert die Leistung<\/strong>.<br \/>\n\u2705 <strong>Schutz f\u00fcr USB und externe Ger\u00e4te<\/strong> - Scans <strong>Wechselspeicherger\u00e4te<\/strong> um Malware-Infektionen zu verhindern.<br \/>\n\u2705 <strong>Automatische Software-Aktualisierungen<\/strong> - Gew\u00e4hrleistet <strong>installierte Anwendungen bleiben sicher und auf dem neuesten Stand<\/strong>.<\/p>\n<h3><strong>Minimale Systemanforderungen<\/strong><\/h3>\n<h4><strong>Windows<\/strong><\/h4>\n<ul>\n<li><strong>Prozessor<\/strong>: 1 GHz oder schneller<\/li>\n<li><strong>RAM<\/strong>2 GB Minimum<\/li>\n<li><strong>Lagerung<\/strong>2 GB verf\u00fcgbarer Festplattenspeicher<\/li>\n<li><strong>Betriebssystem<\/strong>: Windows 11, Windows 10, Windows 8.1, Windows 8, Windows 7 (SP1)<\/li>\n<li><strong>Internetverbindung<\/strong>: Erforderlich f\u00fcr Aktivierung, Updates und Cloud-basierte Sicherheit<\/li>\n<\/ul>\n<h4><strong>macOS<\/strong><\/h4>\n<ul>\n<li><strong>Prozessor<\/strong>: Intel-basierter Mac oder Apple Silicon (M1\/M2)<\/li>\n<li><strong>RAM<\/strong>2 GB Minimum<\/li>\n<li><strong>Lagerung<\/strong>: 1,5 GB verf\u00fcgbarer Festplattenplatz<\/li>\n<li><strong>Betriebssystem<\/strong>macOS 10.12 (Sierra) oder h\u00f6her<\/li>\n<\/ul>\n<h4><strong>Android &amp; iOS<\/strong><\/h4>\n<ul>\n<li><strong>Betriebssystem<\/strong>: Android 6.0 oder h\u00f6her \/ iOS 12.0 oder h\u00f6her<\/li>\n<li><strong>Merkmale verf\u00fcgbar<\/strong>: Antivirus, Anti-Diebstahl, VPN und Schutz der Privatsph\u00e4re<\/li>\n<\/ul>\n<h3><strong>Warum Kaspersky Total Security w\u00e4hlen?<\/strong><\/h3>\n<p>\ud83d\udd39 <strong>All-in-One-Sicherheit f\u00fcr jedes Ger\u00e4t<\/strong> - Abdeckungen <strong>Windows, Mac, Android und iOS<\/strong> in einem <strong>einmaliges Abonnement<\/strong>.<br \/>\n\ud83d\udd39 <strong>Maximaler Schutz vor Cybersecurity<\/strong> - Bl\u00f6cke <strong>Viren, Ransomware, Spyware und Phishing-Versuche<\/strong> in Echtzeit.<br \/>\n\ud83d\udd39 <strong>Verbesserter Datenschutz und Identit\u00e4tssicherheit<\/strong> - Enth\u00e4lt <strong>VPN, Anti-Tracking und \u00dcberwachung des Dark Web<\/strong>.<br \/>\n\ud83d\udd39 <strong>Intelligente Leistungsoptimierung<\/strong> - Verbessert <strong>Geschwindigkeit und Systemeffizienz<\/strong> w\u00e4hrend Sie Ihre Ger\u00e4te sichern.<br \/>\n\ud83d\udd39 <strong>Sichere Kinder und elterliche Kontrolle<\/strong> - Bietet <strong>\u00dcberwachung der Bildschirmzeit und Web-Filterung<\/strong> f\u00fcr Kindersicherheit.<\/p>\n<p>Upgrade auf <strong>Kaspersky Total Security<\/strong> heute f\u00fcr <strong>das h\u00f6chste Niveau an Sicherheit, Datenschutz und Leistungsoptimierung<\/strong>! \ud83d\ude80\ud83d\udee1\ufe0f\ud83d\udd12<\/p>","protected":false},"excerpt":{"rendered":"<p>Kaspersky Total Security \u2013 Ultimate Protection for Your Digital Life Description Kaspersky Total Security is an all-in-one cybersecurity suite designed to provide maximum protection, privacy, and performance optimization for Windows, macOS, Android, and iOS devices. It offers real-time antivirus defense, ransomware protection, secure VPN, password management, parental controls, and dark web monitoring, ensuring a safe [&hellip;]<\/p>","protected":false},"featured_media":1014,"comment_status":"open","ping_status":"closed","template":"","meta":{"_gspb_post_css":""},"product_brand":[],"product_cat":[76],"product_tag":[77],"class_list":{"0":"post-978","1":"product","2":"type-product","3":"status-publish","4":"has-post-thumbnail","6":"product_cat-antivirus","7":"product_tag-kaspersky","9":"first","10":"instock","11":"shipping-taxable","12":"product-type-external"},"_links":{"self":[{"href":"https:\/\/keysdock.tajnaveza.net\/de\/wp-json\/wp\/v2\/product\/978","targetHints":{"allow":["GET"]}}],"collection":[{"href":"https:\/\/keysdock.tajnaveza.net\/de\/wp-json\/wp\/v2\/product"}],"about":[{"href":"https:\/\/keysdock.tajnaveza.net\/de\/wp-json\/wp\/v2\/types\/product"}],"replies":[{"embeddable":true,"href":"https:\/\/keysdock.tajnaveza.net\/de\/wp-json\/wp\/v2\/comments?post=978"}],"wp:featuredmedia":[{"embeddable":true,"href":"https:\/\/keysdock.tajnaveza.net\/de\/wp-json\/wp\/v2\/media\/1014"}],"wp:attachment":[{"href":"https:\/\/keysdock.tajnaveza.net\/de\/wp-json\/wp\/v2\/media?parent=978"}],"wp:term":[{"taxonomy":"product_brand","embeddable":true,"href":"https:\/\/keysdock.tajnaveza.net\/de\/wp-json\/wp\/v2\/product_brand?post=978"},{"taxonomy":"product_cat","embeddable":true,"href":"https:\/\/keysdock.tajnaveza.net\/de\/wp-json\/wp\/v2\/product_cat?post=978"},{"taxonomy":"product_tag","embeddable":true,"href":"https:\/\/keysdock.tajnaveza.net\/de\/wp-json\/wp\/v2\/product_tag?post=978"}],"curies":[{"name":"wp","href":"https:\/\/api.w.org\/{rel}","templated":true}]}}