{"id":980,"date":"2025-03-15T21:07:44","date_gmt":"2025-03-15T21:07:44","guid":{"rendered":"https:\/\/keysdock.com\/?post_type=product&#038;p=980"},"modified":"2025-10-19T07:34:36","modified_gmt":"2025-10-19T07:34:36","slug":"eset-internet-security-2025-1-geraet-1-jahr-lizenzschluessel","status":"publish","type":"product","link":"https:\/\/keysdock.tajnaveza.net\/de\/produkt\/eset-internet-security-2025-1-geraet-1-jahr-lizenzschluessel\/","title":{"rendered":"Eset Internet Security 2025 |1 ger\u00e4t - 1 jahr| Licenz Key"},"content":{"rendered":"<p><strong>ESET Internet Security - Erweiterter Schutz f\u00fcr Online-Sicherheit und Datenschutz<\/strong><\/p>\n<h3><strong>Beschreibung<\/strong><\/h3>\n<p>ESET Internet Security ist ein <strong>umfassende Sicherheitssuite<\/strong> konzipiert f\u00fcr <strong>Windows-, macOS- und Android-Benutzer<\/strong> die brauchen <strong>verbesserter Schutz vor Viren, Ransomware, Phishing und Online-Bedrohungen<\/strong>. Sie bietet <strong>Echtzeitschutz, Firewall-Sicherheit, Anti-Phishing-Tools und Webcam-Schutz<\/strong>und gew\u00e4hrleistet eine <strong>sicheres, privates und optimiertes digitales Erlebnis<\/strong>.<\/p>\n<p>Mit <strong>KI-gesteuerte Bedrohungserkennung, Netzwerkschutz und Bankensicherheit<\/strong>ESET Internet Security ist ideal f\u00fcr <strong>Heimanwender, Profis und Gamer<\/strong> die erweiterte Sicherheit ohne Leistungseinbu\u00dfen w\u00fcnschen.<\/p>\n<h3><strong>Wesentliche Merkmale<\/strong><\/h3>\n<p>\u2705 <strong>Echtzeit-Schutz vor Malware und Antivirenprogrammen<\/strong> - Erkennt und blockiert <strong>Viren, Ransomware, Spyware, Rootkits und Trojaner<\/strong> bevor sie Ihr Ger\u00e4t infizieren.<br \/>\n\u2705 <strong>Erweiterter Ransomware-Schutz<\/strong> - Verhindert <strong>unautorisierte Verschl\u00fcsselung von Dateien<\/strong> und stoppt Ransomware-Angriffe.<br \/>\n\u2705 <strong>Firewall und Netzwerkschutz<\/strong> - Bl\u00f6cke <strong>Einbr\u00fcche, Hacking-Versuche und unbefugter Zugriff<\/strong> mit Ihrem PC und Ihrem Wi-Fi-Heimnetzwerk verbinden.<br \/>\n\u2705 <strong>Schutz von Webcam und Mikrofon<\/strong> - Verhindert <strong>Unbefugter Zugriff auf Ihre Kamera und Ihr Mikrofon<\/strong> zum Schutz der Privatsph\u00e4re.<br \/>\n\u2705 <strong>Sicheres Online-Banking &amp; Zahlungsschutz<\/strong> - Verschl\u00fcsselt <strong>Finanztransaktionen und Schutz von Bankwebsites<\/strong> vor Keyloggern und Betr\u00fcgern.<br \/>\n\u2705 <strong>KI-gest\u00fctzter Web-Schutz und Anti-Phishing<\/strong> - Haltestellen <strong>Gef\u00e4lschte Websites, Phishing-E-Mails und betr\u00fcgerische Transaktionen<\/strong>.<br \/>\n\u2705 <strong>Wi-Fi-Sicherheitsscanner<\/strong> - Ermittelt <strong>Schwache Passw\u00f6rter und Sicherheitsl\u00fccken<\/strong> in Ihrem Heimnetzwerk.<br \/>\n\u2705 <strong>Elterliche Kontrolle<\/strong> - Erm\u00f6glicht Ihnen <strong>Einschr\u00e4nkung unangemessener Inhalte, Festlegung von Nutzungsbeschr\u00e4nkungen und \u00dcberwachung von Online-Aktivit\u00e4ten<\/strong>.<br \/>\n\u2705 <strong>Gamer-Modus<\/strong> - <strong>Minimiert die Auswirkungen auf das System und die Benachrichtigungen<\/strong> w\u00e4hrend Spielen oder Vollbildschirmaktivit\u00e4ten.<br \/>\n\u2705 <strong>Exploit-Blocker<\/strong> - Sch\u00fctzt vor <strong>Browser- und Software-Schwachstellen, die von Cyberkriminellen genutzt werden<\/strong>.<br \/>\n\u2705 <strong>Schutz f\u00fcr USB und externe Laufwerke<\/strong> - Scans <strong>USB-Ger\u00e4te und Wechselspeicher<\/strong> f\u00fcr Malware-Bedrohungen.<br \/>\n\u2705 <strong>Minimale Systemauswirkungen und schnelle Leistung<\/strong> - L\u00e4ufe <strong>leise im Hintergrund<\/strong> ohne Ihr System zu verlangsamen.<\/p>\n<h3><strong>Minimale Systemanforderungen<\/strong><\/h3>\n<h4><strong>Windows<\/strong><\/h4>\n<ul>\n<li><strong>Prozessor<\/strong>: 1 GHz oder schneller<\/li>\n<li><strong>RAM<\/strong>2 GB Minimum<\/li>\n<li><strong>Lagerung<\/strong>: 1 GB verf\u00fcgbarer Festplattenplatz<\/li>\n<li><strong>Betriebssystem<\/strong>: Windows 11, Windows 10, Windows 8.1, Windows 8, Windows 7 (SP1)<\/li>\n<li><strong>Internetverbindung<\/strong>: Erforderlich f\u00fcr Aktivierung, Updates und Cloud-basierte Bedrohungserkennung<\/li>\n<\/ul>\n<h4><strong>macOS<\/strong><\/h4>\n<ul>\n<li><strong>Prozessor<\/strong>: Intel-basierter Mac oder Apple Silicon (M1\/M2)<\/li>\n<li><strong>RAM<\/strong>2 GB Minimum<\/li>\n<li><strong>Lagerung<\/strong>: 1,5 GB verf\u00fcgbarer Festplattenplatz<\/li>\n<li><strong>Betriebssystem<\/strong>macOS 10.12 (Sierra) oder h\u00f6her<\/li>\n<\/ul>\n<h4><strong>Android<\/strong><\/h4>\n<ul>\n<li><strong>Betriebssystem<\/strong>: Android 6.0 oder h\u00f6her<\/li>\n<li><strong>Merkmale verf\u00fcgbar<\/strong>: <strong>Antivirus, Anti-Diebstahl, App-Sperre und Web-Schutz<\/strong><\/li>\n<\/ul>\n<h3><strong>Warum ESET Internet Security w\u00e4hlen?<\/strong><\/h3>\n<p>\ud83d\udd39 <strong>Vollst\u00e4ndiger Online-Schutz<\/strong> - <strong>Schutz vor Malware, Phishing und Finanzbetrug<\/strong> in Echtzeit.<br \/>\n\ud83d\udd39 <strong>Erweiterte Datenschutz- und Identit\u00e4tssicherheit<\/strong> - Bl\u00f6cke <strong>Hacking-Versuche, Webcam-Spione und Keylogger<\/strong>.<br \/>\n\ud83d\udd39 <strong>Optimiert f\u00fcr Geschwindigkeit und Leistung<\/strong> - <strong>L\u00e4uft ger\u00e4uschlos mit minimalen Auswirkungen auf das System<\/strong>.<br \/>\n\ud83d\udd39 <strong>Ideal f\u00fcr private und gesch\u00e4ftliche Nutzer<\/strong> - Gew\u00e4hrleistet <strong>sichere Transaktionen, sicheres Surfen und elterliche Kontrolle<\/strong>.<br \/>\n\ud83d\udd39 <strong>Plattform\u00fcbergreifende Sicherheit<\/strong> - <strong>Sch\u00fctzt Windows-, Mac- und Android-Ger\u00e4te<\/strong> in einem einzigen Abonnement.<\/p>\n<p>Upgrade auf <strong>ESET Internet-Sicherheit<\/strong> heute f\u00fcr <strong>erweiterte Cybersicherheit, Schutz der Privatsph\u00e4re und optimierte Leistung<\/strong>! \ud83d\ude80\ud83d\udee1\ufe0f\ud83d\udd12<\/p>","protected":false},"excerpt":{"rendered":"<p>ESET Internet Security \u2013 Advanced Protection for Online Safety &amp; Privacy Description ESET Internet Security is a comprehensive security suite designed for Windows, macOS, and Android users who need enhanced protection against viruses, ransomware, phishing, and online threats. It provides real-time protection, firewall security, anti-phishing tools, and webcam protection, ensuring a safe, private, and optimized [&hellip;]<\/p>","protected":false},"featured_media":1016,"comment_status":"open","ping_status":"closed","template":"","meta":{"_gspb_post_css":""},"product_brand":[],"product_cat":[76],"product_tag":[78],"class_list":{"0":"post-980","1":"product","2":"type-product","3":"status-publish","4":"has-post-thumbnail","6":"product_cat-antivirus","7":"product_tag-eset","9":"first","10":"instock","11":"shipping-taxable","12":"product-type-external"},"_links":{"self":[{"href":"https:\/\/keysdock.tajnaveza.net\/de\/wp-json\/wp\/v2\/product\/980","targetHints":{"allow":["GET"]}}],"collection":[{"href":"https:\/\/keysdock.tajnaveza.net\/de\/wp-json\/wp\/v2\/product"}],"about":[{"href":"https:\/\/keysdock.tajnaveza.net\/de\/wp-json\/wp\/v2\/types\/product"}],"replies":[{"embeddable":true,"href":"https:\/\/keysdock.tajnaveza.net\/de\/wp-json\/wp\/v2\/comments?post=980"}],"wp:featuredmedia":[{"embeddable":true,"href":"https:\/\/keysdock.tajnaveza.net\/de\/wp-json\/wp\/v2\/media\/1016"}],"wp:attachment":[{"href":"https:\/\/keysdock.tajnaveza.net\/de\/wp-json\/wp\/v2\/media?parent=980"}],"wp:term":[{"taxonomy":"product_brand","embeddable":true,"href":"https:\/\/keysdock.tajnaveza.net\/de\/wp-json\/wp\/v2\/product_brand?post=980"},{"taxonomy":"product_cat","embeddable":true,"href":"https:\/\/keysdock.tajnaveza.net\/de\/wp-json\/wp\/v2\/product_cat?post=980"},{"taxonomy":"product_tag","embeddable":true,"href":"https:\/\/keysdock.tajnaveza.net\/de\/wp-json\/wp\/v2\/product_tag?post=980"}],"curies":[{"name":"wp","href":"https:\/\/api.w.org\/{rel}","templated":true}]}}