{"id":981,"date":"2025-03-15T21:07:44","date_gmt":"2025-03-15T21:07:44","guid":{"rendered":"https:\/\/keysdock.com\/?post_type=product&#038;p=981"},"modified":"2025-10-19T07:34:27","modified_gmt":"2025-10-19T07:34:27","slug":"eset-smart-security-premium-2025-1-geraet-1-jahr-lizenzschluessel","status":"publish","type":"product","link":"https:\/\/keysdock.tajnaveza.net\/de\/produkt\/eset-smart-security-premium-2025-1-geraet-1-jahr-lizenzschluessel\/","title":{"rendered":"Eset Smart Security Premium 2025 |1 ger\u00e4t - 1 jahr| Licenz Key"},"content":{"rendered":"<p><strong>Kaufen Sie ESET Smart Security Premium 2025 Lizenzschl\u00fcssel f\u00fcr 1 Ger\u00e4t (1 Jahr) zum besten Preis. Umfassender Rundumschutz.<\/strong><\/p>\n<h3><strong>Beschreibung<\/strong><\/h3>\n<p>ESET Smart Security Premium ist ein <strong>fortschrittliches, mehrschichtiges Sicherheitspaket<\/strong> entwickelt um zu bieten <strong>Vollst\u00e4ndiger Schutz, Datenschutz und Leistungsoptimierung<\/strong> f\u00fcr <strong>Windows-, macOS- und Android-Ger\u00e4te<\/strong>. Es kombiniert <strong>Echtzeit-Virenschutz, erweiterte Firewall, Diebstahlschutz und Passwortverwaltung<\/strong>um sicherzustellen, dass Ihr <strong>Daten, Identit\u00e4t und Online-Aktivit\u00e4ten bleiben vor Cyber-Bedrohungen gesch\u00fctzt<\/strong>.<\/p>\n<p>Mit <strong>KI-gest\u00fctzte Bedrohungserkennung, Bankensicherheit und Schutz vor Ransomware<\/strong>ESET Smart Security Premium ist ideal f\u00fcr <strong>Privatanwender, Fachleute und Unternehmen<\/strong> auf der Suche nach <strong>die beste Cybersicherheit ohne Beeintr\u00e4chtigung der Systemleistung<\/strong>.<\/p>\n<h3><strong>Wesentliche Merkmale<\/strong><\/h3>\n<p>\u2705 <strong>Echtzeit-Antivirus- und Malware-Schutz<\/strong> - Entdeckt und beseitigt <strong>Viren, Spyware, Ransomware und Rootkits<\/strong> bevor sie Ihr System infizieren k\u00f6nnen.<br \/>\n\u2705 <strong>Erweiterter Ransomware-Schutz<\/strong> - Verhindert <strong>unbefugte Verschl\u00fcsselung von pers\u00f6nlichen Dateien<\/strong> und stoppt Ransomware-Angriffe.<br \/>\n\u2705 <strong>Firewall und Netzwerkschutz<\/strong> - Bl\u00f6cke <strong>Einbr\u00fcche, Hacking-Versuche und unbefugter Zugriff<\/strong> auf Ihr Ger\u00e4t und Ihr Heimnetzwerk.<br \/>\n\u2705 <strong>Schutz von Webcam und Mikrofon<\/strong> - Verhindert <strong>Spionageversuche auf Ihrer Kamera und Ihrem Mikrofon<\/strong> zum Schutz der Privatsph\u00e4re.<br \/>\n\u2705 <strong>Sicheres Online-Banking &amp; Zahlungsschutz<\/strong> - Verschl\u00fcsselt <strong>Finanztransaktionen<\/strong> und gew\u00e4hrleistet <strong>sicheres Online-Banking<\/strong>.<br \/>\n\u2705 <strong>KI-gest\u00fctzter Anti-Phishing- und Web-Schutz<\/strong> - Erkennt und blockiert <strong>Gef\u00e4lschte Websites, Phishing-Betrug und betr\u00fcgerische Links<\/strong>.<br \/>\n\u2705 <strong>Wi-Fi-Sicherheitsscanner<\/strong> - Scans <strong>private und \u00f6ffentliche Wi-Fi-Netzwerke<\/strong> f\u00fcr Sicherheitsschwachstellen.<br \/>\n\u2705 <strong>Passwort-Manager<\/strong> - Sicherlich <strong>speichert und f\u00fcllt Passw\u00f6rter automatisch aus<\/strong> f\u00fcr mehr Sicherheit und Komfort.<br \/>\n\u2705 <strong>Elterliche Kontrolle<\/strong> - Erm\u00f6glicht Ihnen <strong>Blockieren unangemessener Inhalte und Festlegen von Zeitlimits f\u00fcr Kinder<\/strong>.<br \/>\n\u2705 <strong>Gamer-Modus und ger\u00e4uschloser Betrieb<\/strong> - Minimiert Benachrichtigungen und Hintergrund-Scans f\u00fcr <strong>ununterbrochenes Spielen oder Streaming<\/strong>.<br \/>\n\u2705 <strong>Exploit-Blocker<\/strong> - Sch\u00fctzt vor <strong>Browser- und Software-Schwachstellen<\/strong> die Hacker ausnutzen.<br \/>\n\u2705 <strong>Schutz f\u00fcr USB und externe Laufwerke<\/strong> - Scans <strong>USB-Ger\u00e4te und externe Speicher<\/strong> um Malware-Infektionen zu verhindern.<br \/>\n\u2705 <strong>Anti-Diebstahl-Merkmale<\/strong> - Gleise <strong>verlorene oder gestohlene Ger\u00e4te<\/strong>und erm\u00f6glicht es Ihnen <strong>aus der Ferne sperren, orten oder l\u00f6schen<\/strong> Ihr Ger\u00e4t.<br \/>\n\u2705 <strong>Minimale Systemauswirkungen und schnelle Leistung<\/strong> - <strong>Optimiert f\u00fcr Geschwindigkeit<\/strong> mit <strong>geringer Ressourcenverbrauch<\/strong>.<\/p>\n<h3><strong>Minimale Systemanforderungen<\/strong><\/h3>\n<h4><strong>Windows<\/strong><\/h4>\n<ul>\n<li><strong>Prozessor<\/strong>: 1 GHz oder schneller<\/li>\n<li><strong>RAM<\/strong>2 GB Minimum<\/li>\n<li><strong>Lagerung<\/strong>: 1 GB verf\u00fcgbarer Festplattenplatz<\/li>\n<li><strong>Betriebssystem<\/strong>: Windows 11, Windows 10, Windows 8.1, Windows 8, Windows 7 (SP1)<\/li>\n<li><strong>Internetverbindung<\/strong>: Erforderlich f\u00fcr Aktivierung, Updates und Cloud-basierte Sicherheit<\/li>\n<\/ul>\n<h4><strong>macOS<\/strong><\/h4>\n<ul>\n<li><strong>Prozessor<\/strong>: Intel-basierter Mac oder Apple Silicon (M1\/M2)<\/li>\n<li><strong>RAM<\/strong>2 GB Minimum<\/li>\n<li><strong>Lagerung<\/strong>: 1,5 GB verf\u00fcgbarer Festplattenplatz<\/li>\n<li><strong>Betriebssystem<\/strong>macOS 10.12 (Sierra) oder h\u00f6her<\/li>\n<\/ul>\n<h4><strong>Android<\/strong><\/h4>\n<ul>\n<li><strong>Betriebssystem<\/strong>: Android 6.0 oder h\u00f6her<\/li>\n<li><strong>Merkmale verf\u00fcgbar<\/strong>: <strong>Antivirus, Anti-Diebstahl, App-Sperre und Web-Schutz<\/strong><\/li>\n<\/ul>\n<h3><strong>Warum ESET Smart Security Premium w\u00e4hlen?<\/strong><\/h3>\n<p>\ud83d\udd39 <strong>Umfassender Schutz vor Cyber-Bedrohungen<\/strong> - Verteidigt gegen <strong>Viren, Ransomware, Phishing und Hacker<\/strong>.<br \/>\n\ud83d\udd39 <strong>Datenschutz und Identit\u00e4tsschutz<\/strong> - H\u00e4lt <strong>Ihre Passw\u00f6rter, Webcam, Mikrofon und Online-Transaktionen sind sicher<\/strong>.<br \/>\n\ud83d\udd39 <strong>Optimiert f\u00fcr Leistung<\/strong> - <strong>L\u00e4uft unauff\u00e4llig im Hintergrund mit minimalen Auswirkungen auf das System<\/strong>.<br \/>\n\ud83d\udd39 <strong>Ideal f\u00fcr den privaten und professionellen Gebrauch<\/strong> - Bietet <strong>sichere Transaktionen, sicheres Surfen und fortschrittliche Tools zur Diebstahlsicherung<\/strong>.<br \/>\n\ud83d\udd39 <strong>Plattform\u00fcbergreifende Sicherheit<\/strong> - Sch\u00fctzt <strong>Windows-, Mac- und Android-Ger\u00e4te<\/strong> in einem einzigen Abonnement.<\/p>\n<p>Upgrade auf <strong>ESET Smart Security Premium<\/strong> heute f\u00fcr <strong>die beste Kombination aus Cybersicherheit, Datenschutz und Systemoptimierung<\/strong>! \ud83d\ude80\ud83d\udee1\ufe0f\ud83d\udd12<\/p>","protected":false},"excerpt":{"rendered":"<p>ESET Smart Security Premium \u2013 Ultimate Protection for Your Digital Life Description ESET Smart Security Premium is an advanced, multi-layered security suite designed to offer complete protection, privacy, and performance optimization for Windows, macOS, and Android devices. It combines real-time antivirus defense, advanced firewall, anti-theft features, and password management, ensuring your data, identity, and online [&hellip;]<\/p>","protected":false},"featured_media":1017,"comment_status":"open","ping_status":"closed","template":"","meta":{"_gspb_post_css":""},"product_brand":[],"product_cat":[76],"product_tag":[78],"class_list":{"0":"post-981","1":"product","2":"type-product","3":"status-publish","4":"has-post-thumbnail","6":"product_cat-antivirus","7":"product_tag-eset","9":"first","10":"instock","11":"shipping-taxable","12":"product-type-external"},"_links":{"self":[{"href":"https:\/\/keysdock.tajnaveza.net\/de\/wp-json\/wp\/v2\/product\/981","targetHints":{"allow":["GET"]}}],"collection":[{"href":"https:\/\/keysdock.tajnaveza.net\/de\/wp-json\/wp\/v2\/product"}],"about":[{"href":"https:\/\/keysdock.tajnaveza.net\/de\/wp-json\/wp\/v2\/types\/product"}],"replies":[{"embeddable":true,"href":"https:\/\/keysdock.tajnaveza.net\/de\/wp-json\/wp\/v2\/comments?post=981"}],"wp:featuredmedia":[{"embeddable":true,"href":"https:\/\/keysdock.tajnaveza.net\/de\/wp-json\/wp\/v2\/media\/1017"}],"wp:attachment":[{"href":"https:\/\/keysdock.tajnaveza.net\/de\/wp-json\/wp\/v2\/media?parent=981"}],"wp:term":[{"taxonomy":"product_brand","embeddable":true,"href":"https:\/\/keysdock.tajnaveza.net\/de\/wp-json\/wp\/v2\/product_brand?post=981"},{"taxonomy":"product_cat","embeddable":true,"href":"https:\/\/keysdock.tajnaveza.net\/de\/wp-json\/wp\/v2\/product_cat?post=981"},{"taxonomy":"product_tag","embeddable":true,"href":"https:\/\/keysdock.tajnaveza.net\/de\/wp-json\/wp\/v2\/product_tag?post=981"}],"curies":[{"name":"wp","href":"https:\/\/api.w.org\/{rel}","templated":true}]}}