{"id":982,"date":"2025-03-15T21:07:44","date_gmt":"2025-03-15T21:07:44","guid":{"rendered":"https:\/\/keysdock.com\/?post_type=product&#038;p=982"},"modified":"2025-10-19T07:34:12","modified_gmt":"2025-10-19T07:34:12","slug":"avast-premium-security-2025-1-geraet-1-jahr-lizenzschluessel","status":"publish","type":"product","link":"https:\/\/keysdock.tajnaveza.net\/de\/produkt\/avast-premium-security-2025-1-geraet-1-jahr-lizenzschluessel\/","title":{"rendered":"Avast Premium Security 2025 |1 ger\u00e4t - 1 jahr| Licenz Key"},"content":{"rendered":"<p><strong>Kaufen Sie Avast Premium Security 2025 Lizenzschl\u00fcssel f\u00fcr 1 Ger\u00e4t (1 Jahr) zum besten Preis. Umfassender Schutz.<\/strong><\/p>\n<h3><strong>Beschreibung<\/strong><\/h3>\n<p>Avast Premium Security ist ein <strong>umfassende Cybersicherheitsl\u00f6sung<\/strong> entwickelt zum Schutz Ihrer <strong>PC, Mac, Android- und iOS-Ger\u00e4te<\/strong> von <strong>Viren, Malware, Ransomware, Phishing-Angriffe und Online-Bedrohungen<\/strong>. Mit <strong>Echtzeitschutz, eine integrierte Firewall, ein Anti-Ransomware-Schutzschild und erweiterte Sicherheitstools<\/strong>, Avast Premium Security gew\u00e4hrleistet <strong>Sicheres Surfen, sicheres Online-Banking und Schutz der Privatsph\u00e4re<\/strong>.<\/p>\n<p>Diese Premium-Version geht \u00fcber den grundlegenden Virenschutz hinaus und bietet <strong>erweiterte Sicherheitsebenen<\/strong> f\u00fcr <strong>sichereres Surfen im Internet, Ger\u00e4tesicherheit und Datenschutzkontrollen<\/strong>.<\/p>\n<h3><strong>Wesentliche Merkmale<\/strong><\/h3>\n<p>\u2705 <strong>Schutz vor Bedrohungen in Echtzeit<\/strong> - Bl\u00f6cke <strong>Viren, Spyware, Malware, Ransomware und Zero-Day-Bedrohungen<\/strong> sofort.<br \/>\n\u2705 <strong>Erweiterter Ransomware-Schutz<\/strong> - Hindert Hacker daran <strong>die Verschl\u00fcsselung Ihrer pers\u00f6nlichen Dateien<\/strong> und fordern L\u00f6segeld.<br \/>\n\u2705 <strong>Web-Schutz &amp; Anti-Phishing<\/strong> - Erkennt und blockiert <strong>Gef\u00e4lschte Websites, Phishing-E-Mails und Online-Betrug<\/strong>.<br \/>\n\u2705 <strong>Zwei-Wege-Firewall<\/strong> - Monitore <strong>eingehender und ausgehender Netzwerkverkehr<\/strong> um unbefugten Zugriff zu verhindern.<br \/>\n\u2705 <strong>Wi-Fi-Sicherheitsscanner<\/strong> - Identifiziert <strong>schwache Netze und potenzielle Sicherheitsl\u00fccken<\/strong>.<br \/>\n\u2705 <strong>Sicheres Online-Banking &amp; Einkaufen<\/strong> - Verschl\u00fcsselt <strong>Finanztransaktionen<\/strong> und sch\u00fctzt vor Bankbetrug.<br \/>\n\u2705 <strong>Erweiterte E-Mail-Sicherheit<\/strong> - Bl\u00f6cke <strong>gef\u00e4hrliche E-Mail-Anh\u00e4nge und Phishing-Versuche<\/strong>.<br \/>\n\u2705 <strong>Schutz von Webcam und Mikrofon<\/strong> - Verhindert <strong>Spyware vor dem Zugriff auf Ihre Webcam und Ihr Mikrofon<\/strong>.<br \/>\n\u2705 <strong>Sicheres VPN (optionales Zusatzmodul)<\/strong> - Bietet <strong>Anonymes Surfen und Verschl\u00fcsselung der Internetverbindung<\/strong>.<br \/>\n\u2705 <strong>Kindersicherung &amp; Privacy Shield<\/strong> - Begrenzt <strong>sch\u00e4dliche Inhalte und verfolgt die Ger\u00e4teaktivit\u00e4ten, um das Surfen sicherer zu machen<\/strong>.<br \/>\n\u2705 <strong>Automatische Software-Aktualisierungen<\/strong> - Ermittelt <strong>veraltete Anwendungen und Sicherheitsschwachstellen<\/strong> in der installierten Software.<br \/>\n\u2705 <strong>Minimale Auswirkungen auf das System<\/strong> - Optimiert f\u00fcr <strong>schnelle Leistung ohne Verlangsamung Ihres Ger\u00e4ts<\/strong>.<\/p>\n<h3><strong>Minimale Systemanforderungen<\/strong><\/h3>\n<h4><strong>Windows<\/strong><\/h4>\n<ul>\n<li><strong>Prozessor<\/strong>: 1 GHz oder schneller<\/li>\n<li><strong>RAM<\/strong>2 GB Minimum<\/li>\n<li><strong>Lagerung<\/strong>2 GB verf\u00fcgbarer Festplattenspeicher<\/li>\n<li><strong>Betriebssystem<\/strong>: Windows 11, Windows 10, Windows 8.1, Windows 8, Windows 7 (SP1)<\/li>\n<li><strong>Internetverbindung<\/strong>: Erforderlich f\u00fcr Aktivierung, Updates und Cloud-basierte Bedrohungserkennung<\/li>\n<\/ul>\n<h4><strong>macOS<\/strong><\/h4>\n<ul>\n<li><strong>Prozessor<\/strong>: Intel-basierter Mac oder Apple Silicon (M1\/M2)<\/li>\n<li><strong>RAM<\/strong>2 GB Minimum<\/li>\n<li><strong>Lagerung<\/strong>: 1 GB verf\u00fcgbarer Festplattenplatz<\/li>\n<li><strong>Betriebssystem<\/strong>macOS 10.10 (Yosemite) oder h\u00f6her<\/li>\n<\/ul>\n<h4><strong>Android &amp; iOS<\/strong><\/h4>\n<ul>\n<li><strong>Betriebssystem<\/strong>: Android 6.0 oder h\u00f6her \/ iOS 12.0 oder h\u00f6her<\/li>\n<li><strong>Merkmale verf\u00fcgbar<\/strong>: Antivirus, Anti-Diebstahl, VPN und Web-Schutz<\/li>\n<\/ul>\n<h3><strong>Warum Avast Premium Security w\u00e4hlen?<\/strong><\/h3>\n<p>\ud83d\udd39 <strong>Vollst\u00e4ndiger Schutz \u00fcber alle Ger\u00e4te hinweg<\/strong> - Unterst\u00fctzt <strong>Windows, Mac, Android und iOS<\/strong>.<br \/>\n\ud83d\udd39 <strong>Erweiterter Ransomware- und Web-Schutz<\/strong> - Haltestellen <strong>Hacker, Phishing-Angriffe und Finanzbetrug<\/strong>.<br \/>\n\ud83d\udd39 <strong>Sichere Online-Transaktionen<\/strong> - Sch\u00fctzt <strong>Bankgesch\u00e4fte und Eink\u00e4ufe<\/strong> vor Cyber-Bedrohungen.<br \/>\n\ud83d\udd39 <strong>Datenschutz &amp; Webcam-Sicherheit<\/strong> - Verhindert <strong>unbefugter Zugriff auf pers\u00f6nliche Daten und Kameras<\/strong>.<br \/>\n\ud83d\udd39 <strong>Kindersicherung &amp; Anti-Diebstahl<\/strong> - Gew\u00e4hrleistet <strong>Sicherheit der Familie durch Online-\u00dcberwachung und Ger\u00e4teverfolgung<\/strong>.<\/p>\n<p>Upgrade auf <strong>Avast Premium Security<\/strong> heute und erleben <strong>Leistungsstarker Schutz f\u00fcr Ihr digitales Leben mit vollem Funktionsumfang<\/strong>! \ud83d\ude80\ud83d\udee1\ufe0f\ud83d\udd12<\/p>","protected":false},"excerpt":{"rendered":"<p>Avast Premium Security \u2013 Ultimate Online Protection for Your Devices Description Avast Premium Security is a comprehensive cybersecurity solution designed to protect your PC, Mac, Android, and iOS devices from viruses, malware, ransomware, phishing attacks, and online threats. With real-time protection, a built-in firewall, anti-ransomware shield, and advanced security tools, Avast Premium Security ensures safe [&hellip;]<\/p>","protected":false},"featured_media":1018,"comment_status":"open","ping_status":"closed","template":"","meta":{"_gspb_post_css":""},"product_brand":[],"product_cat":[76],"product_tag":[79],"class_list":{"0":"post-982","1":"product","2":"type-product","3":"status-publish","4":"has-post-thumbnail","6":"product_cat-antivirus","7":"product_tag-avast","9":"first","10":"instock","11":"shipping-taxable","12":"product-type-external"},"_links":{"self":[{"href":"https:\/\/keysdock.tajnaveza.net\/de\/wp-json\/wp\/v2\/product\/982","targetHints":{"allow":["GET"]}}],"collection":[{"href":"https:\/\/keysdock.tajnaveza.net\/de\/wp-json\/wp\/v2\/product"}],"about":[{"href":"https:\/\/keysdock.tajnaveza.net\/de\/wp-json\/wp\/v2\/types\/product"}],"replies":[{"embeddable":true,"href":"https:\/\/keysdock.tajnaveza.net\/de\/wp-json\/wp\/v2\/comments?post=982"}],"wp:featuredmedia":[{"embeddable":true,"href":"https:\/\/keysdock.tajnaveza.net\/de\/wp-json\/wp\/v2\/media\/1018"}],"wp:attachment":[{"href":"https:\/\/keysdock.tajnaveza.net\/de\/wp-json\/wp\/v2\/media?parent=982"}],"wp:term":[{"taxonomy":"product_brand","embeddable":true,"href":"https:\/\/keysdock.tajnaveza.net\/de\/wp-json\/wp\/v2\/product_brand?post=982"},{"taxonomy":"product_cat","embeddable":true,"href":"https:\/\/keysdock.tajnaveza.net\/de\/wp-json\/wp\/v2\/product_cat?post=982"},{"taxonomy":"product_tag","embeddable":true,"href":"https:\/\/keysdock.tajnaveza.net\/de\/wp-json\/wp\/v2\/product_tag?post=982"}],"curies":[{"name":"wp","href":"https:\/\/api.w.org\/{rel}","templated":true}]}}