{"id":983,"date":"2025-03-15T21:07:44","date_gmt":"2025-03-15T21:07:44","guid":{"rendered":"https:\/\/keysdock.com\/?post_type=product&#038;p=983"},"modified":"2025-10-19T07:33:52","modified_gmt":"2025-10-19T07:33:52","slug":"avast-ultimate-2025-1-geraet-1-jahr-lizenzschluessel","status":"publish","type":"product","link":"https:\/\/keysdock.tajnaveza.net\/de\/produkt\/avast-ultimate-2025-1-geraet-1-jahr-lizenzschluessel\/","title":{"rendered":"Avast Ultimate 2025 |1 ger\u00e4t - 1 jahr| Licenz Key"},"content":{"rendered":"<p><strong>Avast Ultimate - Die All-in-One-Suite f\u00fcr Sicherheit, Leistung und Datenschutz<\/strong><\/p>\n<h3><strong>Beschreibung<\/strong><\/h3>\n<p>Avast Ultimate ist ein <strong>Premium-All-in-One-Sicherheitssuite<\/strong> die Folgendes bietet <strong>umfassender Schutz, Systemoptimierung und Tools zum Schutz der Privatsph\u00e4re<\/strong> f\u00fcr Ihre <strong>Windows-, macOS-, Android- und iOS-Ger\u00e4te<\/strong>. Sie umfasst <strong>Avast Premium Security, Avast Cleanup Premium, Avast SecureLine VPN und Avast AntiTrack<\/strong>und gew\u00e4hrleistet <strong>vollst\u00e4ndige Online-Sicherheit, bessere Ger\u00e4teleistung und verbesserter Datenschutz<\/strong>.<\/p>\n<p>Mit <strong>Echtzeitschutz vor Malware, Ransomware, Phishing-Angriffen und Cyber-Bedrohungen<\/strong>zusammen mit <strong>VPN-Verschl\u00fcsselung und Systemoptimierungstools<\/strong>Avast Ultimate ist das perfekte Paket f\u00fcr <strong>Nutzer, die ein Maximum an Sicherheit, Geschwindigkeit und Online-Datenschutz w\u00fcnschen<\/strong>.<\/p>\n<h3><strong>Enthaltene Produkte<\/strong><\/h3>\n<ul>\n<li><strong>Avast Premium Security<\/strong> - Fortgeschrittene <strong>Antivirus, Firewall, Ransomware-Schutz und Web-Sicherheit<\/strong>.<\/li>\n<li><strong>Avast Cleanup Premium<\/strong> - Optimiert <strong>PC-Leistung, beseitigt Junk-Dateien und erh\u00f6ht die Geschwindigkeit<\/strong>.<\/li>\n<li><strong>Avast SecureLine VPN<\/strong> - Verschl\u00fcsselt den Internetverkehr f\u00fcr <strong>privates und anonymes Surfen<\/strong>.<\/li>\n<li><strong>Avast AntiTrack<\/strong> - Bl\u00f6cke <strong>Online-Tracker, verhindert, dass Werbetreibende ein Profil von Ihnen erstellen, und verbessert die digitale Privatsph\u00e4re<\/strong>.<\/li>\n<\/ul>\n<h3><strong>Wesentliche Merkmale<\/strong><\/h3>\n<p>\u2705 <strong>Vollst\u00e4ndiger Schutz vor Viren und Ransomware<\/strong> - Bl\u00f6cke <strong>Viren, Malware, Spyware und Phishing-Bedrohungen<\/strong>.<br \/>\n\u2705 <strong>Erweiterte Firewall &amp; Web-Sicherheit<\/strong> - <strong>Zwei-Wege-Firewall, Anti-Phishing- und Safe-Browsing-Schutz<\/strong>.<br \/>\n\u2705 <strong>Junk- und Bloatware-Entfernung<\/strong> - <strong>Bereinigt den Cache, doppelte Dateien und unerw\u00fcnschte Anwendungen<\/strong> um Speicherplatz freizugeben.<br \/>\n\u2705 <strong>Automatische Software- und Treiber-Updates<\/strong> - Sichert Ihr <strong>PC bleibt optimiert und sicher<\/strong>.<br \/>\n\u2705 <strong>Schutz von Webcam und Mikrofon<\/strong> - Verhindert <strong>unbefugter Zugriff auf Ihre Webcam und Ihr Mikrofon<\/strong>.<br \/>\n\u2705 <strong>Sicheres VPN (Unbegrenzte Daten)<\/strong> - <strong>Verschl\u00fcsselt Ihre Online-Aktivit\u00e4ten<\/strong> f\u00fcr privates Surfen und sicherere Verbindungen.<br \/>\n\u2705 <strong>Anti-Tracking-Schutz<\/strong> - Bl\u00f6cke <strong>Web-Tracker und Werbenetzwerke von der \u00dcberwachung Ihrer Aktivit\u00e4ten abhalten<\/strong>.<br \/>\n\u2705 <strong>Schnellere PC-Leistung<\/strong> - <strong>Deaktiviert unn\u00f6tige Startprogramme<\/strong> und optimiert die Systemressourcen.<br \/>\n\u2705 <strong>Sicheres Online-Banking &amp; Einkaufen<\/strong> - Sch\u00fctzt <strong>Finanztransaktionen und verhindert Bankbetrug<\/strong>.<br \/>\n\u2705 <strong>Kindersicherung &amp; Anti-Diebstahl-Funktionen<\/strong> - Gew\u00e4hrleistet <strong>Sicherheit der Familie und Schutz der Ger\u00e4te vor Diebstahl<\/strong>.<\/p>\n<h3><strong>Minimale Systemanforderungen<\/strong><\/h3>\n<h4><strong>Windows<\/strong><\/h4>\n<ul>\n<li><strong>Prozessor<\/strong>: 1 GHz oder schneller<\/li>\n<li><strong>RAM<\/strong>2 GB Minimum<\/li>\n<li><strong>Lagerung<\/strong>2 GB verf\u00fcgbarer Festplattenspeicher<\/li>\n<li><strong>Betriebssystem<\/strong>: Windows 11, Windows 10, Windows 8.1, Windows 8, Windows 7 (SP1)<\/li>\n<li><strong>Internetverbindung<\/strong>: Erforderlich f\u00fcr Aktivierung, Updates und Cloud-basierte Bedrohungserkennung<\/li>\n<\/ul>\n<h4><strong>macOS<\/strong><\/h4>\n<ul>\n<li><strong>Prozessor<\/strong>: Intel-basierter Mac oder Apple Silicon (M1\/M2)<\/li>\n<li><strong>RAM<\/strong>2 GB Minimum<\/li>\n<li><strong>Lagerung<\/strong>: 1 GB verf\u00fcgbarer Festplattenplatz<\/li>\n<li><strong>Betriebssystem<\/strong>macOS 10.10 (Yosemite) oder h\u00f6her<\/li>\n<\/ul>\n<h4><strong>Android &amp; iOS<\/strong><\/h4>\n<ul>\n<li><strong>Betriebssystem<\/strong>: Android 6.0 oder h\u00f6her \/ iOS 12.0 oder h\u00f6her<\/li>\n<li><strong>Merkmale verf\u00fcgbar<\/strong>: Antivirus, Anti-Diebstahl, VPN und Web-Schutz<\/li>\n<\/ul>\n<h3><strong>Warum Avast Ultimate w\u00e4hlen?<\/strong><\/h3>\n<p>\ud83d\udd39 <strong>Vollst\u00e4ndiger Schutz \u00fcber alle Ger\u00e4te hinweg<\/strong> - A <strong>Ein einziges Abonnement deckt Windows, Mac, Android und iOS ab<\/strong>.<br \/>\n\ud83d\udd39 <strong>All-in-One Security &amp; Performance Suite<\/strong> - Kombiniert <strong>Antivirus-, Optimierungs-, VPN- und Datenschutz-Tools<\/strong>.<br \/>\n\ud83d\udd39 <strong>Unbegrenzt sicheres VPN<\/strong> - <strong>Anonym bl\u00e4ttern<\/strong> und <strong>sensible Informationen zu sch\u00fctzen<\/strong> mit <strong>Verschl\u00fcsselung nach milit\u00e4rischem Standard<\/strong>.<br \/>\n\ud83d\udd39 <strong>Schneller, sauberer und sicherer PC<\/strong> - Verst\u00e4rkungen <strong>Leistung, entfernt Junk und behebt Systemprobleme<\/strong>.<br \/>\n\ud83d\udd39 <strong>Maximaler Schutz der Privatsph\u00e4re<\/strong> - Bl\u00f6cke <strong>Tracker, Werbung und Cyberkriminelle vom Sammeln pers\u00f6nlicher Daten abzuhalten<\/strong>.<\/p>\n<p>Upgrade auf <strong>Avast Ultimate<\/strong> heute und genie\u00dfen Sie <strong>das h\u00f6chste Ma\u00df an Sicherheit, Datenschutz und Leistung f\u00fcr alle Ihre Ger\u00e4te<\/strong>! \ud83d\ude80\ud83d\udee1\ufe0f\ud83d\udd12<\/p>","protected":false},"excerpt":{"rendered":"<p>Avast Ultimate \u2013 The All-in-One Security, Performance &amp; Privacy Suite Description Avast Ultimate is a premium all-in-one security suite that provides comprehensive protection, system optimization, and privacy tools for your Windows, macOS, Android, and iOS devices. It includes Avast Premium Security, Avast Cleanup Premium, Avast SecureLine VPN, and Avast AntiTrack, ensuring complete online safety, better [&hellip;]<\/p>","protected":false},"featured_media":1019,"comment_status":"open","ping_status":"closed","template":"","meta":{"_gspb_post_css":""},"product_brand":[],"product_cat":[76],"product_tag":[79],"class_list":{"0":"post-983","1":"product","2":"type-product","3":"status-publish","4":"has-post-thumbnail","6":"product_cat-antivirus","7":"product_tag-avast","9":"first","10":"instock","11":"shipping-taxable","12":"product-type-external"},"_links":{"self":[{"href":"https:\/\/keysdock.tajnaveza.net\/de\/wp-json\/wp\/v2\/product\/983","targetHints":{"allow":["GET"]}}],"collection":[{"href":"https:\/\/keysdock.tajnaveza.net\/de\/wp-json\/wp\/v2\/product"}],"about":[{"href":"https:\/\/keysdock.tajnaveza.net\/de\/wp-json\/wp\/v2\/types\/product"}],"replies":[{"embeddable":true,"href":"https:\/\/keysdock.tajnaveza.net\/de\/wp-json\/wp\/v2\/comments?post=983"}],"wp:featuredmedia":[{"embeddable":true,"href":"https:\/\/keysdock.tajnaveza.net\/de\/wp-json\/wp\/v2\/media\/1019"}],"wp:attachment":[{"href":"https:\/\/keysdock.tajnaveza.net\/de\/wp-json\/wp\/v2\/media?parent=983"}],"wp:term":[{"taxonomy":"product_brand","embeddable":true,"href":"https:\/\/keysdock.tajnaveza.net\/de\/wp-json\/wp\/v2\/product_brand?post=983"},{"taxonomy":"product_cat","embeddable":true,"href":"https:\/\/keysdock.tajnaveza.net\/de\/wp-json\/wp\/v2\/product_cat?post=983"},{"taxonomy":"product_tag","embeddable":true,"href":"https:\/\/keysdock.tajnaveza.net\/de\/wp-json\/wp\/v2\/product_tag?post=983"}],"curies":[{"name":"wp","href":"https:\/\/api.w.org\/{rel}","templated":true}]}}