{"id":995,"date":"2025-03-15T21:08:06","date_gmt":"2025-03-15T21:08:06","guid":{"rendered":"https:\/\/keysdock.com\/?post_type=product&#038;p=995"},"modified":"2025-10-19T07:36:20","modified_gmt":"2025-10-19T07:36:20","slug":"avast-driver-updater-2025-1-geraet-1-jahr-lizenzschluessel","status":"publish","type":"product","link":"https:\/\/keysdock.tajnaveza.net\/de\/produkt\/avast-driver-updater-2025-1-geraet-1-jahr-lizenzschluessel\/","title":{"rendered":"Avast Driver Updater 2025 |1 ger\u00e4t - 1 jahr| Licenz Key"},"content":{"rendered":"<p><strong>Kaufen Sie Avast Driver Updater 2025 Lizenzschl\u00fcssel f\u00fcr 1 Ger\u00e4t (1 Jahr) zum besten Preis. Treiber einfach aktualisieren.<\/strong><\/p>\n<h3><strong>Beschreibung<\/strong><\/h3>\n<p>Avast Driver Updater ist ein <strong>automatisiertes Treibermanagement-Tool<\/strong> die Ihr <strong>Hardwarekomponenten und Peripherieger\u00e4te des PCs<\/strong> laufen immer mit dem <strong>neueste und stabilste Treiber<\/strong>. Sie <strong>scannt, aktualisiert und behebt veraltete, defekte oder fehlende Treiber<\/strong>, Verbesserung des Systems <strong>Leistung, Stabilit\u00e4t und Sicherheit<\/strong>.<\/p>\n<p>Mit einem <strong>gro\u00dfe Fahrerdatenbank<\/strong> und <strong>Echtzeit-Updates<\/strong>Avast Driver Updater hilft zu verhindern <strong>Hardwarekonflikte, Systemabst\u00fcrze, Leistungseinbu\u00dfen und Kompatibilit\u00e4tsprobleme<\/strong>. Ob Sie ein Gamer, ein Profi oder ein Gelegenheitsnutzer sind, dieses Tool gew\u00e4hrleistet <strong>optimale Systemeffizienz<\/strong>.<\/p>\n<h3><strong>Wesentliche Merkmale<\/strong><\/h3>\n<p>\u2705 <strong>Automatisches Scannen und Aktualisieren von Treibern<\/strong> - Identifiziert und aktualisiert <strong>\u00fcber 25 Millionen Fahrer<\/strong> f\u00fcr <strong>Grafik, Sound, Netzwerk und Peripherieger\u00e4te<\/strong>.<br \/>\n\u2705 <strong>Reduziert Abst\u00fcrze und Systemfehler<\/strong> - H\u00e4lt die Treiber auf dem neuesten Stand, <strong>Behebung von Problemen, die zu Systemverlangsamungen, BSODs und Instabilit\u00e4t f\u00fchren<\/strong>.<br \/>\n\u2705 <strong>Verbessert die Grafik- und Spielleistung<\/strong> - Aktualisierungen <strong>GPU-Treiber<\/strong> f\u00fcr <strong>bessere FPS, fl\u00fcssigeres Rendering und optimierte Leistung<\/strong>.<br \/>\n\u2705 <strong>Verbessert die Klang- und Audioqualit\u00e4t<\/strong> - Gew\u00e4hrleistet <strong>Klarerer Klang, weniger Audioaussetzer und weniger Verzerrungen<\/strong>.<br \/>\n\u2705 <strong>Verbessert die Stabilit\u00e4t von Netzwerk und Konnektivit\u00e4t<\/strong> - Behebungen <strong>Wi-Fi-, Bluetooth- und Ethernet-Treiberprobleme<\/strong> f\u00fcr ein mehr <strong>stabile Internetverbindung<\/strong>.<br \/>\n\u2705 <strong>Ein-Klick-Update<\/strong> - Aktualisiert alle Treiber mit einer <strong>einfacher Klick<\/strong> der Einfachheit halber.<br \/>\n\u2705 <strong>Treiber sichern und wiederherstellen<\/strong> - Automatisch erstellt <strong>Wiederherstellungspunkte<\/strong> vor der Aktualisierung, so dass Sie <strong>zur\u00fcckrollen<\/strong> falls erforderlich.<br \/>\n\u2705 <strong>Fahrer\u00fcberwachung in Echtzeit<\/strong> - Ermittelt <strong>veraltete Treiber in Echtzeit<\/strong> und benachrichtigt Sie bei Aktualisierungen.<br \/>\n\u2705 <strong>Sichere &amp; WHQL-zertifizierte Treiber<\/strong> - <strong>Gew\u00e4hrleistet, dass nur vertrauensw\u00fcrdige Fahrer<\/strong> installiert sind, um Kompatibilit\u00e4tsprobleme zu vermeiden.<br \/>\n\u2705 <strong>Optimiert f\u00fcr Windows-Leistung<\/strong> - Verhindert <strong>Verlangsamung des Systems, Einfrieren und treiberbedingte Fehler<\/strong>.<\/p>\n<h3><strong>Minimale Systemanforderungen<\/strong><\/h3>\n<ul>\n<li><strong>Prozessor<\/strong>: 1 GHz oder schneller<\/li>\n<li><strong>RAM<\/strong>mindestens 256 MB<\/li>\n<li><strong>Lagerung<\/strong>: 400 MB freier Festplattenspeicher<\/li>\n<li><strong>Betriebssystem<\/strong>: Windows 11, Windows 10, Windows 8.1, Windows 8, Windows 7 (SP1)<\/li>\n<li><strong>Internetverbindung<\/strong>: Erforderlich f\u00fcr Treiber-Updates und Scans<\/li>\n<\/ul>\n<h3><strong>Warum Avast Driver Updater w\u00e4hlen?<\/strong><\/h3>\n<p>\ud83d\udd39 <strong>Automatisierte Fahrerwartung<\/strong> - <strong>Scannt, aktualisiert und repariert Treiber m\u00fchelos<\/strong>.<br \/>\n\ud83d\udd39 <strong>Verbessert Leistung und Stabilit\u00e4t<\/strong> - Verhindert <strong>PC-Abst\u00fcrze, Verlangsamungen und Hardware-Fehlfunktionen<\/strong>.<br \/>\n\ud83d\udd39 <strong>Bessere Spiele und Grafiken<\/strong> - Aktualisierungen <strong>GPU-Treiber<\/strong> f\u00fcr <strong>fl\u00fcssigeres Gameplay und hochwertiges Bildmaterial<\/strong>.<br \/>\n\ud83d\udd39 <strong>Updates und Rollbacks mit einem Klick<\/strong> - Leicht <strong>fr\u00fchere Versionen wiederherstellen<\/strong> falls erforderlich.<br \/>\n\ud83d\udd39 <strong>Sichere und gepr\u00fcfte Fahrer<\/strong> - Nur Downloads <strong>offizielle, WHQL-zertifizierte Treiber<\/strong>.<\/p>\n<p>Upgrade auf <strong>Avast Driver Updater<\/strong> heute und <strong>erleben Sie einen schnelleren, stabileren und leistungsf\u00e4higeren PC<\/strong>! \ud83d\ude80\ud83d\udd27\ud83d\udcbb<\/p>","protected":false},"excerpt":{"rendered":"<p>Avast Driver Updater \u2013 Keep Your PC Running Smoothly with Updated Drivers Description Avast Driver Updater is an automated driver management tool that ensures your PC&#8217;s hardware components and peripherals are always running with the latest and most stable drivers. It scans, updates, and fixes outdated, broken, or missing drivers, enhancing system performance, stability, and [&hellip;]<\/p>","protected":false},"featured_media":1021,"comment_status":"open","ping_status":"closed","template":"","meta":{"_gspb_post_css":""},"product_brand":[],"product_cat":[76],"product_tag":[79],"class_list":{"0":"post-995","1":"product","2":"type-product","3":"status-publish","4":"has-post-thumbnail","6":"product_cat-antivirus","7":"product_tag-avast","9":"first","10":"instock","11":"shipping-taxable","12":"product-type-external"},"_links":{"self":[{"href":"https:\/\/keysdock.tajnaveza.net\/de\/wp-json\/wp\/v2\/product\/995","targetHints":{"allow":["GET"]}}],"collection":[{"href":"https:\/\/keysdock.tajnaveza.net\/de\/wp-json\/wp\/v2\/product"}],"about":[{"href":"https:\/\/keysdock.tajnaveza.net\/de\/wp-json\/wp\/v2\/types\/product"}],"replies":[{"embeddable":true,"href":"https:\/\/keysdock.tajnaveza.net\/de\/wp-json\/wp\/v2\/comments?post=995"}],"wp:featuredmedia":[{"embeddable":true,"href":"https:\/\/keysdock.tajnaveza.net\/de\/wp-json\/wp\/v2\/media\/1021"}],"wp:attachment":[{"href":"https:\/\/keysdock.tajnaveza.net\/de\/wp-json\/wp\/v2\/media?parent=995"}],"wp:term":[{"taxonomy":"product_brand","embeddable":true,"href":"https:\/\/keysdock.tajnaveza.net\/de\/wp-json\/wp\/v2\/product_brand?post=995"},{"taxonomy":"product_cat","embeddable":true,"href":"https:\/\/keysdock.tajnaveza.net\/de\/wp-json\/wp\/v2\/product_cat?post=995"},{"taxonomy":"product_tag","embeddable":true,"href":"https:\/\/keysdock.tajnaveza.net\/de\/wp-json\/wp\/v2\/product_tag?post=995"}],"curies":[{"name":"wp","href":"https:\/\/api.w.org\/{rel}","templated":true}]}}