{"id":997,"date":"2025-03-15T21:08:06","date_gmt":"2025-03-15T21:08:06","guid":{"rendered":"https:\/\/keysdock.com\/?post_type=product&#038;p=997"},"modified":"2025-10-19T07:35:54","modified_gmt":"2025-10-19T07:35:54","slug":"bitdefender-total-security-2025-5-geraete-1-jahr-lizenzschluessel","status":"publish","type":"product","link":"https:\/\/keysdock.tajnaveza.net\/de\/produkt\/bitdefender-total-security-2025-5-geraete-1-jahr-lizenzschluessel\/","title":{"rendered":"BitDefender Total Security 2025 |5 Ger\u00e4te - 1 jahr| Licenz Key"},"content":{"rendered":"<p><strong>Kaufen Sie BitDefender Total Security 2025 Lizenzschl\u00fcssel f\u00fcr 5 Ger\u00e4te (1 Jahr) zum besten Preis. Rundumschutz.<\/strong><\/p>\n<h3><strong>Beschreibung<\/strong><\/h3>\n<p>Bitdefender Total Security ist ein <strong>fortschrittliche, mehrschichtige Cybersicherheitsl\u00f6sung<\/strong> konzipiert f\u00fcr <strong>Schutz Ihrer Ger\u00e4te vor Viren, Malware, Ransomware, Phishing und Online-Bedrohungen<\/strong>. Mit <strong>plattform\u00fcbergreifende Unterst\u00fctzung<\/strong>sichert sie <strong>Windows, macOS, Android und iOS<\/strong> Ger\u00e4te, die sicherstellen <strong>Vollst\u00e4ndiger Datenschutz, Identit\u00e4tsschutz und Leistungsoptimierung<\/strong>.<\/p>\n<p>Ausgestattet mit <strong>KI-gest\u00fctzte Bedrohungserkennung, Sicherheit in Echtzeit und ein integriertes VPN<\/strong>Bitdefender Total Security liefert <strong>Cybersicherheit auf h\u00f6chstem Niveau ohne Kompromisse bei Geschwindigkeit und Benutzerfreundlichkeit<\/strong>.<\/p>\n<h3><strong>Wesentliche Merkmale<\/strong><\/h3>\n<p>\u2705 <strong>Mehrschichtiger Schutz<\/strong> - AI-gesteuerte Erkennungsbl\u00f6cke <strong>Malware, Ransomware, Spyware und Rootkits<\/strong> bevor sie Ihr Ger\u00e4t infizieren k\u00f6nnen.<br \/>\n\u2705 <strong>Plattform\u00fcbergreifende Sicherheit<\/strong> - Arbeitet an <strong>Windows, macOS, Android und iOS<\/strong>und bietet umfassenden Schutz f\u00fcr alle Ger\u00e4te.<br \/>\n\u2705 <strong>Erweiterter Ransomware-Schutz<\/strong> - Verhindert <strong>unautorisierte Verschl\u00fcsselung von Dateien<\/strong> mit Echtzeit-Verhaltens\u00fcberwachung.<br \/>\n\u2705 <strong>Web-Schutz &amp; Anti-Phishing<\/strong> - Bl\u00f6cke <strong>gef\u00e4hrliche Websites, Betr\u00fcgereien und betr\u00fcgerische Bankseiten<\/strong>.<br \/>\n\u2705 <strong>Integriertes VPN (200MB\/Tag)<\/strong> - <strong>Verschl\u00fcsselt den Internetverkehr<\/strong> f\u00fcr anonymes und sicheres Surfen.<br \/>\n\u2705 <strong>Elterliche Kontrolle<\/strong> - \u00dcberwachen und begrenzen Sie die Bildschirmzeit, verfolgen Sie die Online-Aktivit\u00e4ten Ihres Kindes und filtern Sie ungeeignete Inhalte.<br \/>\n\u2705 <strong>Anti-Diebstahl &amp; Ger\u00e4teverfolgung<\/strong> - Verloren gegangene oder gestohlene Ger\u00e4te lokalisieren, sperren oder aus der Ferne l\u00f6schen.<br \/>\n\u2705 <strong>Firewall und Netzwerkschutz<\/strong> - Verhindert den unbefugten Zugriff auf Ihr System und sichert \u00f6ffentliche Wi-Fi-Verbindungen.<br \/>\n\u2705 <strong>Schutz von Webcam und Mikrofon<\/strong> - Bl\u00f6cke <strong>unbefugter Zugriff<\/strong> f\u00fcr Ihre Kamera und Ihr Mikrofon, um Ihre Privatsph\u00e4re zu sch\u00fctzen.<br \/>\n\u2705 <strong>Autopilot-Modus<\/strong> - KI-gesteuert <strong>automatische Erkennung und Beseitigung von Bedrohungen<\/strong> ohne Benutzereingriff.<br \/>\n\u2705 <strong>Minimale Auswirkungen auf das System<\/strong> - Optimiert f\u00fcr Geschwindigkeit und Leistung, um einen reibungslosen Ger\u00e4tebetrieb zu gew\u00e4hrleisten.<br \/>\n\u2705 <strong>Passwort-Manager<\/strong> - Sichere Speicherung und automatisches Ausf\u00fcllen von Anmeldedaten f\u00fcr Online-Konten.<\/p>\n<h3><strong>Minimale Systemanforderungen<\/strong><\/h3>\n<h4><strong>Windows<\/strong><\/h4>\n<ul>\n<li><strong>Prozessor<\/strong>: Dual-Core 1,6 GHz oder schneller<\/li>\n<li><strong>RAM<\/strong>2 GB Minimum<\/li>\n<li><strong>Lagerung<\/strong>2,5 GB freier Festplattenspeicher<\/li>\n<li><strong>Betriebssystem<\/strong>: Windows 11, Windows 10, Windows 8.1, Windows 7 (SP1)<\/li>\n<li><strong>Internetverbindung<\/strong>: Erforderlich f\u00fcr Aktivierung und Updates<\/li>\n<\/ul>\n<h4><strong>macOS<\/strong><\/h4>\n<ul>\n<li><strong>Prozessor<\/strong>: Intel-basierter Mac oder Apple Silicon (M1\/M2)<\/li>\n<li><strong>RAM<\/strong>2 GB Minimum<\/li>\n<li><strong>Lagerung<\/strong>: 1 GB verf\u00fcgbarer Festplattenplatz<\/li>\n<li><strong>Betriebssystem<\/strong>macOS 10.10 (Yosemite) oder h\u00f6her<\/li>\n<\/ul>\n<h4><strong>Android<\/strong><\/h4>\n<ul>\n<li><strong>Betriebssystem<\/strong>: Android 5.0 oder h\u00f6her<\/li>\n<li><strong>Internetverbindung<\/strong>: Erforderlich f\u00fcr die Aktivierung und den Echtzeitschutz<\/li>\n<\/ul>\n<h4><strong>iOS (eingeschr\u00e4nkte Funktionen)<\/strong><\/h4>\n<ul>\n<li><strong>Betriebssystem<\/strong>iOS 12.0 oder h\u00f6her<\/li>\n<li><strong>Merkmale verf\u00fcgbar<\/strong>: Web-Schutz, Diebstahlschutz, VPN und \u00dcberwachung der Kontodaten<\/li>\n<\/ul>\n<h3><strong>Warum Bitdefender Total Security w\u00e4hlen?<\/strong><\/h3>\n<p>\ud83d\udd39 <strong>All-in-One-Schutz<\/strong> - Sicher <strong>PCs, Macs, Smartphones und Tablets<\/strong> mit einem Abonnement.<br \/>\n\ud83d\udd39 <strong>KI-gest\u00fctzte Sicherheit<\/strong> - Schutz in Echtzeit mit <strong>Erkennung verhaltensbedingter Bedrohungen<\/strong>.<br \/>\n\ud83d\udd39 <strong>Datenschutz und Online-Sicherheit<\/strong> - <strong>VPN-, Webcam- und Mikrofonschutz<\/strong> f\u00fcr absolute Privatsph\u00e4re.<br \/>\n\ud83d\udd39 <strong>Kindersicherung &amp; Anti-Diebstahl<\/strong> - Bewahren Sie Ihre Kinder und Ger\u00e4te <strong>sicher vor Online-Gefahren<\/strong>.<br \/>\n\ud83d\udd39 <strong>Minimale Auswirkungen auf das System<\/strong> - <strong>Optimiert f\u00fcr Geschwindigkeit<\/strong> ohne Ihre Ger\u00e4te zu verlangsamen.<\/p>\n<p>Upgrade auf <strong>Bitdefender Total Security<\/strong> heute f\u00fcr <strong>Vollst\u00e4ndiger digitaler Schutz und Schutz der Privatsph\u00e4re auf all Ihren Ger\u00e4ten<\/strong>! \ud83d\ude80\ud83d\udee1\ufe0f\ud83d\udd12<\/p>","protected":false},"excerpt":{"rendered":"<p>Bitdefender Total Security \u2013 All-in-One Protection for Your Digital Life Description Bitdefender Total Security is an advanced, multi-layered cybersecurity solution designed to protect your devices from viruses, malware, ransomware, phishing, and online threats. With cross-platform support, it secures Windows, macOS, Android, and iOS devices, ensuring complete privacy, identity protection, and performance optimization. Equipped with AI-powered [&hellip;]<\/p>","protected":false},"featured_media":1023,"comment_status":"open","ping_status":"closed","template":"","meta":{"_gspb_post_css":""},"product_brand":[],"product_cat":[76],"product_tag":[80],"class_list":{"0":"post-997","1":"product","2":"type-product","3":"status-publish","4":"has-post-thumbnail","6":"product_cat-antivirus","7":"product_tag-bitdefender","9":"first","10":"instock","11":"shipping-taxable","12":"product-type-external"},"_links":{"self":[{"href":"https:\/\/keysdock.tajnaveza.net\/de\/wp-json\/wp\/v2\/product\/997","targetHints":{"allow":["GET"]}}],"collection":[{"href":"https:\/\/keysdock.tajnaveza.net\/de\/wp-json\/wp\/v2\/product"}],"about":[{"href":"https:\/\/keysdock.tajnaveza.net\/de\/wp-json\/wp\/v2\/types\/product"}],"replies":[{"embeddable":true,"href":"https:\/\/keysdock.tajnaveza.net\/de\/wp-json\/wp\/v2\/comments?post=997"}],"wp:featuredmedia":[{"embeddable":true,"href":"https:\/\/keysdock.tajnaveza.net\/de\/wp-json\/wp\/v2\/media\/1023"}],"wp:attachment":[{"href":"https:\/\/keysdock.tajnaveza.net\/de\/wp-json\/wp\/v2\/media?parent=997"}],"wp:term":[{"taxonomy":"product_brand","embeddable":true,"href":"https:\/\/keysdock.tajnaveza.net\/de\/wp-json\/wp\/v2\/product_brand?post=997"},{"taxonomy":"product_cat","embeddable":true,"href":"https:\/\/keysdock.tajnaveza.net\/de\/wp-json\/wp\/v2\/product_cat?post=997"},{"taxonomy":"product_tag","embeddable":true,"href":"https:\/\/keysdock.tajnaveza.net\/de\/wp-json\/wp\/v2\/product_tag?post=997"}],"curies":[{"name":"wp","href":"https:\/\/api.w.org\/{rel}","templated":true}]}}