{"id":998,"date":"2025-03-15T21:08:06","date_gmt":"2025-03-15T21:08:06","guid":{"rendered":"https:\/\/keysdock.com\/?post_type=product&#038;p=998"},"modified":"2026-02-16T05:49:37","modified_gmt":"2026-02-16T05:49:37","slug":"bitdefender-antivirus-plus-2025-1-geraet-1-jahr-lizenzschluessel","status":"publish","type":"product","link":"https:\/\/keysdock.tajnaveza.net\/de\/produkt\/bitdefender-antivirus-plus-2025-1-geraet-1-jahr-lizenzschluessel\/","title":{"rendered":"BitDefender Antivirus Plus 2025 |1 ger\u00e4t - 1 jahr| Licenz Key"},"content":{"rendered":"<p><strong>Kaufen Sie BitDefender Antivirus Plus 2025 Lizenzschl\u00fcssel f\u00fcr 1 Ger\u00e4t (1 Jahr) zum besten Preis. Grundschutz.<\/strong><\/p>\n<h3><strong>Beschreibung<\/strong><\/h3>\n<p>Bitdefender Antivirus Plus ist ein <strong>leichte, leistungsstarke und KI-gesteuerte Sicherheitsl\u00f6sung<\/strong> konzipiert f\u00fcr <strong>Windows-Benutzer<\/strong> die brauchen <strong>Echtzeitschutz vor Viren, Malware, Ransomware, Phishing und Online-Bedrohungen<\/strong>. Es bietet <strong>erweiterte Cybersicherheitsfunktionen<\/strong>einschlie\u00dflich <strong>mehrschichtiger Ransomware-Schutz, ein sicheres VPN und Anti-Phishing-Tools<\/strong>und das alles bei gleichzeitiger Gew\u00e4hrleistung <strong>minimale Auswirkungen auf die Systemleistung<\/strong>.<\/p>\n<p>Mit <strong>automatische Erkennung von Bedrohungen und verbesserte Web-Sicherheit<\/strong>Bitdefender Antivirus Plus ist perfekt f\u00fcr <strong>normale Benutzer<\/strong> die eine <strong>schnell, sicher und sorgenfrei<\/strong> Erfahrung im Umgang mit Computern.<\/p>\n<h3><strong>Wesentliche Merkmale<\/strong><\/h3>\n<p>\u2705 <strong>Erkennung von Bedrohungen in Echtzeit<\/strong> - Bl\u00f6cke <strong>Viren, Trojaner, Spyware und fortgeschrittene Malware<\/strong> bevor sie Ihr System infizieren k\u00f6nnen.<br \/>\n\u2705 <strong>Erweiterter Ransomware-Schutz<\/strong> - Mehrschichtiger Schutz verhindert <strong>Dateiverschl\u00fcsselung und Ransomware-Angriffe<\/strong>.<br \/>\n\u2705 <strong>Web-Schutz &amp; Anti-Phishing<\/strong> - Bl\u00f6cke <strong>Gef\u00e4lschte Bankseiten, Phishing-Betrug und Online-Betrug<\/strong>.<br \/>\n\u2705 <strong>Bitdefender VPN (200MB\/Tag)<\/strong> - Verschl\u00fcsselt Ihren Internetverkehr f\u00fcr <strong>sicheres und privates Surfen<\/strong>.<br \/>\n\u2705 <strong>Anti-Tracker<\/strong> - Verhindert, dass Websites Ihr Surfverhalten verfolgen und pers\u00f6nliche Daten sammeln.<br \/>\n\u2705 <strong>Sicherheit beim Online-Banking (Safepay\u2122)<\/strong> - Sch\u00fctzt <strong>Finanztransaktionen und Online-Shopping<\/strong> vor Cyber-Bedrohungen.<br \/>\n\u2705 <strong>Rettungsmodus<\/strong> - Eliminiert <strong>hartn\u00e4ckige Malware, Rootkits und Bootsektor-Infektionen<\/strong> indem Sie vor dem Systemstart einen sicheren Scan durchf\u00fchren.<br \/>\n\u2705 <strong>Autopilot und KI-gest\u00fctzte Sicherheit<\/strong> - Automatisch <strong>detektiert und neutralisiert<\/strong> Sicherheitsbedrohungen ohne manuelles Eingreifen.<br \/>\n\u2705 <strong>Minimale Auswirkungen auf das System<\/strong> - <strong>Optimiert f\u00fcr Geschwindigkeit und Leistung<\/strong>und sorgt daf\u00fcr, dass es bei Spielen oder Multitasking nicht zu Verlangsamungen kommt.<br \/>\n\u2705 <strong>Mehrschichtige Malware-Abwehr<\/strong> - Verwendungen <strong>Heuristische Analyse, Cloud-basiertes Scannen und Verhaltenserkennung<\/strong> um Zero-Day-Bedrohungen zu stoppen.<br \/>\n\u2705 <strong>Passwort-Manager<\/strong> - Sicheres Speichern und automatisches Ausf\u00fcllen <strong>Anmeldeinformationen<\/strong> f\u00fcr alle Ihre Konten.<br \/>\n\u2705 <strong>Schwachstellen-Scanner<\/strong> - Ermittelt <strong>veraltete Software, schwache Passw\u00f6rter und Systemschwachstellen<\/strong> bevor sie zu einem Sicherheitsrisiko werden.<\/p>\n<h3><strong>Minimale Systemanforderungen<\/strong><\/h3>\n<ul>\n<li><strong>Prozessor<\/strong>: Dual-Core 1,6 GHz oder schneller<\/li>\n<li><strong>RAM<\/strong>2 GB Minimum<\/li>\n<li><strong>Lagerung<\/strong>2,5 GB verf\u00fcgbarer Festplattenspeicher<\/li>\n<li><strong>Betriebssystem<\/strong>: Windows 11, Windows 10, Windows 8.1, Windows 7 (SP1)<\/li>\n<li><strong>Internetverbindung<\/strong>: Erforderlich f\u00fcr Aktivierung, Updates und Cloud-basiertes Scannen<\/li>\n<\/ul>\n<h3><strong>Warum Bitdefender Antivirus Plus w\u00e4hlen?<\/strong><\/h3>\n<p>\ud83d\udd39 <strong>Unverzichtbarer Schutz f\u00fcr Windows<\/strong> - Verteidigt gegen <strong>Viren, Spyware, Ransomware und Online-Bedrohungen<\/strong>.<br \/>\n\ud83d\udd39 <strong>Ultra-schnelle Leistung<\/strong> - <strong>Leichtgewichtige Sicherheits-Engine<\/strong> die Ihren PC nicht verlangsamen.<br \/>\n\ud83d\udd39 <strong>Sichere Online-Transaktionen<\/strong> - <strong>Safepay\u2122 und Anti-Phishing<\/strong> Tools zum Schutz von Bank- und Einkaufssitzungen.<br \/>\n\ud83d\udd39 <strong>VPN f\u00fcr sicheres Surfen<\/strong> - Bl\u00e4ttern <strong>Anonym<\/strong> mit <strong>Bitdefender VPN (200MB\/Tag inklusive)<\/strong>.<br \/>\n\ud83d\udd39 <strong>Sicherheit zum Einstellen und Vergessen<\/strong> - <strong>Autopilot-Modus automatisch<\/strong> optimiert die Sicherheitseinstellungen f\u00fcr m\u00fchelosen Schutz.<\/p>\n<p>Upgrade auf <strong>Bitdefender Antivirus Plus<\/strong> heute und <strong>erleben Sie schnellen, intelligenten und zuverl\u00e4ssigen Schutz f\u00fcr Ihren Windows-PC<\/strong>! \ud83d\ude80\ud83d\udee1\ufe0f\ud83d\udd12<\/p>","protected":false},"excerpt":{"rendered":"<p>Bitdefender Antivirus Plus \u2013 Essential Protection for Windows PCs Description Bitdefender Antivirus Plus is a lightweight, powerful, and AI-driven security solution designed for Windows users who need real-time protection against viruses, malware, ransomware, phishing, and online threats. It offers advanced cybersecurity features, including multi-layered ransomware protection, a secure VPN, and anti-phishing tools, all while ensuring [&hellip;]<\/p>","protected":false},"featured_media":1024,"comment_status":"open","ping_status":"closed","template":"","meta":{"_gspb_post_css":""},"product_brand":[],"product_cat":[76],"product_tag":[80],"class_list":{"0":"post-998","1":"product","2":"type-product","3":"status-publish","4":"has-post-thumbnail","6":"product_cat-antivirus","7":"product_tag-bitdefender","9":"first","10":"instock","11":"shipping-taxable","12":"product-type-external"},"_links":{"self":[{"href":"https:\/\/keysdock.tajnaveza.net\/de\/wp-json\/wp\/v2\/product\/998","targetHints":{"allow":["GET"]}}],"collection":[{"href":"https:\/\/keysdock.tajnaveza.net\/de\/wp-json\/wp\/v2\/product"}],"about":[{"href":"https:\/\/keysdock.tajnaveza.net\/de\/wp-json\/wp\/v2\/types\/product"}],"replies":[{"embeddable":true,"href":"https:\/\/keysdock.tajnaveza.net\/de\/wp-json\/wp\/v2\/comments?post=998"}],"wp:featuredmedia":[{"embeddable":true,"href":"https:\/\/keysdock.tajnaveza.net\/de\/wp-json\/wp\/v2\/media\/1024"}],"wp:attachment":[{"href":"https:\/\/keysdock.tajnaveza.net\/de\/wp-json\/wp\/v2\/media?parent=998"}],"wp:term":[{"taxonomy":"product_brand","embeddable":true,"href":"https:\/\/keysdock.tajnaveza.net\/de\/wp-json\/wp\/v2\/product_brand?post=998"},{"taxonomy":"product_cat","embeddable":true,"href":"https:\/\/keysdock.tajnaveza.net\/de\/wp-json\/wp\/v2\/product_cat?post=998"},{"taxonomy":"product_tag","embeddable":true,"href":"https:\/\/keysdock.tajnaveza.net\/de\/wp-json\/wp\/v2\/product_tag?post=998"}],"curies":[{"name":"wp","href":"https:\/\/api.w.org\/{rel}","templated":true}]}}