{"id":999,"date":"2025-03-15T21:08:06","date_gmt":"2025-03-15T21:08:06","guid":{"rendered":"https:\/\/keysdock.com\/?post_type=product&#038;p=999"},"modified":"2025-10-19T07:35:35","modified_gmt":"2025-10-19T07:35:35","slug":"bitdefender-internet-security-2025-1-geraet-1-jahr-lizenzschluessel","status":"publish","type":"product","link":"https:\/\/keysdock.tajnaveza.net\/de\/produkt\/bitdefender-internet-security-2025-1-geraet-1-jahr-lizenzschluessel\/","title":{"rendered":"BitDefender Internet Security 2025 |1 ger\u00e4t - 1 jahr| Licenz Key"},"content":{"rendered":"<p><strong>Kaufen Sie BitDefender Internet Security 2025 Lizenzschl\u00fcssel f\u00fcr 1 Ger\u00e4t (1 Jahr) zum besten Preis. Sicher online.<\/strong><\/p>\n<h3><strong>Beschreibung<\/strong><\/h3>\n<p>Bitdefender Internet Security ist ein <strong>fortschrittliche Sicherheitsl\u00f6sung<\/strong> speziell entwickelt f\u00fcr <strong>Windows-Benutzer<\/strong> die brauchen <strong>verbesserter Schutz vor Online-Bedrohungen, Viren, Ransomware, Phishing und Cyber-Angriffen<\/strong>. Mit <strong>mehrschichtige Sicherheit, eine integrierte Firewall und datenschutzfreundliche Funktionen<\/strong>bietet sie eine <strong>schnelle, sichere und sorgenfreie digitale Erfahrung<\/strong>.<\/p>\n<p>Diese Ausgabe <strong>geht \u00fcber den traditionellen Antivirenschutz hinaus<\/strong> durch Aufnahme einer <strong>Sichere Firewall, Anti-Tracker, Webcam- und Mikrofonschutz sowie Kindersicherung<\/strong>und ist damit eine ausgezeichnete Wahl f\u00fcr <strong>sowohl private als auch gesch\u00e4ftliche Nutzer<\/strong>.<\/p>\n<h3><strong>Wesentliche Merkmale<\/strong><\/h3>\n<p>\u2705 <strong>Malware- und Virenschutz in Echtzeit<\/strong> - Verwendungen <strong>KI-gest\u00fctzte Sicherheit<\/strong> zu erkennen und zu entfernen <strong>Viren, Trojaner, Spyware und Rootkits<\/strong> bevor sie Schaden anrichten k\u00f6nnen.<br \/>\n\u2705 <strong>Mehrschichtiger Schutz vor Ransomware<\/strong> - Haltestellen <strong>Ransomware-Angriffe<\/strong> und <strong>verhindert die Verschl\u00fcsselung von pers\u00f6nlichen Dateien<\/strong>.<br \/>\n\u2705 <strong>Zwei-Wege-Firewall<\/strong> - <strong>\u00dcberwacht den Netzwerkverkehr<\/strong> um unbefugten Zugang zu blockieren und Hackerangriffe zu verhindern.<br \/>\n\u2705 <strong>Schutz von Webcam und Mikrofon<\/strong> - <strong>Verhindert unbefugten Zugriff<\/strong> auf Ihre Kamera und Ihr Mikrofon, um Ihre Privatsph\u00e4re zu sch\u00fctzen.<br \/>\n\u2705 <strong>Sicheres Online-Banking und -Einkaufen (Safepay\u2122)<\/strong> - <strong>Verschl\u00fcsselter Browser<\/strong> f\u00fcr sichere Finanztransaktionen.<br \/>\n\u2705 <strong>Anti-Phishing und Web-Schutz<\/strong> - Bl\u00f6cke <strong>betr\u00fcgerische Websites, Online-Betrug und gef\u00e4lschte Bank-Websites<\/strong>.<br \/>\n\u2705 <strong>Bitdefender VPN (200MB\/Tag)<\/strong> - Verschl\u00fcsselt Ihr <strong>Internetverkehr<\/strong> um das Surfen sicher und privat zu halten.<br \/>\n\u2705 <strong>Anti-Spam und E-Mail-Sicherheit<\/strong> - Sch\u00fctzt vor <strong>b\u00f6sartige E-Mail-Anh\u00e4nge, Phishing-Betrug und Spam<\/strong>.<br \/>\n\u2705 <strong>Elterliche Kontrolle<\/strong> - Erm\u00f6glicht Ihnen <strong>Begrenzung der Bildschirmzeit, Blockierung unangemessener Inhalte und Verfolgung der Online-Aktivit\u00e4ten<\/strong>.<br \/>\n\u2705 <strong>Berater f\u00fcr Wi-Fi-Sicherheit<\/strong> - Scans <strong>Wi-Fi-Netzwerke<\/strong> nach Schwachstellen und macht Sie auf potenzielle Risiken aufmerksam.<br \/>\n\u2705 <strong>Erweiterte Bedrohungsabwehr<\/strong> - Verwendungen <strong>Verhaltenserkennung<\/strong> zu identifizieren und zu blockieren <strong>Zero-Day-Angriffe<\/strong> bevor sie Ihr System sch\u00e4digen k\u00f6nnen.<br \/>\n\u2705 <strong>Minimale Auswirkungen auf das System<\/strong> - Konzipiert f\u00fcr <strong>schnelle Leistung<\/strong>und sorgt daf\u00fcr, dass es bei Spielen oder Multitasking nicht zu Verlangsamungen kommt.<\/p>\n<h3><strong>Minimale Systemanforderungen<\/strong><\/h3>\n<ul>\n<li><strong>Prozessor<\/strong>: Dual-Core 1,6 GHz oder schneller<\/li>\n<li><strong>RAM<\/strong>2 GB Minimum<\/li>\n<li><strong>Lagerung<\/strong>2,5 GB verf\u00fcgbarer Festplattenspeicher<\/li>\n<li><strong>Betriebssystem<\/strong>: Windows 11, Windows 10, Windows 8.1, Windows 7 (SP1)<\/li>\n<li><strong>Internetverbindung<\/strong>: Erforderlich f\u00fcr Aktivierung, Updates und Cloud-basiertes Scannen<\/li>\n<\/ul>\n<h3><strong>Warum Bitdefender Internet Security w\u00e4hlen?<\/strong><\/h3>\n<p>\ud83d\udd39 <strong>Umfassender Schutz<\/strong> - <strong>Sch\u00fctzt vor Malware, Ransomware und Cyber-Bedrohungen<\/strong> mit erweiterten Sicherheitsebenen.<br \/>\n\ud83d\udd39 <strong>Sichere Online-Transaktionen<\/strong> - <strong>Safepay\u2122 und Anti-Phishing-Tools<\/strong> Schutz von Online-Banking und -Eink\u00e4ufen.<br \/>\n\ud83d\udd39 <strong>Firewall und Datenschutzschild<\/strong> - Verhindert <strong>Hacking-Versuche und unbefugter Zugriff<\/strong> zu personenbezogenen Daten.<br \/>\n\ud83d\udd39 <strong>Webcam &amp; Mikrofon Sicherheit<\/strong> - <strong>Verhindert, dass Spyware heimlich auf Ihre Kamera und Ihr Mikrofon zugreifen kann<\/strong>.<br \/>\n\ud83d\udd39 <strong>Kindersicherung &amp; Anti-Spam<\/strong> - H\u00e4lt Ihre Familie und Ihren E-Mail-Posteingang aufrecht <strong>sicher vor Online-Bedrohungen<\/strong>.<\/p>\n<p>Upgrade auf <strong>Bitdefender Internet-Sicherheit<\/strong> heute und genie\u00dfen Sie <strong>ein sicheres, privates und blitzschnelles Windows-Erlebnis<\/strong>! \ud83d\ude80\ud83d\udee1\ufe0f\ud83d\udd12<\/p>","protected":false},"excerpt":{"rendered":"<p>Bitdefender Internet Security \u2013 Advanced Protection for Windows PCs Description Bitdefender Internet Security is an advanced security solution designed specifically for Windows users who need enhanced protection against online threats, viruses, ransomware, phishing, and cyber attacks. With multi-layered security, a built-in firewall, and privacy-focused features, it provides a fast, secure, and worry-free digital experience. This [&hellip;]<\/p>","protected":false},"featured_media":1025,"comment_status":"open","ping_status":"closed","template":"","meta":{"_gspb_post_css":""},"product_brand":[],"product_cat":[76],"product_tag":[80],"class_list":{"0":"post-999","1":"product","2":"type-product","3":"status-publish","4":"has-post-thumbnail","6":"product_cat-antivirus","7":"product_tag-bitdefender","9":"first","10":"instock","11":"shipping-taxable","12":"product-type-external"},"_links":{"self":[{"href":"https:\/\/keysdock.tajnaveza.net\/de\/wp-json\/wp\/v2\/product\/999","targetHints":{"allow":["GET"]}}],"collection":[{"href":"https:\/\/keysdock.tajnaveza.net\/de\/wp-json\/wp\/v2\/product"}],"about":[{"href":"https:\/\/keysdock.tajnaveza.net\/de\/wp-json\/wp\/v2\/types\/product"}],"replies":[{"embeddable":true,"href":"https:\/\/keysdock.tajnaveza.net\/de\/wp-json\/wp\/v2\/comments?post=999"}],"wp:featuredmedia":[{"embeddable":true,"href":"https:\/\/keysdock.tajnaveza.net\/de\/wp-json\/wp\/v2\/media\/1025"}],"wp:attachment":[{"href":"https:\/\/keysdock.tajnaveza.net\/de\/wp-json\/wp\/v2\/media?parent=999"}],"wp:term":[{"taxonomy":"product_brand","embeddable":true,"href":"https:\/\/keysdock.tajnaveza.net\/de\/wp-json\/wp\/v2\/product_brand?post=999"},{"taxonomy":"product_cat","embeddable":true,"href":"https:\/\/keysdock.tajnaveza.net\/de\/wp-json\/wp\/v2\/product_cat?post=999"},{"taxonomy":"product_tag","embeddable":true,"href":"https:\/\/keysdock.tajnaveza.net\/de\/wp-json\/wp\/v2\/product_tag?post=999"}],"curies":[{"name":"wp","href":"https:\/\/api.w.org\/{rel}","templated":true}]}}