{"id":1001,"date":"2025-03-15T21:08:06","date_gmt":"2025-03-15T21:08:06","guid":{"rendered":"https:\/\/keysdock.com\/?post_type=product&#038;p=1001"},"modified":"2025-10-19T07:35:20","modified_gmt":"2025-10-19T07:35:20","slug":"windows-server-2022-standard-key-licencia","status":"publish","type":"product","link":"https:\/\/keysdock.tajnaveza.net\/es\/producto\/windows-server-2022-standard-key-licencia\/","title":{"rendered":"Windows Server 2022 Standard Key Licencia"},"content":{"rendered":"<p><strong>Compra Windows Server 2022 Standard licencia al mejor precio \u2013  y  con activaci\u00f3n de por vida.<\/strong><\/p>\n<h3><strong>Descripci\u00f3n<\/strong><\/h3>\n<p>Windows Server 2022 Standard es un <strong>sistema operativo para servidores vers\u00e1til, seguro y de alto rendimiento<\/strong> dise\u00f1ado para peque\u00f1as y medianas empresas y organizaciones. Ofrece <strong>seguridad robusta, capacidades de nube h\u00edbrida y mejor rendimiento de las aplicaciones<\/strong> al tiempo que se presta apoyo a <strong>virtualizaci\u00f3n, trabajo a distancia e integraci\u00f3n en la nube<\/strong>. Ideal para empresas que buscan <strong>escalabilidad, fiabilidad y mayor seguridad<\/strong>Windows Server 2022 Standard est\u00e1 dise\u00f1ado para gestionar <strong>exigencias inform\u00e1ticas modernas<\/strong> eficientemente.<\/p>\n<h3><strong>Caracter\u00edsticas principales<\/strong><\/h3>\n<p>\u2705 <strong>Mayor seguridad con Secured-Core<\/strong> - Avanzado <strong>Windows Defender ATP, Secure Boot y protecci\u00f3n de firmware<\/strong>.<br \/>\n\u2705 <strong>Virtualizaci\u00f3n mejorada<\/strong> - Soportes <strong>dos m\u00e1quinas virtuales (VM)<\/strong> y <strong>un host Hyper-V<\/strong>.<br \/>\n\u2705 <strong>Soporte de nube h\u00edbrida<\/strong> - Integraci\u00f3n perfecta con <strong>Microsoft Azure<\/strong> para implantaciones h\u00edbridas.<br \/>\n\u2705 <strong>Centro de administraci\u00f3n de Windows<\/strong> - Gesti\u00f3n centralizada basada en web para facilitar la administraci\u00f3n del servidor.<br \/>\n\u2705 <strong>Servicio de migraci\u00f3n de almacenamiento<\/strong> - Migre f\u00e1cilmente servidores y datos de versiones anteriores.<br \/>\n\u2705 <strong>Mejor conexi\u00f3n en red con SMB sobre QUIC<\/strong> - Acceso remoto a archivos m\u00e1s r\u00e1pido y seguro.<br \/>\n\u2705 <strong>Gesti\u00f3n avanzada de archivos y almacenamiento<\/strong> - Soportes <strong>ReFS, Storage Spaces Direct (S2D) y deduplicaci\u00f3n<\/strong>.<br \/>\n\u2705 <strong>Clustering de conmutaci\u00f3n por error y equilibrio de carga<\/strong> - <strong>Minimiza el tiempo de inactividad<\/strong> para aplicaciones cr\u00edticas para la empresa.<br \/>\n\u2705 <strong>Contenedores Windows integrados<\/strong> - Carrera moderna <strong>aplicaciones en contenedores<\/strong> utilizando <strong>Contenedores Windows y Kubernetes<\/strong>.<br \/>\n\u2705 <strong>Soporte para Servicios de Escritorio Remoto (RDS)<\/strong> - Acceda de forma segura y remota a las estaciones de trabajo con <strong>RDS CALs<\/strong>.<\/p>\n<h3><strong>Requisitos m\u00ednimos del sistema<\/strong><\/h3>\n<ul>\n<li><strong>Procesador<\/strong>: Procesador de 64 bits a 1,4 GHz con <strong>Arquitectura x64<\/strong><\/li>\n<li><strong>RAM<\/strong>2 GB (experiencia de escritorio) \/ 512 MB (n\u00facleo de servidor)<\/li>\n<li><strong>Almacenamiento<\/strong>: 36 GB de espacio libre m\u00ednimo<\/li>\n<li><strong>Gr\u00e1ficos<\/strong>: DirectX 9 compatible con <strong>Controlador WDDM 1.0<\/strong><\/li>\n<li><strong>Mostrar<\/strong>: Resoluci\u00f3n de 1024\u00d7768 o superior<\/li>\n<li><strong>Red<\/strong>: Adaptador Gigabit Ethernet<\/li>\n<li><strong>Firmware<\/strong>: UEFI 2.3.1c con capacidad de arranque seguro (recomendado)<\/li>\n<li><strong>Conexi\u00f3n a Internet<\/strong>: Necesario para las actualizaciones y la activaci\u00f3n<\/li>\n<\/ul>\n<h3><strong>\u00bfPor qu\u00e9 elegir Windows Server 2022 Standard?<\/strong><\/h3>\n<p>\ud83d\udd39 <strong>Perfecto para peque\u00f1as y medianas empresas<\/strong> - Escalable, rentable y optimizada para las cargas de trabajo cotidianas.<br \/>\n\ud83d\udd39 <strong>Seguridad y cumplimiento estrictos<\/strong> - <strong>Servidor de n\u00facleo seguro<\/strong> garantiza la protecci\u00f3n contra las amenazas modernas.<br \/>\n\ud83d\udd39 <strong>Infraestructura preparada para la nube<\/strong> - <strong>Capacidades h\u00edbridas de Azure<\/strong> extienda su servidor a la nube.<br \/>\n\ud83d\udd39 <strong>Soporte de virtualizaci\u00f3n fiable<\/strong> - Permite <strong>dos m\u00e1quinas virtuales<\/strong> para una mejor gesti\u00f3n de los recursos.<br \/>\n\ud83d\udd39 <strong>Redes y acceso remoto mejorados<\/strong> - <strong>SMB sobre QUIC y RDS<\/strong> permitir un trabajo a distancia seguro.<\/p>\n<p>Actualizar a <strong>Windows Server 2022 Standard<\/strong> hoy y <strong>potencie su empresa con rendimiento, seguridad y escalabilidad<\/strong>\u00a1! \ud83c\udfe2\ud83d\udd12\u26a1<\/p>","protected":false},"excerpt":{"rendered":"<p>Windows Server 2022 Standard \u2013 Secure, Reliable, and Optimized for Business Workloads Description Windows Server 2022 Standard is a high-performance, secure, and versatile server operating system designed for small to medium-sized businesses and organizations. It offers robust security, hybrid cloud capabilities, and improved application performance while providing support for virtualization, remote work, and cloud integration. [&hellip;]<\/p>","protected":false},"featured_media":1027,"comment_status":"open","ping_status":"closed","template":"","meta":{"_gspb_post_css":""},"product_brand":[],"product_cat":[81],"product_tag":[82],"class_list":{"0":"post-1001","1":"product","2":"type-product","3":"status-publish","4":"has-post-thumbnail","6":"product_cat-server","7":"product_tag-server","9":"first","10":"instock","11":"shipping-taxable","12":"product-type-external"},"_links":{"self":[{"href":"https:\/\/keysdock.tajnaveza.net\/es\/wp-json\/wp\/v2\/product\/1001","targetHints":{"allow":["GET"]}}],"collection":[{"href":"https:\/\/keysdock.tajnaveza.net\/es\/wp-json\/wp\/v2\/product"}],"about":[{"href":"https:\/\/keysdock.tajnaveza.net\/es\/wp-json\/wp\/v2\/types\/product"}],"replies":[{"embeddable":true,"href":"https:\/\/keysdock.tajnaveza.net\/es\/wp-json\/wp\/v2\/comments?post=1001"}],"wp:featuredmedia":[{"embeddable":true,"href":"https:\/\/keysdock.tajnaveza.net\/es\/wp-json\/wp\/v2\/media\/1027"}],"wp:attachment":[{"href":"https:\/\/keysdock.tajnaveza.net\/es\/wp-json\/wp\/v2\/media?parent=1001"}],"wp:term":[{"taxonomy":"product_brand","embeddable":true,"href":"https:\/\/keysdock.tajnaveza.net\/es\/wp-json\/wp\/v2\/product_brand?post=1001"},{"taxonomy":"product_cat","embeddable":true,"href":"https:\/\/keysdock.tajnaveza.net\/es\/wp-json\/wp\/v2\/product_cat?post=1001"},{"taxonomy":"product_tag","embeddable":true,"href":"https:\/\/keysdock.tajnaveza.net\/es\/wp-json\/wp\/v2\/product_tag?post=1001"}],"curies":[{"name":"wp","href":"https:\/\/api.w.org\/{rel}","templated":true}]}}