{"id":1002,"date":"2025-03-15T21:08:07","date_gmt":"2025-03-15T21:08:07","guid":{"rendered":"https:\/\/keysdock.com\/?post_type=product&#038;p=1002"},"modified":"2025-10-19T07:36:37","modified_gmt":"2025-10-19T07:36:37","slug":"windows-server-2022-datacenter-key-licencia","status":"publish","type":"product","link":"https:\/\/keysdock.tajnaveza.net\/es\/producto\/windows-server-2022-datacenter-key-licencia\/","title":{"rendered":"Windows Server 2022 Datacenter Key Licencia"},"content":{"rendered":"<p><strong>Compra Windows Server 2022 Datacenter licencia al mejor precio \u2013  y  con activaci\u00f3n de por vida.<\/strong><\/p>\n<h3><strong>Descripci\u00f3n<\/strong><\/h3>\n<p>Windows Server 2022 Datacenter es un <strong>alto rendimiento, seguridad y escalabilidad<\/strong> sistema operativo para servidores dise\u00f1ado para empresas, centros de datos y negocios que requieren <strong>virtualizaci\u00f3n avanzada, integraci\u00f3n de nube h\u00edbrida y seguridad mejorada<\/strong>. Construido para <strong>cargas de trabajo de alta demanda<\/strong>Esta edici\u00f3n ofrece <strong>derechos de virtualizaci\u00f3n ilimitados<\/strong>, <strong>infraestructura hiperconvergente (HCI)<\/strong> apoyo, y <strong>capacidades preparadas para la nube<\/strong> para garantizar operaciones fluidas en entornos inform\u00e1ticos modernos.<\/p>\n<h3><strong>Caracter\u00edsticas principales<\/strong><\/h3>\n<p>\u2705 <strong>Virtualizaci\u00f3n ilimitada<\/strong> - Ejecutar un <strong>n\u00famero ilimitado de m\u00e1quinas virtuales<\/strong> con Hyper-V.<br \/>\n\u2705 <strong>Integraci\u00f3n h\u00edbrida de Azure<\/strong> - Conecte sin problemas servidores locales a <strong>Microsoft Azure<\/strong>.<br \/>\n\u2705 <strong>Seguridad avanzada con Secured-Core Server<\/strong> - Incluye <strong>Windows Defender ATP<\/strong>, <strong>arranque seguro<\/strong>y <strong>protecci\u00f3n de firmware<\/strong>.<br \/>\n\u2705 <strong>Hotpatching<\/strong> - Aplicar actualizaciones de seguridad <strong>sin reiniciar<\/strong>reduciendo el tiempo de inactividad.<br \/>\n\u2705 <strong>Servicio de migraci\u00f3n de almacenamiento<\/strong> - <strong>Migrar f\u00e1cilmente<\/strong> servidores de archivos de <strong>versiones anteriores<\/strong> a Windows Server 2022.<br \/>\n\u2705 <strong>Redes definidas por software (SDN)<\/strong> - Avanzado <strong>seguridad, rendimiento y automatizaci\u00f3n de redes<\/strong>.<br \/>\n\u2705 <strong>Hyper-V y m\u00e1quinas virtuales blindadas<\/strong> - Proteger <strong>Cargas de trabajo de m\u00e1quinas virtuales<\/strong> contra el acceso no autorizado y la manipulaci\u00f3n.<br \/>\n\u2705 <strong>Centro de administraci\u00f3n de Windows<\/strong> - Una interfaz centralizada basada en navegador para <strong>gesti\u00f3n de servidores<\/strong>.<br \/>\n\u2705 <strong>Alta disponibilidad y recuperaci\u00f3n en caso de cat\u00e1strofe<\/strong> - Integrado <strong>failover clustering y replicaci\u00f3n<\/strong> para un servicio ininterrumpido.<br \/>\n\u2705 <strong>Containerizaci\u00f3n mejorada<\/strong> - Soportes <strong>Contenedores Windows y Kubernetes<\/strong> para aplicaciones nativas en la nube.<br \/>\n\u2705 <strong>Almacenamiento de archivos y deduplicaci\u00f3n mejorados<\/strong> - Gesti\u00f3n eficaz del almacenamiento con <strong>ReFS y Storage Spaces Direct (S2D)<\/strong>.<\/p>\n<h3><strong>Requisitos m\u00ednimos del sistema<\/strong><\/h3>\n<ul>\n<li><strong>Procesador<\/strong>: Procesador de 64 bits a 1,4 GHz con <strong>Arquitectura x64<\/strong><\/li>\n<li><strong>RAM<\/strong>2 GB (experiencia de escritorio) \/ 512 MB (n\u00facleo de servidor)<\/li>\n<li><strong>Almacenamiento<\/strong>: 36 GB de espacio libre m\u00ednimo<\/li>\n<li><strong>Gr\u00e1ficos<\/strong>: DirectX 9 compatible con <strong>Controlador WDDM 1.0<\/strong><\/li>\n<li><strong>Mostrar<\/strong>: Resoluci\u00f3n de 1024\u00d7768 o superior<\/li>\n<li><strong>Red<\/strong>: Adaptador Gigabit Ethernet<\/li>\n<li><strong>Firmware<\/strong>: UEFI 2.3.1c con capacidad de arranque seguro (recomendado)<\/li>\n<li><strong>Conexi\u00f3n a Internet<\/strong>: Necesario para las actualizaciones y la activaci\u00f3n<\/li>\n<\/ul>\n<h3><strong>\u00bfPor qu\u00e9 elegir Windows Server 2022 Datacenter?<\/strong><\/h3>\n<p>\ud83d\udd39 <strong>Lo mejor para empresas y centros de datos<\/strong> - Dise\u00f1ado para <strong>cargas de trabajo de alto rendimiento<\/strong> y <strong>entornos con mucha virtualizaci\u00f3n<\/strong>.<br \/>\n\ud83d\udd39 <strong>Derechos de virtualizaci\u00f3n ilimitados<\/strong> - La <strong>Edici\u00f3n Datacenter<\/strong> permite <strong>ilimitado<\/strong> VM, por lo que resulta rentable para operaciones a gran escala.<br \/>\n\ud83d\udd39 <strong>Seguridad del siguiente nivel<\/strong> - <strong>N\u00facleo seguro<\/strong> protecci\u00f3n, <strong>Windows Defender<\/strong>y <strong>Protecci\u00f3n avanzada contra amenazas (ATP)<\/strong>.<br \/>\n\ud83d\udd39 <strong>H\u00edbrido preparado para la nube<\/strong> - <strong>Integraci\u00f3n en Azure<\/strong> para la escalabilidad de la nube y la infraestructura h\u00edbrida.<br \/>\n\ud83d\udd39 <strong>Alta disponibilidad y continuidad de la actividad<\/strong> - <strong>Failover clustering, replicaci\u00f3n y SDN<\/strong> garantizar un tiempo de inactividad m\u00ednimo.<\/p>\n<p>Actualizar a <strong>Windows Server 2022 Datacenter<\/strong> hoy y experimente <strong>seguridad, rendimiento y escalabilidad inigualables<\/strong> \u00a1para las cargas de trabajo inform\u00e1ticas modernas! \ud83c\udfe2\ud83d\udd12\u26a1<\/p>","protected":false},"excerpt":{"rendered":"<p>Windows Server 2022 Datacenter \u2013 The Ultimate Enterprise-Grade Server Solution Description Windows Server 2022 Datacenter is a high-performance, highly secure, and scalable server operating system designed for enterprises, data centers, and businesses requiring advanced virtualization, hybrid cloud integration, and enhanced security. Built for high-demand workloads, this edition provides unlimited virtualization rights, hyper-converged infrastructure (HCI) support, [&hellip;]<\/p>","protected":false},"featured_media":1028,"comment_status":"open","ping_status":"closed","template":"","meta":{"_gspb_post_css":""},"product_brand":[],"product_cat":[81],"product_tag":[82],"class_list":{"0":"post-1002","1":"product","2":"type-product","3":"status-publish","4":"has-post-thumbnail","6":"product_cat-server","7":"product_tag-server","9":"first","10":"instock","11":"shipping-taxable","12":"product-type-external"},"_links":{"self":[{"href":"https:\/\/keysdock.tajnaveza.net\/es\/wp-json\/wp\/v2\/product\/1002","targetHints":{"allow":["GET"]}}],"collection":[{"href":"https:\/\/keysdock.tajnaveza.net\/es\/wp-json\/wp\/v2\/product"}],"about":[{"href":"https:\/\/keysdock.tajnaveza.net\/es\/wp-json\/wp\/v2\/types\/product"}],"replies":[{"embeddable":true,"href":"https:\/\/keysdock.tajnaveza.net\/es\/wp-json\/wp\/v2\/comments?post=1002"}],"wp:featuredmedia":[{"embeddable":true,"href":"https:\/\/keysdock.tajnaveza.net\/es\/wp-json\/wp\/v2\/media\/1028"}],"wp:attachment":[{"href":"https:\/\/keysdock.tajnaveza.net\/es\/wp-json\/wp\/v2\/media?parent=1002"}],"wp:term":[{"taxonomy":"product_brand","embeddable":true,"href":"https:\/\/keysdock.tajnaveza.net\/es\/wp-json\/wp\/v2\/product_brand?post=1002"},{"taxonomy":"product_cat","embeddable":true,"href":"https:\/\/keysdock.tajnaveza.net\/es\/wp-json\/wp\/v2\/product_cat?post=1002"},{"taxonomy":"product_tag","embeddable":true,"href":"https:\/\/keysdock.tajnaveza.net\/es\/wp-json\/wp\/v2\/product_tag?post=1002"}],"curies":[{"name":"wp","href":"https:\/\/api.w.org\/{rel}","templated":true}]}}