{"id":1053,"date":"2025-03-16T08:36:10","date_gmt":"2025-03-16T08:36:10","guid":{"rendered":"https:\/\/keysdock.com\/?post_type=product&#038;p=1053"},"modified":"2025-10-19T07:36:55","modified_gmt":"2025-10-19T07:36:55","slug":"windows-11-pro-key-licencia","status":"publish","type":"product","link":"https:\/\/keysdock.tajnaveza.net\/es\/producto\/windows-11-pro-key-licencia\/","title":{"rendered":"Windows 11 Pro Key Licencia"},"content":{"rendered":"<p><strong>Compra Windows 11 Pro licencia al mejor precio \u2013 OEM y retail con activaci\u00f3n de por vida.<\/strong><\/p>\n<h3><strong>Descripci\u00f3n<\/strong><\/h3>\n<p>Windows 11 Professional es un <strong>con muchas funciones, seguro y de alto rendimiento<\/strong> sistema operativo dise\u00f1ado para profesionales, empresas y usuarios avanzados. Con <strong>seguridad mejorada, compatibilidad con virtualizaci\u00f3n, acceso remoto a escritorios y herramientas de gesti\u00f3n avanzadas<\/strong>Windows 11 Pro es el sistema operativo ideal para aquellos que necesitan algo m\u00e1s que una experiencia inform\u00e1tica est\u00e1ndar. Tanto si gestiona una empresa como si trabaja de forma remota o maneja datos confidenciales, Windows 11 Pro ofrece <strong>eficacia, flexibilidad y seguridad de nivel empresarial<\/strong>.<\/p>\n<h3><strong>Caracter\u00edsticas principales<\/strong><\/h3>\n<p>\u2705 <strong>Interfaz de usuario moderna e intuitiva<\/strong> - Men\u00fa Inicio redise\u00f1ado, barra de tareas centrada y transiciones fluidas para una experiencia elegante.<br \/>\n\u2705 <strong>Snap Layouts y escritorios virtuales<\/strong> - Organice m\u00faltiples tareas y aumente la productividad con un avanzado sistema multitarea.<br \/>\n\u2705 <strong>Cifrado BitLocker<\/strong> - Protege tus archivos y unidades con seguridad de nivel empresarial.<br \/>\n\u2705 <strong>Acceso remoto a escritorio<\/strong> - Trabaje desde cualquier lugar accediendo de forma segura y remota a su PC.<br \/>\n\u2705 <strong>Windows Sandbox e Hyper-V<\/strong> - Ejecute aplicaciones o m\u00e1quinas virtuales no fiables en un entorno aislado.<br \/>\n\u2705 <strong>Pol\u00edtica de grupo y gesti\u00f3n empresarial<\/strong> - Gestione la configuraci\u00f3n del sistema, los usuarios y las pol\u00edticas de seguridad en varios dispositivos.<br \/>\n\u2705 <strong>Seguridad mejorada con TPM 2.0 y arranque seguro<\/strong> - Protege contra programas maliciosos, accesos no autorizados y ciberamenazas.<br \/>\n\u2705 <strong>Microsoft Defender para Endpoint<\/strong> - Protecci\u00f3n avanzada en tiempo real contra ransomware y ciberataques.<br \/>\n\u2705 <strong>Integraci\u00f3n perfecta con Microsoft 365<\/strong> - Optimizado para uso profesional con Office, OneDrive y Teams.<br \/>\n\u2705 <strong>Soporte de trabajo en la nube e h\u00edbrido<\/strong> - Funciona sin esfuerzo con <strong>Azure Active Directory<\/strong> y <strong>Piloto autom\u00e1tico de Windows<\/strong> para facilitar el despliegue.<br \/>\n\u2705 <strong>DirectStorage y AutoHDR para juegos<\/strong> - Tiempos de carga m\u00e1s r\u00e1pidos y gr\u00e1ficos mejorados para los usuarios profesionales que tambi\u00e9n juegan.<\/p>\n<h3><strong>Requisitos m\u00ednimos del sistema<\/strong><\/h3>\n<ul>\n<li><strong>Procesador<\/strong>: 1 GHz o m\u00e1s r\u00e1pido con m\u00e1s de 2 n\u00facleos en un procesador de 64 bits compatible o System on a Chip (SoC)<\/li>\n<li><strong>RAM<\/strong>: 4 GB m\u00ednimo<\/li>\n<li><strong>Almacenamiento<\/strong>: 64 GB de espacio libre m\u00ednimo<\/li>\n<li><strong>Gr\u00e1ficos<\/strong>: DirectX 12 compatible con el controlador WDDM 2.0<\/li>\n<li><strong>Mostrar<\/strong>Resoluci\u00f3n 720p, pantalla de 9\u2033 o superior<\/li>\n<li><strong>TPM<\/strong>: Se requiere el m\u00f3dulo de plataforma segura (TPM) versi\u00f3n 2.0<\/li>\n<li><strong>Arranque seguro y firmware UEFI<\/strong>: Necesario para mejorar la seguridad<\/li>\n<li><strong>Conexi\u00f3n a Internet<\/strong>: Necesario para la activaci\u00f3n, las actualizaciones y la configuraci\u00f3n de la cuenta Microsoft.<\/li>\n<\/ul>\n<h3><strong>\u00bfPor qu\u00e9 elegir Windows 11 Professional?<\/strong><\/h3>\n<p>\ud83d\udd39 <strong>Perfecto para empresas y usuarios avanzados<\/strong> - Funciones avanzadas de seguridad y gesti\u00f3n para uso profesional.<br \/>\n\ud83d\udd39 <strong>Seguridad de nivel empresarial<\/strong> - Protege los datos confidenciales con <strong>BitLocker, Secure Boot y Windows Defender<\/strong>.<br \/>\n\ud83d\udd39 <strong>Trabajo a distancia y virtualizaci\u00f3n<\/strong> - <strong>Escritorio remoto, Windows Sandbox e Hyper-V<\/strong> apoyar entornos de trabajo flexibles.<br \/>\n\ud83d\udd39 <strong>Optimizado para la eficiencia<\/strong> - Sin fisuras <strong>Microsoft 365, OneDrive y Teams<\/strong> integraci\u00f3n para mejorar la productividad.<br \/>\n\ud83d\udd39 <strong>A prueba de futuro y segura<\/strong> - Dise\u00f1ado para las necesidades de las empresas modernas con <strong>trabajo en la nube e h\u00edbrido<\/strong> capacidades.<\/p>\n<p>Actualizar a <strong>Windows 11 Professional<\/strong> hoy y experimente <strong>rendimiento, seguridad y flexibilidad de alto nivel<\/strong> \u00a1para uso empresarial y profesional! \ud83d\udcbc\ud83d\ude80\ud83d\udd12<\/p>","protected":false},"excerpt":{"rendered":"<p>Windows 11 Professional \u2013 Power, Security, and Productivity for Business Users Description Windows 11 Professional is a feature-rich, secure, and high-performance operating system designed for professionals, businesses, and power users. With enhanced security, virtualization support, remote desktop access, and advanced management tools, Windows 11 Pro is the ideal OS for those who need more than [&hellip;]<\/p>","protected":false},"featured_media":1076,"comment_status":"open","ping_status":"closed","template":"","meta":{"_gspb_post_css":""},"product_brand":[],"product_cat":[56],"product_tag":[60],"class_list":{"0":"post-1053","1":"product","2":"type-product","3":"status-publish","4":"has-post-thumbnail","6":"product_cat-operating-system","7":"product_tag-windows-11","9":"first","10":"instock","11":"shipping-taxable","12":"product-type-external"},"_links":{"self":[{"href":"https:\/\/keysdock.tajnaveza.net\/es\/wp-json\/wp\/v2\/product\/1053","targetHints":{"allow":["GET"]}}],"collection":[{"href":"https:\/\/keysdock.tajnaveza.net\/es\/wp-json\/wp\/v2\/product"}],"about":[{"href":"https:\/\/keysdock.tajnaveza.net\/es\/wp-json\/wp\/v2\/types\/product"}],"replies":[{"embeddable":true,"href":"https:\/\/keysdock.tajnaveza.net\/es\/wp-json\/wp\/v2\/comments?post=1053"}],"wp:featuredmedia":[{"embeddable":true,"href":"https:\/\/keysdock.tajnaveza.net\/es\/wp-json\/wp\/v2\/media\/1076"}],"wp:attachment":[{"href":"https:\/\/keysdock.tajnaveza.net\/es\/wp-json\/wp\/v2\/media?parent=1053"}],"wp:term":[{"taxonomy":"product_brand","embeddable":true,"href":"https:\/\/keysdock.tajnaveza.net\/es\/wp-json\/wp\/v2\/product_brand?post=1053"},{"taxonomy":"product_cat","embeddable":true,"href":"https:\/\/keysdock.tajnaveza.net\/es\/wp-json\/wp\/v2\/product_cat?post=1053"},{"taxonomy":"product_tag","embeddable":true,"href":"https:\/\/keysdock.tajnaveza.net\/es\/wp-json\/wp\/v2\/product_tag?post=1053"}],"curies":[{"name":"wp","href":"https:\/\/api.w.org\/{rel}","templated":true}]}}