{"id":1116,"date":"2025-03-16T10:34:08","date_gmt":"2025-03-16T10:34:08","guid":{"rendered":"https:\/\/keysdock.com\/?post_type=product&#038;p=1116"},"modified":"2025-10-19T07:44:02","modified_gmt":"2025-10-19T07:44:02","slug":"office-2021-professional-plus-key-licencia","status":"publish","type":"product","link":"https:\/\/keysdock.tajnaveza.net\/es\/producto\/office-2021-professional-plus-key-licencia\/","title":{"rendered":"Office 2021 Professional Plus Key Licencia"},"content":{"rendered":"<p><strong>Microsoft Office 2021 Professional Plus: el paquete de productividad definitivo para empresas y profesionales<\/strong><\/p>\n<h3><strong>Descripci\u00f3n<\/strong><\/h3>\n<p class=\"translation-block\">Microsoft Office 2021 Professional Plus es una <strong>suite de productividad potente y repleta de funciones<\/strong> dise\u00f1ada para <strong>negocios, empresas y profesionales<\/strong> que necesitan <strong>herramientas avanzadas de creaci\u00f3n de documentos, an\u00e1lisis de datos, colaboraci\u00f3n y comunicaci\u00f3n<\/strong>. Con <strong>sin necesidad de suscripci\u00f3n<\/strong>, esta <strong>compra \u00fanica<\/strong> proporciona fiabilidad y seguridad a largo plazo para los usuarios que prefieren una experiencia estable y sin conexi\u00f3n, a la vez que ofrece conectividad en la nube para los flujos de trabajo modernos.<\/p>\n<p class=\"translation-block\">Esta \u00faltima versi\u00f3n incluye <strong>rendimiento mejorado, nuevas herramientas de colaboraci\u00f3n y funciones basadas en IA<\/strong> para impulsar la productividad y agilizar los procesos de trabajo.<\/p>\n<h3><strong>Aplicaciones incluidas<\/strong><\/h3>\n<ul>\n<li class=\"translation-block\"><strong>Word 2021<\/strong> - Procesamiento de textos mejorado con <strong>colaboraci\u00f3n en tiempo real y edici\u00f3n potenciada por IA<\/strong>.<\/li>\n<li class=\"translation-block\"><strong>Excel 2021<\/strong> - Hojas de c\u00e1lculo mejoradas con <strong>XLOOKUP, matrices din\u00e1micas y Power Query &amp; PivotTables<\/strong> mejoradas.<\/li>\n<li class=\"translation-block\"><strong>PowerPoint 2021<\/strong>: cree presentaciones asombrosas con <strong>transici\u00f3n Morph, animaciones mejoradas y coautor\u00eda<\/strong>.<\/li>\n<li class=\"translation-block\"><strong>Outlook 2021<\/strong> - Gesti\u00f3n m\u00e1s inteligente del correo electr\u00f3nico y el calendario con <strong>b\u00fasqueda mejorada, bandeja de entrada centrada y @menciones<\/strong>.<\/li>\n<li class=\"translation-block\"><strong>Access 2021<\/strong> - Una potente herramienta de gesti\u00f3n de bases de datos para <strong>almacenar, analizar y elaborar informes de datos<\/strong>.<\/li>\n<li class=\"translation-block\"><strong>Editorial 2021<\/strong> - Dise\u00f1a <strong>materiales de marketing, folletos y publicaciones<\/strong> profesionales.<\/li>\n<li class=\"translation-block\"><strong>OneNote 2021<\/strong> - Un bloc de notas digital con <strong>sincronizaci\u00f3n en la nube para organizar y tomar notas<\/strong>.<\/li>\n<li class=\"translation-block\"><b>Equipos - <\/b>un espacio de trabajo<\/b> para colaborar en tiempo real <\/b>y comunicarse, reunirse, compartir archivos y aplicaciones.<\/li>\n<\/ul>\n<h3><strong>Caracter\u00edsticas principales<\/strong><\/h3>\n<p class=\"translation-block\">\u2705 <strong>Compra \u00fanica, sin suscripci\u00f3n<\/strong> - <strong>posea Office 2021 de forma permanente<\/strong> sin costes recurrentes.<br>\r\n\u2705 <strong>Coautor\u00eda en tiempo real<\/strong> - Trabaje en documentos <strong>simult\u00e1neamente con colegas<\/strong> utilizando la colaboraci\u00f3n en directo.<br>\r\n\u2705 <strong>Rendimiento y velocidad mejorados<\/strong>: tiempos de inicio de la aplicaci\u00f3n m\u00e1s r\u00e1pidos y estabilidad mejorada.<br>\r\n\u2705 <strong>Opciones de almacenamiento en la nube y local<\/strong> - Guarda documentos <strong>localmente o a trav\u00e9s de OneDrive, SharePoint y Teams<\/strong>.<br>\r\n\u2705 <strong>Herramientas avanzadas de Excel<\/strong> - <strong>Nuevas funciones (XLOOKUP, LET y matrices din\u00e1micas) y mejores tablas din\u00e1micas<\/strong>.<br>\r\n\u2705 <strong>Interfaz de usuario modernizada<\/strong> - Un aspecto limpio y renovado con <strong>navegaci\u00f3n y accesibilidad mejoradas<\/strong>.<br>\r\n\u2705 <strong>Mejora de la gesti\u00f3n del correo electr\u00f3nico y el calendario<\/strong> - <strong>Mejora del filtrado del correo electr\u00f3nico, asistente de programaci\u00f3n y herramienta de traducci\u00f3n de Outlook<\/strong>.<br>\r\n\u2705 <strong>Actualizaciones de PowerPoint<\/strong> - <strong>Reproducci\u00f3n de tinta, grabaci\u00f3n de diapositivas mejorada y exportaci\u00f3n de v\u00eddeo 4K<\/strong>.<br>\r\n\u2705 <strong>Seguridad y conformidad mejoradas<\/strong> - <strong>Prevenci\u00f3n de p\u00e9rdida de datos (DLP), autenticaci\u00f3n multifactor y cifrado avanzado<\/strong>.<br>\r\n\u2705 <strong>Mejor compatibilidad con el modo oscuro<\/strong> - Reduce la fatiga visual con el <strong>Modo oscuro mejorado en todas las apps de Office<\/strong>.<\/p>\n<h3><strong>Requisitos m\u00ednimos del sistema<\/strong><\/h3>\n<ul>\n<li class=\"translation-block\"><strong>Procesador<\/strong>: 1,6 GHz o m\u00e1s r\u00e1pido, procesador de doble n\u00facleo.<\/li>\n<li class=\"translation-block\"><strong>RAM<\/strong>: 4 GB (64 bits) \/ 2 GB (32 bits)<\/li>\n<li class=\"translation-block\"><strong>Almacenamiento<\/strong>: 4 GB de espacio disponible en disco.<\/li>\n<li class=\"translation-block\"><strong>Pantalla<\/strong>: resoluci\u00f3n de 1280\u00d7768 o superior.<\/li>\n<li class=\"translation-block\"><strong>Sistema operativo<\/strong>: Windows 10, Windows 11, Windows Server 2019\/2022<\/li>\n<li class=\"translation-block\"><strong>Gr\u00e1ficos<\/strong>: DirectX 9 o posterior con controlador WDDM 2.0+.<\/li>\n<li class=\"translation-block\"><strong>Conexi\u00f3n a Internet<\/strong>: Necesaria para la activaci\u00f3n, actualizaciones y servicios en la nube.<\/li>\n<\/ul>\n<h3><strong>\u00bfPor qu\u00e9 elegir Microsoft Office 2021 Professional Plus?<\/strong><\/h3>\n<p class=\"translation-block\">\ud83d\udd39 <strong>Perfecto para negocios y empresas<\/strong> - Una suite completa para <strong>creaci\u00f3n de documentos, gesti\u00f3n de datos y comunicaci\u00f3n<\/strong>.<br>\r\n\ud83d\udd39 <strong>Sin cuotas recurrentes<\/strong> - <strong>Compra \u00fanica para uso de por vida<\/strong> sin suscripciones.<br>\r\n\ud83d\udd39 <strong>Colaboraci\u00f3n sin fisuras y acceso a la nube<\/strong> - Trabaje de forma eficiente con la integraci\u00f3n de <strong>OneDrive, SharePoint y Teams<\/strong>.<br>\r\n\ud83d\udd39 <strong>Funciones avanzadas de Excel y PowerPoint<\/strong>: impulsa la productividad con <strong>nuevas funciones y herramientas visuales mejoradas<\/strong>.<br>\r\n\ud83d\udd39 <strong>Seguro y fiable<\/strong>: <strong>herramientas de seguridad y cumplimiento normativo de nivel empresarial<\/strong> para proteger los datos empresariales confidenciales.<\/p>\n<p class=\"translation-block\">Actualice hoy mismo a <strong>Microsoft Office 2021 Professional Plus<\/strong> y disfrute de <strong>una experiencia de productividad r\u00e1pida, segura y potente<\/strong> para las necesidades empresariales modernas. \ud83d\ude80\ud83d\udcbb\ud83d\udcca<\/p>","protected":false},"excerpt":{"rendered":"<p>Microsoft Office 2021 Professional Plus \u2013 The Ultimate Productivity Suite for Businesses &amp; Professionals Description Microsoft Office 2021 Professional Plus is a powerful and feature-rich productivity suite designed for businesses, enterprises, and professionals who need advanced document creation, data analysis, collaboration, and communication tools. With no subscription required, this one-time purchase provides long-term reliability and [&hellip;]<\/p>","protected":false},"featured_media":1081,"comment_status":"open","ping_status":"closed","template":"","meta":{"_gspb_post_css":""},"product_brand":[],"product_cat":[62],"product_tag":[63],"class_list":{"0":"post-1116","1":"product","2":"type-product","3":"status-publish","4":"has-post-thumbnail","6":"product_cat-office","7":"product_tag-office-pc","9":"first","10":"instock","11":"shipping-taxable","12":"product-type-external"},"_links":{"self":[{"href":"https:\/\/keysdock.tajnaveza.net\/es\/wp-json\/wp\/v2\/product\/1116","targetHints":{"allow":["GET"]}}],"collection":[{"href":"https:\/\/keysdock.tajnaveza.net\/es\/wp-json\/wp\/v2\/product"}],"about":[{"href":"https:\/\/keysdock.tajnaveza.net\/es\/wp-json\/wp\/v2\/types\/product"}],"replies":[{"embeddable":true,"href":"https:\/\/keysdock.tajnaveza.net\/es\/wp-json\/wp\/v2\/comments?post=1116"}],"wp:featuredmedia":[{"embeddable":true,"href":"https:\/\/keysdock.tajnaveza.net\/es\/wp-json\/wp\/v2\/media\/1081"}],"wp:attachment":[{"href":"https:\/\/keysdock.tajnaveza.net\/es\/wp-json\/wp\/v2\/media?parent=1116"}],"wp:term":[{"taxonomy":"product_brand","embeddable":true,"href":"https:\/\/keysdock.tajnaveza.net\/es\/wp-json\/wp\/v2\/product_brand?post=1116"},{"taxonomy":"product_cat","embeddable":true,"href":"https:\/\/keysdock.tajnaveza.net\/es\/wp-json\/wp\/v2\/product_cat?post=1116"},{"taxonomy":"product_tag","embeddable":true,"href":"https:\/\/keysdock.tajnaveza.net\/es\/wp-json\/wp\/v2\/product_tag?post=1116"}],"curies":[{"name":"wp","href":"https:\/\/api.w.org\/{rel}","templated":true}]}}