{"id":940,"date":"2025-03-15T21:07:21","date_gmt":"2025-03-15T21:07:21","guid":{"rendered":"https:\/\/keysdock.com\/?post_type=product&#038;p=940"},"modified":"2025-10-19T07:31:07","modified_gmt":"2025-10-19T07:31:07","slug":"office-2024-professional-plus-key-licencia","status":"publish","type":"product","link":"https:\/\/keysdock.tajnaveza.net\/es\/producto\/office-2024-professional-plus-key-licencia\/","title":{"rendered":"Office 2024 Professional Plus LTSC Key Licencia"},"content":{"rendered":"<p><strong>Compra Office 2024 Professional Plus LTSC licencia al mejor precio \u2013  y  con activaci\u00f3n de por vida.<\/strong><\/p>\n<h3><strong>Descripci\u00f3n<\/strong><\/h3>\n<p>Microsoft Office LTSC (Long-Term Servicing Channel) Professional Plus 2024 es un <strong>s\u00f3lido paquete de productividad<\/strong> a medida para <strong>empresas y organizaciones<\/strong> que requieren <strong>estabilidad, seguridad y apoyo a largo plazo<\/strong> sin actualizaciones frecuentes de las funciones. Esta edici\u00f3n incluye <strong>versiones cl\u00e1sicas<\/strong> de las aplicaciones esenciales de Office, proporcionando las herramientas necesarias para la creaci\u00f3n eficiente de documentos, an\u00e1lisis de datos, presentaciones y comunicaci\u00f3n.<\/p>\n<h3><strong>Aplicaciones incluidas<\/strong><\/h3>\n<ul>\n<li><strong>Palabra 2024<\/strong> - Procesador de texto avanzado con funciones de colaboraci\u00f3n mejoradas.<\/li>\n<li><strong>Excel 2024<\/strong> - Potentes herramientas de gesti\u00f3n de hojas de c\u00e1lculo y an\u00e1lisis de datos.<\/li>\n<li><strong>PowerPoint 2024<\/strong> - Creaci\u00f3n din\u00e1mica de presentaciones con nuevas opciones de dise\u00f1o.<\/li>\n<li><strong>Perspectivas 2024<\/strong> - Mejora de la gesti\u00f3n del correo electr\u00f3nico y el calendario.<\/li>\n<li><strong>Acceso 2024<\/strong> - Sistema de gesti\u00f3n de bases de datos para el seguimiento de datos y la elaboraci\u00f3n de informes.<\/li>\n<li><strong>OneNote 2024<\/strong> - Una aplicaci\u00f3n digital para tomar notas que ofrece un \u00fanico lugar para guardarlas todas<\/li>\n<\/ul>\n<h3><strong>Caracter\u00edsticas principales<\/strong><\/h3>\n<p>\u2705 <strong>Ayuda a largo plazo<\/strong> - Ofrece cinco a\u00f1os de asistencia general, lo que garantiza estabilidad y seguridad sin cambios frecuentes.<br \/>\n\u2705 <strong>Accesibilidad mejorada<\/strong> - Herramientas mejoradas para que los documentos sean m\u00e1s accesibles a todos los usuarios.<br \/>\n\u2705 <strong>Interfaz de usuario modernizada<\/strong> - Un dise\u00f1o renovado que se ajusta a las expectativas de los usuarios actuales.<br \/>\n\u2705 <strong>Compatibilidad con OpenDocument Format (ODF) 1.4<\/strong> - Garantiza la compatibilidad con una gama m\u00e1s amplia de formatos de documentos.<br \/>\n\u2705 <strong>An\u00e1lisis avanzado de datos en Excel<\/strong> - Nuevas funciones y matrices din\u00e1micas para una manipulaci\u00f3n de datos m\u00e1s potente.<br \/>\n\u2705 <strong>Mejora de la colaboraci\u00f3n<\/strong> - Integrado con Microsoft Teams para una comunicaci\u00f3n y un trabajo en equipo fluidos.<br \/>\n\u2705 <strong>Mejoras de seguridad<\/strong> - Funciones de seguridad avanzadas para protegerse de las amenazas modernas.<\/p>\n<h3><strong>Requisitos m\u00ednimos del sistema<\/strong><\/h3>\n<ul>\n<li><strong>Procesador<\/strong>: Procesador de doble n\u00facleo a 1,1 GHz o superior.<\/li>\n<li><strong>RAM<\/strong>: 4 GB.<\/li>\n<li><strong>Almacenamiento<\/strong>: 4 GB de espacio disponible en disco.<\/li>\n<li><strong>Mostrar<\/strong>: Resoluci\u00f3n de pantalla 1280 x 768.<\/li>\n<li><strong>Gr\u00e1ficos<\/strong>: Adaptador gr\u00e1fico Direct3D 9.1 o superior con controlador WDDM 1.3 o superior.<\/li>\n<li><strong>Sistema operativo<\/strong>: Windows 11, Windows 10, Windows 10 LTSC 2021, Windows 10 LTSC 2019, Windows Server 2022.<\/li>\n<li><strong>Navegador<\/strong>: Versi\u00f3n actual de Microsoft Edge, Chrome o Firefox.<\/li>\n<li><strong>Marco .NET<\/strong>: Algunas funciones pueden requerir la instalaci\u00f3n de .NET 3.5 o 4.6 y versiones superiores.<\/li>\n<\/ul>\n<h3><strong>\u00bfPor qu\u00e9 elegir Office LTSC Professional Plus 2024?<\/strong><\/h3>\n<p>\ud83d\udd39 <strong>Estabilidad y fiabilidad<\/strong> - Dise\u00f1ado para organizaciones que dan prioridad a un entorno estable sin cambios frecuentes de funciones.<br \/>\n\ud83d\udd39 <strong>Herramientas completas<\/strong> - Incluye todas las aplicaciones esenciales de Office para satisfacer diversas necesidades empresariales.<br \/>\n\ud83d\udd39 <strong>Seguridad reforzada<\/strong> - Construido con medidas de seguridad avanzadas para proteger la informaci\u00f3n sensible.<br \/>\n\ud83d\udd39 <strong>Integraci\u00f3n perfecta<\/strong> - Funciona sin problemas con la infraestructura inform\u00e1tica y los servicios de Microsoft existentes.<br \/>\n\ud83d\udd39 <strong>Rentable<\/strong> - La compra \u00fanica con asistencia a largo plazo reduce la necesidad de actualizaciones frecuentes.<\/p>\n<p>Actualizar a <strong>Microsoft Office LTSC Profesional Plus 2024<\/strong> hoy mismo para dotar a su organizaci\u00f3n de un <strong>suite de productividad estable, segura y eficaz<\/strong> que responda a las exigencias de los entornos empresariales modernos.<\/p>","protected":false},"excerpt":{"rendered":"<p>Microsoft Office LTSC Professional Plus 2024 \u2013 Comprehensive Productivity Suite for Enterprises Description Microsoft Office LTSC (Long-Term Servicing Channel) Professional Plus 2024 is a robust productivity suite tailored for businesses and organizations that require stability, security, and long-term support without frequent feature updates. This edition includes classic versions of essential Office applications, providing tools necessary [&hellip;]<\/p>","protected":false},"featured_media":1078,"comment_status":"open","ping_status":"closed","template":"","meta":{"_gspb_post_css":""},"product_brand":[],"product_cat":[62],"product_tag":[63],"class_list":{"0":"post-940","1":"product","2":"type-product","3":"status-publish","4":"has-post-thumbnail","6":"product_cat-office","7":"product_tag-office-pc","9":"first","10":"instock","11":"shipping-taxable","12":"product-type-external"},"_links":{"self":[{"href":"https:\/\/keysdock.tajnaveza.net\/es\/wp-json\/wp\/v2\/product\/940","targetHints":{"allow":["GET"]}}],"collection":[{"href":"https:\/\/keysdock.tajnaveza.net\/es\/wp-json\/wp\/v2\/product"}],"about":[{"href":"https:\/\/keysdock.tajnaveza.net\/es\/wp-json\/wp\/v2\/types\/product"}],"replies":[{"embeddable":true,"href":"https:\/\/keysdock.tajnaveza.net\/es\/wp-json\/wp\/v2\/comments?post=940"}],"wp:featuredmedia":[{"embeddable":true,"href":"https:\/\/keysdock.tajnaveza.net\/es\/wp-json\/wp\/v2\/media\/1078"}],"wp:attachment":[{"href":"https:\/\/keysdock.tajnaveza.net\/es\/wp-json\/wp\/v2\/media?parent=940"}],"wp:term":[{"taxonomy":"product_brand","embeddable":true,"href":"https:\/\/keysdock.tajnaveza.net\/es\/wp-json\/wp\/v2\/product_brand?post=940"},{"taxonomy":"product_cat","embeddable":true,"href":"https:\/\/keysdock.tajnaveza.net\/es\/wp-json\/wp\/v2\/product_cat?post=940"},{"taxonomy":"product_tag","embeddable":true,"href":"https:\/\/keysdock.tajnaveza.net\/es\/wp-json\/wp\/v2\/product_tag?post=940"}],"curies":[{"name":"wp","href":"https:\/\/api.w.org\/{rel}","templated":true}]}}