{"id":941,"date":"2025-03-15T21:07:21","date_gmt":"2025-03-15T21:07:21","guid":{"rendered":"https:\/\/keysdock.com\/?post_type=product&#038;p=941"},"modified":"2025-10-19T07:30:36","modified_gmt":"2025-10-19T07:30:36","slug":"office-2016-professional-plus-key-licencia","status":"publish","type":"product","link":"https:\/\/keysdock.tajnaveza.net\/es\/producto\/office-2016-professional-plus-key-licencia\/","title":{"rendered":"Office 2016 Professional Plus Key Licencia"},"content":{"rendered":"<p><strong>Microsoft Office 2016 Professional Plus: potente paquete de productividad para empresas y profesionales<\/strong><\/p>\n<h3><strong>Descripci\u00f3n<\/strong><\/h3>\n<p>Microsoft Office 2016 Professional Plus es un <strong>suite de productividad completa y eficaz<\/strong> dise\u00f1ado para <strong>empresas, profesionales y usuarios avanzados<\/strong> que necesitan <strong>s\u00f3lidas herramientas de creaci\u00f3n de documentos, gesti\u00f3n de datos y comunicaci\u00f3n<\/strong>. En <strong>funciones de colaboraci\u00f3n mejoradas, integraci\u00f3n en la nube y mayor seguridad<\/strong>Office 2016 Professional Plus ayuda a agilizar los flujos de trabajo e impulsar la eficiencia en equipos y organizaciones.<\/p>\n<h3><strong>Aplicaciones incluidas<\/strong><\/h3>\n<ul>\n<li><strong>Word 2016<\/strong> - Tratamiento de textos avanzado con nuevas herramientas de colaboraci\u00f3n.<\/li>\n<li><strong>Excel 2016<\/strong> - Funciones de hoja de c\u00e1lculo mejoradas con <strong>Power Query, Power Pivot y nuevos tipos de gr\u00e1ficos<\/strong>.<\/li>\n<li><strong>PowerPoint 2016<\/strong> - Creaci\u00f3n de presentaciones profesionales con <strong>Transici\u00f3n Morph y funci\u00f3n Designer<\/strong>.<\/li>\n<li><strong>Perspectivas 2016<\/strong> - Gesti\u00f3n mejorada del correo electr\u00f3nico y el calendario con <strong>bandeja de entrada centrada y b\u00fasqueda m\u00e1s r\u00e1pida<\/strong>.<\/li>\n<li><strong>Acceso 2016<\/strong> - Gesti\u00f3n de bases de datos para el seguimiento, el an\u00e1lisis y la elaboraci\u00f3n de informes.<\/li>\n<li><strong>Editorial 2016<\/strong> - Dise\u00f1e materiales de marketing y publicaciones de calidad profesional.<\/li>\n<li><strong>OneNote 2016<\/strong> - Toma de notas digital con <strong>sincronizaci\u00f3n en la nube con varios dispositivos<\/strong>.<\/li>\n<li><strong>Skype para empresas<\/strong> - Comunicaci\u00f3n integrada para videollamadas, mensajer\u00eda y reuniones en l\u00ednea.<\/li>\n<\/ul>\n<h3><strong>Caracter\u00edsticas principales<\/strong><\/h3>\n<p>\u2705 <strong>Mejora de la colaboraci\u00f3n<\/strong> - <strong>Coautor\u00eda en tiempo real<\/strong> en Word, PowerPoint y OneNote.<br \/>\n\u2705 <strong>Integraci\u00f3n en la nube<\/strong> - Conectividad sin fisuras con <strong>OneDrive, SharePoint y servicios de Microsoft 365<\/strong>.<br \/>\n\u2705 <strong>An\u00e1lisis de datos mejorado en Excel<\/strong> - Nuevas funciones, gr\u00e1ficos y herramientas de visualizaci\u00f3n de datos.<br \/>\n\u2705 <strong>Mejor gesti\u00f3n del correo electr\u00f3nico en Outlook<\/strong> - <strong>Bandeja de entrada centrada, archivos adjuntos m\u00e1s inteligentes y filtrado mejorado<\/strong>.<br \/>\n\u2705 <strong>B\u00fasqueda inteligente<\/strong> - Integrado <strong>Herramienta de investigaci\u00f3n de Bing<\/strong> para recuperar informaci\u00f3n r\u00e1pidamente.<br \/>\n\u2705 <strong>Art\u00edculo Tell Me<\/strong> - A <strong>asistente de ayuda integrado<\/strong> para encontrar caracter\u00edsticas m\u00e1s r\u00e1pidamente.<br \/>\n\u2705 <strong>Seguridad y conformidad mejoradas<\/strong> - <strong>Prevenci\u00f3n de p\u00e9rdida de datos (DLP)<\/strong> y <strong>autenticaci\u00f3n multifactor<\/strong> para mejorar la seguridad.<br \/>\n\u2705 <strong>Cinta e interfaz personalizables<\/strong> - Personalice f\u00e1cilmente las barras de herramientas y los comandos para mejorar la eficacia del flujo de trabajo.<br \/>\n\u2705 <strong>Compra \u00fanica<\/strong> - No requiere suscripci\u00f3n, por lo que es un <strong>soluci\u00f3n rentable<\/strong> para las empresas.<\/p>\n<h3><strong>Requisitos m\u00ednimos del sistema<\/strong><\/h3>\n<ul>\n<li><strong>Procesador<\/strong>: Procesador de 1 GHz o superior, x86 o x64 bits con conjunto de instrucciones SSE2<\/li>\n<li><strong>RAM<\/strong>: 2 GB (32 bits) \/ 4 GB (64 bits)<\/li>\n<li><strong>Almacenamiento<\/strong>: 3 GB de espacio disponible en disco<\/li>\n<li><strong>Mostrar<\/strong>: Resoluci\u00f3n de 1280\u00d7800 o superior<\/li>\n<li><strong>Sistema operativo<\/strong>: Windows 7, Windows 8, Windows 8.1, Windows 10, Windows Server 2008 R2, Windows Server 2012<\/li>\n<li><strong>Gr\u00e1ficos<\/strong>: Se recomienda una GPU compatible con DirectX 10<\/li>\n<li><strong>Conexi\u00f3n a Internet<\/strong>: Necesario para la activaci\u00f3n, las actualizaciones y los servicios en l\u00ednea.<\/li>\n<\/ul>\n<h3><strong>\u00bfPor qu\u00e9 elegir Microsoft Office 2016 Professional Plus?<\/strong><\/h3>\n<p>\ud83d\udd39 <strong>Perfecto para empresas y profesionales<\/strong> - Herramientas repletas de funciones para la creaci\u00f3n de documentos, la gesti\u00f3n de datos y la comunicaci\u00f3n.<br \/>\n\ud83d\udd39 <strong>Estable y fiable<\/strong> - Rendimiento probado con asistencia a largo plazo y actualizaciones de seguridad.<br \/>\n\ud83d\udd39 <strong>Nube y colaboraci\u00f3n sin fisuras<\/strong> - Conectar con <strong>OneDrive, SharePoint y Skype Empresarial<\/strong>.<br \/>\n\ud83d\udd39 <strong>Gesti\u00f3n avanzada de datos y correo electr\u00f3nico<\/strong> - <strong>Power Query de Excel, Power Pivot y el filtrado inteligente de Outlook<\/strong>.<br \/>\n\ud83d\udd39 <strong>Compra \u00fanica<\/strong> - Sin cuotas recurrentes, lo que ofrece valor a largo plazo para las empresas.<\/p>\n<p>Actualizar a <strong>Microsoft Office 2016 Professional Plus<\/strong> hoy y <strong>aumente su productividad con funciones avanzadas de gesti\u00f3n de documentos, colaboraci\u00f3n y seguridad<\/strong>\u00a1! \ud83d\ude80\ud83d\udcca\ud83d\udce7<\/p>","protected":false},"excerpt":{"rendered":"<p>Microsoft Office 2016 Professional Plus \u2013 Powerful Productivity Suite for Businesses &amp; Professionals Description Microsoft Office 2016 Professional Plus is a comprehensive and efficient productivity suite designed for businesses, professionals, and power users who need robust document creation, data management, and communication tools. With enhanced collaboration features, cloud integration, and improved security, Office 2016 Professional [&hellip;]<\/p>","protected":false},"featured_media":1079,"comment_status":"open","ping_status":"closed","template":"","meta":{"_gspb_post_css":""},"product_brand":[],"product_cat":[62],"product_tag":[63],"class_list":{"0":"post-941","1":"product","2":"type-product","3":"status-publish","4":"has-post-thumbnail","6":"product_cat-office","7":"product_tag-office-pc","9":"first","10":"instock","11":"shipping-taxable","12":"product-type-external"},"_links":{"self":[{"href":"https:\/\/keysdock.tajnaveza.net\/es\/wp-json\/wp\/v2\/product\/941","targetHints":{"allow":["GET"]}}],"collection":[{"href":"https:\/\/keysdock.tajnaveza.net\/es\/wp-json\/wp\/v2\/product"}],"about":[{"href":"https:\/\/keysdock.tajnaveza.net\/es\/wp-json\/wp\/v2\/types\/product"}],"replies":[{"embeddable":true,"href":"https:\/\/keysdock.tajnaveza.net\/es\/wp-json\/wp\/v2\/comments?post=941"}],"wp:featuredmedia":[{"embeddable":true,"href":"https:\/\/keysdock.tajnaveza.net\/es\/wp-json\/wp\/v2\/media\/1079"}],"wp:attachment":[{"href":"https:\/\/keysdock.tajnaveza.net\/es\/wp-json\/wp\/v2\/media?parent=941"}],"wp:term":[{"taxonomy":"product_brand","embeddable":true,"href":"https:\/\/keysdock.tajnaveza.net\/es\/wp-json\/wp\/v2\/product_brand?post=941"},{"taxonomy":"product_cat","embeddable":true,"href":"https:\/\/keysdock.tajnaveza.net\/es\/wp-json\/wp\/v2\/product_cat?post=941"},{"taxonomy":"product_tag","embeddable":true,"href":"https:\/\/keysdock.tajnaveza.net\/es\/wp-json\/wp\/v2\/product_tag?post=941"}],"curies":[{"name":"wp","href":"https:\/\/api.w.org\/{rel}","templated":true}]}}