{"id":944,"date":"2025-03-15T21:07:21","date_gmt":"2025-03-15T21:07:21","guid":{"rendered":"https:\/\/keysdock.com\/?post_type=product&#038;p=944"},"modified":"2025-10-19T07:30:19","modified_gmt":"2025-10-19T07:30:19","slug":"office-2016-home-business-mac-key-licencia","status":"publish","type":"product","link":"https:\/\/keysdock.tajnaveza.net\/es\/producto\/office-2016-home-business-mac-key-licencia\/","title":{"rendered":"Office 2016 Home &#038; Business MAC Product Key Lifetime License"},"content":{"rendered":"<div class=\"woocommerce-tabs wc-tabs-wrapper\">\n<div id=\"tab-description\" class=\"woocommerce-Tabs-panel woocommerce-Tabs-panel--description panel entry-content wc-tab\" role=\"tabpanel\" aria-labelledby=\"tab-title-description\">\n<div class=\"vc_row wpb_row vc_row-fluid\">\n<div class=\"wpb_column vc_column_container vc_col-sm-12\">\n<div class=\"vc_column-inner\">\n<div class=\"wpb_wrapper\">\n<div class=\"wpb_text_column wpb_content_element\">\n<div class=\"wpb_wrapper\"><\/div>\n<\/div>\n<\/div>\n<\/div>\n<\/div>\n<\/div>\n<\/div>\n<\/div>\n<div id=\"judgeme_product_reviews\" class=\"jdgm-widget jdgm-review-widget jdgm--done-setup-widget\" data-product-title=\"Microsoft Office 2016 Home &amp; Business for MAC Bind\" data-id=\"2274\" data-widget-name=\"review_widget\" data-impressions-tracked=\"true\" data-views-tracked=\"true\">\n<div class=\"jdgm-rev-widg\" data-updated-at=\"2025-02-10T10:37:55Z\" data-average-rating=\"4.78\" data-number-of-reviews=\"36\" data-number-of-questions=\"0\">\n<div class=\"jdgm-rev-widg__header\">\n<p><strong>Microsoft Office 2016 Hogar y Empresa para Mac - Suite de productividad esencial para profesionales<\/strong><\/p>\n<h3><strong>Descripci\u00f3n<\/strong><\/h3>\n<p>Microsoft Office 2016 Hogar y Empresa para Mac es un <strong>suite de productividad potente y vers\u00e1til<\/strong> dise\u00f1ado para <strong>profesionales, peque\u00f1as empresas y usuarios dom\u00e9sticos<\/strong> que necesitan aplicaciones esenciales de Office para la creaci\u00f3n de documentos, la comunicaci\u00f3n y la gesti\u00f3n de datos. Optimizado para <strong>macOS<\/strong>Esta edici\u00f3n ofrece una interfaz familiar pero moderna, <strong>integraci\u00f3n perfecta con el ecosistema de Apple<\/strong>y mejorado <strong>conectividad en la nube<\/strong> para un flujo de trabajo m\u00e1s productivo.<\/p>\n<h3><strong>Aplicaciones incluidas<\/strong><\/h3>\n<ul>\n<li><strong>Word 2016 para Mac<\/strong> - Procesador de texto avanzado con herramientas profesionales de edici\u00f3n y formato.<\/li>\n<li><strong>Excel 2016 para Mac<\/strong> - Potente gesti\u00f3n de hojas de c\u00e1lculo con nuevos tipos de gr\u00e1ficos y f\u00f3rmulas.<\/li>\n<li><strong>PowerPoint 2016 para Mac<\/strong> - Cree presentaciones asombrosas con transiciones de diapositivas y herramientas de dise\u00f1o.<\/li>\n<li><strong>Outlook 2016 para Mac<\/strong> - Gestione eficazmente correos electr\u00f3nicos, calendarios y contactos.<\/li>\n<li><strong>OneNote 2016 para Mac<\/strong> - Toma de notas y organizaci\u00f3n digital con sincronizaci\u00f3n en la nube entre dispositivos.<\/li>\n<\/ul>\n<h3><strong>Caracter\u00edsticas principales<\/strong><\/h3>\n<p>\u2705 <strong>Optimizado para macOS<\/strong> - Compatibilidad nativa con <strong>Pantalla Retina para Mac<\/strong>Vista a pantalla completa y gestos Multi-Touch.<br \/>\n\u2705 <strong>Integraci\u00f3n perfecta en la nube<\/strong> - Guarda documentos y accede a ellos en cualquier momento con <strong>OneDrive y SharePoint<\/strong> apoyo.<br \/>\n\u2705 <strong>Mejora de la colaboraci\u00f3n<\/strong> - Coautor\u00eda en tiempo real en <strong>Word, Excel y PowerPoint<\/strong> para la productividad del equipo.<br \/>\n\u2705 <strong>Funciones mejoradas de Outlook<\/strong> - <strong>Mejor gesti\u00f3n del correo electr\u00f3nico, programaci\u00f3n y bandeja de entrada centrada<\/strong>.<br \/>\n\u2705 <strong>An\u00e1lisis de datos en Excel<\/strong> - Novedad <strong>PivotTable Slicers, gr\u00e1ficos y herramientas de f\u00f3rmulas<\/strong> para una mejor comprensi\u00f3n.<br \/>\n\u2705 <strong>Herramienta inteligente de b\u00fasqueda e investigaci\u00f3n<\/strong> - Encuentre r\u00e1pidamente la informaci\u00f3n relevante directamente desde los documentos.<br \/>\n\u2705 <strong>Nueva interfaz de cinta<\/strong> - Un dise\u00f1o simplificado de la barra de herramientas para mejorar la navegaci\u00f3n y la eficacia.<br \/>\n\u2705 <strong>Guardado autom\u00e1tico e historial de versiones<\/strong> - Guarda y restaura autom\u00e1ticamente versiones anteriores de archivos.<br \/>\n\u2705 <strong>Compra \u00fanica<\/strong> - Una licencia permanente con <strong>sin cuotas de suscripci\u00f3n<\/strong>.<\/p>\n<h3><strong>Requisitos m\u00ednimos del sistema<\/strong><\/h3>\n<ul>\n<li><strong>Procesador<\/strong>: Procesador Mac basado en Intel<\/li>\n<li><strong>RAM<\/strong>: 4 GB o m\u00e1s<\/li>\n<li><strong>Almacenamiento<\/strong>6 GB de espacio disponible en disco<\/li>\n<li><strong>Mostrar<\/strong>: Resoluci\u00f3n de 1280\u00d7800 o superior<\/li>\n<li><strong>Sistema operativo<\/strong>macOS 10.10 (Yosemite) o posterior<\/li>\n<li><strong>Conexi\u00f3n a Internet<\/strong>: Necesario para la activaci\u00f3n, las actualizaciones y las funciones en la nube.<\/li>\n<\/ul>\n<h3><strong>\u00bfPor qu\u00e9 elegir Microsoft Office 2016 Hogar y Empresa para Mac?<\/strong><\/h3>\n<p>\ud83d\udd39 <strong>Ideal para hogares y peque\u00f1as empresas<\/strong> - Un paquete profesional para <strong>creaci\u00f3n de documentos, gesti\u00f3n de datos y comunicaci\u00f3n<\/strong>.<br \/>\n\ud83d\udd39 <strong>Integraci\u00f3n perfecta con Mac<\/strong> - Dise\u00f1ado para trabajar <strong>perfectamente con el ecosistema de Apple<\/strong> y funciones de macOS.<br \/>\n\ud83d\udd39 <strong>Colaboraci\u00f3n mejorada y acceso a la nube<\/strong> - Trabaja en todos los dispositivos con <strong>Compatibilidad con OneDrive y SharePoint<\/strong>.<br \/>\n\ud83d\udd39 <strong>Compra \u00fanica, sin suscripci\u00f3n<\/strong> - Office 2016 para Mac <strong>para siempre sin costes recurrentes<\/strong>.<br \/>\n\ud83d\udd39 <strong>Fiabilidad y seguridad<\/strong> - Mantenga a salvo sus archivos y comunicaciones con <strong>actualizaciones peri\u00f3dicas de seguridad<\/strong>.<\/p>\n<p>Actualizar a <strong>Microsoft Office 2016 Hogar y Empresa para Mac<\/strong> hoy y <strong>aumente su productividad con un paquete Office seguro, optimizado para macOS y repleto de funciones<\/strong>\u00a1! \ud83d\ude80\ud83d\udcbb\ud83d\udcca<\/p>\n<\/div>\n<\/div>\n<\/div>","protected":false},"excerpt":{"rendered":"<p>Microsoft Office 2016 Home &amp; Business for Mac \u2013 Essential Productivity Suite for Professionals Description Microsoft Office 2016 Home &amp; Business for Mac is a powerful and versatile productivity suite designed for professionals, small businesses, and home users who need essential Office applications for document creation, communication, and data management. Optimized for macOS, this edition [&hellip;]<\/p>","protected":false},"featured_media":962,"comment_status":"open","ping_status":"closed","template":"","meta":{"_gspb_post_css":""},"product_brand":[],"product_cat":[62],"product_tag":[64],"class_list":{"0":"post-944","1":"product","2":"type-product","3":"status-publish","4":"has-post-thumbnail","6":"product_cat-office","7":"product_tag-office-mac","9":"first","10":"instock","11":"shipping-taxable","12":"product-type-external"},"_links":{"self":[{"href":"https:\/\/keysdock.tajnaveza.net\/es\/wp-json\/wp\/v2\/product\/944","targetHints":{"allow":["GET"]}}],"collection":[{"href":"https:\/\/keysdock.tajnaveza.net\/es\/wp-json\/wp\/v2\/product"}],"about":[{"href":"https:\/\/keysdock.tajnaveza.net\/es\/wp-json\/wp\/v2\/types\/product"}],"replies":[{"embeddable":true,"href":"https:\/\/keysdock.tajnaveza.net\/es\/wp-json\/wp\/v2\/comments?post=944"}],"wp:featuredmedia":[{"embeddable":true,"href":"https:\/\/keysdock.tajnaveza.net\/es\/wp-json\/wp\/v2\/media\/962"}],"wp:attachment":[{"href":"https:\/\/keysdock.tajnaveza.net\/es\/wp-json\/wp\/v2\/media?parent=944"}],"wp:term":[{"taxonomy":"product_brand","embeddable":true,"href":"https:\/\/keysdock.tajnaveza.net\/es\/wp-json\/wp\/v2\/product_brand?post=944"},{"taxonomy":"product_cat","embeddable":true,"href":"https:\/\/keysdock.tajnaveza.net\/es\/wp-json\/wp\/v2\/product_cat?post=944"},{"taxonomy":"product_tag","embeddable":true,"href":"https:\/\/keysdock.tajnaveza.net\/es\/wp-json\/wp\/v2\/product_tag?post=944"}],"curies":[{"name":"wp","href":"https:\/\/api.w.org\/{rel}","templated":true}]}}