{"id":946,"date":"2025-03-15T21:07:21","date_gmt":"2025-03-15T21:07:21","guid":{"rendered":"https:\/\/keysdock.com\/?post_type=product&#038;p=946"},"modified":"2025-10-19T07:29:58","modified_gmt":"2025-10-19T07:29:58","slug":"office-2021-home-business-mac-key-licencia","status":"publish","type":"product","link":"https:\/\/keysdock.tajnaveza.net\/es\/producto\/office-2021-home-business-mac-key-licencia\/","title":{"rendered":"Office 2021 Home &#038; Business MAC Product Key Lifetime License"},"content":{"rendered":"<p><strong>Microsoft Office 2021 Hogar y Peque\u00f1a Empresa para Mac: el paquete de productividad definitivo para profesionales y peque\u00f1as empresas<\/strong><\/p>\n<h3><strong>Descripci\u00f3n<\/strong><\/h3>\n<p>Microsoft Office 2021 Hogar y Empresa para Mac es un <strong>suite de productividad optimizada y repleta de funciones<\/strong> dise\u00f1ado para <strong>profesionales, peque\u00f1as empresas y usuarios dom\u00e9sticos<\/strong> que necesitan herramientas fiables para <strong>creaci\u00f3n de documentos, gesti\u00f3n de datos, comunicaci\u00f3n y presentaciones<\/strong>. Construido para <strong>macOS<\/strong>Esta edici\u00f3n ofrece <strong>interfaz de usuario renovada, mayor rendimiento y mejores funciones de colaboraci\u00f3n<\/strong>, garantizando un flujo de trabajo fluido y eficaz.<\/p>\n<p>Con <strong>un modelo de compra \u00fanica<\/strong>Office 2021 Hogar y Empresa para Mac proporciona todas las aplicaciones esenciales de Office sin necesidad de suscripci\u00f3n, lo que lo convierte en una soluci\u00f3n rentable y a largo plazo.<\/p>\n<h3><strong>Aplicaciones incluidas<\/strong><\/h3>\n<ul>\n<li><strong>Word 2021 para Mac<\/strong> - Tratamiento de textos profesional con herramientas mejoradas de formateo y colaboraci\u00f3n.<\/li>\n<li><strong>Excel 2021 para Mac<\/strong> - Hojas de c\u00e1lculo avanzadas con <strong>nuevas funciones como XLOOKUP, LET y matrices din\u00e1micas<\/strong>.<\/li>\n<li><strong>PowerPoint 2021 para Mac<\/strong> - Cree presentaciones asombrosas con <strong>transiciones mejoradas, exportaci\u00f3n de v\u00eddeo 4K y una interfaz de usuario redise\u00f1ada<\/strong>.<\/li>\n<li><strong>Outlook 2021 para Mac<\/strong> - Gesti\u00f3n mejorada del correo electr\u00f3nico con <strong>una bandeja de entrada centrada, b\u00fasqueda m\u00e1s r\u00e1pida y @menciones<\/strong>.<\/li>\n<li><strong>OneNote para Mac<\/strong> - Un cuaderno digital para organizar notas, tareas e ideas.<\/li>\n<\/ul>\n<h3><strong>Caracter\u00edsticas principales<\/strong><\/h3>\n<p>\u2705 <strong>Optimizado para macOS<\/strong> - <strong>Compatibilidad nativa con Apple Silicon (chips M1 y M2)<\/strong> y <strong>macOS Monterey y posteriores<\/strong>.<br \/>\n\u2705 <strong>Integraci\u00f3n perfecta en la nube<\/strong> - Guarde documentos y acceda a ellos en cualquier lugar con <strong>OneDrive y SharePoint<\/strong>.<br \/>\n\u2705 <strong>Colaboraci\u00f3n en tiempo real<\/strong> - Trabajar juntos en documentos con <strong>funciones de coautor\u00eda y autoguardado<\/strong>.<br \/>\n\u2705 <strong>Mejoras de rendimiento y velocidad<\/strong> - M\u00e1s r\u00e1pido <strong>tiempos de arranque, mejor capacidad de respuesta y transiciones de interfaz de usuario m\u00e1s fluidas.<\/strong>.<br \/>\n\u2705 <strong>Nuevas funciones de Excel<\/strong> - <strong>XLOOKUP, matrices din\u00e1micas, funci\u00f3n LET y nuevos tipos de datos<\/strong> para un mejor an\u00e1lisis.<br \/>\n\u2705 <strong>Mejoras de PowerPoint<\/strong> - <strong>Transiciones Morph, mejores grabaciones de diapositivas y manejo mejorado de soportes<\/strong>.<br \/>\n\u2705 <strong>Mejoras en Outlook<\/strong> - <strong>Nueva herramienta de traducci\u00f3n, actualizaciones del calendario y b\u00fasqueda mejorada para una gesti\u00f3n m\u00e1s r\u00e1pida del correo electr\u00f3nico.<\/strong>.<br \/>\n\u2705 <strong>Guardado autom\u00e1tico e historial de versiones<\/strong> - Guarda autom\u00e1ticamente los cambios y restaura las versiones anteriores de los archivos.<br \/>\n\u2705 <strong>Compra \u00fanica, sin suscripci\u00f3n<\/strong> - Disfruta <strong>acceso permanente<\/strong> sin cuotas mensuales ni anuales.<\/p>\n<h3><strong>Requisitos m\u00ednimos del sistema<\/strong><\/h3>\n<ul>\n<li><strong>Procesador<\/strong>: Mac basado en Intel o Apple Silicon (M1\/M2)<\/li>\n<li><strong>RAM<\/strong>: 4 GB m\u00ednimo<\/li>\n<li><strong>Almacenamiento<\/strong>: 10 GB de espacio disponible en disco<\/li>\n<li><strong>Mostrar<\/strong>: Resoluci\u00f3n de 1280\u00d7800 o superior<\/li>\n<li><strong>Sistema operativo<\/strong>macOS Monterey (12.0) o posterior<\/li>\n<li class=\"translation-block\"><strong>Conexi\u00f3n a Internet<\/strong>: Necesaria para la activaci\u00f3n, actualizaciones y servicios en la nube.<\/li>\n<\/ul>\n<h3><strong>\u00bfPor qu\u00e9 elegir Microsoft Office 2021 Hogar y Empresa para Mac?<\/strong><\/h3>\n<p>\ud83d\udd39 <strong>Perfecto para usuarios dom\u00e9sticos y profesionales<\/strong> - Consiga una suite de productividad completa para <strong>documentos, hojas de c\u00e1lculo, correos electr\u00f3nicos y presentaciones<\/strong>.<br \/>\n\ud83d\udd39 <strong>Optimizado para macOS y Apple Silicon<\/strong> - Carreras <strong>sin problemas en MacBook, iMac, Mac Mini y Mac Studio<\/strong>.<br \/>\n\ud83d\udd39 <strong>Colaboraci\u00f3n sin fisuras<\/strong> - Trabajar eficazmente con <strong>OneDrive, SharePoint y herramientas de coautor\u00eda<\/strong>.<br \/>\n\ud83d\udd39 <strong>Potentes funciones de productividad<\/strong> - <strong>Funciones mejoradas de Excel, animaciones de PowerPoint y gesti\u00f3n m\u00e1s inteligente del correo electr\u00f3nico.<\/strong>.<br \/>\n\ud83d\udd39 <strong>No requiere suscripci\u00f3n<\/strong> - <strong>Compra \u00fanica<\/strong>garantizando un valor a largo plazo sin costes continuos.<\/p>\n<p>Actualizar a <strong>Microsoft Office 2021 Hogar y Empresa para Mac<\/strong> hoy y <strong>mejore su productividad con el paquete Office m\u00e1s reciente y potente para macOS<\/strong>\u00a1! \ud83d\ude80\ud83d\udcbb\ud83d\udcca<\/p>","protected":false},"excerpt":{"rendered":"<p>Microsoft Office 2021 Home &amp; Business for Mac \u2013 The Ultimate Productivity Suite for Professionals &amp; Small Businesses Description Microsoft Office 2021 Home &amp; Business for Mac is a feature-rich and optimized productivity suite designed for professionals, small businesses, and home users who need reliable tools for document creation, data management, communication, and presentations. Built [&hellip;]<\/p>","protected":false},"featured_media":984,"comment_status":"open","ping_status":"closed","template":"","meta":{"_gspb_post_css":""},"product_brand":[],"product_cat":[62],"product_tag":[64],"class_list":{"0":"post-946","1":"product","2":"type-product","3":"status-publish","4":"has-post-thumbnail","6":"product_cat-office","7":"product_tag-office-mac","9":"first","10":"instock","11":"shipping-taxable","12":"product-type-external"},"_links":{"self":[{"href":"https:\/\/keysdock.tajnaveza.net\/es\/wp-json\/wp\/v2\/product\/946","targetHints":{"allow":["GET"]}}],"collection":[{"href":"https:\/\/keysdock.tajnaveza.net\/es\/wp-json\/wp\/v2\/product"}],"about":[{"href":"https:\/\/keysdock.tajnaveza.net\/es\/wp-json\/wp\/v2\/types\/product"}],"replies":[{"embeddable":true,"href":"https:\/\/keysdock.tajnaveza.net\/es\/wp-json\/wp\/v2\/comments?post=946"}],"wp:featuredmedia":[{"embeddable":true,"href":"https:\/\/keysdock.tajnaveza.net\/es\/wp-json\/wp\/v2\/media\/984"}],"wp:attachment":[{"href":"https:\/\/keysdock.tajnaveza.net\/es\/wp-json\/wp\/v2\/media?parent=946"}],"wp:term":[{"taxonomy":"product_brand","embeddable":true,"href":"https:\/\/keysdock.tajnaveza.net\/es\/wp-json\/wp\/v2\/product_brand?post=946"},{"taxonomy":"product_cat","embeddable":true,"href":"https:\/\/keysdock.tajnaveza.net\/es\/wp-json\/wp\/v2\/product_cat?post=946"},{"taxonomy":"product_tag","embeddable":true,"href":"https:\/\/keysdock.tajnaveza.net\/es\/wp-json\/wp\/v2\/product_tag?post=946"}],"curies":[{"name":"wp","href":"https:\/\/api.w.org\/{rel}","templated":true}]}}