{"id":949,"date":"2025-03-15T21:07:21","date_gmt":"2025-03-15T21:07:21","guid":{"rendered":"https:\/\/keysdock.com\/?post_type=product&#038;p=949"},"modified":"2025-10-19T07:29:23","modified_gmt":"2025-10-19T07:29:23","slug":"office-2019-professional-plus-key-licencia","status":"publish","type":"product","link":"https:\/\/keysdock.tajnaveza.net\/es\/producto\/office-2019-professional-plus-key-licencia\/","title":{"rendered":"Office 2019 Professional Plus Key Licencia"},"content":{"rendered":"<p><strong>Microsoft Office 2019 Professional Plus: la suite de productividad definitiva para empresas y profesionales<\/strong><\/p>\n<h3><strong>Descripci\u00f3n<\/strong><\/h3>\n<p>Microsoft Office 2019 Professional Plus es un <strong>suite de productividad potente, rica en funciones y de nivel empresarial<\/strong> dise\u00f1ado para <strong>empresas, profesionales y organizaciones<\/strong> que requieren <strong>herramientas avanzadas de creaci\u00f3n de documentos, gesti\u00f3n de datos y colaboraci\u00f3n<\/strong>. Con <strong>seguridad, conectividad en la nube y funciones de productividad<\/strong>, Office 2019 Professional Plus ofrece una soluci\u00f3n sin fisuras <strong>experiencia laboral offline y online<\/strong> sin necesidad de suscripci\u00f3n.<\/p>\n<p>Este <strong>compra \u00fanica<\/strong> es perfecta para quienes necesitan <strong>fiabilidad a largo plazo y potentes aplicaciones de Office<\/strong> sin actualizaciones frecuentes ni dependencias de la nube.<\/p>\n<h3><strong>Aplicaciones incluidas<\/strong><\/h3>\n<ul>\n<li><strong>Palabra 2019<\/strong> - Procesador de texto avanzado con herramientas mejoradas de colaboraci\u00f3n y formato.<\/li>\n<li><strong>Excel 2019<\/strong> - Hojas de c\u00e1lculo mejoradas con <strong>nuevas funciones de an\u00e1lisis de datos, Power Query, Power Pivot y gr\u00e1ficos<\/strong>.<\/li>\n<li><strong>PowerPoint 2019<\/strong> - Cree presentaciones atractivas con <strong>Transici\u00f3n Morph, exportaci\u00f3n de v\u00eddeo 4K y funci\u00f3n Zoom<\/strong>.<\/li>\n<li><strong>Outlook 2019<\/strong> - Gesti\u00f3n eficaz del correo electr\u00f3nico y el calendario con <strong>bandeja de entrada centrada y b\u00fasqueda mejorada<\/strong>.<\/li>\n<li><strong>Access 2019<\/strong> - Un potente sistema de gesti\u00f3n de bases de datos para <strong>seguimiento de datos, automatizaci\u00f3n e informes<\/strong>.<\/li>\n<li><strong>Editorial 2019<\/strong> - Cree materiales de marketing y publicaciones empresariales de calidad profesional.<\/li>\n<li><strong>OneNote<\/strong> - Toma de notas digital con <strong>sincronizaci\u00f3n en la nube para organizaci\u00f3n y accesibilidad<\/strong>.<\/li>\n<li><strong>Skype para empresas<\/strong> - Herramientas de comunicaci\u00f3n integradas para <strong>videoconferencia y mensajer\u00eda<\/strong>.<\/li>\n<\/ul>\n<h3><strong>Caracter\u00edsticas principales<\/strong><\/h3>\n<p>\u2705 <strong>Compra \u00fanica, sin suscripci\u00f3n<\/strong> - <strong>Office 2019 en propiedad de forma permanente<\/strong> sin cuotas peri\u00f3dicas.<br \/>\n\u2705 <strong>Herramientas de productividad mejoradas<\/strong> - <strong>Funciones basadas en IA<\/strong> en Word, Excel y Outlook para mejorar la eficacia.<br \/>\n\u2705 <strong>Opciones de almacenamiento local y en la nube<\/strong> - Guardar documentos y acceder a ellos <strong>localmente o a trav\u00e9s de OneDrive y SharePoint<\/strong>.<br \/>\n\u2705 <strong>An\u00e1lisis avanzado de datos en Excel<\/strong> - Utilizaci\u00f3n <strong>XLOOKUP, nuevos gr\u00e1ficos y Power Query<\/strong> para conocer mejor los datos.<br \/>\n\u2705 <strong>Gesti\u00f3n m\u00e1s inteligente del correo electr\u00f3nico en Outlook<\/strong> - <strong>Bandeja de entrada centrada, @menciones y calendario mejorado<\/strong>.<br \/>\n\u2705 <strong>Funciones de colaboraci\u00f3n mejoradas<\/strong> - <strong>Coautor\u00eda en tiempo real<\/strong> en Word y PowerPoint para el trabajo en equipo.<br \/>\n\u2705 <strong>Seguridad y conformidad mejoradas<\/strong> - <strong>Prevenci\u00f3n de p\u00e9rdida de datos (DLP), autenticaci\u00f3n multifactor y cifrado de archivos integrados.<\/strong>.<br \/>\n\u2705 <strong>Interfaz de usuario modernizada<\/strong> - A <strong>dise\u00f1o m\u00e1s limpio e intuitivo<\/strong> para aumentar la productividad.<br \/>\n\u2705 <strong>Mayor rendimiento y estabilidad<\/strong> - Respuesta m\u00e1s r\u00e1pida de la aplicaci\u00f3n, <strong>tiempos de arranque optimizados y multitarea mejorada<\/strong>.<\/p>\n<h3><strong>Requisitos m\u00ednimos del sistema<\/strong><\/h3>\n<ul>\n<li class=\"translation-block\"><strong>Procesador<\/strong>: 1,6 GHz o m\u00e1s r\u00e1pido, procesador de doble n\u00facleo.<\/li>\n<li class=\"translation-block\"><strong>RAM<\/strong>: 4 GB (64 bits) \/ 2 GB (32 bits)<\/li>\n<li class=\"translation-block\"><strong>Almacenamiento<\/strong>: 4 GB de espacio disponible en disco.<\/li>\n<li class=\"translation-block\"><strong>Pantalla<\/strong>: resoluci\u00f3n de 1280\u00d7768 o superior.<\/li>\n<li><strong>Sistema operativo<\/strong>: Windows 10, Windows 11, Windows Server 2019<\/li>\n<li class=\"translation-block\"><strong>Gr\u00e1ficos<\/strong>: DirectX 9 o posterior con controlador WDDM 2.0+.<\/li>\n<li class=\"translation-block\"><strong>Conexi\u00f3n a Internet<\/strong>: Necesaria para la activaci\u00f3n, actualizaciones y servicios en la nube.<\/li>\n<\/ul>\n<h3><strong>Por qu\u00e9 elegir Microsoft Office 2019 Professional Plus?<\/strong><\/h3>\n<p>\ud83d\udd39 <strong>Lo mejor para empresas y usuarios avanzados<\/strong> - Repleto de funciones para <strong>creaci\u00f3n de documentos, gesti\u00f3n de datos y comunicaci\u00f3n profesional<\/strong>.<br \/>\n\ud83d\udd39 <strong>Sin cuotas peri\u00f3dicas<\/strong> - <strong>Compra \u00fanica<\/strong> garantiza la rentabilidad a lo largo del tiempo.<br \/>\n\ud83d\udd39 <strong>Integraci\u00f3n perfecta<\/strong> - Funciona con <strong>OneDrive, SharePoint y Exchange<\/strong> para la productividad empresarial.<br \/>\n\ud83d\udd39 <strong>Potentes herramientas de datos<\/strong> - Avanzado <strong>Funciones de Excel, transiciones de PowerPoint y automatizaci\u00f3n de Outlook<\/strong>.<br \/>\n\ud83d\udd39 <strong>Fiabilidad y seguridad<\/strong> - <strong>Seguridad y conformidad de nivel empresarial<\/strong> para proteger los datos empresariales confidenciales.<\/p>\n<p>Actualizar a <strong>Microsoft Office 2019 Professional Plus<\/strong> hoy y experimente <strong>una suite de productividad potente, segura y eficaz<\/strong> \u00a1construido para las empresas modernas! \ud83d\ude80\ud83d\udcbb\ud83d\udcca<\/p>","protected":false},"excerpt":{"rendered":"<p>Microsoft Office 2019 Professional Plus \u2013 The Ultimate Productivity Suite for Businesses &amp; Professionals Description Microsoft Office 2019 Professional Plus is a powerful, feature-rich, and enterprise-level productivity suite designed for businesses, professionals, and organizations that require advanced document creation, data management, and collaboration tools. With enhanced security, cloud connectivity, and productivity features, Office 2019 Professional [&hellip;]<\/p>","protected":false},"featured_media":1080,"comment_status":"open","ping_status":"closed","template":"","meta":{"_gspb_post_css":""},"product_brand":[],"product_cat":[62],"product_tag":[63],"class_list":{"0":"post-949","1":"product","2":"type-product","3":"status-publish","4":"has-post-thumbnail","6":"product_cat-office","7":"product_tag-office-pc","9":"first","10":"instock","11":"shipping-taxable","12":"product-type-external"},"_links":{"self":[{"href":"https:\/\/keysdock.tajnaveza.net\/es\/wp-json\/wp\/v2\/product\/949","targetHints":{"allow":["GET"]}}],"collection":[{"href":"https:\/\/keysdock.tajnaveza.net\/es\/wp-json\/wp\/v2\/product"}],"about":[{"href":"https:\/\/keysdock.tajnaveza.net\/es\/wp-json\/wp\/v2\/types\/product"}],"replies":[{"embeddable":true,"href":"https:\/\/keysdock.tajnaveza.net\/es\/wp-json\/wp\/v2\/comments?post=949"}],"wp:featuredmedia":[{"embeddable":true,"href":"https:\/\/keysdock.tajnaveza.net\/es\/wp-json\/wp\/v2\/media\/1080"}],"wp:attachment":[{"href":"https:\/\/keysdock.tajnaveza.net\/es\/wp-json\/wp\/v2\/media?parent=949"}],"wp:term":[{"taxonomy":"product_brand","embeddable":true,"href":"https:\/\/keysdock.tajnaveza.net\/es\/wp-json\/wp\/v2\/product_brand?post=949"},{"taxonomy":"product_cat","embeddable":true,"href":"https:\/\/keysdock.tajnaveza.net\/es\/wp-json\/wp\/v2\/product_cat?post=949"},{"taxonomy":"product_tag","embeddable":true,"href":"https:\/\/keysdock.tajnaveza.net\/es\/wp-json\/wp\/v2\/product_tag?post=949"}],"curies":[{"name":"wp","href":"https:\/\/api.w.org\/{rel}","templated":true}]}}