{"id":955,"date":"2025-03-15T21:07:21","date_gmt":"2025-03-15T21:07:21","guid":{"rendered":"https:\/\/keysdock.com\/?post_type=product&#038;p=955"},"modified":"2025-10-19T07:25:56","modified_gmt":"2025-10-19T07:25:56","slug":"visio-2019-professional-key-licencia","status":"publish","type":"product","link":"https:\/\/keysdock.tajnaveza.net\/es\/producto\/visio-2019-professional-key-licencia\/","title":{"rendered":"Visio 2019 Professional Key Licencia"},"content":{"rendered":"<p><strong>Microsoft Visio 2019 Professional - Diagramaci\u00f3n avanzada y visualizaci\u00f3n de datos<\/strong><\/p>\n<h3><strong>Descripci\u00f3n<\/strong><\/h3>\n<p>Microsoft Visio 2019 Professional es un <strong>potente software de diagramaci\u00f3n y visualizaci\u00f3n<\/strong> dise\u00f1ado para <strong>profesionales de empresa, inform\u00e1ticos, ingenieros y dise\u00f1adores<\/strong> que necesitan crear <strong>diagramas de flujo detallados, organigramas, diagramas de red, planos de planta y mapas de procesos<\/strong>. En <strong>automatizaci\u00f3n inteligente, plantillas avanzadas e integraci\u00f3n perfecta con Microsoft 365<\/strong>ayuda a los usuarios <strong>dise\u00f1ar, visualizar y compartir informaci\u00f3n compleja con eficacia<\/strong>.<\/p>\n<p>Esta edici\u00f3n incluye <strong>colaboraci\u00f3n en tiempo real, personalizaci\u00f3n avanzada de formas y funciones mejoradas de enlace de datos<\/strong>por lo que es ideal para <strong>equipos que trabajan en proyectos t\u00e9cnicos y empresariales<\/strong>.<\/p>\n<h3><strong>Caracter\u00edsticas principales<\/strong><\/h3>\n<p>\u2705 <strong>Herramientas de diagramaci\u00f3n profesionales<\/strong> - Crear <strong>diagramas de flujo, mapas mentales, organigramas y diagramas de red<\/strong> con facilidad.<br \/>\n\u2705 <strong>Visuales basados en datos<\/strong> - <strong>Conexi\u00f3n a fuentes de datos en tiempo real como Excel, SQL Server y SharePoint<\/strong> para una visualizaci\u00f3n din\u00e1mica.<br \/>\n\u2705 <strong>Colaboraci\u00f3n y coautor\u00eda mejoradas<\/strong> - Trabajar en diagramas <strong>simult\u00e1neamente con los miembros del equipo en tiempo real<\/strong>.<br \/>\n\u2705 <strong>SmartShapes y AutoConnect<\/strong> - <strong>Ajuste autom\u00e1tico de formas y conectores<\/strong> para un dise\u00f1o m\u00e1s profesional.<br \/>\n\u2705 <strong>Herramientas UML y Wireframing integradas<\/strong> - Crear <strong>arquitectura de software, wireframes de aplicaciones y modelado de bases de datos<\/strong> utilizando herramientas UML est\u00e1ndar del sector.<br \/>\n\u2705 <strong>Integraci\u00f3n en la nube y compatibilidad con Microsoft 365<\/strong> - Comparte y edita diagramas f\u00e1cilmente con <strong>OneDrive, SharePoint y Teams<\/strong>.<br \/>\n\u2705 <strong>Plantillas y plantillas avanzadas<\/strong> - Preconstruidos <strong>plantillas de planos comerciales, inform\u00e1ticos, de ingenier\u00eda y de planta<\/strong> para una diagramaci\u00f3n r\u00e1pida.<br \/>\n\u2705 <strong>Opciones de exportaci\u00f3n y compatibilidad<\/strong> - Guarde y exporte diagramas en m\u00faltiples formatos, incluidos <strong>Archivos PDF, PNG y AutoCAD<\/strong>.<br \/>\n\u2705 <strong>Seguridad y conformidad de nivel empresarial<\/strong> - Mantenga a salvo los datos del proyecto con <strong>funciones de seguridad integradas<\/strong>.<br \/>\n\u2705 <strong>Visualizaci\u00f3n y edici\u00f3n de Visio en l\u00ednea<\/strong> - <strong>Colaborar a trav\u00e9s de un navegador web<\/strong> sin necesidad de la aplicaci\u00f3n de escritorio.<\/p>\n<h3><strong>Ediciones disponibles<\/strong><\/h3>\n<p>\ud83d\udd39 <strong>Visio Standard 2019<\/strong> - Ideal para <strong>usuarios individuales<\/strong> Necesidad de herramientas b\u00e1sicas de diagramaci\u00f3n.<br \/>\n\ud83d\udd39 <strong>Visio Professional 2019<\/strong> - Incluye <strong>colaboraci\u00f3n en equipo, integraci\u00f3n de datos y funciones avanzadas de diagramaci\u00f3n<\/strong>por lo que es ideal para <strong>empresas y profesionales inform\u00e1ticos<\/strong>.<\/p>\n<h3><strong>Requisitos m\u00ednimos del sistema<\/strong><\/h3>\n<ul>\n<li class=\"translation-block\"><strong>Procesador<\/strong>: 1,6 GHz o m\u00e1s r\u00e1pido, procesador de doble n\u00facleo.<\/li>\n<li class=\"translation-block\"><strong>RAM<\/strong>: 4 GB (64 bits) \/ 2 GB (32 bits)<\/li>\n<li class=\"translation-block\"><strong>Almacenamiento<\/strong>: 4 GB de espacio disponible en disco.<\/li>\n<li class=\"translation-block\"><strong>Pantalla<\/strong>: resoluci\u00f3n de 1280\u00d7768 o superior.<\/li>\n<li><strong>Sistema operativo<\/strong>: Windows 10, Windows 11, Windows Server 2019<\/li>\n<li class=\"translation-block\"><strong>Gr\u00e1ficos<\/strong>: DirectX 9 o posterior con controlador WDDM 2.0+.<\/li>\n<li><strong>Conexi\u00f3n a Internet<\/strong>: Necesario para la activaci\u00f3n, las actualizaciones y la colaboraci\u00f3n en la nube.<\/li>\n<\/ul>\n<h3><strong>Por qu\u00e9 elegir Microsoft Visio 2019 Professional?<\/strong><\/h3>\n<p>\ud83d\udd39 <strong>Funciones avanzadas de diagramaci\u00f3n<\/strong> - <strong>Crear im\u00e1genes detalladas, basadas en datos y profesionales<\/strong>.<br \/>\n\ud83d\udd39 <strong>Colaboraci\u00f3n en tiempo real y asistencia en la nube<\/strong> - <strong>Trabaje con equipos sin esfuerzo gracias a la integraci\u00f3n con Microsoft 365<\/strong>.<br \/>\n\ud83d\udd39 <strong>Enlace inteligente de datos y automatizaci\u00f3n<\/strong> - <strong>Actualizaci\u00f3n autom\u00e1tica de diagramas basada en fuentes de datos externas<\/strong>.<br \/>\n\ud83d\udd39 <strong>Ideal para usuarios empresariales y t\u00e9cnicos<\/strong> - Lo mejor para <strong>Profesionales de TI, ingenieros, dise\u00f1adores y gestores de proyectos<\/strong>.<br \/>\n\ud83d\udd39 <strong>Compra \u00fanica, no requiere suscripci\u00f3n<\/strong> - <strong>Acceso de por vida<\/strong> con una sola compra.<\/p>\n<p>Actualizar a <strong>Microsoft Visio 2019 Professional<\/strong> hoy y <strong>transformar datos complejos en diagramas visuales claros y profesionales<\/strong>\u00a1! \ud83d\ude80\ud83d\udcca\ud83d\udccc<\/p>","protected":false},"excerpt":{"rendered":"<p>Microsoft Visio 2019 Professional \u2013 Advanced Diagramming &amp; Data Visualization Description Microsoft Visio 2019 Professional is a powerful diagramming and visualization software designed for business professionals, IT specialists, engineers, and designers who need to create detailed flowcharts, organizational charts, network diagrams, floor plans, and process maps. With intelligent automation, advanced templates, and seamless integration with [&hellip;]<\/p>","protected":false},"featured_media":990,"comment_status":"open","ping_status":"closed","template":"","meta":{"_gspb_post_css":""},"product_brand":[],"product_cat":[65],"product_tag":[66],"class_list":{"0":"post-955","1":"product","2":"type-product","3":"status-publish","4":"has-post-thumbnail","6":"product_cat-misc","7":"product_tag-visio","9":"first","10":"instock","11":"shipping-taxable","12":"product-type-external"},"_links":{"self":[{"href":"https:\/\/keysdock.tajnaveza.net\/es\/wp-json\/wp\/v2\/product\/955","targetHints":{"allow":["GET"]}}],"collection":[{"href":"https:\/\/keysdock.tajnaveza.net\/es\/wp-json\/wp\/v2\/product"}],"about":[{"href":"https:\/\/keysdock.tajnaveza.net\/es\/wp-json\/wp\/v2\/types\/product"}],"replies":[{"embeddable":true,"href":"https:\/\/keysdock.tajnaveza.net\/es\/wp-json\/wp\/v2\/comments?post=955"}],"wp:featuredmedia":[{"embeddable":true,"href":"https:\/\/keysdock.tajnaveza.net\/es\/wp-json\/wp\/v2\/media\/990"}],"wp:attachment":[{"href":"https:\/\/keysdock.tajnaveza.net\/es\/wp-json\/wp\/v2\/media?parent=955"}],"wp:term":[{"taxonomy":"product_brand","embeddable":true,"href":"https:\/\/keysdock.tajnaveza.net\/es\/wp-json\/wp\/v2\/product_brand?post=955"},{"taxonomy":"product_cat","embeddable":true,"href":"https:\/\/keysdock.tajnaveza.net\/es\/wp-json\/wp\/v2\/product_cat?post=955"},{"taxonomy":"product_tag","embeddable":true,"href":"https:\/\/keysdock.tajnaveza.net\/es\/wp-json\/wp\/v2\/product_tag?post=955"}],"curies":[{"name":"wp","href":"https:\/\/api.w.org\/{rel}","templated":true}]}}