{"id":965,"date":"2025-03-15T21:07:43","date_gmt":"2025-03-15T21:07:43","guid":{"rendered":"https:\/\/keysdock.com\/?post_type=product&#038;p=965"},"modified":"2025-10-19T07:33:34","modified_gmt":"2025-10-19T07:33:34","slug":"project-2019-professional-key-licencia","status":"publish","type":"product","link":"https:\/\/keysdock.tajnaveza.net\/es\/producto\/project-2019-professional-key-licencia\/","title":{"rendered":"Project 2019 Professional Key Licencia"},"content":{"rendered":"<p><strong>Microsoft Project 2019 Professional: gesti\u00f3n avanzada de proyectos para empresas y equipos<\/strong><\/p>\n<h3><strong>Descripci\u00f3n<\/strong><\/h3>\n<p>Microsoft Project 2019 Professional es un <strong>potente soluci\u00f3n de gesti\u00f3n de proyectos<\/strong> dise\u00f1ado para <strong>empresas, jefes de proyecto y equipos<\/strong> que necesitan <strong>planificar, seguir y gestionar proyectos<\/strong> de todos los tama\u00f1os. Con <strong>herramientas mejoradas de programaci\u00f3n, colaboraci\u00f3n y elaboraci\u00f3n de informes<\/strong>garantiza <strong>mejor asignaci\u00f3n de recursos, mayor productividad y trabajo en equipo sin fisuras<\/strong>.<\/p>\n<p>Esta edici\u00f3n ofrece <strong>integraci\u00f3n en la nube, coautor\u00eda en tiempo real y an\u00e1lisis avanzados<\/strong>por lo que es ideal para organizaciones que necesitan <strong>precisi\u00f3n y eficacia en la ejecuci\u00f3n de los proyectos<\/strong>.<\/p>\n<h3><strong>Caracter\u00edsticas principales<\/strong><\/h3>\n<p>\u2705 <strong>Programaci\u00f3n inteligente y automatizaci\u00f3n de tareas<\/strong> - Automatiza <strong>dependencias de tareas, fechas de inicio y flujos de trabajo del proyecto<\/strong>.<br \/>\n\u2705 <strong>Diagramas de Gantt avanzados y vistas cronol\u00f3gicas<\/strong> - Visualizar <strong>progreso del proyecto, hitos y secuencias de tareas<\/strong>.<br \/>\n\u2705 <strong>Gesti\u00f3n de recursos y presupuestos<\/strong> - V\u00eda <strong>horas de trabajo, finanzas y asignaci\u00f3n de recursos<\/strong> efectivamente.<br \/>\n\u2705 <strong>Colaboraci\u00f3n e integraci\u00f3n en la nube<\/strong> - Funciona con <strong>Microsoft Teams, SharePoint y OneDrive<\/strong> para coordinar mejor los proyectos.<br \/>\n\u2705 <strong>Plantillas de proyecto predefinidas<\/strong> - Comience r\u00e1pidamente con <strong>plantillas est\u00e1ndar del sector<\/strong> para diversos tipos de proyectos.<br \/>\n\u2705 <strong>Informes y cuadros de mando personalizables<\/strong> - Generar <strong>informaci\u00f3n en tiempo real, seguimiento de costes y res\u00famenes de resultados<\/strong>.<br \/>\n\u2705 <strong>M\u00faltiples vistas del proyecto<\/strong> - Utilizaci\u00f3n <strong>Vistas Grid, Board, Timeline y Kanban<\/strong> para una mejor organizaci\u00f3n.<br \/>\n\u2705 <strong>Priorizaci\u00f3n de tareas basada en IA<\/strong> - <strong>Centrarse en las tareas cr\u00edticas<\/strong> con asistencia de programaci\u00f3n automatizada.<br \/>\n\u2705 <strong>Coautor\u00eda y actualizaciones en tiempo real<\/strong> - Varios usuarios pueden <strong>editar proyectos simult\u00e1neamente<\/strong> con sincronizaci\u00f3n en la nube.<br \/>\n\u2705 <strong>Seguridad de nivel empresarial<\/strong> - Protege <strong>datos sensibles del proyecto con funciones de seguridad avanzadas<\/strong>.<\/p>\n<h3><strong>Cu\u00e1l es la diferencia entre Project 2019 Standard y Professional?<\/strong><\/h3>\n<p>\ud83d\udd39 <strong>Proyecto Est\u00e1ndar 2019<\/strong> - Lo mejor para <strong>usuarios individuales que gestionan proyectos peque\u00f1os y medianos<\/strong>.<br \/>\n\ud83d\udd39 <strong>Project Professional 2019<\/strong> - Incluye <strong>herramientas de colaboraci\u00f3n, integraci\u00f3n en la nube, gesti\u00f3n avanzada de recursos<\/strong>ideal para equipos y empresas.<\/p>\n<h3><strong>Requisitos m\u00ednimos del sistema<\/strong><\/h3>\n<ul>\n<li class=\"translation-block\"><strong>Procesador<\/strong>: 1,6 GHz o m\u00e1s r\u00e1pido, procesador de doble n\u00facleo.<\/li>\n<li class=\"translation-block\"><strong>RAM<\/strong>: 4 GB (64 bits) \/ 2 GB (32 bits)<\/li>\n<li class=\"translation-block\"><strong>Almacenamiento<\/strong>: 4 GB de espacio disponible en disco.<\/li>\n<li class=\"translation-block\"><strong>Pantalla<\/strong>: resoluci\u00f3n de 1280\u00d7768 o superior.<\/li>\n<li><strong>Sistema operativo<\/strong>: Windows 10, Windows 11, Windows Server 2019<\/li>\n<li class=\"translation-block\"><strong>Gr\u00e1ficos<\/strong>: DirectX 9 o posterior con controlador WDDM 2.0+.<\/li>\n<li><strong>Conexi\u00f3n a Internet<\/strong>: Necesario para la activaci\u00f3n, las actualizaciones y la colaboraci\u00f3n basada en la nube.<\/li>\n<\/ul>\n<h3><strong>Por qu\u00e9 elegir Microsoft Project 2019 Professional?<\/strong><\/h3>\n<p>\ud83d\udd39 <strong>Lo mejor para empresas y negocios<\/strong> - Soportes <strong>proyectos complejos, coordinaci\u00f3n multiequipo y actualizaciones en tiempo real<\/strong>.<br \/>\n\ud83d\udd39 <strong>Gesti\u00f3n racionalizada de tareas<\/strong> - F\u00e1cilmente <strong>asignar, seguir y ajustar tareas<\/strong> con la automatizaci\u00f3n.<br \/>\n\ud83d\udd39 <strong>Potentes informes visuales y anal\u00edticos<\/strong> - Crear <strong>gr\u00e1ficos interactivos, desgloses de costes y res\u00famenes de proyectos<\/strong>.<br \/>\n\ud83d\udd39 <strong>Colaborar en tiempo real<\/strong> - Conectar con <strong>Teams, SharePoint y Microsoft 365 para un trabajo en equipo sin fisuras.<\/strong>.<br \/>\n\ud83d\udd39 <strong>Compra \u00fanica, sin suscripci\u00f3n<\/strong> - <strong>Acceso de por vida<\/strong> con un pago \u00fanico.<\/p>\n<p>Actualizar a <strong>Microsoft Project 2019 Professional<\/strong> hoy y <strong>mejore la planificaci\u00f3n, el seguimiento y la ejecuci\u00f3n de sus proyectos con herramientas de primera clase<\/strong>\u00a1! \ud83d\ude80\ud83d\udcca\ud83d\udcc5<\/p>","protected":false},"excerpt":{"rendered":"<p>Microsoft Project 2019 Professional \u2013 Advanced Project Management for Businesses &amp; Teams Description Microsoft Project 2019 Professional is a powerful project management solution designed for businesses, project managers, and teams who need to efficiently plan, track, and manage projects of all sizes. With enhanced scheduling, collaboration, and reporting tools, it ensures better resource allocation, improved [&hellip;]<\/p>","protected":false},"featured_media":992,"comment_status":"open","ping_status":"closed","template":"","meta":{"_gspb_post_css":""},"product_brand":[],"product_cat":[65],"product_tag":[69],"class_list":{"0":"post-965","1":"product","2":"type-product","3":"status-publish","4":"has-post-thumbnail","6":"product_cat-misc","7":"product_tag-project","9":"first","10":"instock","11":"shipping-taxable","12":"product-type-external"},"_links":{"self":[{"href":"https:\/\/keysdock.tajnaveza.net\/es\/wp-json\/wp\/v2\/product\/965","targetHints":{"allow":["GET"]}}],"collection":[{"href":"https:\/\/keysdock.tajnaveza.net\/es\/wp-json\/wp\/v2\/product"}],"about":[{"href":"https:\/\/keysdock.tajnaveza.net\/es\/wp-json\/wp\/v2\/types\/product"}],"replies":[{"embeddable":true,"href":"https:\/\/keysdock.tajnaveza.net\/es\/wp-json\/wp\/v2\/comments?post=965"}],"wp:featuredmedia":[{"embeddable":true,"href":"https:\/\/keysdock.tajnaveza.net\/es\/wp-json\/wp\/v2\/media\/992"}],"wp:attachment":[{"href":"https:\/\/keysdock.tajnaveza.net\/es\/wp-json\/wp\/v2\/media?parent=965"}],"wp:term":[{"taxonomy":"product_brand","embeddable":true,"href":"https:\/\/keysdock.tajnaveza.net\/es\/wp-json\/wp\/v2\/product_brand?post=965"},{"taxonomy":"product_cat","embeddable":true,"href":"https:\/\/keysdock.tajnaveza.net\/es\/wp-json\/wp\/v2\/product_cat?post=965"},{"taxonomy":"product_tag","embeddable":true,"href":"https:\/\/keysdock.tajnaveza.net\/es\/wp-json\/wp\/v2\/product_tag?post=965"}],"curies":[{"name":"wp","href":"https:\/\/api.w.org\/{rel}","templated":true}]}}