{"id":966,"date":"2025-03-15T21:07:43","date_gmt":"2025-03-15T21:07:43","guid":{"rendered":"https:\/\/keysdock.com\/?post_type=product&#038;p=966"},"modified":"2025-10-19T07:32:55","modified_gmt":"2025-10-19T07:32:55","slug":"project-2021-professional-key-licencia","status":"publish","type":"product","link":"https:\/\/keysdock.tajnaveza.net\/es\/producto\/project-2021-professional-key-licencia\/","title":{"rendered":"Project 2021 Professional Key Licencia"},"content":{"rendered":"<p><strong>Compra Project 2021 Professional licencia al mejor precio \u2013  y  con activaci\u00f3n de por vida.<\/strong><\/p>\n<h3><strong>Descripci\u00f3n<\/strong><\/h3>\n<p>Microsoft Project 2021 Professional es un <strong>software avanzado de gesti\u00f3n de proyectos<\/strong> dise\u00f1ado para <strong>negocios, empresas y gestores de proyectos profesionales<\/strong> que requieren <strong>planificaci\u00f3n, seguimiento y ejecuci\u00f3n eficaces de los proyectos<\/strong>. En <strong>Programaci\u00f3n asistida por IA, integraci\u00f3n en la nube, colaboraci\u00f3n en tiempo real y an\u00e1lisis mejorados<\/strong>establece <strong>potentes herramientas para que los proyectos se ajusten al calendario y al presupuesto<\/strong>.<\/p>\n<p>Esta edici\u00f3n es <strong>ideal para equipos que trabajan en proyectos complejos o a gran escala<\/strong>que ofrece una integraci\u00f3n perfecta con <strong>Microsoft Teams, SharePoint y Microsoft 365<\/strong> para mejorar la colaboraci\u00f3n.<\/p>\n<h3><strong>Caracter\u00edsticas principales<\/strong><\/h3>\n<p>\u2705 <strong>Programaci\u00f3n y automatizaci\u00f3n de tareas mejoradas con IA<\/strong> - Establece autom\u00e1ticamente <strong>dependencias, duraciones y rutas cr\u00edticas de las tareas<\/strong>.<br \/>\n\u2705 <strong>Diagramas de Gantt interactivos y vistas cronol\u00f3gicas<\/strong> - Proporciona <strong>seguimiento visual del progreso, los hitos y los plazos del proyecto<\/strong>.<br \/>\n\u2705 <strong>Gesti\u00f3n avanzada de recursos y costes<\/strong> - Asignar y controlar <strong>presupuestos, cargas de trabajo y utilizaci\u00f3n de recursos<\/strong>.<br \/>\n\u2705 <strong>Colaboraci\u00f3n sin fisuras e integraci\u00f3n en la nube<\/strong> - Funciona con <strong>Microsoft Teams, SharePoint y OneDrive<\/strong> para mejorar la coordinaci\u00f3n de los proyectos.<br \/>\n\u2705 <strong>Plantillas de proyecto integradas<\/strong> - Inicie proyectos r\u00e1pidamente con <strong>plantillas predise\u00f1adas<\/strong> para diferentes industrias.<br \/>\n\u2705 <strong>Potentes herramientas de informes y cuadros de mando<\/strong> - Generar <strong>res\u00famenes de avances, perspectivas financieras y evaluaciones de riesgos<\/strong>.<br \/>\n\u2705 <strong>M\u00faltiples vistas del proyecto<\/strong> - Elija entre <strong>Cuadr\u00edcula, tablero Kanban, Gantt y cronograma<\/strong> vistas para mayor flexibilidad.<br \/>\n\u2705 <strong>Coautor\u00eda y edici\u00f3n en tiempo real<\/strong> - Varios miembros del equipo pueden <strong>editar y actualizar archivos de proyecto simult\u00e1neamente<\/strong>.<br \/>\n\u2705 <strong>Seguridad y conformidad avanzadas<\/strong> - Garantiza <strong>protecci\u00f3n de nivel empresarial para los datos confidenciales de los proyectos<\/strong>.<br \/>\n\u2705 <strong>Integraci\u00f3n de Business Intelligence<\/strong> - Compatible con <strong>Power BI para obtener informaci\u00f3n detallada sobre los proyectos e informes personalizados<\/strong>.<\/p>\n<h3><strong>Ediciones disponibles<\/strong><\/h3>\n<p>\ud83d\udd39 <strong>Proyecto est\u00e1ndar 2021<\/strong> - Lo mejor para <strong>personas que gestionan proyectos peque\u00f1os y medianos<\/strong>.<br \/>\n\ud83d\udd39 <strong>Profesional de proyectos 2021<\/strong> - Incluye <strong>colaboraci\u00f3n en equipo, gesti\u00f3n avanzada de recursos y compatibilidad con la nube<\/strong>por lo que es ideal para empresas y grandes equipos.<\/p>\n<h3><strong>Requisitos m\u00ednimos del sistema<\/strong><\/h3>\n<ul>\n<li class=\"translation-block\"><strong>Procesador<\/strong>: 1,6 GHz o m\u00e1s r\u00e1pido, procesador de doble n\u00facleo.<\/li>\n<li class=\"translation-block\"><strong>RAM<\/strong>: 4 GB (64 bits) \/ 2 GB (32 bits)<\/li>\n<li class=\"translation-block\"><strong>Almacenamiento<\/strong>: 4 GB de espacio disponible en disco.<\/li>\n<li class=\"translation-block\"><strong>Pantalla<\/strong>: resoluci\u00f3n de 1280\u00d7768 o superior.<\/li>\n<li><strong>Sistema operativo<\/strong>: Windows 10, Windows 11<\/li>\n<li class=\"translation-block\"><strong>Gr\u00e1ficos<\/strong>: DirectX 9 o posterior con controlador WDDM 2.0+.<\/li>\n<li><strong>Conexi\u00f3n a Internet<\/strong>: Necesario para la activaci\u00f3n, las actualizaciones y la colaboraci\u00f3n en la nube.<\/li>\n<\/ul>\n<h3><strong>\u00bfPor qu\u00e9 elegir Microsoft Project 2021 Professional?<\/strong><\/h3>\n<p>\ud83d\udd39 <strong>Ideal para equipos y empresas<\/strong> - <strong>Gestiona proyectos complejos de varios equipos con colaboraci\u00f3n en tiempo real.<\/strong>.<br \/>\n\ud83d\udd39 <strong>Automatizaci\u00f3n inteligente de tareas<\/strong> - <strong>La programaci\u00f3n basada en IA optimiza los plazos y la eficacia de los proyectos<\/strong>.<br \/>\n\ud83d\udd39 <strong>Seguimiento exhaustivo del rendimiento<\/strong> - <strong>Supervisar eficazmente los presupuestos, los plazos y la carga de trabajo.<\/strong>.<br \/>\n\ud83d\udd39 <strong>Integraci\u00f3n perfecta con Microsoft 365<\/strong> - Funciona con <strong>Excel, Outlook, Power BI y Microsoft Teams<\/strong>.<br \/>\n\ud83d\udd39 <strong>Compra \u00fanica, sin suscripci\u00f3n<\/strong> - <strong>Acceso de por vida<\/strong> sin cuotas peri\u00f3dicas.<\/p>\n<p>Actualizar a <strong>Microsoft Project 2021 Profesional<\/strong> hoy y tome <strong>su gesti\u00f3n de proyectos al siguiente nivel<\/strong> \u00a1con potentes herramientas de planificaci\u00f3n, seguimiento y colaboraci\u00f3n! \ud83d\ude80\ud83d\udcca\ud83d\udcc5<\/p>","protected":false},"excerpt":{"rendered":"<p>Microsoft Project 2021 Professional \u2013 The Ultimate Project Management Solution Description Microsoft Project 2021 Professional is an advanced project management software designed for businesses, enterprises, and professional project managers who require efficient planning, tracking, and execution of projects. With AI-powered scheduling, cloud integration, real-time collaboration, and enhanced analytics, it provides powerful tools to keep projects [&hellip;]<\/p>","protected":false},"featured_media":993,"comment_status":"open","ping_status":"closed","template":"","meta":{"_gspb_post_css":""},"product_brand":[],"product_cat":[65],"product_tag":[69],"class_list":{"0":"post-966","1":"product","2":"type-product","3":"status-publish","4":"has-post-thumbnail","6":"product_cat-misc","7":"product_tag-project","9":"first","10":"instock","11":"shipping-taxable","12":"product-type-external"},"_links":{"self":[{"href":"https:\/\/keysdock.tajnaveza.net\/es\/wp-json\/wp\/v2\/product\/966","targetHints":{"allow":["GET"]}}],"collection":[{"href":"https:\/\/keysdock.tajnaveza.net\/es\/wp-json\/wp\/v2\/product"}],"about":[{"href":"https:\/\/keysdock.tajnaveza.net\/es\/wp-json\/wp\/v2\/types\/product"}],"replies":[{"embeddable":true,"href":"https:\/\/keysdock.tajnaveza.net\/es\/wp-json\/wp\/v2\/comments?post=966"}],"wp:featuredmedia":[{"embeddable":true,"href":"https:\/\/keysdock.tajnaveza.net\/es\/wp-json\/wp\/v2\/media\/993"}],"wp:attachment":[{"href":"https:\/\/keysdock.tajnaveza.net\/es\/wp-json\/wp\/v2\/media?parent=966"}],"wp:term":[{"taxonomy":"product_brand","embeddable":true,"href":"https:\/\/keysdock.tajnaveza.net\/es\/wp-json\/wp\/v2\/product_brand?post=966"},{"taxonomy":"product_cat","embeddable":true,"href":"https:\/\/keysdock.tajnaveza.net\/es\/wp-json\/wp\/v2\/product_cat?post=966"},{"taxonomy":"product_tag","embeddable":true,"href":"https:\/\/keysdock.tajnaveza.net\/es\/wp-json\/wp\/v2\/product_tag?post=966"}],"curies":[{"name":"wp","href":"https:\/\/api.w.org\/{rel}","templated":true}]}}