{"id":967,"date":"2025-03-15T21:07:43","date_gmt":"2025-03-15T21:07:43","guid":{"rendered":"https:\/\/keysdock.com\/?post_type=product&#038;p=967"},"modified":"2025-10-19T07:32:47","modified_gmt":"2025-10-19T07:32:47","slug":"visual-studio-professional-2019-key-licencia","status":"publish","type":"product","link":"https:\/\/keysdock.tajnaveza.net\/es\/producto\/visual-studio-professional-2019-key-licencia\/","title":{"rendered":"Visual Studio Professional 2019 Key Licencia"},"content":{"rendered":"<p><strong>Compra Visual Studio Professional 2019 licencia al mejor precio \u2013  y  con activaci\u00f3n de por vida.<\/strong><\/p>\n<h3><strong>Descripci\u00f3n<\/strong><\/h3>\n<p>Visual Studio Professional 2019 es una <strong>completo entorno de desarrollo integrado (IDE)<\/strong> dise\u00f1ado para <strong>desarrolladores profesionales<\/strong> que necesitan <strong>herramientas avanzadas de codificaci\u00f3n, depuraci\u00f3n y colaboraci\u00f3n<\/strong>. Con soporte para m\u00faltiples lenguajes de programaci\u00f3n, integraci\u00f3n en la nube y una interfaz altamente productiva, permite a los desarrolladores construir <strong>aplicaciones modernas para web, escritorio, m\u00f3vil y nube<\/strong> con eficacia y precisi\u00f3n.<\/p>\n<h3><strong>Caracter\u00edsticas principales<\/strong><\/h3>\n<p>\u2705 <strong>Editor de c\u00f3digo mejorado<\/strong> - <strong>IntelliSense con IA<\/strong>La colaboraci\u00f3n en tiempo real y la refactorizaci\u00f3n del c\u00f3digo.<br \/>\n\u2705 <strong>Depuraci\u00f3n y diagn\u00f3stico avanzados<\/strong> - Establezca puntos de interrupci\u00f3n, inspeccione variables y depure con <strong>Live Share e IntelliTrace<\/strong>.<br \/>\n\u2705 <strong>Integraci\u00f3n perfecta con Git<\/strong> - <strong>Repositorios Git integrados<\/strong> para facilitar el control de versiones y la colaboraci\u00f3n.<br \/>\n\u2705 <strong>Desarrollo multiplataforma<\/strong> - Desarrollar aplicaciones para <strong>Windows, macOS, Android, iOS, Linux y la web<\/strong>.<br \/>\n\u2705 <strong>Desarrollo en la nube con Azure<\/strong> - <strong>Perfecta integraci\u00f3n con Microsoft Azure<\/strong> para aplicaciones basadas en la nube.<br \/>\n\u2705 <strong>Visual Studio Live Share<\/strong> - Colaboraci\u00f3n en tiempo real para <strong>programaci\u00f3n en parejas y desarrollo en equipo<\/strong>.<br \/>\n\u2705 <strong>Potentes herramientas de prueba<\/strong> - Incluye <strong>pruebas unitarias, cobertura del c\u00f3digo y perfiles de rendimiento<\/strong>.<br \/>\n\u2705 <strong>Soporte integral de bases de datos<\/strong> - Conectar con <strong>SQL Server, MySQL, PostgreSQL<\/strong>y otras bases de datos.<br \/>\n\u2705 <strong>Funci\u00f3n de CodeLens<\/strong> - Proporciona informaci\u00f3n sobre <strong>cambios de c\u00f3digo, referencias y elementos de trabajo<\/strong>.<br \/>\n\u2705 <strong>Amplio mercado de extensiones<\/strong> - Personalice su entorno de desarrollo con <strong>miles de extensiones<\/strong>.<\/p>\n<h3><strong>Requisitos m\u00ednimos del sistema<\/strong><\/h3>\n<ul>\n<li><strong>Procesador<\/strong>: 1,8 GHz o superior, se recomienda 64 bits<\/li>\n<li><strong>RAM<\/strong>2 GB (se recomiendan 8 GB)<\/li>\n<li><strong>Almacenamiento<\/strong>: M\u00ednimo <strong>20 GB<\/strong> espacio disponible<\/li>\n<li><strong>Gr\u00e1ficos<\/strong>: DirectX 9 compatible con el controlador WDDM 1.0<\/li>\n<li><strong>Mostrar<\/strong>: Resoluci\u00f3n de 1366\u00d7768 o superior<\/li>\n<li><strong>Sistema operativo<\/strong>: Windows 10, Windows Server 2016\/2019<\/li>\n<li><strong>Conexi\u00f3n a Internet<\/strong>: Necesario para actualizaciones, activaci\u00f3n y servicios en l\u00ednea<\/li>\n<\/ul>\n<h3><strong>\u00bfPor qu\u00e9 elegir Visual Studio Professional 2019?<\/strong><\/h3>\n<p>\ud83d\udd39 <strong>Perfecto para desarrolladores profesionales<\/strong> - Potentes funciones para <strong>empresarial y comercial<\/strong> desarrollo de software.<br \/>\n\ud83d\udd39 <strong>Colaboraci\u00f3n optimizada<\/strong> - <strong>Live Share, GitHub y Azure DevOps<\/strong> aumentar la productividad del equipo.<br \/>\n\ud83d\udd39 <strong>Depuraci\u00f3n y pruebas exhaustivas<\/strong> - Herramientas como <strong>IntelliTrace, CodeLens y pruebas unitarias<\/strong> garantizar la calidad del c\u00f3digo.<br \/>\n\ud83d\udd39 <strong>Preparado para la nube y escalable<\/strong> - Desarrollar <strong>aplicaciones nativas en la nube<\/strong> con <strong>Compatibilidad con Microsoft Azure<\/strong>.<br \/>\n\ud83d\udd39 <strong>Flexible y ampliable<\/strong> - <strong>Compatible con varios lenguajes de programaci\u00f3n<\/strong> incluyendo <strong>C#, C++, Python, JavaScript, etc.<\/strong>.<\/p>\n<p>Actualizar a <strong>Visual Studio Professional 2019<\/strong> y <strong>aumente su productividad con un entorno de desarrollo avanzado, escalable y conectado a la nube<\/strong>\u00a1! \ud83d\ude80\ud83d\udc68\u200d\ud83d\udcbb\ud83d\udca1<\/p>","protected":false},"excerpt":{"rendered":"<p>Visual Studio Professional 2019 \u2013 Powerful Development Environment for Professionals Description Visual Studio Professional 2019 is a comprehensive integrated development environment (IDE) designed for professional developers who need advanced tools for coding, debugging, and collaboration. With support for multiple programming languages, cloud integration, and a highly productive interface, it enables developers to build modern applications [&hellip;]<\/p>","protected":false},"featured_media":1003,"comment_status":"open","ping_status":"closed","template":"","meta":{"_gspb_post_css":""},"product_brand":[],"product_cat":[65],"product_tag":[70],"class_list":{"0":"post-967","1":"product","2":"type-product","3":"status-publish","4":"has-post-thumbnail","6":"product_cat-misc","7":"product_tag-visual-studio","9":"first","10":"instock","11":"shipping-taxable","12":"product-type-external"},"_links":{"self":[{"href":"https:\/\/keysdock.tajnaveza.net\/es\/wp-json\/wp\/v2\/product\/967","targetHints":{"allow":["GET"]}}],"collection":[{"href":"https:\/\/keysdock.tajnaveza.net\/es\/wp-json\/wp\/v2\/product"}],"about":[{"href":"https:\/\/keysdock.tajnaveza.net\/es\/wp-json\/wp\/v2\/types\/product"}],"replies":[{"embeddable":true,"href":"https:\/\/keysdock.tajnaveza.net\/es\/wp-json\/wp\/v2\/comments?post=967"}],"wp:featuredmedia":[{"embeddable":true,"href":"https:\/\/keysdock.tajnaveza.net\/es\/wp-json\/wp\/v2\/media\/1003"}],"wp:attachment":[{"href":"https:\/\/keysdock.tajnaveza.net\/es\/wp-json\/wp\/v2\/media?parent=967"}],"wp:term":[{"taxonomy":"product_brand","embeddable":true,"href":"https:\/\/keysdock.tajnaveza.net\/es\/wp-json\/wp\/v2\/product_brand?post=967"},{"taxonomy":"product_cat","embeddable":true,"href":"https:\/\/keysdock.tajnaveza.net\/es\/wp-json\/wp\/v2\/product_cat?post=967"},{"taxonomy":"product_tag","embeddable":true,"href":"https:\/\/keysdock.tajnaveza.net\/es\/wp-json\/wp\/v2\/product_tag?post=967"}],"curies":[{"name":"wp","href":"https:\/\/api.w.org\/{rel}","templated":true}]}}