{"id":968,"date":"2025-03-15T21:07:43","date_gmt":"2025-03-15T21:07:43","guid":{"rendered":"https:\/\/keysdock.com\/?post_type=product&#038;p=968"},"modified":"2025-10-19T07:32:36","modified_gmt":"2025-10-19T07:32:36","slug":"visual-studio-professional-2022-key-licencia","status":"publish","type":"product","link":"https:\/\/keysdock.tajnaveza.net\/es\/producto\/visual-studio-professional-2022-key-licencia\/","title":{"rendered":"Visual Studio Professional 2022 Key Licencia"},"content":{"rendered":"<p><strong>Compra Visual Studio Professional 2022 licencia al mejor precio \u2013  y  con activaci\u00f3n de por vida.<\/strong><\/p>\n<h3><strong>Descripci\u00f3n<\/strong><\/h3>\n<p>Visual Studio Professional 2022 es un <strong>Entorno de desarrollo integrado (IDE) potente, escalable y asistido por IA.<\/strong> dise\u00f1ado para <strong>desarrolladores profesionales, equipos y empresas<\/strong>. En <strong>depuraci\u00f3n mejorada, colaboraci\u00f3n en tiempo real, integraci\u00f3n en la nube e IntelliCode basado en IA<\/strong>y ofrece una experiencia de desarrollo simplificada para <strong>creaci\u00f3n de aplicaciones modernas para web, escritorio, m\u00f3vil y nube<\/strong>.<\/p>\n<p>Esta versi\u00f3n es <strong>64 bits<\/strong>lo que la convierte en la m\u00e1s eficiente y <strong>alto rendimiento<\/strong> Visual Studio, capaz de manejar <strong>proyectos de mayor envergadura y soluciones complejas<\/strong> sin ralentizaciones.<\/p>\n<h3><strong>Caracter\u00edsticas principales<\/strong><\/h3>\n<p>\u2705 <strong>Arquitectura de 64 bits<\/strong> - Asas <strong>proyectos de mayor envergadura con mayor rendimiento y estabilidad<\/strong>.<br \/>\n\u2705 <strong>IntelliCode con IA<\/strong> - Ayuda con <strong>sugerencias de c\u00f3digo, refactorizaci\u00f3n y prevenci\u00f3n de errores<\/strong>.<br \/>\n\u2705 <strong>Depuraci\u00f3n y diagn\u00f3stico avanzados<\/strong> - Incluye <strong>Depuraci\u00f3n en vivo, IntelliTrace y depuraci\u00f3n de viajes en el tiempo<\/strong>.<br \/>\n\u2705 <strong>Perfecta integraci\u00f3n de Git y GitHub<\/strong> - Integrado <strong>control de versiones<\/strong> y <strong>herramientas de colaboraci\u00f3n en equipo<\/strong>.<br \/>\n\u2705 <strong>Desarrollo multiplataforma<\/strong> - Soportes <strong>Windows, macOS, Android, iOS, Linux y Web<\/strong> aplicaciones.<br \/>\n\u2705 <strong>Desarrollo en la nube con Azure<\/strong> - Cree, implante y ampl\u00ede aplicaciones con <strong>Integraci\u00f3n con Microsoft Azure<\/strong>.<br \/>\n\u2705 <strong>Colaboraci\u00f3n Live Share<\/strong> - Programa en parejas y revisa el c\u00f3digo en <strong>en tiempo real con los miembros del equipo<\/strong>.<br \/>\n\u2705 <strong>Potentes herramientas de prueba<\/strong> - Incluye <strong>pruebas unitarias, pruebas de carga y marcos de pruebas de interfaz de usuario<\/strong>.<br \/>\n\u2705 <strong>Compatibilidad con Blazor y .NET 6+<\/strong> - Moderno <strong>desarrollo web y en la nube<\/strong> con <strong>ASP.NET Core, C# y Razor<\/strong>.<br \/>\n\u2705 <strong>Soporte integral de bases de datos<\/strong> - Conectar con <strong>SQL Server, MySQL, PostgreSQL<\/strong>y mucho m\u00e1s.<br \/>\n\u2705 <strong>Amplio mercado y extensiones<\/strong> - Personalizar el IDE con <strong>miles de plugins y herramientas<\/strong>.<\/p>\n<h3><strong>Requisitos m\u00ednimos del sistema<\/strong><\/h3>\n<ul>\n<li><strong>Procesador<\/strong>: 1,8 GHz o superior, se recomienda 64 bits<\/li>\n<li><strong>RAM<\/strong>: 4 GB m\u00ednimo (16 GB recomendado)<\/li>\n<li><strong>Almacenamiento<\/strong>20 GB de espacio libre m\u00ednimo<\/li>\n<li><strong>Gr\u00e1ficos<\/strong>: DirectX 9 compatible con el controlador WDDM 1.0<\/li>\n<li><strong>Mostrar<\/strong>: Resoluci\u00f3n de 1366\u00d7768 o superior<\/li>\n<li><strong>Sistema operativo<\/strong>: Windows 10 (versi\u00f3n 1909+) \/ Windows 11 \/ Windows Server 2016, 2019, 2022<\/li>\n<li><strong>Conexi\u00f3n a Internet<\/strong>: Necesario para la activaci\u00f3n, las actualizaciones y los servicios en l\u00ednea.<\/li>\n<\/ul>\n<h3><strong>\u00bfPor qu\u00e9 elegir Visual Studio Professional 2022?<\/strong><\/h3>\n<p>\ud83d\udd39 <strong>Optimizado para grandes proyectos<\/strong> - La arquitectura de 64 bits garantiza <strong>mejor rendimiento y escalabilidad<\/strong>.<br \/>\n\ud83d\udd39 <strong>Productividad asistida por IA<\/strong> - <strong>IntelliCode<\/strong> acelera el desarrollo con <strong>sugerencias de c\u00f3digo inteligente<\/strong>.<br \/>\n\ud83d\udd39 <strong>Depuraci\u00f3n y pruebas mejoradas<\/strong> - <strong>Potente depuraci\u00f3n, diagn\u00f3stico en tiempo real y pruebas unitarias<\/strong> para un software de alta calidad.<br \/>\n\ud83d\udd39 <strong>Integraci\u00f3n perfecta en la nube<\/strong> - <strong>Cree aplicaciones nativas en la nube<\/strong> con <strong>Compatibilidad con Azure, Docker y Kubernetes<\/strong>.<br \/>\n\ud83d\udd39 <strong>Lo mejor para equipos y empresas<\/strong> - <strong>Live Share, GitHub y DevOps<\/strong> mejoran la colaboraci\u00f3n y la eficacia.<br \/>\n\ud83d\udd39 <strong>Compatible con las \u00faltimas tecnolog\u00edas<\/strong> - <strong>.NET 6+, C#, Python, JavaScript, TypeScript, etc.<\/strong>.<\/p>\n<p>Actualizar a <strong>Visual Studio Professional 2022<\/strong> hoy y experimente <strong>un desarrollo m\u00e1s r\u00e1pido, inteligente y eficaz<\/strong>\u00a1! \ud83d\ude80\ud83d\udcbb\u26a1<\/p>","protected":false},"excerpt":{"rendered":"<p>Visual Studio Professional 2022 \u2013 The Ultimate IDE for Professional Developers Description Visual Studio Professional 2022 is a powerful, scalable, and AI-assisted integrated development environment (IDE) designed for professional developers, teams, and enterprises. With enhanced debugging, real-time collaboration, cloud integration, and AI-powered IntelliCode, it provides a streamlined development experience for building modern applications for web, [&hellip;]<\/p>","protected":false},"featured_media":1004,"comment_status":"open","ping_status":"closed","template":"","meta":{"_gspb_post_css":""},"product_brand":[],"product_cat":[65],"product_tag":[70],"class_list":{"0":"post-968","1":"product","2":"type-product","3":"status-publish","4":"has-post-thumbnail","6":"product_cat-misc","7":"product_tag-visual-studio","9":"first","10":"instock","11":"shipping-taxable","12":"product-type-external"},"_links":{"self":[{"href":"https:\/\/keysdock.tajnaveza.net\/es\/wp-json\/wp\/v2\/product\/968","targetHints":{"allow":["GET"]}}],"collection":[{"href":"https:\/\/keysdock.tajnaveza.net\/es\/wp-json\/wp\/v2\/product"}],"about":[{"href":"https:\/\/keysdock.tajnaveza.net\/es\/wp-json\/wp\/v2\/types\/product"}],"replies":[{"embeddable":true,"href":"https:\/\/keysdock.tajnaveza.net\/es\/wp-json\/wp\/v2\/comments?post=968"}],"wp:featuredmedia":[{"embeddable":true,"href":"https:\/\/keysdock.tajnaveza.net\/es\/wp-json\/wp\/v2\/media\/1004"}],"wp:attachment":[{"href":"https:\/\/keysdock.tajnaveza.net\/es\/wp-json\/wp\/v2\/media?parent=968"}],"wp:term":[{"taxonomy":"product_brand","embeddable":true,"href":"https:\/\/keysdock.tajnaveza.net\/es\/wp-json\/wp\/v2\/product_brand?post=968"},{"taxonomy":"product_cat","embeddable":true,"href":"https:\/\/keysdock.tajnaveza.net\/es\/wp-json\/wp\/v2\/product_cat?post=968"},{"taxonomy":"product_tag","embeddable":true,"href":"https:\/\/keysdock.tajnaveza.net\/es\/wp-json\/wp\/v2\/product_tag?post=968"}],"curies":[{"name":"wp","href":"https:\/\/api.w.org\/{rel}","templated":true}]}}