{"id":971,"date":"2025-03-15T21:07:43","date_gmt":"2025-03-15T21:07:43","guid":{"rendered":"https:\/\/keysdock.com\/?post_type=product&#038;p=971"},"modified":"2025-10-19T07:32:26","modified_gmt":"2025-10-19T07:32:26","slug":"outlook-2019-key-licencia","status":"publish","type":"product","link":"https:\/\/keysdock.tajnaveza.net\/es\/producto\/outlook-2019-key-licencia\/","title":{"rendered":"Outlook 2019 Key Licencia"},"content":{"rendered":"<p><strong>Microsoft Outlook 2019: la soluci\u00f3n definitiva de correo electr\u00f3nico y productividad<\/strong><\/p>\n<h3><strong>Descripci\u00f3n<\/strong><\/h3>\n<p>Microsoft Outlook 2019 es un <strong>potente aplicaci\u00f3n de correo electr\u00f3nico y calendario<\/strong> dise\u00f1ado para <strong>profesionales, empresas y particulares<\/strong> que necesitan <strong>comunicaci\u00f3n, programaci\u00f3n y gesti\u00f3n de tareas sin fisuras<\/strong>. Con una interfaz f\u00e1cil de usar, <strong>funciones de seguridad mejoradas y mayor rendimiento<\/strong>, Outlook 2019 es la soluci\u00f3n perfecta para gestionar <strong>correos electr\u00f3nicos, citas, contactos y tareas de forma eficaz<\/strong>.<\/p>\n<p>Tanto si trabajas en una oficina como si lo haces de forma remota, Outlook 2019 garantiza <strong>colaboraci\u00f3n y organizaci\u00f3n fluidas<\/strong>para mantenerte conectado y productivo.<\/p>\n<h3><strong>Caracter\u00edsticas principales<\/strong><\/h3>\n<p>\u2705 <strong>Gesti\u00f3n racionalizada del correo electr\u00f3nico<\/strong> - Organiza tu bandeja de entrada con <strong>Bandeja de entrada centrada, categor\u00edas y filtros<\/strong>.<br \/>\n\u2705 <strong>Calendario y programaci\u00f3n mejorados<\/strong> - Programa reuniones, establece recordatorios y sincroniza calendarios f\u00e1cilmente.<br \/>\n\u2705 <strong>Seguridad y privacidad avanzadas<\/strong> - Protecci\u00f3n integrada contra <strong>phishing, malware y spam<\/strong>.<br \/>\n\u2705 <strong>Compatibilidad con el modo sin conexi\u00f3n<\/strong> - Acceso a correos electr\u00f3nicos, calendario y tareas <strong>sin conexi\u00f3n a internet<\/strong>.<br \/>\n\u2705 <strong>Centro integrado de contactos y personas<\/strong> - Gestione los contactos de forma eficaz con <strong>libretas de direcciones unificadas<\/strong>.<br \/>\n\u2705 <strong>Funciones de b\u00fasqueda mejoradas<\/strong> - Encuentre r\u00e1pidamente correos electr\u00f3nicos, archivos adjuntos y eventos del calendario.<br \/>\n\u2705 <strong>Integraci\u00f3n de tareas y notas<\/strong> - Mant\u00e9ngase productivo con <strong>listas de tareas, notas adhesivas y recordatorios<\/strong>.<br \/>\n\u2705 <strong>Soporte ininterrumpido de Microsoft 365 y Exchange<\/strong> - Funciona con <strong>Microsoft Exchange, OneDrive y SharePoint<\/strong>.<br \/>\n\u2705 <strong>Compatibilidad con varias cuentas de correo electr\u00f3nico<\/strong> - Gestionar f\u00e1cilmente <strong>Gmail, Yahoo, Outlook.com y cuentas IMAP\/POP<\/strong>.<br \/>\n\u2705 <strong>Automatizaci\u00f3n de reglas y respuestas autom\u00e1ticas<\/strong> - Puesta en marcha <strong>respuestas fuera de la oficina, filtros y reglas de automatizaci\u00f3n<\/strong>.<br \/>\n\u2705 <strong>Interfaz de usuario actualizada<\/strong> - A <strong>Interfaz de usuario moderna y despejada<\/strong> para una mejor legibilidad y eficacia.<\/p>\n<h3><strong>Requisitos m\u00ednimos del sistema<\/strong><\/h3>\n<ul>\n<li><strong>Procesador<\/strong>: Procesador de 2 n\u00facleos a 1,6 GHz o superior<\/li>\n<li class=\"translation-block\"><strong>RAM<\/strong>: 4 GB (64 bits) \/ 2 GB (32 bits)<\/li>\n<li class=\"translation-block\"><strong>Almacenamiento<\/strong>: 4 GB de espacio disponible en disco.<\/li>\n<li class=\"translation-block\"><strong>Pantalla<\/strong>: resoluci\u00f3n de 1280\u00d7768 o superior.<\/li>\n<li><strong>Sistema operativo<\/strong>: Windows 10 \/ Windows 11 \/ Windows Server 2019<\/li>\n<li class=\"translation-block\"><strong>Gr\u00e1ficos<\/strong>: DirectX 9 o posterior con controlador WDDM 2.0+.<\/li>\n<li><strong>Conexi\u00f3n a Internet<\/strong>: Necesario para la activaci\u00f3n, las actualizaciones y la integraci\u00f3n en la nube.<\/li>\n<\/ul>\n<h3><strong>Por qu\u00e9 elegir Microsoft Outlook 2019?<\/strong><\/h3>\n<p>\ud83d\udd39 <strong>Gesti\u00f3n profesional del correo electr\u00f3nico<\/strong> - <strong>Organ\u00edcese<\/strong> con clasificaci\u00f3n inteligente de la bandeja de entrada, filtros y seguimiento del correo electr\u00f3nico.<br \/>\n\ud83d\udd39 <strong>Integraci\u00f3n perfecta con el calendario<\/strong> - Horario <strong>reuniones, recordatorios y eventos<\/strong> con facilidad.<br \/>\n\ud83d\udd39 <strong>Seguridad reforzada<\/strong> - Integrado <strong>antiphishing, protecci\u00f3n contra malware y filtrado de spam<\/strong>.<br \/>\n\ud83d\udd39 <strong>Perfecto para uso personal y profesional<\/strong> - Soportes <strong>varias cuentas de correo electr\u00f3nico y servicios de Microsoft 365<\/strong>.<br \/>\n\ud83d\udd39 <strong>Acceso sin conexi\u00f3n y herramientas de productividad<\/strong> - Trabaje donde y cuando quiera, con <strong>modo sin conexi\u00f3n, tareas y notas<\/strong>.<\/p>\n<p>Actualizar a <strong>Microsoft Outlook 2019<\/strong> hoy y experimente <strong>mejor comunicaci\u00f3n por correo electr\u00f3nico, programaci\u00f3n y productividad<\/strong>\u00a1! \ud83d\udce7\ud83d\udcc5\ud83d\ude80<\/p>","protected":false},"excerpt":{"rendered":"<p>Microsoft Outlook 2019 \u2013 The Ultimate Email &amp; Productivity Solution Description Microsoft Outlook 2019 is a powerful email and calendar application designed for professionals, businesses, and individuals who need seamless communication, scheduling, and task management. With a user-friendly interface, enhanced security features, and improved performance, Outlook 2019 is the perfect solution for managing emails, appointments, [&hellip;]<\/p>","protected":false},"featured_media":1007,"comment_status":"open","ping_status":"closed","template":"","meta":{"_gspb_post_css":""},"product_brand":[],"product_cat":[62],"product_tag":[74],"class_list":{"0":"post-971","1":"product","2":"type-product","3":"status-publish","4":"has-post-thumbnail","6":"product_cat-office","7":"product_tag-outlook","9":"first","10":"instock","11":"shipping-taxable","12":"product-type-external"},"_links":{"self":[{"href":"https:\/\/keysdock.tajnaveza.net\/es\/wp-json\/wp\/v2\/product\/971","targetHints":{"allow":["GET"]}}],"collection":[{"href":"https:\/\/keysdock.tajnaveza.net\/es\/wp-json\/wp\/v2\/product"}],"about":[{"href":"https:\/\/keysdock.tajnaveza.net\/es\/wp-json\/wp\/v2\/types\/product"}],"replies":[{"embeddable":true,"href":"https:\/\/keysdock.tajnaveza.net\/es\/wp-json\/wp\/v2\/comments?post=971"}],"wp:featuredmedia":[{"embeddable":true,"href":"https:\/\/keysdock.tajnaveza.net\/es\/wp-json\/wp\/v2\/media\/1007"}],"wp:attachment":[{"href":"https:\/\/keysdock.tajnaveza.net\/es\/wp-json\/wp\/v2\/media?parent=971"}],"wp:term":[{"taxonomy":"product_brand","embeddable":true,"href":"https:\/\/keysdock.tajnaveza.net\/es\/wp-json\/wp\/v2\/product_brand?post=971"},{"taxonomy":"product_cat","embeddable":true,"href":"https:\/\/keysdock.tajnaveza.net\/es\/wp-json\/wp\/v2\/product_cat?post=971"},{"taxonomy":"product_tag","embeddable":true,"href":"https:\/\/keysdock.tajnaveza.net\/es\/wp-json\/wp\/v2\/product_tag?post=971"}],"curies":[{"name":"wp","href":"https:\/\/api.w.org\/{rel}","templated":true}]}}