{"id":972,"date":"2025-03-15T21:07:43","date_gmt":"2025-03-15T21:07:43","guid":{"rendered":"https:\/\/keysdock.com\/?post_type=product&#038;p=972"},"modified":"2025-10-19T07:32:18","modified_gmt":"2025-10-19T07:32:18","slug":"outlook-2021-key-licencia","status":"publish","type":"product","link":"https:\/\/keysdock.tajnaveza.net\/es\/producto\/outlook-2021-key-licencia\/","title":{"rendered":"Outlook 2021 Key Licencia"},"content":{"rendered":"<p><strong>Microsoft Outlook 2021: la soluci\u00f3n definitiva para la gesti\u00f3n del correo electr\u00f3nico y el calendario<\/strong><\/p>\n<h3><strong>Descripci\u00f3n<\/strong><\/h3>\n<p>Microsoft Outlook 2021 es un <strong>gesti\u00f3n potente y eficaz del correo electr\u00f3nico, el calendario y las tareas<\/strong> aplicaci\u00f3n dise\u00f1ada para <strong>profesionales, empresas y usuarios particulares<\/strong>. En <strong>seguridad mejorada, organizaci\u00f3n m\u00e1s inteligente del correo electr\u00f3nico e integraci\u00f3n perfecta con Microsoft 365 y los servicios en la nube.<\/strong>Outlook 2021 ofrece una experiencia m\u00e1s intuitiva y productiva. Tanto si gestiona varias cuentas de correo electr\u00f3nico, programa reuniones o colabora con equipos, Outlook 2021 le garantiza que se mantendr\u00e1 organizado y conectado.<\/p>\n<h3><strong>Caracter\u00edsticas principales<\/strong><\/h3>\n<p>\u2705 <strong>Gesti\u00f3n racionalizada del correo electr\u00f3nico<\/strong> - <strong>Bandeja de entrada centrada, filtros inteligentes y b\u00fasqueda mejorada<\/strong> para organizar f\u00e1cilmente el correo electr\u00f3nico.<br \/>\n\u2705 <strong>Calendario y programaci\u00f3n modernizados<\/strong> - <strong>Establece recordatorios, reserva reuniones y sincroniza varios calendarios sin problemas<\/strong>.<br \/>\n\u2705 <strong>Seguridad avanzada y protecci\u00f3n antiphishing<\/strong> - <strong>Funciones de seguridad integradas<\/strong> proteger contra el spam, el phishing y el malware.<br \/>\n\u2705 <strong>Sincronizaci\u00f3n y acceso sin conexi\u00f3n<\/strong> - Leer, redactar y gestionar correos electr\u00f3nicos incluso <strong>sin conexi\u00f3n a internet<\/strong>.<br \/>\n\u2705 <strong>Integraci\u00f3n perfecta con Microsoft 365<\/strong> - Funciona sin problemas con <strong>Exchange, OneDrive, SharePoint y Teams<\/strong>.<br \/>\n\u2705 <strong>Compatibilidad con varias cuentas de correo electr\u00f3nico<\/strong> - Gestionar <strong>Cuentas Gmail, Yahoo, Outlook.com, IMAP\/POP<\/strong> en un solo lugar.<br \/>\n\u2705 <strong>Funciones de b\u00fasqueda mejoradas<\/strong> - <strong>B\u00fasqueda m\u00e1s r\u00e1pida e inteligente<\/strong> utilizando Microsoft AI para encontrar correos electr\u00f3nicos, archivos adjuntos y eventos.<br \/>\n\u2705 <strong>Integraci\u00f3n de tareas y listas de tareas<\/strong> - Lleve un registro de <strong>tareas importantes, notas adhesivas y recordatorios<\/strong>.<br \/>\n\u2705 <strong>Respuesta autom\u00e1tica y reglas de correo electr\u00f3nico<\/strong> - <strong>Configuraci\u00f3n de mensajes fuera de la oficina, reglas de automatizaci\u00f3n y plantillas de correo electr\u00f3nico<\/strong>.<br \/>\n\u2705 <strong>Interfaz de usuario actualizada<\/strong> - A <strong>dise\u00f1o moderno y m\u00e1s limpio con opciones de cinta personalizables<\/strong> para mejorar la experiencia del usuario.<br \/>\n\u2705 <strong>Funciones de traductor y dictado<\/strong> - F\u00e1cilmente <strong>traducir correos electr\u00f3nicos en tiempo real<\/strong> y utilizar <strong>escritura por voz<\/strong> por eficiencia.<br \/>\n\u2705 <strong>Mejoras de rendimiento y estabilidad<\/strong> - M\u00e1s r\u00e1pido <strong>tiempo de arranque, mejor capacidad de respuesta y menos bloqueos.<\/strong>.<\/p>\n<h3><strong>Requisitos m\u00ednimos del sistema<\/strong><\/h3>\n<ul>\n<li><strong>Procesador<\/strong>: Procesador de 2 n\u00facleos a 1,6 GHz o superior<\/li>\n<li class=\"translation-block\"><strong>RAM<\/strong>: 4 GB (64 bits) \/ 2 GB (32 bits)<\/li>\n<li class=\"translation-block\"><strong>Almacenamiento<\/strong>: 4 GB de espacio disponible en disco.<\/li>\n<li class=\"translation-block\"><strong>Pantalla<\/strong>: resoluci\u00f3n de 1280\u00d7768 o superior.<\/li>\n<li><strong>Sistema operativo<\/strong>: Windows 10 \/ Windows 11<\/li>\n<li class=\"translation-block\"><strong>Gr\u00e1ficos<\/strong>: DirectX 9 o posterior con controlador WDDM 2.0+.<\/li>\n<li><strong>Conexi\u00f3n a Internet<\/strong>: Necesario para la activaci\u00f3n, las actualizaciones y los servicios de Microsoft 365.<\/li>\n<\/ul>\n<h3><strong>\u00bfPor qu\u00e9 elegir Microsoft Outlook 2021?<\/strong><\/h3>\n<p>\ud83d\udd39 <strong>Lo mejor para uso personal y profesional<\/strong> - Gestione eficazmente correos electr\u00f3nicos, calendarios y tareas en una sola aplicaci\u00f3n.<br \/>\n\ud83d\udd39 <strong>Integraci\u00f3n perfecta en la nube<\/strong> - Sincroniza correos electr\u00f3nicos y archivos entre dispositivos con <strong>OneDrive y Microsoft 365<\/strong>.<br \/>\n\ud83d\udd39 <strong>Gesti\u00f3n inteligente y segura del correo electr\u00f3nico<\/strong> - <strong>Antiphishing, protecci\u00f3n contra malware y filtrado mejorado<\/strong> para una bandeja de entrada m\u00e1s segura.<br \/>\n\ud83d\udd39 <strong>Mayor rendimiento y funciones basadas en inteligencia artificial<\/strong> - Mejorado <strong>herramientas de b\u00fasqueda, dictado y traducci\u00f3n<\/strong> aumentar la productividad.<br \/>\n\ud83d\udd39 <strong>Modo sin conexi\u00f3n y soporte multicuenta<\/strong> - <strong>Sea productivo en cualquier lugar<\/strong>incluso sin conexi\u00f3n a Internet.<\/p>\n<p>Actualizar a <strong>Microsoft Outlook 2021<\/strong> hoy y disfrute de un <strong>m\u00e1s r\u00e1pido, m\u00e1s inteligente y m\u00e1s seguro<\/strong> \u00a1correo electr\u00f3nico y la experiencia de programaci\u00f3n! \ud83d\udce7\ud83d\udcc5\ud83d\ude80<\/p>","protected":false},"excerpt":{"rendered":"<p>Microsoft Outlook 2021 \u2013 The Ultimate Email &amp; Calendar Management Solution Description Microsoft Outlook 2021 is a powerful and efficient email, calendar, and task management application designed for professionals, businesses, and personal users. With enhanced security, smarter email organization, and seamless integration with Microsoft 365 and cloud services, Outlook 2021 offers a more intuitive and [&hellip;]<\/p>","protected":false},"featured_media":1008,"comment_status":"open","ping_status":"closed","template":"","meta":{"_gspb_post_css":""},"product_brand":[],"product_cat":[62],"product_tag":[74],"class_list":{"0":"post-972","1":"product","2":"type-product","3":"status-publish","4":"has-post-thumbnail","6":"product_cat-office","7":"product_tag-outlook","9":"first","10":"instock","11":"shipping-taxable","12":"product-type-external"},"_links":{"self":[{"href":"https:\/\/keysdock.tajnaveza.net\/es\/wp-json\/wp\/v2\/product\/972","targetHints":{"allow":["GET"]}}],"collection":[{"href":"https:\/\/keysdock.tajnaveza.net\/es\/wp-json\/wp\/v2\/product"}],"about":[{"href":"https:\/\/keysdock.tajnaveza.net\/es\/wp-json\/wp\/v2\/types\/product"}],"replies":[{"embeddable":true,"href":"https:\/\/keysdock.tajnaveza.net\/es\/wp-json\/wp\/v2\/comments?post=972"}],"wp:featuredmedia":[{"embeddable":true,"href":"https:\/\/keysdock.tajnaveza.net\/es\/wp-json\/wp\/v2\/media\/1008"}],"wp:attachment":[{"href":"https:\/\/keysdock.tajnaveza.net\/es\/wp-json\/wp\/v2\/media?parent=972"}],"wp:term":[{"taxonomy":"product_brand","embeddable":true,"href":"https:\/\/keysdock.tajnaveza.net\/es\/wp-json\/wp\/v2\/product_brand?post=972"},{"taxonomy":"product_cat","embeddable":true,"href":"https:\/\/keysdock.tajnaveza.net\/es\/wp-json\/wp\/v2\/product_cat?post=972"},{"taxonomy":"product_tag","embeddable":true,"href":"https:\/\/keysdock.tajnaveza.net\/es\/wp-json\/wp\/v2\/product_tag?post=972"}],"curies":[{"name":"wp","href":"https:\/\/api.w.org\/{rel}","templated":true}]}}