{"id":973,"date":"2025-03-15T21:07:43","date_gmt":"2025-03-15T21:07:43","guid":{"rendered":"https:\/\/keysdock.com\/?post_type=product&#038;p=973"},"modified":"2025-10-19T07:32:06","modified_gmt":"2025-10-19T07:32:06","slug":"access-2019-key-licencia","status":"publish","type":"product","link":"https:\/\/keysdock.tajnaveza.net\/es\/producto\/access-2019-key-licencia\/","title":{"rendered":"Access 2019 Key Licencia"},"content":{"rendered":"<p><strong>Microsoft Access 2019: potente gesti\u00f3n de bases de datos para empresas y profesionales<\/strong><\/p>\n<h3><strong>Descripci\u00f3n<\/strong><\/h3>\n<p>Microsoft Access 2019 es un <strong>sistema de gesti\u00f3n de bases de datos (SGBD) vers\u00e1til y f\u00e1cil de usar<\/strong> dise\u00f1ado para <strong>empresas, profesionales y promotores<\/strong> que necesitan una forma eficaz de <strong>almacenar, organizar y analizar datos<\/strong>. En <strong>plantillas intuitivas, funciones de consulta avanzadas e integraci\u00f3n perfecta con Microsoft 365<\/strong>, Access 2019 permite a los usuarios <strong>crear y gestionar bases de datos<\/strong> sin necesidad de grandes conocimientos t\u00e9cnicos.<\/p>\n<p>Tanto si gestiona registros de clientes, inventarios o datos financieros, Microsoft Access 2019 proporciona <strong>s\u00f3lidas herramientas de organizaci\u00f3n de datos, elaboraci\u00f3n de informes y automatizaci\u00f3n<\/strong>.<\/p>\n<h3><strong>Caracter\u00edsticas principales<\/strong><\/h3>\n<p>\u2705 <strong>Plantillas de bases de datos f\u00e1ciles de usar<\/strong> - Cree r\u00e1pidamente bases de datos con <strong>plantillas predise\u00f1adas<\/strong> para diversas necesidades empresariales.<br \/>\n\u2705 <strong>Herramientas avanzadas de consulta e informes<\/strong> - Utilizaci\u00f3n <strong>SQL, macros y Visual Basic para Aplicaciones (VBA)<\/strong> para la automatizaci\u00f3n de datos.<br \/>\n\u2705 <strong>Integraci\u00f3n perfecta con Microsoft 365 y SQL Server<\/strong> - Conecte su base de datos con <strong>Excel, SharePoint y servicios basados en la nube<\/strong>.<br \/>\n\u2705 <strong>Automatizaci\u00f3n de formularios y entrada de datos<\/strong> - Crear <strong>formularios personalizados, automatizar flujos de trabajo y mejorar la interacci\u00f3n con el usuario<\/strong>.<br \/>\n\u2705 <strong>Mayor seguridad y protecci\u00f3n de datos<\/strong> - Bases de datos seguras con <strong>protecci\u00f3n mediante contrase\u00f1a y cifrado<\/strong>.<br \/>\n\u2705 <strong>Potentes herramientas de importaci\u00f3n y exportaci\u00f3n de datos<\/strong> - Importar\/exportar datos f\u00e1cilmente desde <strong>Excel, XML, ODBC, etc.<\/strong>.<br \/>\n\u2705 <strong>Soporte de bases de datos relacionales<\/strong> - <strong>Gestionar relaciones de datos complejas<\/strong> con tablas y consultas vinculadas.<br \/>\n\u2705 <strong>Colaboraci\u00f3n entre varios usuarios<\/strong> - Comparta bases de datos de forma segura entre equipos y organizaciones.<br \/>\n\u2705 <strong>Mayor rendimiento y estabilidad<\/strong> - Ejecuci\u00f3n m\u00e1s r\u00e1pida de las consultas y <strong>rendimiento optimizado de la base de datos<\/strong>.<br \/>\n\u2705 <strong>Gr\u00e1ficos y visualizaci\u00f3n de datos modernizados<\/strong> - Crear <strong>informes y cuadros de mando interactivos<\/strong> para el an\u00e1lisis de datos.<br \/>\n\u2705 <strong>Automatizaci\u00f3n de macros y VBA<\/strong> - Automatice las tareas repetitivas y <strong>mejorar la eficacia del flujo de trabajo<\/strong>.<\/p>\n<h3><strong>Requisitos m\u00ednimos del sistema<\/strong><\/h3>\n<ul>\n<li class=\"translation-block\"><strong>Procesador<\/strong>: 1,6 GHz o m\u00e1s r\u00e1pido, procesador de doble n\u00facleo.<\/li>\n<li class=\"translation-block\"><strong>RAM<\/strong>: 4 GB (64 bits) \/ 2 GB (32 bits)<\/li>\n<li class=\"translation-block\"><strong>Almacenamiento<\/strong>: 4 GB de espacio disponible en disco.<\/li>\n<li class=\"translation-block\"><strong>Pantalla<\/strong>: resoluci\u00f3n de 1280\u00d7768 o superior.<\/li>\n<li><strong>Sistema operativo<\/strong>: Windows 10 \/ Windows 11 \/ Windows Server 2019<\/li>\n<li class=\"translation-block\"><strong>Gr\u00e1ficos<\/strong>: DirectX 9 o posterior con controlador WDDM 2.0+.<\/li>\n<li><strong>Conexi\u00f3n a Internet<\/strong>: Necesario para la activaci\u00f3n, las actualizaciones y la integraci\u00f3n en la nube.<\/li>\n<\/ul>\n<h3><strong>Por qu\u00e9 elegir Microsoft Access 2019?<\/strong><\/h3>\n<p>\ud83d\udd39 <strong>Ideal para empresas y profesionales<\/strong> - Gestionar <strong>bases de datos, inventarios, datos de clientes y registros financieros<\/strong> f\u00e1cilmente.<br \/>\n\ud83d\udd39 <strong>Gesti\u00f3n flexible de datos<\/strong> - Soportes <strong>grandes conjuntos de datos, colaboraci\u00f3n multiusuario y bases de datos relacionales<\/strong>.<br \/>\n\ud83d\udd39 <strong>Integraci\u00f3n perfecta con Microsoft<\/strong> - Funciona con <strong>Excel, SQL Server, Power BI y SharePoint<\/strong>.<br \/>\n\ud83d\udd39 <strong>Automatizaci\u00f3n y personalizaci\u00f3n avanzadas<\/strong> - Utilizaci\u00f3n <strong>VBA y macros<\/strong> para agilizar los flujos de trabajo.<br \/>\n\ud83d\udd39 <strong>Mayor seguridad y rendimiento<\/strong> - Proteja los datos confidenciales con <strong>encriptaci\u00f3n de contrase\u00f1as y procesamiento optimizado<\/strong>.<\/p>\n<p>Actualizar a <strong>Microsoft Access 2019<\/strong> hoy y <strong>simplifique la gesti\u00f3n de datos, mejore la eficacia y desbloquee potentes funciones de elaboraci\u00f3n de informes<\/strong>\u00a1! \ud83d\udcca\ud83d\udcbe\ud83d\ude80<\/p>","protected":false},"excerpt":{"rendered":"<p>Microsoft Access 2019 \u2013 Powerful Database Management for Businesses &amp; Professionals Description Microsoft Access 2019 is a versatile and user-friendly database management system (DBMS) designed for businesses, professionals, and developers who need an efficient way to store, organize, and analyze data. With intuitive templates, advanced query capabilities, and seamless integration with Microsoft 365, Access 2019 [&hellip;]<\/p>","protected":false},"featured_media":1009,"comment_status":"open","ping_status":"closed","template":"","meta":{"_gspb_post_css":""},"product_brand":[],"product_cat":[62],"product_tag":[75],"class_list":{"0":"post-973","1":"product","2":"type-product","3":"status-publish","4":"has-post-thumbnail","6":"product_cat-office","7":"product_tag-access","9":"first","10":"instock","11":"shipping-taxable","12":"product-type-external"},"_links":{"self":[{"href":"https:\/\/keysdock.tajnaveza.net\/es\/wp-json\/wp\/v2\/product\/973","targetHints":{"allow":["GET"]}}],"collection":[{"href":"https:\/\/keysdock.tajnaveza.net\/es\/wp-json\/wp\/v2\/product"}],"about":[{"href":"https:\/\/keysdock.tajnaveza.net\/es\/wp-json\/wp\/v2\/types\/product"}],"replies":[{"embeddable":true,"href":"https:\/\/keysdock.tajnaveza.net\/es\/wp-json\/wp\/v2\/comments?post=973"}],"wp:featuredmedia":[{"embeddable":true,"href":"https:\/\/keysdock.tajnaveza.net\/es\/wp-json\/wp\/v2\/media\/1009"}],"wp:attachment":[{"href":"https:\/\/keysdock.tajnaveza.net\/es\/wp-json\/wp\/v2\/media?parent=973"}],"wp:term":[{"taxonomy":"product_brand","embeddable":true,"href":"https:\/\/keysdock.tajnaveza.net\/es\/wp-json\/wp\/v2\/product_brand?post=973"},{"taxonomy":"product_cat","embeddable":true,"href":"https:\/\/keysdock.tajnaveza.net\/es\/wp-json\/wp\/v2\/product_cat?post=973"},{"taxonomy":"product_tag","embeddable":true,"href":"https:\/\/keysdock.tajnaveza.net\/es\/wp-json\/wp\/v2\/product_tag?post=973"}],"curies":[{"name":"wp","href":"https:\/\/api.w.org\/{rel}","templated":true}]}}