{"id":974,"date":"2025-03-15T21:07:43","date_gmt":"2025-03-15T21:07:43","guid":{"rendered":"https:\/\/keysdock.com\/?post_type=product&#038;p=974"},"modified":"2025-10-19T07:31:55","modified_gmt":"2025-10-19T07:31:55","slug":"access-2021-key-licencia","status":"publish","type":"product","link":"https:\/\/keysdock.tajnaveza.net\/es\/producto\/access-2021-key-licencia\/","title":{"rendered":"Access 2021 Key Licencia"},"content":{"rendered":"<p><strong>Compra Access 2021 licencia al mejor precio \u2013  y  con activaci\u00f3n de por vida.<\/strong><\/p>\n<h3><strong>Descripci\u00f3n<\/strong><\/h3>\n<p>Microsoft Access 2021 es un <strong>sistema de gesti\u00f3n de bases de datos (SGBD) potente y f\u00e1cil de usar<\/strong> dise\u00f1ado para <strong>empresas, profesionales y promotores<\/strong> que necesitan <strong>almacenamiento, organizaci\u00f3n y an\u00e1lisis eficaces de los datos<\/strong>. En <strong>mayor rendimiento, seguridad mejorada e integraci\u00f3n perfecta con Microsoft 365<\/strong>Access 2021 simplifica el proceso de <strong>creaci\u00f3n, gesti\u00f3n y automatizaci\u00f3n de bases de datos<\/strong> para necesidades empresariales, financieras u operativas.<\/p>\n<p>Ya sea para hacer un seguimiento del inventario, gestionar registros de clientes o generar informes, <strong>Microsoft Access 2021<\/strong> proporciona <strong>herramientas avanzadas para bases de datos relacionales, consultas y automatizaci\u00f3n<\/strong>por lo que es la soluci\u00f3n perfecta para los flujos de trabajo basados en datos.<\/p>\n<h3><strong>Caracter\u00edsticas principales<\/strong><\/h3>\n<p>\u2705 <strong>Plantillas de bases de datos f\u00e1ciles de usar<\/strong> - Comience r\u00e1pidamente con <strong>plantillas predise\u00f1adas<\/strong> para diversos sectores y casos de uso.<br \/>\n\u2705 <strong>Herramientas avanzadas de consulta e informes<\/strong> - Utilizar <strong>SQL, macros y Visual Basic para Aplicaciones (VBA)<\/strong> para operaciones de datos complejas.<br \/>\n\u2705 <strong>Mayor rendimiento y estabilidad<\/strong> - <strong>Mayor velocidad de procesamiento, optimizaci\u00f3n de las consultas y reducci\u00f3n de los retrasos.<\/strong>.<br \/>\n\u2705 <strong>Mayor seguridad y cifrado de datos<\/strong> - Proteja las bases de datos con <strong>protecci\u00f3n por contrase\u00f1a, cifrado y permisos multiusuario<\/strong>.<br \/>\n\u2705 <strong>Integraci\u00f3n perfecta de Microsoft 365 y la nube<\/strong> - Sincronizar datos con <strong>Excel, SharePoint, SQL Server y OneDrive<\/strong>.<br \/>\n\u2705 <strong>Gr\u00e1ficos y visualizaci\u00f3n de datos modernizados<\/strong> - Crear <strong>informes interactivos, cuadros de mando y an\u00e1lisis en tiempo real<\/strong>.<br \/>\n\u2705 <strong>Conectividad de datos ampliada<\/strong> - Importar\/exportar datos de <strong>Excel, XML, ODBC, SQL y servicios web<\/strong>.<br \/>\n\u2705 <strong>Colaboraci\u00f3n entre varios usuarios<\/strong> - <strong>Compartir y editar bases de datos simult\u00e1neamente<\/strong> entre equipos y departamentos.<br \/>\n\u2705 <strong>Automatizaci\u00f3n de macros y VBA<\/strong> - <strong>Automatizar tareas repetitivas<\/strong>mejorar la eficacia y agilizar los flujos de trabajo.<br \/>\n\u2705 <strong>Interfaz de usuario actualizada<\/strong> - Un dise\u00f1o renovado para mejorar <strong>navegaci\u00f3n y accesibilidad<\/strong>.<\/p>\n<h3><strong>Requisitos m\u00ednimos del sistema<\/strong><\/h3>\n<ul>\n<li class=\"translation-block\"><strong>Procesador<\/strong>: 1,6 GHz o m\u00e1s r\u00e1pido, procesador de doble n\u00facleo.<\/li>\n<li class=\"translation-block\"><strong>RAM<\/strong>: 4 GB (64 bits) \/ 2 GB (32 bits)<\/li>\n<li class=\"translation-block\"><strong>Almacenamiento<\/strong>: 4 GB de espacio disponible en disco.<\/li>\n<li class=\"translation-block\"><strong>Pantalla<\/strong>: resoluci\u00f3n de 1280\u00d7768 o superior.<\/li>\n<li><strong>Sistema operativo<\/strong>: Windows 10 \/ Windows 11<\/li>\n<li class=\"translation-block\"><strong>Gr\u00e1ficos<\/strong>: DirectX 9 o posterior con controlador WDDM 2.0+.<\/li>\n<li><strong>Conexi\u00f3n a Internet<\/strong>: Necesario para la activaci\u00f3n, las actualizaciones y los servicios de Microsoft 365.<\/li>\n<\/ul>\n<h3><strong>\u00bfPor qu\u00e9 elegir Microsoft Access 2021?<\/strong><\/h3>\n<p>\ud83d\udd39 <strong>Dise\u00f1ado para empresas y profesionales<\/strong> - Gestionar f\u00e1cilmente <strong>datos de clientes, inventario, finanzas y registros operativos<\/strong>.<br \/>\n\ud83d\udd39 <strong>Gesti\u00f3n de datos robusta y escalable<\/strong> - <strong>Admite grandes conjuntos de datos<\/strong>bases de datos relacionales y entornos multiusuario.<br \/>\n\ud83d\udd39 <strong>Preparado para la nube y Microsoft 365<\/strong> - Se integra perfectamente con <strong>Excel, Power BI, SQL Server y SharePoint<\/strong>.<br \/>\n\ud83d\udd39 <strong>Informes avanzados y automatizaci\u00f3n<\/strong> - Crear <strong>informes personalizados, automatizar flujos de trabajo y aumentar la productividad<\/strong>.<br \/>\n\ud83d\udd39 <strong>Alta seguridad y fiabilidad<\/strong> - <strong>Proteger los datos sensibles<\/strong> con <strong>funciones de cifrado y seguridad<\/strong>.<\/p>\n<p>Actualizar a <strong>Microsoft Access 2021<\/strong> hoy y <strong>tome el control de sus datos con herramientas avanzadas de gesti\u00f3n, automatizaci\u00f3n y an\u00e1lisis<\/strong>\u00a1! \ud83d\udcca\ud83d\udcbe\ud83d\ude80<\/p>","protected":false},"excerpt":{"rendered":"<p>Microsoft Access 2021 \u2013 The Ultimate Database Management Solution Description Microsoft Access 2021 is a powerful and user-friendly database management system (DBMS) designed for businesses, professionals, and developers who need efficient data storage, organization, and analysis. With improved performance, enhanced security, and seamless integration with Microsoft 365, Access 2021 simplifies the process of creating, managing, [&hellip;]<\/p>","protected":false},"featured_media":1010,"comment_status":"open","ping_status":"closed","template":"","meta":{"_gspb_post_css":""},"product_brand":[],"product_cat":[62],"product_tag":[75],"class_list":{"0":"post-974","1":"product","2":"type-product","3":"status-publish","4":"has-post-thumbnail","6":"product_cat-office","7":"product_tag-access","9":"first","10":"instock","11":"shipping-taxable","12":"product-type-external"},"_links":{"self":[{"href":"https:\/\/keysdock.tajnaveza.net\/es\/wp-json\/wp\/v2\/product\/974","targetHints":{"allow":["GET"]}}],"collection":[{"href":"https:\/\/keysdock.tajnaveza.net\/es\/wp-json\/wp\/v2\/product"}],"about":[{"href":"https:\/\/keysdock.tajnaveza.net\/es\/wp-json\/wp\/v2\/types\/product"}],"replies":[{"embeddable":true,"href":"https:\/\/keysdock.tajnaveza.net\/es\/wp-json\/wp\/v2\/comments?post=974"}],"wp:featuredmedia":[{"embeddable":true,"href":"https:\/\/keysdock.tajnaveza.net\/es\/wp-json\/wp\/v2\/media\/1010"}],"wp:attachment":[{"href":"https:\/\/keysdock.tajnaveza.net\/es\/wp-json\/wp\/v2\/media?parent=974"}],"wp:term":[{"taxonomy":"product_brand","embeddable":true,"href":"https:\/\/keysdock.tajnaveza.net\/es\/wp-json\/wp\/v2\/product_brand?post=974"},{"taxonomy":"product_cat","embeddable":true,"href":"https:\/\/keysdock.tajnaveza.net\/es\/wp-json\/wp\/v2\/product_cat?post=974"},{"taxonomy":"product_tag","embeddable":true,"href":"https:\/\/keysdock.tajnaveza.net\/es\/wp-json\/wp\/v2\/product_tag?post=974"}],"curies":[{"name":"wp","href":"https:\/\/api.w.org\/{rel}","templated":true}]}}