{"id":975,"date":"2025-03-15T21:07:43","date_gmt":"2025-03-15T21:07:43","guid":{"rendered":"https:\/\/keysdock.com\/?post_type=product&#038;p=975"},"modified":"2026-02-07T05:56:36","modified_gmt":"2026-02-07T05:56:36","slug":"kaspersky-premium-2025-1-dispositivo-1-ano-licencia","status":"publish","type":"product","link":"https:\/\/keysdock.tajnaveza.net\/es\/producto\/kaspersky-premium-2025-1-dispositivo-1-ano-licencia\/","title":{"rendered":"Kaspersky Premium 2025 | 1 dispositivo - 1 a\u00f1o| \n Key Licencia"},"content":{"rendered":"<p><strong>Kaspersky Premium Antivirus - M\u00e1xima seguridad y protecci\u00f3n de la privacidad<\/strong><\/p>\n<h3><strong>Descripci\u00f3n<\/strong><\/h3>\n<p>Kaspersky Premium Antivirus es un <strong>soluci\u00f3n de seguridad avanzada todo en uno<\/strong> dise\u00f1ado para <strong>protecci\u00f3n integral, privacidad y optimizaci\u00f3n del rendimiento<\/strong>. Ofrece <strong>protecci\u00f3n antivirus en tiempo real, defensa contra el ransomware, prevenci\u00f3n del robo de identidad y herramientas de privacidad<\/strong>garantizando una <strong>seguro y suave<\/strong> experiencia digital en <strong>Dispositivos Windows, macOS, Android e iOS<\/strong>.<\/p>\n<p>Con <strong>Detecci\u00f3n de amenazas basada en IA, navegaci\u00f3n cifrada y VPN integrada<\/strong>Kaspersky Premium Antivirus es ideal para <strong>usuarios dom\u00e9sticos, profesionales y familias<\/strong> que requieren <strong>m\u00e1xima seguridad, privacidad y optimizaci\u00f3n del rendimiento del dispositivo<\/strong>.<\/p>\n<h3><strong>Caracter\u00edsticas principales<\/strong><\/h3>\n<p>\u2705 <strong>Protecci\u00f3n contra amenazas en tiempo real<\/strong> - Detecta y elimina <strong>virus, malware, spyware, ransomware y ciberamenazas avanzadas<\/strong>.<br \/>\n\u2705 <strong>Defensa multicapa contra el ransomware<\/strong> - Protege <strong>datos sensibles del cifrado<\/strong> y previene los ataques de ransomware.<br \/>\n\u2705 <strong>Protecci\u00f3n web y antiphishing basados en inteligencia artificial<\/strong> - Bloques <strong>sitios web fraudulentos, estafas en l\u00ednea y descargas maliciosas<\/strong>.<br \/>\n\u2705 <strong>Cortafuegos y protecci\u00f3n de red seguros<\/strong> - Monitores <strong>tr\u00e1fico entrante y saliente<\/strong> para evitar accesos no autorizados.<br \/>\n\u2705 <strong>VPN ilimitada (navegaci\u00f3n segura)<\/strong> - Cifra <strong>tr\u00e1fico de internet<\/strong> para una navegaci\u00f3n an\u00f3nima y privada.<br \/>\n\u2705 <strong>Protecci\u00f3n de identidad y gesti\u00f3n de contrase\u00f1as<\/strong> - <strong>Almacena contrase\u00f1as de forma segura<\/strong> y protege los datos personales contra el robo.<br \/>\n\u2705 <strong>Protecci\u00f3n de c\u00e1mara web y micr\u00f3fono<\/strong> - Evita <strong>evitar que los programas esp\u00eda accedan en secreto a tu c\u00e1mara y micr\u00f3fono<\/strong>.<br \/>\n\u2705 <strong>Supervisi\u00f3n de la Dark Web<\/strong> - Exploraciones <strong>la web oscura en busca de informaci\u00f3n personal robada y le alerta de las infracciones<\/strong>.<br \/>\n\u2705 <strong>Control parental y modo infantil seguro<\/strong> - Monitores <strong>tiempo de pantalla, bloquea contenidos nocivos y rastrea la ubicaci\u00f3n del dispositivo.<\/strong>.<br \/>\n\u2705 <strong>Limpieza inteligente y optimizaci\u00f3n del rendimiento<\/strong> - <strong>Aumenta el rendimiento del sistema<\/strong> eliminando los archivos basura y las aplicaciones no utilizadas.<br \/>\n\u2705 <strong>Protecci\u00f3n de unidades USB y externas<\/strong> - Exploraciones <strong>dispositivos de almacenamiento extra\u00edbles<\/strong> para evitar infecciones de malware.<br \/>\n\u2705 <strong>Actualizaciones autom\u00e1ticas de software<\/strong> - Garantiza <strong>las aplicaciones instaladas permanecen seguras y actualizadas<\/strong>.<\/p>\n<h3><strong>Requisitos m\u00ednimos del sistema<\/strong><\/h3>\n<h4><strong>Windows<\/strong><\/h4>\n<ul>\n<li><strong>Procesador<\/strong>: 1 GHz o superior<\/li>\n<li><strong>RAM<\/strong>: 2 GB m\u00ednimo<\/li>\n<li><strong>Almacenamiento<\/strong>2 GB de espacio disponible en disco<\/li>\n<li><strong>Sistema operativo<\/strong>: Windows 11, Windows 10, Windows 8.1, Windows 8, Windows 7 (SP1)<\/li>\n<li><strong>Conexi\u00f3n a Internet<\/strong>: Necesario para la activaci\u00f3n, las actualizaciones y la seguridad basada en la nube.<\/li>\n<\/ul>\n<h4><strong>macOS<\/strong><\/h4>\n<ul>\n<li><strong>Procesador<\/strong>: Mac basado en Intel o Apple Silicon (M1\/M2)<\/li>\n<li><strong>RAM<\/strong>: 2 GB m\u00ednimo<\/li>\n<li><strong>Almacenamiento<\/strong>: 1,5 GB de espacio disponible en disco<\/li>\n<li><strong>Sistema operativo<\/strong>macOS 10.12 (Sierra) o posterior<\/li>\n<\/ul>\n<h4><strong>Android e iOS<\/strong><\/h4>\n<ul>\n<li><strong>Sistema operativo<\/strong>: Android 6.0 o posterior \/ iOS 12.0 o posterior<\/li>\n<li><strong>Caracter\u00edsticas disponibles<\/strong>: Antivirus, antirrobo, VPN y protecci\u00f3n de la privacidad<\/li>\n<\/ul>\n<h3><strong>\u00bfPor qu\u00e9 elegir Kaspersky Premium Antivirus?<\/strong><\/h3>\n<p>\ud83d\udd39 <strong>Seguridad completa en todos los dispositivos<\/strong> - Cubiertas <strong>Windows, Mac, Android e iOS<\/strong>.<br \/>\n\ud83d\udd39 <strong>Protecci\u00f3n contra malware y ransomware basada en IA<\/strong> - Detecta <strong>ciberamenazas al instante<\/strong> con seguridad avanzada de IA.<br \/>\n\ud83d\udd39 <strong>Mayor privacidad y protecci\u00f3n de la identidad<\/strong> - <strong>VPN, vigilancia de la Dark Web y gestor de contrase\u00f1as<\/strong> mantener seguros los datos personales.<br \/>\n\ud83d\udd39 <strong>Optimizaci\u00f3n inteligente del rendimiento<\/strong> - Impulsos <strong>rapidez y eficacia<\/strong> a la vez que proteges tus dispositivos.<br \/>\n\ud83d\udd39 <strong>Seguridad infantil y control parental<\/strong> - Garantiza <strong>seguridad familiar con control de pantallas y filtrado en l\u00ednea<\/strong>.<\/p>\n<p>Actualizar a <strong>Antivirus Kaspersky Premium<\/strong> hoy para <strong>el m\u00e1ximo nivel de seguridad, privacidad y optimizaci\u00f3n del rendimiento<\/strong>\u00a1! \ud83d\ude80\ud83d\udee1\ufe0f\ud83d\udd12<\/p>","protected":false},"excerpt":{"rendered":"<p>Kaspersky Premium Antivirus \u2013 Ultimate Security &amp; Privacy Protection Description Kaspersky Premium Antivirus is an advanced, all-in-one security solution designed for comprehensive protection, privacy, and performance optimization. It offers real-time antivirus protection, anti-ransomware defense, identity theft prevention, and privacy tools, ensuring a secure and smooth digital experience across Windows, macOS, Android, and iOS devices. With [&hellip;]<\/p>","protected":false},"featured_media":1011,"comment_status":"open","ping_status":"closed","template":"","meta":{"_gspb_post_css":""},"product_brand":[],"product_cat":[76],"product_tag":[77],"class_list":{"0":"post-975","1":"product","2":"type-product","3":"status-publish","4":"has-post-thumbnail","6":"product_cat-antivirus","7":"product_tag-kaspersky","9":"first","10":"instock","11":"shipping-taxable","12":"product-type-external"},"_links":{"self":[{"href":"https:\/\/keysdock.tajnaveza.net\/es\/wp-json\/wp\/v2\/product\/975","targetHints":{"allow":["GET"]}}],"collection":[{"href":"https:\/\/keysdock.tajnaveza.net\/es\/wp-json\/wp\/v2\/product"}],"about":[{"href":"https:\/\/keysdock.tajnaveza.net\/es\/wp-json\/wp\/v2\/types\/product"}],"replies":[{"embeddable":true,"href":"https:\/\/keysdock.tajnaveza.net\/es\/wp-json\/wp\/v2\/comments?post=975"}],"wp:featuredmedia":[{"embeddable":true,"href":"https:\/\/keysdock.tajnaveza.net\/es\/wp-json\/wp\/v2\/media\/1011"}],"wp:attachment":[{"href":"https:\/\/keysdock.tajnaveza.net\/es\/wp-json\/wp\/v2\/media?parent=975"}],"wp:term":[{"taxonomy":"product_brand","embeddable":true,"href":"https:\/\/keysdock.tajnaveza.net\/es\/wp-json\/wp\/v2\/product_brand?post=975"},{"taxonomy":"product_cat","embeddable":true,"href":"https:\/\/keysdock.tajnaveza.net\/es\/wp-json\/wp\/v2\/product_cat?post=975"},{"taxonomy":"product_tag","embeddable":true,"href":"https:\/\/keysdock.tajnaveza.net\/es\/wp-json\/wp\/v2\/product_tag?post=975"}],"curies":[{"name":"wp","href":"https:\/\/api.w.org\/{rel}","templated":true}]}}