{"id":976,"date":"2025-03-15T21:07:43","date_gmt":"2025-03-15T21:07:43","guid":{"rendered":"https:\/\/keysdock.com\/?post_type=product&#038;p=976"},"modified":"2025-10-19T07:31:38","modified_gmt":"2025-10-19T07:31:38","slug":"kaspersky-plus-2025-1-dispositivo-1-ano-licencia","status":"publish","type":"product","link":"https:\/\/keysdock.tajnaveza.net\/es\/producto\/kaspersky-plus-2025-1-dispositivo-1-ano-licencia\/","title":{"rendered":"Kaspersky plus 2025 | 1 dispositivo - 1 a\u00f1o| Key Licencia"},"content":{"rendered":"<p><strong>Kaspersky Plus Antivirus - Seguridad, privacidad y rendimiento avanzados<\/strong><\/p>\n<h3><strong>Descripci\u00f3n<\/strong><\/h3>\n<p>Kaspersky Plus Antivirus es un <strong>paquete de seguridad con m\u00faltiples funciones<\/strong> dise\u00f1ado para proporcionar <strong>mayor protecci\u00f3n, privacidad y optimizaci\u00f3n del sistema<\/strong> para <strong>Dispositivos Windows, macOS, Android e iOS<\/strong>. Ofrece <strong>Protecci\u00f3n antivirus en tiempo real, herramientas antiphishing avanzadas, VPN integrada y funciones de mejora del rendimiento.<\/strong>garantizando una <strong>una experiencia digital segura, privada y fluida<\/strong>.<\/p>\n<p>Con <strong>Detecci\u00f3n de malware, navegaci\u00f3n segura y protecci\u00f3n de la identidad basadas en IA<\/strong>Kaspersky Plus es perfecto para <strong>usuarios que necesitan ciberseguridad de alto nivel sin ralentizar sus dispositivos<\/strong>.<\/p>\n<h3><strong>Caracter\u00edsticas principales<\/strong><\/h3>\n<p>\u2705 <strong>Protecci\u00f3n contra amenazas en tiempo real<\/strong> - <strong>Bloquea virus, malware, spyware y ransomware<\/strong> antes de que puedan da\u00f1ar tu dispositivo.<br \/>\n\u2705 <strong>Escudo multicapa contra ransomware<\/strong> - Evita <strong>ataques de encriptaci\u00f3n de archivos y salvaguarda datos importantes<\/strong>.<br \/>\n\u2705 <strong>Protecci\u00f3n web y antiphishing basados en inteligencia artificial<\/strong> - Detecta y bloquea <strong>sitios web fraudulentos, correos electr\u00f3nicos de phishing y sitios bancarios falsos<\/strong>.<br \/>\n\u2705 <strong>VPN ilimitada (navegaci\u00f3n segura)<\/strong> - Cifra <strong>tr\u00e1fico de internet<\/strong> para an\u00f3nimos y <strong>navegaci\u00f3n segura en redes Wi-Fi p\u00fablicas<\/strong>.<br \/>\n\u2705 <strong>Cortafuegos y supervisi\u00f3n de redes<\/strong> - Evita <strong>acceso no autorizado<\/strong> y <strong>mantiene alejados a los hackers<\/strong> de su sistema.<br \/>\n\u2705 <strong>Protecci\u00f3n de c\u00e1mara web y micr\u00f3fono<\/strong> - Paradas <strong>evitar que los programas esp\u00eda accedan en secreto a la c\u00e1mara web y al micr\u00f3fono<\/strong>.<br \/>\n\u2705 <strong>Optimizaci\u00f3n inteligente del rendimiento<\/strong> - Limpia <strong>archivos basura, acelera el tiempo de arranque y mejora el rendimiento del dispositivo.<\/strong>.<br \/>\n\u2705 <strong>Supervisi\u00f3n de la Dark Web<\/strong> - Exploraciones <strong>la web oscura en busca de datos personales robados<\/strong> y le alerta de las brechas de seguridad.<br \/>\n\u2705 <strong>Banca y compras en l\u00ednea seguras<\/strong> - <strong>Cifra las transacciones financieras<\/strong> y evita el fraude.<br \/>\n\u2705 <strong>Gestor de contrase\u00f1as<\/strong> - Con seguridad <strong>almacena, autocompleta y genera contrase\u00f1as seguras<\/strong>.<br \/>\n\u2705 <strong>Control parental y modo infantil seguro<\/strong> - Filtros <strong>contenidos nocivos y limita el tiempo de pantalla de los ni\u00f1os<\/strong>.<br \/>\n\u2705 <strong>Protecci\u00f3n de dispositivos USB<\/strong> - Exploraciones <strong>dispositivos de almacenamiento externo<\/strong> de malware y riesgos de seguridad.<\/p>\n<h3><strong>Requisitos m\u00ednimos del sistema<\/strong><\/h3>\n<h4><strong>Windows<\/strong><\/h4>\n<ul>\n<li><strong>Procesador<\/strong>: 1 GHz o superior<\/li>\n<li><strong>RAM<\/strong>: 2 GB m\u00ednimo<\/li>\n<li><strong>Almacenamiento<\/strong>2 GB de espacio disponible en disco<\/li>\n<li><strong>Sistema operativo<\/strong>: Windows 11, Windows 10, Windows 8.1, Windows 8, Windows 7 (SP1)<\/li>\n<li><strong>Conexi\u00f3n a Internet<\/strong>: Necesario para la activaci\u00f3n, las actualizaciones y la seguridad basada en la nube.<\/li>\n<\/ul>\n<h4><strong>macOS<\/strong><\/h4>\n<ul>\n<li><strong>Procesador<\/strong>: Mac basado en Intel o Apple Silicon (M1\/M2)<\/li>\n<li><strong>RAM<\/strong>: 2 GB m\u00ednimo<\/li>\n<li><strong>Almacenamiento<\/strong>: 1,5 GB de espacio disponible en disco<\/li>\n<li><strong>Sistema operativo<\/strong>macOS 10.12 (Sierra) o posterior<\/li>\n<\/ul>\n<h4><strong>Android e iOS<\/strong><\/h4>\n<ul>\n<li><strong>Sistema operativo<\/strong>: Android 6.0 o posterior \/ iOS 12.0 o posterior<\/li>\n<li><strong>Caracter\u00edsticas disponibles<\/strong>: Antivirus, antirrobo, VPN y protecci\u00f3n de la privacidad<\/li>\n<\/ul>\n<h3><strong>\u00bfPor qu\u00e9 elegir Kaspersky Plus Antivirus?<\/strong><\/h3>\n<p>\ud83d\udd39 <strong>Suite integral de seguridad y rendimiento<\/strong> - <strong>Combina antivirus, VPN y herramientas de optimizaci\u00f3n<\/strong> en un solo paquete.<br \/>\n\ud83d\udd39 <strong>Potente protecci\u00f3n basada en inteligencia artificial<\/strong> - Detecta y neutraliza <strong>ciberamenazas en tiempo real<\/strong>.<br \/>\n\ud83d\udd39 <strong>Protecci\u00f3n de la intimidad y la identidad<\/strong> - Guarda <strong>seguridad de los datos personales<\/strong> con <strong>VPN, antirrastreo y gesti\u00f3n de contrase\u00f1as<\/strong>.<br \/>\n\ud83d\udd39 <strong>Aumenta el rendimiento del PC y el m\u00f3vil<\/strong> - <strong>Limpia el desorden del sistema<\/strong> y mejora <strong>rapidez y eficacia<\/strong>.<br \/>\n\ud83d\udd39 <strong>Navegaci\u00f3n segura y transacciones seguras<\/strong> - <strong>Proteja sus datos financieros y evite los ataques de phishing<\/strong>.<\/p>\n<p>Actualizar a <strong>Antivirus Kaspersky Plus<\/strong> hoy para <strong>seguridad, privacidad y optimizaci\u00f3n del sistema del siguiente nivel<\/strong>\u00a1! \ud83d\ude80\ud83d\udee1\ufe0f\ud83d\udd12<\/p>","protected":false},"excerpt":{"rendered":"<p>Kaspersky Plus Antivirus \u2013 Advanced Security, Privacy &amp; Performance Description Kaspersky Plus Antivirus is a feature-rich security suite designed to provide enhanced protection, privacy, and system optimization for Windows, macOS, Android, and iOS devices. It offers real-time antivirus protection, advanced anti-phishing tools, a built-in VPN, and performance-boosting features, ensuring a safe, private, and smooth digital [&hellip;]<\/p>","protected":false},"featured_media":1012,"comment_status":"open","ping_status":"closed","template":"","meta":{"_gspb_post_css":""},"product_brand":[],"product_cat":[76],"product_tag":[77],"class_list":{"0":"post-976","1":"product","2":"type-product","3":"status-publish","4":"has-post-thumbnail","6":"product_cat-antivirus","7":"product_tag-kaspersky","9":"first","10":"instock","11":"shipping-taxable","12":"product-type-external"},"_links":{"self":[{"href":"https:\/\/keysdock.tajnaveza.net\/es\/wp-json\/wp\/v2\/product\/976","targetHints":{"allow":["GET"]}}],"collection":[{"href":"https:\/\/keysdock.tajnaveza.net\/es\/wp-json\/wp\/v2\/product"}],"about":[{"href":"https:\/\/keysdock.tajnaveza.net\/es\/wp-json\/wp\/v2\/types\/product"}],"replies":[{"embeddable":true,"href":"https:\/\/keysdock.tajnaveza.net\/es\/wp-json\/wp\/v2\/comments?post=976"}],"wp:featuredmedia":[{"embeddable":true,"href":"https:\/\/keysdock.tajnaveza.net\/es\/wp-json\/wp\/v2\/media\/1012"}],"wp:attachment":[{"href":"https:\/\/keysdock.tajnaveza.net\/es\/wp-json\/wp\/v2\/media?parent=976"}],"wp:term":[{"taxonomy":"product_brand","embeddable":true,"href":"https:\/\/keysdock.tajnaveza.net\/es\/wp-json\/wp\/v2\/product_brand?post=976"},{"taxonomy":"product_cat","embeddable":true,"href":"https:\/\/keysdock.tajnaveza.net\/es\/wp-json\/wp\/v2\/product_cat?post=976"},{"taxonomy":"product_tag","embeddable":true,"href":"https:\/\/keysdock.tajnaveza.net\/es\/wp-json\/wp\/v2\/product_tag?post=976"}],"curies":[{"name":"wp","href":"https:\/\/api.w.org\/{rel}","templated":true}]}}