{"id":979,"date":"2025-03-15T21:07:44","date_gmt":"2025-03-15T21:07:44","guid":{"rendered":"https:\/\/keysdock.com\/?post_type=product&#038;p=979"},"modified":"2026-02-19T09:22:55","modified_gmt":"2026-02-19T09:22:55","slug":"eset-nod32-antivirus-2025-1-dispositivo-1-ano-licencia","status":"publish","type":"product","link":"https:\/\/keysdock.tajnaveza.net\/es\/producto\/eset-nod32-antivirus-2025-1-dispositivo-1-ano-licencia\/","title":{"rendered":"Eset Nod32 Antivirus 2025 | 1 dispositivo - 1 a\u00f1o| \n Key Licencia"},"content":{"rendered":"<p><strong>ESET NOD32 Antivirus - Ciberseguridad ligera y potente para su PC<\/strong><\/p>\n<h3><strong>Descripci\u00f3n<\/strong><\/h3>\n<p>ESET NOD32 Antivirus es un <strong>soluci\u00f3n de seguridad r\u00e1pida, ligera y eficaz<\/strong> dise\u00f1ado para proteger <strong>Windows, macOS y Linux<\/strong> sistemas contra <strong>virus, malware, ransomware, ataques de phishing y amenazas de d\u00eda cero<\/strong>. En <strong>bajo impacto en el sistema y heur\u00edstica avanzada<\/strong>ESET garantiza <strong>buen funcionamiento<\/strong> sin ralentizar el dispositivo, por lo que es perfecto para <strong>jugadores, profesionales y usuarios habituales<\/strong>.<\/p>\n<p>Con su <strong>Detecci\u00f3n de amenazas basada en IA, bloqueador de exploits y tecnolog\u00eda antiphishing<\/strong>ESET NOD32 ofrece <strong>seguridad en tiempo real sin bloatware ni ralentizaciones innecesarias<\/strong>.<\/p>\n<h3><strong>Caracter\u00edsticas principales<\/strong><\/h3>\n<p>\u2705 <strong>Protecci\u00f3n antivirus en tiempo real<\/strong> - Bloques <strong>virus, troyanos, ransomware, rootkits y spyware<\/strong> antes de que puedan da\u00f1ar su sistema.<br \/>\n\u2705 <strong>Aprendizaje autom\u00e1tico avanzado y defensa de la IA<\/strong> - Usos <strong>heur\u00edstica y an\u00e1lisis del comportamiento<\/strong> para detener las amenazas de d\u00eda cero.<br \/>\n\u2705 <strong>Escudo multicapa contra ransomware<\/strong> - Evita <strong>encriptaci\u00f3n no autorizada de sus archivos personales<\/strong>.<br \/>\n\u2705 <strong>Bajo impacto en el sistema y escaneado r\u00e1pido<\/strong> - Carreras <strong>silenciosamente en segundo plano<\/strong> sin ralentizar el juego o el trabajo.<br \/>\n\u2705 <strong>Bloqueador de exploits<\/strong> - Protege contra <strong>ataques avanzados contra navegadores, lectores de documentos y clientes de correo electr\u00f3nico<\/strong>.<br \/>\n\u2705 <strong>Protecci\u00f3n web y antiphishing<\/strong> - Bloques <strong>sitios web fraudulentos y sitios bancarios falsos<\/strong> para proteger sus credenciales.<br \/>\n\u2705 <strong>Control de dispositivos y protecci\u00f3n USB<\/strong> - Exploraciones <strong>unidades externas y evita las infecciones por malware<\/strong> desde dispositivos USB.<br \/>\n\u2705 <strong>Ventanas emergentes y notificaciones m\u00ednimas<\/strong> - Proporciona <strong>juego sin distracciones y modo a pantalla completa<\/strong>.<br \/>\n\u2705 <strong>HIPS avanzado (sistema de prevenci\u00f3n de intrusiones basado en host)<\/strong> - Reglas de seguridad personalizadas para <strong>mejor control de los procesos del sistema<\/strong>.<br \/>\n\u2705 <strong>Actualizaciones peri\u00f3dicas y silenciosas<\/strong> - Garantiza que su dispositivo <strong>siempre protegido con las \u00faltimas definiciones de virus<\/strong>.<\/p>\n<h3><strong>Requisitos m\u00ednimos del sistema<\/strong><\/h3>\n<h4><strong>Windows<\/strong><\/h4>\n<ul>\n<li><strong>Procesador<\/strong>: 1 GHz o superior<\/li>\n<li><strong>RAM<\/strong>: 2 GB m\u00ednimo<\/li>\n<li><strong>Almacenamiento<\/strong>: 1 GB de espacio disponible en disco<\/li>\n<li><strong>Sistema operativo<\/strong>: Windows 11, Windows 10, Windows 8.1, Windows 8, Windows 7 (SP1)<\/li>\n<li><strong>Conexi\u00f3n a Internet<\/strong>: Necesario para la activaci\u00f3n, las actualizaciones y la exploraci\u00f3n basada en la nube.<\/li>\n<\/ul>\n<h4><strong>macOS<\/strong><\/h4>\n<ul>\n<li><strong>Procesador<\/strong>: Mac basado en Intel o Apple Silicon (M1\/M2)<\/li>\n<li><strong>RAM<\/strong>: 2 GB m\u00ednimo<\/li>\n<li><strong>Almacenamiento<\/strong>: 1,5 GB de espacio disponible en disco<\/li>\n<li><strong>Sistema operativo<\/strong>macOS 10.12 (Sierra) o posterior<\/li>\n<\/ul>\n<h4><strong>Linux<\/strong><\/h4>\n<ul>\n<li><strong>Distribuciones compatibles<\/strong>: Ubuntu, Fedora, Debian, OpenSUSE (sistemas de 64 bits)<\/li>\n<\/ul>\n<h3><strong>\u00bfPor qu\u00e9 elegir el antivirus ESET NOD32?<\/strong><\/h3>\n<p>\ud83d\udd39 <strong>Seguridad r\u00e1pida y ligera<\/strong> - <strong>Dise\u00f1ado para el rendimiento<\/strong> con un impacto m\u00ednimo en el sistema.<br \/>\n\ud83d\udd39 <strong>Potente detecci\u00f3n de amenazas basada en inteligencia artificial<\/strong> - Protege contra <strong>malware avanzado, ataques de d\u00eda cero y amenazas sin archivos<\/strong>.<br \/>\n\ud83d\udd39 <strong>Banca electr\u00f3nica segura y protecci\u00f3n contra la suplantaci\u00f3n de identidad<\/strong> - <strong>Bloquea sitios web falsos<\/strong> que roban datos personales y financieros.<br \/>\n\ud83d\udd39 <strong>Perfecto para jugadores y profesionales<\/strong> - <strong>Ventanas emergentes m\u00ednimas, actualizaciones silenciosas y uso optimizado del sistema<\/strong>.<br \/>\n\ud83d\udd39 <strong>Protecci\u00f3n de USB y dispositivos externos<\/strong> - <strong>Escanea soportes extra\u00edbles<\/strong> de amenazas de malware.<\/p>\n<p>Actualizar a <strong>Antivirus ESET NOD32<\/strong> hoy para <strong>protecci\u00f3n ligera, r\u00e1pida y potente contra las ciberamenazas modernas<\/strong>\u00a1! \ud83d\ude80\ud83d\udee1\ufe0f\ud83d\udd12<\/p>","protected":false},"excerpt":{"rendered":"<p>ESET NOD32 Antivirus \u2013 Lightweight &amp; Powerful Cybersecurity for Your PC Description ESET NOD32 Antivirus is a fast, lightweight, and effective security solution designed to protect Windows, macOS, and Linux systems against viruses, malware, ransomware, phishing attacks, and zero-day threats. With low system impact and advanced heuristics, ESET ensures smooth performance without slowing down your [&hellip;]<\/p>","protected":false},"featured_media":1015,"comment_status":"open","ping_status":"closed","template":"","meta":{"_gspb_post_css":""},"product_brand":[],"product_cat":[76],"product_tag":[78],"class_list":{"0":"post-979","1":"product","2":"type-product","3":"status-publish","4":"has-post-thumbnail","6":"product_cat-antivirus","7":"product_tag-eset","9":"first","10":"instock","11":"shipping-taxable","12":"product-type-external"},"_links":{"self":[{"href":"https:\/\/keysdock.tajnaveza.net\/es\/wp-json\/wp\/v2\/product\/979","targetHints":{"allow":["GET"]}}],"collection":[{"href":"https:\/\/keysdock.tajnaveza.net\/es\/wp-json\/wp\/v2\/product"}],"about":[{"href":"https:\/\/keysdock.tajnaveza.net\/es\/wp-json\/wp\/v2\/types\/product"}],"replies":[{"embeddable":true,"href":"https:\/\/keysdock.tajnaveza.net\/es\/wp-json\/wp\/v2\/comments?post=979"}],"wp:featuredmedia":[{"embeddable":true,"href":"https:\/\/keysdock.tajnaveza.net\/es\/wp-json\/wp\/v2\/media\/1015"}],"wp:attachment":[{"href":"https:\/\/keysdock.tajnaveza.net\/es\/wp-json\/wp\/v2\/media?parent=979"}],"wp:term":[{"taxonomy":"product_brand","embeddable":true,"href":"https:\/\/keysdock.tajnaveza.net\/es\/wp-json\/wp\/v2\/product_brand?post=979"},{"taxonomy":"product_cat","embeddable":true,"href":"https:\/\/keysdock.tajnaveza.net\/es\/wp-json\/wp\/v2\/product_cat?post=979"},{"taxonomy":"product_tag","embeddable":true,"href":"https:\/\/keysdock.tajnaveza.net\/es\/wp-json\/wp\/v2\/product_tag?post=979"}],"curies":[{"name":"wp","href":"https:\/\/api.w.org\/{rel}","templated":true}]}}