{"id":980,"date":"2025-03-15T21:07:44","date_gmt":"2025-03-15T21:07:44","guid":{"rendered":"https:\/\/keysdock.com\/?post_type=product&#038;p=980"},"modified":"2025-10-19T07:34:36","modified_gmt":"2025-10-19T07:34:36","slug":"eset-internet-security-2025-1-dispositivo-1-ano-licencia","status":"publish","type":"product","link":"https:\/\/keysdock.tajnaveza.net\/es\/producto\/eset-internet-security-2025-1-dispositivo-1-ano-licencia\/","title":{"rendered":"Eset Internet Security 2025 | 1 dispositivo - 1 a\u00f1o| \n Key Licencia"},"content":{"rendered":"<p><strong>ESET Internet Security - Protecci\u00f3n avanzada para la seguridad y privacidad online<\/strong><\/p>\n<h3><strong>Descripci\u00f3n<\/strong><\/h3>\n<p>ESET Internet Security es un <strong>paquete de seguridad integral<\/strong> dise\u00f1ado para <strong>Usuarios de Windows, macOS y Android<\/strong> que necesitan <strong>protecci\u00f3n mejorada contra virus, ransomware, phishing y amenazas en l\u00ednea<\/strong>. Proporciona <strong>protecci\u00f3n en tiempo real, seguridad de cortafuegos, herramientas antiphishing y protecci\u00f3n de webcam<\/strong>garantizando una <strong>experiencia digital segura, privada y optimizada<\/strong>.<\/p>\n<p>Con <strong>Detecci\u00f3n de amenazas, protecci\u00f3n de redes y seguridad bancaria basadas en inteligencia artificial<\/strong>ESET Internet Security es perfecto para <strong>usuarios dom\u00e9sticos, profesionales y jugadores<\/strong> que desean una seguridad avanzada sin ralentizar el rendimiento.<\/p>\n<h3><strong>Caracter\u00edsticas principales<\/strong><\/h3>\n<p>\u2705 <strong>Protecci\u00f3n antimalware y antivirus en tiempo real<\/strong> - Detecta y bloquea <strong>virus, ransomware, spyware, rootkits y troyanos<\/strong> antes de que infecten tu dispositivo.<br \/>\n\u2705 <strong>Escudo antiransomware avanzado<\/strong> - Evita <strong>cifrado no autorizado de archivos<\/strong> y detiene los ataques de ransomware.<br \/>\n\u2705 <strong>Cortafuegos y protecci\u00f3n de redes<\/strong> - Bloques <strong>intrusiones, intentos de pirateo y accesos no autorizados<\/strong> a tu PC y a tu red Wi-Fi dom\u00e9stica.<br \/>\n\u2705 <strong>Protecci\u00f3n de c\u00e1mara web y micr\u00f3fono<\/strong> - Evita <strong>acceso no autorizado a tu c\u00e1mara y micr\u00f3fono<\/strong> para salvaguardar la intimidad.<br \/>\n\u2705 <strong>Banca electr\u00f3nica segura y protecci\u00f3n de pagos<\/strong> - Cifra <strong>transacciones financieras y protege los sitios web bancarios<\/strong> de keyloggers y estafadores.<br \/>\n\u2705 <strong>Protecci\u00f3n web y antiphishing basados en inteligencia artificial<\/strong> - Paradas <strong>sitios web falsos, correos electr\u00f3nicos de phishing y transacciones fraudulentas<\/strong>.<br \/>\n\u2705 <strong>Esc\u00e1ner de seguridad Wi-Fi<\/strong> - Detecta <strong>contrase\u00f1as d\u00e9biles y vulnerabilidades de seguridad<\/strong> en tu red dom\u00e9stica.<br \/>\n\u2705 <strong>Control parental<\/strong> - Le permite <strong>restringir contenidos inapropiados, establecer l\u00edmites de uso y supervisar las actividades en l\u00ednea<\/strong>.<br \/>\n\u2705 <strong>Modo Gamer<\/strong> - <strong>Minimiza el impacto en el sistema y las notificaciones<\/strong> durante juegos o actividades a pantalla completa.<br \/>\n\u2705 <strong>Bloqueador de exploits<\/strong> - Protege contra <strong>vulnerabilidades de navegadores y programas inform\u00e1ticos utilizados por los ciberdelincuentes<\/strong>.<br \/>\n\u2705 <strong>Protecci\u00f3n de unidades USB y externas<\/strong> - Exploraciones <strong>Dispositivos USB y almacenamiento extra\u00edble<\/strong> de amenazas de malware.<br \/>\n\u2705 <strong>Impacto m\u00ednimo en el sistema y r\u00e1pido rendimiento<\/strong> - Carreras <strong>silenciosamente en segundo plano<\/strong> sin ralentizar el sistema.<\/p>\n<h3><strong>Requisitos m\u00ednimos del sistema<\/strong><\/h3>\n<h4><strong>Windows<\/strong><\/h4>\n<ul>\n<li><strong>Procesador<\/strong>: 1 GHz o superior<\/li>\n<li><strong>RAM<\/strong>: 2 GB m\u00ednimo<\/li>\n<li><strong>Almacenamiento<\/strong>: 1 GB de espacio disponible en disco<\/li>\n<li><strong>Sistema operativo<\/strong>: Windows 11, Windows 10, Windows 8.1, Windows 8, Windows 7 (SP1)<\/li>\n<li><strong>Conexi\u00f3n a Internet<\/strong>: Necesario para la activaci\u00f3n, las actualizaciones y la detecci\u00f3n de amenazas basada en la nube.<\/li>\n<\/ul>\n<h4><strong>macOS<\/strong><\/h4>\n<ul>\n<li><strong>Procesador<\/strong>: Mac basado en Intel o Apple Silicon (M1\/M2)<\/li>\n<li><strong>RAM<\/strong>: 2 GB m\u00ednimo<\/li>\n<li><strong>Almacenamiento<\/strong>: 1,5 GB de espacio disponible en disco<\/li>\n<li><strong>Sistema operativo<\/strong>macOS 10.12 (Sierra) o posterior<\/li>\n<\/ul>\n<h4><strong>Android<\/strong><\/h4>\n<ul>\n<li><strong>Sistema operativo<\/strong>: Android 6.0 o posterior<\/li>\n<li><strong>Caracter\u00edsticas disponibles<\/strong>: <strong>Antivirus, antirrobo, bloqueo de aplicaciones y protecci\u00f3n web<\/strong><\/li>\n<\/ul>\n<h3><strong>\u00bfPor qu\u00e9 elegir ESET Internet Security?<\/strong><\/h3>\n<p>\ud83d\udd39 <strong>Protecci\u00f3n completa en l\u00ednea<\/strong> - <strong>Protecci\u00f3n contra malware, phishing y fraude financiero<\/strong> en tiempo real.<br \/>\n\ud83d\udd39 <strong>Privacidad avanzada y seguridad de la identidad<\/strong> - Bloques <strong>intentos de pirateo, espionaje de webcams y keyloggers<\/strong>.<br \/>\n\ud83d\udd39 <strong>Velocidad y rendimiento optimizados<\/strong> - <strong>Funciona en silencio con un impacto m\u00ednimo en el sistema<\/strong>.<br \/>\n\ud83d\udd39 <strong>Ideal para usuarios dom\u00e9sticos y profesionales<\/strong> - Garantiza <strong>transacciones seguras, navegaci\u00f3n segura y control parental<\/strong>.<br \/>\n\ud83d\udd39 <strong>Seguridad multiplataforma<\/strong> - <strong>Protege dispositivos Windows, Mac y Android<\/strong> en una suscripci\u00f3n.<\/p>\n<p>Actualizar a <strong>ESET Seguridad en Internet<\/strong> hoy para <strong>ciberseguridad avanzada, protecci\u00f3n de la privacidad y rendimiento optimizado<\/strong>\u00a1! \ud83d\ude80\ud83d\udee1\ufe0f\ud83d\udd12<\/p>","protected":false},"excerpt":{"rendered":"<p>ESET Internet Security \u2013 Advanced Protection for Online Safety &amp; Privacy Description ESET Internet Security is a comprehensive security suite designed for Windows, macOS, and Android users who need enhanced protection against viruses, ransomware, phishing, and online threats. It provides real-time protection, firewall security, anti-phishing tools, and webcam protection, ensuring a safe, private, and optimized [&hellip;]<\/p>","protected":false},"featured_media":1016,"comment_status":"open","ping_status":"closed","template":"","meta":{"_gspb_post_css":""},"product_brand":[],"product_cat":[76],"product_tag":[78],"class_list":{"0":"post-980","1":"product","2":"type-product","3":"status-publish","4":"has-post-thumbnail","6":"product_cat-antivirus","7":"product_tag-eset","9":"first","10":"instock","11":"shipping-taxable","12":"product-type-external"},"_links":{"self":[{"href":"https:\/\/keysdock.tajnaveza.net\/es\/wp-json\/wp\/v2\/product\/980","targetHints":{"allow":["GET"]}}],"collection":[{"href":"https:\/\/keysdock.tajnaveza.net\/es\/wp-json\/wp\/v2\/product"}],"about":[{"href":"https:\/\/keysdock.tajnaveza.net\/es\/wp-json\/wp\/v2\/types\/product"}],"replies":[{"embeddable":true,"href":"https:\/\/keysdock.tajnaveza.net\/es\/wp-json\/wp\/v2\/comments?post=980"}],"wp:featuredmedia":[{"embeddable":true,"href":"https:\/\/keysdock.tajnaveza.net\/es\/wp-json\/wp\/v2\/media\/1016"}],"wp:attachment":[{"href":"https:\/\/keysdock.tajnaveza.net\/es\/wp-json\/wp\/v2\/media?parent=980"}],"wp:term":[{"taxonomy":"product_brand","embeddable":true,"href":"https:\/\/keysdock.tajnaveza.net\/es\/wp-json\/wp\/v2\/product_brand?post=980"},{"taxonomy":"product_cat","embeddable":true,"href":"https:\/\/keysdock.tajnaveza.net\/es\/wp-json\/wp\/v2\/product_cat?post=980"},{"taxonomy":"product_tag","embeddable":true,"href":"https:\/\/keysdock.tajnaveza.net\/es\/wp-json\/wp\/v2\/product_tag?post=980"}],"curies":[{"name":"wp","href":"https:\/\/api.w.org\/{rel}","templated":true}]}}