{"id":981,"date":"2025-03-15T21:07:44","date_gmt":"2025-03-15T21:07:44","guid":{"rendered":"https:\/\/keysdock.com\/?post_type=product&#038;p=981"},"modified":"2025-10-19T07:34:27","modified_gmt":"2025-10-19T07:34:27","slug":"eset-smart-security-premium-2025-1-dispositivo-1-ano-licencia","status":"publish","type":"product","link":"https:\/\/keysdock.tajnaveza.net\/es\/producto\/eset-smart-security-premium-2025-1-dispositivo-1-ano-licencia\/","title":{"rendered":"Eset Smart Security Premium 2025 | 1 dispositivo - 1 a\u00f1o| Key Licencia"},"content":{"rendered":"<p><strong>Compra clave de licencia ESET Smart Security Premium 2025 para 1 dispositivo (1 a\u00f1o) al mejor precio. Protecci\u00f3n avanzada.<\/strong><\/p>\n<h3><strong>Descripci\u00f3n<\/strong><\/h3>\n<p>ESET Smart Security Premium es un <strong>suite de seguridad avanzada y multicapa<\/strong> dise\u00f1ado para ofrecer <strong>protecci\u00f3n completa, privacidad y optimizaci\u00f3n del rendimiento<\/strong> para <strong>Dispositivos Windows, macOS y Android<\/strong>. Combina <strong>defensa antivirus en tiempo real, cortafuegos avanzado, funciones antirrobo y gesti\u00f3n de contrase\u00f1as<\/strong>garantizando su <strong>los datos, la identidad y las actividades en l\u00ednea permanecen a salvo de las ciberamenazas<\/strong>.<\/p>\n<p>Con <strong>Detecci\u00f3n de amenazas, seguridad bancaria y protecci\u00f3n antiransomware basadas en IA<\/strong>ESET Smart Security Premium es perfecto para <strong>usuarios particulares, profesionales y empresas<\/strong> en busca de <strong>la mejor ciberseguridad sin comprometer el rendimiento del sistema<\/strong>.<\/p>\n<h3><strong>Caracter\u00edsticas principales<\/strong><\/h3>\n<p>\u2705 <strong>Protecci\u00f3n antivirus y antimalware en tiempo real<\/strong> - Detecta y elimina <strong>virus, spyware, ransomware y rootkits<\/strong> antes de que puedan infectar su sistema.<br \/>\n\u2705 <strong>Escudo antiransomware avanzado<\/strong> - Evita <strong>cifrado no autorizado de archivos personales<\/strong> y detiene los ataques de ransomware.<br \/>\n\u2705 <strong>Cortafuegos y protecci\u00f3n de redes<\/strong> - Bloques <strong>intrusiones, intentos de pirateo y accesos no autorizados<\/strong> a tu dispositivo y a tu red dom\u00e9stica.<br \/>\n\u2705 <strong>Protecci\u00f3n de c\u00e1mara web y micr\u00f3fono<\/strong> - Evita <strong>intentos de espionaje de tu c\u00e1mara y micr\u00f3fono<\/strong> para salvaguardar la intimidad.<br \/>\n\u2705 <strong>Banca electr\u00f3nica segura y protecci\u00f3n de pagos<\/strong> - Cifra <strong>transacciones financieras<\/strong> y garantiza <strong>banca electr\u00f3nica segura<\/strong>.<br \/>\n\u2705 <strong>Protecci\u00f3n web y antiphishing basada en inteligencia artificial<\/strong> - Detecta y bloquea <strong>sitios web falsos, estafas de phishing y enlaces fraudulentos<\/strong>.<br \/>\n\u2705 <strong>Esc\u00e1ner de seguridad Wi-Fi<\/strong> - Exploraciones <strong>redes Wi-Fi dom\u00e9sticas y p\u00fablicas<\/strong> en busca de vulnerabilidades de seguridad.<br \/>\n\u2705 <strong>Gestor de contrase\u00f1as<\/strong> - Con seguridad <strong>almacena y autocompleta contrase\u00f1as<\/strong> para mayor seguridad y comodidad.<br \/>\n\u2705 <strong>Control parental<\/strong> - Le permite <strong>bloquear contenidos inapropiados y establecer l\u00edmites de tiempo para los ni\u00f1os<\/strong>.<br \/>\n\u2705 <strong>Modo Gamer y funcionamiento silencioso<\/strong> - Minimiza las notificaciones y los an\u00e1lisis en segundo plano para <strong>juego o streaming sin interrupciones<\/strong>.<br \/>\n\u2705 <strong>Bloqueador de exploits<\/strong> - Protege contra <strong>vulnerabilidades del navegador y del software<\/strong> que explotan los hackers.<br \/>\n\u2705 <strong>Protecci\u00f3n de unidades USB y externas<\/strong> - Exploraciones <strong>Dispositivos USB y almacenamiento externo<\/strong> para evitar infecciones de malware.<br \/>\n\u2705 <strong>Funciones antirrobo<\/strong> - Pistas <strong>dispositivos perdidos o robados<\/strong>que le permite <strong>bloquear, localizar o borrar a distancia<\/strong> tu dispositivo.<br \/>\n\u2705 <strong>Impacto m\u00ednimo en el sistema y r\u00e1pido rendimiento<\/strong> - <strong>Optimizado para la velocidad<\/strong> con <strong>bajo consumo de recursos<\/strong>.<\/p>\n<h3><strong>Requisitos m\u00ednimos del sistema<\/strong><\/h3>\n<h4><strong>Windows<\/strong><\/h4>\n<ul>\n<li><strong>Procesador<\/strong>: 1 GHz o superior<\/li>\n<li><strong>RAM<\/strong>: 2 GB m\u00ednimo<\/li>\n<li><strong>Almacenamiento<\/strong>: 1 GB de espacio disponible en disco<\/li>\n<li><strong>Sistema operativo<\/strong>: Windows 11, Windows 10, Windows 8.1, Windows 8, Windows 7 (SP1)<\/li>\n<li><strong>Conexi\u00f3n a Internet<\/strong>: Necesario para la activaci\u00f3n, las actualizaciones y la seguridad basada en la nube.<\/li>\n<\/ul>\n<h4><strong>macOS<\/strong><\/h4>\n<ul>\n<li><strong>Procesador<\/strong>: Mac basado en Intel o Apple Silicon (M1\/M2)<\/li>\n<li><strong>RAM<\/strong>: 2 GB m\u00ednimo<\/li>\n<li><strong>Almacenamiento<\/strong>: 1,5 GB de espacio disponible en disco<\/li>\n<li><strong>Sistema operativo<\/strong>macOS 10.12 (Sierra) o posterior<\/li>\n<\/ul>\n<h4><strong>Android<\/strong><\/h4>\n<ul>\n<li><strong>Sistema operativo<\/strong>: Android 6.0 o posterior<\/li>\n<li><strong>Caracter\u00edsticas disponibles<\/strong>: <strong>Antivirus, antirrobo, bloqueo de aplicaciones y protecci\u00f3n web<\/strong><\/li>\n<\/ul>\n<h3><strong>\u00bfPor qu\u00e9 elegir ESET Smart Security Premium?<\/strong><\/h3>\n<p>\ud83d\udd39 <strong>Protecci\u00f3n integral contra las ciberamenazas<\/strong> - Defiende contra <strong>virus, ransomware, phishing y hackers<\/strong>.<br \/>\n\ud83d\udd39 <strong>Protecci\u00f3n de la intimidad y la identidad<\/strong> - Guarda <strong>tus contrase\u00f1as, c\u00e1mara web, micr\u00f3fono y transacciones en l\u00ednea seguras<\/strong>.<br \/>\n\ud83d\udd39 <strong>Optimizado para el rendimiento<\/strong> - <strong>Se ejecuta silenciosamente en segundo plano con un impacto m\u00ednimo en el sistema.<\/strong>.<br \/>\n\ud83d\udd39 <strong>Ideal para uso dom\u00e9stico y profesional<\/strong> - Proporciona <strong>transacciones seguras, navegaci\u00f3n segura y herramientas antirrobo avanzadas<\/strong>.<br \/>\n\ud83d\udd39 <strong>Seguridad multiplataforma<\/strong> - Protege <strong>Dispositivos Windows, Mac y Android<\/strong> en una \u00fanica suscripci\u00f3n.<\/p>\n<p>Actualizar a <strong>ESET Smart Security Premium<\/strong> hoy para <strong>la mejor combinaci\u00f3n de ciberseguridad, privacidad y optimizaci\u00f3n del sistema<\/strong>\u00a1! \ud83d\ude80\ud83d\udee1\ufe0f\ud83d\udd12<\/p>","protected":false},"excerpt":{"rendered":"<p>ESET Smart Security Premium \u2013 Ultimate Protection for Your Digital Life Description ESET Smart Security Premium is an advanced, multi-layered security suite designed to offer complete protection, privacy, and performance optimization for Windows, macOS, and Android devices. It combines real-time antivirus defense, advanced firewall, anti-theft features, and password management, ensuring your data, identity, and online [&hellip;]<\/p>","protected":false},"featured_media":1017,"comment_status":"open","ping_status":"closed","template":"","meta":{"_gspb_post_css":""},"product_brand":[],"product_cat":[76],"product_tag":[78],"class_list":{"0":"post-981","1":"product","2":"type-product","3":"status-publish","4":"has-post-thumbnail","6":"product_cat-antivirus","7":"product_tag-eset","9":"first","10":"instock","11":"shipping-taxable","12":"product-type-external"},"_links":{"self":[{"href":"https:\/\/keysdock.tajnaveza.net\/es\/wp-json\/wp\/v2\/product\/981","targetHints":{"allow":["GET"]}}],"collection":[{"href":"https:\/\/keysdock.tajnaveza.net\/es\/wp-json\/wp\/v2\/product"}],"about":[{"href":"https:\/\/keysdock.tajnaveza.net\/es\/wp-json\/wp\/v2\/types\/product"}],"replies":[{"embeddable":true,"href":"https:\/\/keysdock.tajnaveza.net\/es\/wp-json\/wp\/v2\/comments?post=981"}],"wp:featuredmedia":[{"embeddable":true,"href":"https:\/\/keysdock.tajnaveza.net\/es\/wp-json\/wp\/v2\/media\/1017"}],"wp:attachment":[{"href":"https:\/\/keysdock.tajnaveza.net\/es\/wp-json\/wp\/v2\/media?parent=981"}],"wp:term":[{"taxonomy":"product_brand","embeddable":true,"href":"https:\/\/keysdock.tajnaveza.net\/es\/wp-json\/wp\/v2\/product_brand?post=981"},{"taxonomy":"product_cat","embeddable":true,"href":"https:\/\/keysdock.tajnaveza.net\/es\/wp-json\/wp\/v2\/product_cat?post=981"},{"taxonomy":"product_tag","embeddable":true,"href":"https:\/\/keysdock.tajnaveza.net\/es\/wp-json\/wp\/v2\/product_tag?post=981"}],"curies":[{"name":"wp","href":"https:\/\/api.w.org\/{rel}","templated":true}]}}