{"id":995,"date":"2025-03-15T21:08:06","date_gmt":"2025-03-15T21:08:06","guid":{"rendered":"https:\/\/keysdock.com\/?post_type=product&#038;p=995"},"modified":"2025-10-19T07:36:20","modified_gmt":"2025-10-19T07:36:20","slug":"avast-driver-updater-2025-1-dispositivo-1-ano-licencia","status":"publish","type":"product","link":"https:\/\/keysdock.tajnaveza.net\/es\/producto\/avast-driver-updater-2025-1-dispositivo-1-ano-licencia\/","title":{"rendered":"Avast Driver Updater 2025 | 1 dispositivo - 1 a\u00f1o| Key Licencia"},"content":{"rendered":"<p><strong>Compra clave de licencia Avast Driver Updater 2025 para 1 dispositivo (1 a\u00f1o) al mejor precio. Actualiza controladores f\u00e1cilmente.<\/strong><\/p>\n<h3><strong>Descripci\u00f3n<\/strong><\/h3>\n<p>Avast Driver Updater es un <strong>herramienta de gesti\u00f3n automatizada de conductores<\/strong> que garantiza su <strong>Componentes de hardware y perif\u00e9ricos del PC<\/strong> se ejecutan siempre con el <strong>controladores m\u00e1s recientes y estables<\/strong>. En <strong>escanea, actualiza y corrige los controladores obsoletos, rotos o ausentes<\/strong>Sistema de mejora <strong>rendimiento, estabilidad y seguridad<\/strong>.<\/p>\n<p>Con un <strong>gran base de datos de controladores<\/strong> y <strong>actualizaciones en tiempo real<\/strong>Avast Driver Updater ayuda a prevenir <strong>conflictos de hardware, fallos del sistema, rendimiento lento y problemas de compatibilidad<\/strong>. Tanto si eres un jugador, un profesional o un usuario ocasional, esta herramienta te garantiza <strong>eficiencia \u00f3ptima del sistema<\/strong>.<\/p>\n<h3><strong>Caracter\u00edsticas principales<\/strong><\/h3>\n<p>\u2705 <strong>An\u00e1lisis y actualizaci\u00f3n autom\u00e1ticos de controladores<\/strong> - Identifica y actualiza <strong>m\u00e1s de 25 millones de conductores<\/strong> para <strong>gr\u00e1ficos, sonido, red y perif\u00e9ricos<\/strong>.<br \/>\n\u2705 <strong>Reduce las ca\u00eddas y los errores del sistema<\/strong> - Mantiene los controladores actualizados, <strong>solucionar problemas que provocan ralentizaciones del sistema, BSOD e inestabilidad<\/strong>.<br \/>\n\u2705 <strong>Mejora el rendimiento de gr\u00e1ficos y juegos<\/strong> - Actualizaciones <strong>Controladores de GPU<\/strong> para <strong>mejores FPS, renderizado m\u00e1s fluido y rendimiento optimizado<\/strong>.<br \/>\n\u2705 <strong>Mejora la calidad de sonido y audio<\/strong> - Garantiza <strong>sonido m\u00e1s n\u00edtido, menos cortes de audio y menor distorsi\u00f3n<\/strong>.<br \/>\n\u2705 <strong>Aumenta la estabilidad de la red y la conectividad<\/strong> - Correcciones <strong>Problemas con los controladores de Wi-Fi, Bluetooth y Ethernet<\/strong> para una <strong>conexi\u00f3n estable a internet<\/strong>.<br \/>\n\u2705 <strong>Actualizaci\u00f3n con un solo clic<\/strong> - Actualiza todos los controladores con un <strong>un solo clic<\/strong> por comodidad.<br \/>\n\u2705 <strong>Copia de seguridad y restauraci\u00f3n de controladores<\/strong> - Crea autom\u00e1ticamente <strong>puntos de restauraci\u00f3n<\/strong> antes de las actualizaciones, lo que le permite <strong>retroceder<\/strong> si es necesario.<br \/>\n\u2705 <strong>Control del conductor en tiempo real<\/strong> - Detecta <strong>controladores obsoletos en tiempo real<\/strong> y te avisa de las actualizaciones.<br \/>\n\u2705 <strong>Controladores seguros y con certificaci\u00f3n WHQL<\/strong> - <strong>Garantiza que s\u00f3lo los conductores de confianza<\/strong> para evitar problemas de compatibilidad.<br \/>\n\u2705 <strong>Optimizado para el rendimiento de Windows<\/strong> - Evita <strong>ralentizaci\u00f3n del sistema, congelaci\u00f3n y errores relacionados con los controladores<\/strong>.<\/p>\n<h3><strong>Requisitos m\u00ednimos del sistema<\/strong><\/h3>\n<ul>\n<li><strong>Procesador<\/strong>: 1 GHz o superior<\/li>\n<li><strong>RAM<\/strong>M\u00ednimo 256 MB<\/li>\n<li><strong>Almacenamiento<\/strong>: 400 MB de espacio libre en disco<\/li>\n<li><strong>Sistema operativo<\/strong>: Windows 11, Windows 10, Windows 8.1, Windows 8, Windows 7 (SP1)<\/li>\n<li><strong>Conexi\u00f3n a Internet<\/strong>: Necesario para actualizar y escanear controladores<\/li>\n<\/ul>\n<h3><strong>\u00bfPor qu\u00e9 elegir Avast Driver Updater?<\/strong><\/h3>\n<p>\ud83d\udd39 <strong>Mantenimiento automatizado de conductores<\/strong> - <strong>Analiza, actualiza y corrige los controladores sin esfuerzo<\/strong>.<br \/>\n\ud83d\udd39 <strong>Mejora el rendimiento y la estabilidad<\/strong> - Evita <strong>Ca\u00eddas del PC, ralentizaciones y mal funcionamiento del hardware<\/strong>.<br \/>\n\ud83d\udd39 <strong>Mejores juegos y gr\u00e1ficos<\/strong> - Actualizaciones <strong>Controladores de GPU<\/strong> para <strong>jugabilidad m\u00e1s fluida y efectos visuales de alta calidad<\/strong>.<br \/>\n\ud83d\udd39 <strong>Actualizaciones y retrocesos con un solo clic<\/strong> - F\u00e1cilmente <strong>restaurar versiones anteriores<\/strong> si es necesario.<br \/>\n\ud83d\udd39 <strong>Conductores seguros y verificados<\/strong> - S\u00f3lo descargas <strong>controladores oficiales con certificaci\u00f3n WHQL<\/strong>.<\/p>\n<p>Actualizar a <strong>Avast Driver Updater<\/strong> hoy y <strong>Experimenta un PC m\u00e1s r\u00e1pido, estable y con mejor rendimiento.<\/strong>\u00a1! \ud83d\ude80\ud83d\udd27\ud83d\udcbb<\/p>","protected":false},"excerpt":{"rendered":"<p>Avast Driver Updater \u2013 Keep Your PC Running Smoothly with Updated Drivers Description Avast Driver Updater is an automated driver management tool that ensures your PC&#8217;s hardware components and peripherals are always running with the latest and most stable drivers. It scans, updates, and fixes outdated, broken, or missing drivers, enhancing system performance, stability, and [&hellip;]<\/p>","protected":false},"featured_media":1021,"comment_status":"open","ping_status":"closed","template":"","meta":{"_gspb_post_css":""},"product_brand":[],"product_cat":[76],"product_tag":[79],"class_list":{"0":"post-995","1":"product","2":"type-product","3":"status-publish","4":"has-post-thumbnail","6":"product_cat-antivirus","7":"product_tag-avast","9":"first","10":"instock","11":"shipping-taxable","12":"product-type-external"},"_links":{"self":[{"href":"https:\/\/keysdock.tajnaveza.net\/es\/wp-json\/wp\/v2\/product\/995","targetHints":{"allow":["GET"]}}],"collection":[{"href":"https:\/\/keysdock.tajnaveza.net\/es\/wp-json\/wp\/v2\/product"}],"about":[{"href":"https:\/\/keysdock.tajnaveza.net\/es\/wp-json\/wp\/v2\/types\/product"}],"replies":[{"embeddable":true,"href":"https:\/\/keysdock.tajnaveza.net\/es\/wp-json\/wp\/v2\/comments?post=995"}],"wp:featuredmedia":[{"embeddable":true,"href":"https:\/\/keysdock.tajnaveza.net\/es\/wp-json\/wp\/v2\/media\/1021"}],"wp:attachment":[{"href":"https:\/\/keysdock.tajnaveza.net\/es\/wp-json\/wp\/v2\/media?parent=995"}],"wp:term":[{"taxonomy":"product_brand","embeddable":true,"href":"https:\/\/keysdock.tajnaveza.net\/es\/wp-json\/wp\/v2\/product_brand?post=995"},{"taxonomy":"product_cat","embeddable":true,"href":"https:\/\/keysdock.tajnaveza.net\/es\/wp-json\/wp\/v2\/product_cat?post=995"},{"taxonomy":"product_tag","embeddable":true,"href":"https:\/\/keysdock.tajnaveza.net\/es\/wp-json\/wp\/v2\/product_tag?post=995"}],"curies":[{"name":"wp","href":"https:\/\/api.w.org\/{rel}","templated":true}]}}